{"id":1836,"date":"2025-04-10T10:07:46","date_gmt":"2025-04-10T08:07:46","guid":{"rendered":"https:\/\/brt.image.ee\/?page_id=1836"},"modified":"2025-07-20T16:27:44","modified_gmt":"2025-07-20T14:27:44","slug":"bt-maric-durchflussbegrenzer-mit-vielfaeltigen-vorteilen","status":"publish","type":"page","link":"https:\/\/brt.image.ee\/de\/bt-maric-durchflussbegrenzer-mit-vielfaeltigen-vorteilen\/","title":{"rendered":"BT-Maric Durchflussbegrenzer mit vielf\u00e4ltigen Vorteilen"},"content":{"rendered":"\n\t<div id=\"gap-1996673833\" class=\"gap-element clearfix\" style=\"display:block; height:auto;\">\n\t\t\n<style>\n#gap-1996673833 {\n  padding-top: 50px;\n}\n<\/style>\n\t<\/div>\n\t\n\n<div class=\"row align-center\"  id=\"row-1263727028\">\n\n\n\t<div id=\"col-558876485\" class=\"col small-12 large-12\"  >\n\t\t\t\t<div class=\"col-inner text-center\"  >\n\t\t\t\n\t\t\t\n\n\t<div id=\"text-1299121835\" class=\"text\">\n\t\t\n\n<h1>BT-Maric Durchflussbegrenzer mit vielf\u00e4ltigen Vorteilen<\/h1>\n\t\t\n<style>\n#text-1299121835 {\n  text-align: center;\n}\n<\/style>\n\t<\/div>\n\t\n\n\t\t<\/div>\n\t\t\t\t\t<\/div>\n\n\t\n\n<\/div>\n\n  <div class=\"banner has-hover img-contain\" id=\"banner-1746067978\">\n          <div class=\"banner-inner fill\">\n        <div class=\"banner-bg fill\" >\n            <img loading=\"lazy\" decoding=\"async\" width=\"1920\" height=\"605\" src=\"https:\/\/brt.image.ee\/wp-content\/uploads\/banner-bg-benefits-of-constant-flow-valves-.jpg\" class=\"bg attachment-original size-original\" alt=\"\" \/>                                    \n                    <\/div>\n\t\t\n        <div class=\"banner-layers container\">\n            <div class=\"fill banner-link\"><\/div>            \n\n\n        <\/div>\n      <\/div>\n\n              <div class=\"height-fix is-invisible\"><img loading=\"lazy\" decoding=\"async\" width=\"1920\" height=\"605\" src=\"https:\/\/brt.image.ee\/wp-content\/uploads\/banner-bg-benefits-of-constant-flow-valves-.jpg\" class=\"attachment-original size-original\" alt=\"\" srcset=\"https:\/\/brt.image.ee\/wp-content\/uploads\/banner-bg-benefits-of-constant-flow-valves-.jpg 1920w, https:\/\/brt.image.ee\/wp-content\/uploads\/banner-bg-benefits-of-constant-flow-valves--570x180.jpg 570w, https:\/\/brt.image.ee\/wp-content\/uploads\/banner-bg-benefits-of-constant-flow-valves--1140x359.jpg 1140w, https:\/\/brt.image.ee\/wp-content\/uploads\/banner-bg-benefits-of-constant-flow-valves--768x242.jpg 768w, https:\/\/brt.image.ee\/wp-content\/uploads\/banner-bg-benefits-of-constant-flow-valves--1536x484.jpg 1536w\" sizes=\"auto, (max-width: 1920px) 100vw, 1920px\" \/><\/div>\n            \n<style>\n#banner-1746067978 {\n  background-color: rgb(255,255,255);\n}\n<\/style>\n  <\/div>\n\n\n\n\t<section class=\"section\" id=\"section_1556837806\">\n\t\t<div class=\"section-bg fill\" >\n\t\t\t\t\t\t\t\t\t\n\t\t\t\n\n\t\t<\/div>\n\n\t\t\n\n\t\t<div class=\"section-content relative\">\n\t\t\t\n\n<div class=\"container section-title-container\" ><h2 class=\"section-title section-title-center\"><b><\/b><span class=\"section-title-main\" >Ein breites Spektrum an Vorteilen<\/span><b><\/b><\/h2><\/div>\n\n<div class=\"row align-center bg-blue box-list\"  id=\"row-1555210900\">\n\n\n\t<div id=\"col-1498417068\" class=\"col small-12 large-12\"  >\n\t\t\t\t<div class=\"col-inner text-center\"  >\n\t\t\t\n\t\t\t\n\n<h3>BT-Maric Durchflussbegrenzer bieten ein breites Spektrum an Vorteilen f\u00fcr einen effizienten und nachhaltigen Systembetrieb. <br \/>So machen sie den Unterschied:<\/h3>\n\n\t\t<\/div>\n\t\t\t\t\t<\/div>\n\n\t\n\n<\/div>\n<div class=\"row bg-blue box-list\"  id=\"row-340892815\">\n\n\n\t<div id=\"col-109701660\" class=\"col medium-6 small-12 large-6\"  >\n\t\t\t\t<div class=\"col-inner\"  >\n\t\t\t\n\t\t\t\n\n<ul class=\"bullet-cross\">\n<li>\n<h4>Konstante Durchflussrate<\/h4>\n<p>Sie gew\u00e4hrleisten eine gleichbleibende Durchflussrate, unabh\u00e4ngig von Druckschwankungen im System.<\/p>\n<\/li>\n<li>\n<h4>Verbesserte Systemleistung<\/h4>\n<p>Optimierte Prozesssteuerung: Stabile Durchflussraten verbessern die Gesamtleistung von Fl\u00fcssigkeitssystemen und f\u00fchren zu besserer Prozesskontrolle und h\u00f6herer Produktqualit\u00e4t.<\/p>\n<\/li>\n<li>\n<h4>Gro\u00dfe Auswahl an Durchflussraten, Anschlussarten und Materialien<\/h4>\n<p>BT-Maric Durchflussregler lassen sich problemlos in bestehende Anwendungen nachr\u00fcsten oder in neue Systeme integrieren. Sie sind f\u00fcr Durchflussraten von nur 0,15\u202fl\/min bis zu 13.500\u202fl\/min ausgelegt \u2013 in feinen Abstufungen.<br \/>Erh\u00e4ltlich in drei Standardmaterialien: Messing, PVC und Edelstahl. Drei Anschlussarten stehen zur Verf\u00fcgung: Eins\u00e4tze, Klemmscheiben (Wafer) oder Gewindedurchflussbegrenze.<\/p>\n<\/li>\n<li>\n<h4>Flexibilit\u00e4t im Design<br \/>\n<\/h4>\n<p>Individuelle L\u00f6sungen: Diese Durchflussbegrenzer k\u00f6nnen an spezifische Anforderungen angepasst werden und bieten so maximale Flexibilit\u00e4t f\u00fcr unterschiedliche Betriebsbedingungen.<\/p>\n<\/li>\n<li>\n<h4>Einfach zu installieren und zu integrieren<br \/>\n<\/h4>\n<p>BT-Maric Durchflussbegrenzer lassen sich m\u00fchelos in bestehende Systeme integrieren und sind dadurch vielseitig einsetzbar in unterschiedlichsten Anwendungen und Branchen<\/p>\n<\/li>\n<li>\n<h4>Kompakt, zuverl\u00e4ssig und hochpr\u00e4zise<\/h4>\n<p>BT-Maric Durchflussbegrenzer sind f\u00fcr eine lange Lebensdauer von bis zu 20 Jahren ausgelegt. Sie sind kompakt, einfach aufgebaut und bieten in der Standardausf\u00fchrung eine Genauigkeit von \u00b110\u202f% \u00fcber den gesamten Druckabfallbereich von 1,4 bis 10\u202fBar.<\/p>\n<\/li>\n<li>\n<h4>Voreingestellt (nicht verstellbar) f\u00fcr manipulationssicheren Betrieb<br \/>\n<\/h4>\n<p>BT-Maric Durchflussbegrenzer werden voreingestellt geliefert, um Einstellungsfehler oder ungewollte Ver\u00e4nderungen im System zu vermeiden. Die gew\u00fcnschte Durchflussrate muss bei der Bestellung angegeben werden \u2013 so ist ein sicherer und manipulationsfreier Betrieb gew\u00e4hrleistet.<\/p>\n<\/li>\n<\/ul>\n\n\t\t<\/div>\n\t\t\t\t\t<\/div>\n\n\t\n\n\t<div id=\"col-1359118176\" class=\"col medium-6 small-12 large-6\"  >\n\t\t\t\t<div class=\"col-inner\"  >\n\t\t\t\n\t\t\t\n\n<ul class=\"bullet-cross\">\n<li>\n<h4>L\u00f6sungen f\u00fcr hohen und niedrigen Druck verf\u00fcgbar<\/h4>\n<p>BT-Maric Durchflussbegrenzer sind f\u00fcr Druckdifferenzen von 0,45 bis 20\u202fBar ausgelegt und bieten damit flexible Einsatzm\u00f6glichkeiten f\u00fcr unterschiedlichste Anwendungen.<\/p>\n<\/li>\n<li>\n<h4>Kosteneffiziente L\u00f6sung<\/h4>\n<p>Langfristige Einsparungen: Reduziert Investitions- und Betriebskosten deutlich, verhindert Ger\u00e4tesch\u00e4den und verl\u00e4ngert die Lebensdauer von Anlagen und Komponenten.<\/p>\n<\/li>\n<li>\n<h4>Reduzierte Wartungskosten<\/h4>\n<p>Geringerer Verschlei\u00df: Durch weniger Durchfluss- und Druckschwankungen wird die Belastung f\u00fcr Pumpen und andere Systemkomponenten reduziert \u2013 das senkt den Wartungsaufwand und verl\u00e4ngert die Lebensdauer der Ausr\u00fcstung.<\/p>\n<\/li>\n<li>\n<h4>Erh\u00f6hte Sicherheit<br \/>\n<\/h4>\n<p>Durch die Gew\u00e4hrleistung eines konstanten Durchflusses wird das Risiko von Systemausf\u00e4llen infolge von Druckst\u00f6\u00dfen oder -schwankungen deutlich minimiert und somit die Gesamtsicherheit erh\u00f6ht.<\/p>\n<\/li>\n<li>\n<h4>Reduzierter Wasserverbrauch<\/h4>\n<p>Durch die konstante Durchflussregelung tragen diese Durchflussbegrenzer zur Optimierung des Wasserverbrauchs bei, was langfristig zu erheblichen Kosteneinsparungen f\u00fchrt.<\/p>\n<\/li>\n<li>\n<h4>Geeignet f\u00fcr schlechte Wasserqualit\u00e4t<br \/>\n<\/h4>\n<p>BT-Maric Durchflussbegrenzer wurden prim\u00e4r f\u00fcr Wasseranwendungen entwickelt und eignen sich besonders gut f\u00fcr den Einsatz bei schlechter Wasserqualit\u00e4t. Das flexible Gummimaterial reduziert Verstopfungen und Ablagerungen auf ein Minimum.<\/p>\n<\/li>\n<li>\n<h4>Energieeffizienz<\/h4>\n<p>BT-Maric Durchflussbegrenzer sind zu 100% mechanisch und selbstregelnd, sie ben\u00f6tigen keinerlei zus\u00e4tzliche Energie f\u00fcr den Betrieb.<\/p>\n<\/li>\n<li>\n<h4>Einhaltung f\u00fchrender Industrie- und Qualit\u00e4tsstandards<\/h4>\n<p>Entsprechen den Normen ISO 9001:2015, ISO 14001:2015, dem franz\u00f6sischen Zertifikat f\u00fcr Trinkwasserkonformit\u00e4t (ACS) sowie den Standards der australischen Trinkwasserbeh\u00f6rden.<\/p>\n<\/li>\n<\/ul>\n\n\t\t<\/div>\n\t\t\t\t\t<\/div>\n\n\t\n\n<\/div>\n\n\t\t<\/div>\n\n\t\t\n<style>\n#section_1556837806 {\n  padding-top: 30px;\n  padding-bottom: 30px;\n}\n<\/style>\n\t<\/section>\n\t\n\n  <div class=\"banner has-hover has-parallax\" id=\"banner-772505420\">\n          <div class=\"banner-inner fill\">\n        <div class=\"banner-bg fill\" data-parallax=\"-2\" data-parallax-container=\".banner\" data-parallax-background>\n            <img loading=\"lazy\" decoding=\"async\" width=\"1920\" height=\"480\" src=\"https:\/\/brt.image.ee\/wp-content\/uploads\/banner-bg-most-economical-and-compact-solution.jpg\" class=\"bg attachment-original size-original\" alt=\"\" \/>                                    \n                    <\/div>\n\t\t\n        <div class=\"banner-layers container\">\n            <div class=\"fill banner-link\"><\/div>            \n\n   <div id=\"text-box-13714251\" class=\"text-box banner-layer x50 md-x50 lg-x50 y50 md-y50 lg-y50 res-text\">\n                                <div class=\"text-box-content text \">\n              \n              <div class=\"text-inner text-center\">\n                  \n\n<p class=\"banner-text lead\"><strong>M\u00f6chten Sie mehr dar\u00fcber erfahren, wie unsere Durchflussbegrenzer in verschiedenen Anwendungen funktionieren?<br \/>\n<\/strong><strong>Entdecken Sie unsere Fallstudien und erfahren Sie, wie unsere OEM-L\u00f6sungen messbare Ergebnisse liefern. <\/strong><\/p>\n<a href=\"\/de\/praxisbeispiele\/\" class=\"button primary button-black\"  >\n\t\t<span>Fallstudien<\/span>\n\t<\/a>\n\n\n<a href=\"\/de\/durchflussbegrenzer\/massgeschneiderte-oem-loesungen\/\" class=\"button primary button-black\"  >\n\t\t<span>OEM-L\u00f6sungen<\/span>\n\t<\/a>\n\n\n\n              <\/div>\n           <\/div>\n                            \n<style>\n#text-box-13714251 .text-box-content {\n  background-color: rgba(255, 255, 255, 0.75);\n  font-size: 100%;\n}\n#text-box-13714251 .text-inner {\n  padding: 2px 10px 10px 10px;\n}\n#text-box-13714251 {\n  width: 80%;\n}\n<\/style>\n    <\/div>\n \n\n        <\/div>\n      <\/div>\n\n            \n<style>\n#banner-772505420 {\n  padding-top: 300px;\n  background-color: rgb(255,255,255);\n}\n<\/style>\n  <\/div>\n\n\n\n\t<section class=\"section bg-yellow\" id=\"section_1542417760\">\n\t\t<div class=\"section-bg fill\" >\n\t\t\t\t\t\t\t\t\t\n\t\t\t\n\n\t\t<\/div>\n\n\t\t\n\n\t\t<div class=\"section-content relative\">\n\t\t\t\n\n\t<div id=\"gap-1023222286\" class=\"gap-element clearfix\" style=\"display:block; height:auto;\">\n\t\t\n<style>\n#gap-1023222286 {\n  padding-top: 30px;\n}\n<\/style>\n\t<\/div>\n\t\n\n<div class=\"row row-collapse align-center\"  id=\"row-1026497996\">\n\n\n\t<div id=\"col-1835261885\" class=\"col medium-9 small-12 large-9\"  >\n\t\t\t\t<div class=\"col-inner\"  >\n\t\t\t\n\t\t\t\n\n\t<div id=\"text-640423516\" class=\"text\">\n\t\t\n\n<h2>Haben Sie Fragen? Wir haben die Antworten!<\/h2>\n<p class=\"lead\">Kontaktieren Sie unser Vertriebsteam, um mehr \u00fcber unsere BT-Maric Durchflussbegrenzer zu erfahren, oder schauen Sie in unseren FAQ (H\u00e4ufig gestellte Fragen) nach, um die ben\u00f6tigten Informationen zu finden. Wir helfen Ihnen gerne weiter!<\/p>\n\n\t\t\n<style>\n#text-640423516 {\n  text-align: center;\n}\n<\/style>\n\t<\/div>\n\t\n\n\t\t<\/div>\n\t\t\t\t\t<\/div>\n\n\t\n\n<\/div>\n<div class=\"row align-middle align-center\"  id=\"row-128551664\">\n\n\n\t<div id=\"col-1989941612\" class=\"col medium-4 small-12 large-4\"  >\n\t\t\t\t<div class=\"col-inner\"  >\n\t\t\t\n\t\t\t\n\n\t<div class=\"box has-hover   has-hover box-text-bottom\" >\n\n\t\t<div class=\"box-image\" style=\"width:40%;\">\n\t\t\t<a href=\"\/de\/kontaktieren-sie-uns\/\" >\t\t\t<div class=\"\" >\n\t\t\t\t<img loading=\"lazy\" decoding=\"async\" width=\"220\" height=\"220\" src=\"https:\/\/brt.image.ee\/wp-content\/uploads\/icon-learn-more-contact-us.png\" class=\"attachment-original size-original\" alt=\"\" \/>\t\t\t\t\t\t\t\t\t\t\t<\/div>\n\t\t\t<\/a>\t\t<\/div>\n\n\t\t<div class=\"box-text text-center is-large\" >\n\t\t\t<div class=\"box-text-inner\">\n\t\t\t\t\n\n<p class=\"uppercase\"><a href=\"https:\/\/brt.image.ee\/de\/kontaktieren-sie-uns\/\">KONTAKTIEREN SIE UNS<\/a><\/p>\n\n\t\t\t<\/div>\n\t\t<\/div>\n\t<\/div>\n\t\n\n\n\t\t<\/div>\n\t\t\t\t\t<\/div>\n\n\t\n\n\t<div id=\"col-1377683921\" class=\"col medium-4 small-12 large-4\"  >\n\t\t\t\t<div class=\"col-inner\"  >\n\t\t\t\n\t\t\t\n\n\t<div class=\"box has-hover   has-hover box-text-bottom\" >\n\n\t\t<div class=\"box-image\" style=\"width:40%;\">\n\t\t\t<a href=\"\/de\/durchflussbegrenzer\/haeufig-gestellte-fragen\/\" >\t\t\t<div class=\"\" >\n\t\t\t\t<img loading=\"lazy\" decoding=\"async\" width=\"220\" height=\"220\" src=\"https:\/\/brt.image.ee\/wp-content\/uploads\/icon-learn-more-questions-answers.png\" class=\"attachment-original size-original\" alt=\"\" \/>\t\t\t\t\t\t\t\t\t\t\t<\/div>\n\t\t\t<\/a>\t\t<\/div>\n\n\t\t<div class=\"box-text text-center is-large\" >\n\t\t\t<div class=\"box-text-inner\">\n\t\t\t\t\n\n<p class=\"uppercase\"><a href=\"https:\/\/brt.image.ee\/de\/durchflussbegrenzer\/haeufig-gestellte-fragen\/\">H\u00c4UFIG GESTELLTE FRAGEN<\/a><\/p>\n\n\t\t\t<\/div>\n\t\t<\/div>\n\t<\/div>\n\t\n\n\n\t\t<\/div>\n\t\t\t\t\t<\/div>\n\n\t\n\n\t<div id=\"col-1531727897\" class=\"col medium-4 small-12 large-4\"  >\n\t\t\t\t<div class=\"col-inner\"  >\n\t\t\t\n\t\t\t\n\n\t<div class=\"box has-hover   has-hover box-text-bottom\" >\n\n\t\t<div class=\"box-image\" style=\"width:40%;\">\n\t\t\t<a href=\"\/de\/video-anleitung\/\" >\t\t\t<div class=\"\" >\n\t\t\t\t<img loading=\"lazy\" decoding=\"async\" width=\"220\" height=\"220\" src=\"https:\/\/brt.image.ee\/wp-content\/uploads\/icon-learn-more-videos.png\" class=\"attachment-original size-original\" alt=\"\" \/>\t\t\t\t\t\t\t\t\t\t\t<\/div>\n\t\t\t<\/a>\t\t<\/div>\n\n\t\t<div class=\"box-text text-center is-large\" >\n\t\t\t<div class=\"box-text-inner\">\n\t\t\t\t\n\n<p class=\"uppercase\"><a href=\"https:\/\/brt.image.ee\/de\/video-anleitung\/\" rel=\"noopener\">VIDEOS<\/a><\/p>\n\n\t\t\t<\/div>\n\t\t<\/div>\n\t<\/div>\n\t\n\n\n\t\t<\/div>\n\t\t\t\t\t<\/div>\n\n\t\n\n\n<style>\n#row-128551664 > .col > .col-inner {\n  padding: 30px 0px 0px 0px;\n}\n<\/style>\n<\/div>\n\n\t\t<\/div>\n\n\t\t\n<style>\n#section_1542417760 {\n  padding-top: 0px;\n  padding-bottom: 0px;\n}\n<\/style>\n\t<\/section>\n\t\n\n\t<div id=\"gap-1990970256\" class=\"gap-element clearfix\" style=\"display:block; height:auto;\">\n\t\t\n<style>\n#gap-1990970256 {\n  padding-top: 30px;\n}\n<\/style>\n\t<\/div>\n\t\n\n\n\t<section class=\"section\" id=\"section_1974302607\">\n\t\t<div class=\"section-bg fill\" >\n\t\t\t\t\t\t\t\t\t\n\t\t\t\n\n\t\t<\/div>\n\n\t\t\n\n\t\t<div class=\"section-content relative\">\n\t\t\t\n\n<div class=\"container section-title-container\" ><h2 class=\"section-title section-title-center\"><b><\/b><span class=\"section-title-main\" >Weitere Informationen<\/span><b><\/b><\/h2><\/div>\n\n<div class=\"row\"  id=\"row-329146280\">\n\n\n\t<div id=\"col-569152709\" class=\"col medium-4 small-12 large-4\"  >\n\t\t\t\t<div class=\"col-inner\"  >\n\t\t\t\n\t\t\t\n\n\t<div class=\"box has-hover   has-hover box-text-bottom\" >\n\n\t\t<div class=\"box-image\" style=\"width:40%;\">\n\t\t\t<a href=\"\/de\/anwendungen-fuer-unsere-durchflussbegrenzer\/\" >\t\t\t<div class=\"\" >\n\t\t\t\t<img loading=\"lazy\" decoding=\"async\" width=\"220\" height=\"220\" src=\"https:\/\/brt.image.ee\/wp-content\/uploads\/icon-learn-more-applications.png\" class=\"attachment-original size-original\" alt=\"\" \/>\t\t\t\t\t\t\t\t\t\t\t<\/div>\n\t\t\t<\/a>\t\t<\/div>\n\n\t\t<div class=\"box-text text-center is-large\" >\n\t\t\t<div class=\"box-text-inner\">\n\t\t\t\t\n\n<p class=\"uppercase\"><a href=\"https:\/\/brt.image.ee\/de\/anwendungen-fuer-unsere-durchflussbegrenzer\/\">ANWENDUNGEN<\/a><\/p>\n\n\t\t\t<\/div>\n\t\t<\/div>\n\t<\/div>\n\t\n\n\n\t\t<\/div>\n\t\t\t\t\t<\/div>\n\n\t\n\n\t<div id=\"col-152259524\" class=\"col medium-4 small-12 large-4\"  >\n\t\t\t\t<div class=\"col-inner\"  >\n\t\t\t\n\t\t\t\n\n\t<div class=\"box has-hover   has-hover box-text-bottom\" >\n\n\t\t<div class=\"box-image\" style=\"width:40%;\">\n\t\t\t<a href=\"\/de\/praxisbeispiele\/\" >\t\t\t<div class=\"\" >\n\t\t\t\t<img loading=\"lazy\" decoding=\"async\" width=\"220\" height=\"220\" src=\"https:\/\/brt.image.ee\/wp-content\/uploads\/icon-learn-more-case-studies.png\" class=\"attachment-original size-original\" alt=\"\" \/>\t\t\t\t\t\t\t\t\t\t\t<\/div>\n\t\t\t<\/a>\t\t<\/div>\n\n\t\t<div class=\"box-text text-center is-large\" >\n\t\t\t<div class=\"box-text-inner\">\n\t\t\t\t\n\n<p class=\"uppercase\"><a href=\"https:\/\/brt.image.ee\/de\/praxisbeispiele\/\">PRAXISBEISPIELE<\/a><\/p>\n\n\t\t\t<\/div>\n\t\t<\/div>\n\t<\/div>\n\t\n\n\n\t\t<\/div>\n\t\t\t\t\t<\/div>\n\n\t\n\n\t<div id=\"col-109849789\" class=\"col medium-4 small-12 large-4\"  >\n\t\t\t\t<div class=\"col-inner\"  >\n\t\t\t\n\t\t\t\n\n\t<div class=\"box has-hover   has-hover box-text-bottom\" >\n\n\t\t<div class=\"box-image\" style=\"width:40%;\">\n\t\t\t<a href=\"\/de\/durchflussbegrenzer\/massgeschneiderte-oem-loesungen\/\" >\t\t\t<div class=\"\" >\n\t\t\t\t<img loading=\"lazy\" decoding=\"async\" width=\"220\" height=\"220\" src=\"https:\/\/brt.image.ee\/wp-content\/uploads\/icon-learn-more-tailor-made-oem.png\" class=\"attachment-original size-original\" alt=\"\" \/>\t\t\t\t\t\t\t\t\t\t\t<\/div>\n\t\t\t<\/a>\t\t<\/div>\n\n\t\t<div class=\"box-text text-center is-large\" >\n\t\t\t<div class=\"box-text-inner\">\n\t\t\t\t\n\n<p class=\"uppercase\"><a href=\"https:\/\/brt.image.ee\/de\/durchflussbegrenzer\/massgeschneiderte-oem-loesungen\/\">OEM-L\u00d6SUNGEN<\/a><\/p>\n\n\t\t\t<\/div>\n\t\t<\/div>\n\t<\/div>\n\t\n\n\n\t\t<\/div>\n\t\t\t\t\t<\/div>\n\n\t\n\n<\/div>\n<div class=\"row\"  id=\"row-1824929782\">\n\n\n\t<div id=\"col-724194593\" class=\"col medium-4 small-12 large-4\"  >\n\t\t\t\t<div class=\"col-inner\"  >\n\t\t\t\n\t\t\t\n\n\t<div class=\"box has-hover   has-hover box-text-bottom\" >\n\n\t\t<div class=\"box-image\" style=\"width:40%;\">\n\t\t\t<a href=\"\/de\/informationen-und-nachrichten\/\" >\t\t\t<div class=\"\" >\n\t\t\t\t<img loading=\"lazy\" decoding=\"async\" width=\"220\" height=\"220\" src=\"https:\/\/brt.image.ee\/wp-content\/uploads\/icon-learn-more-news.png\" class=\"attachment-original size-original\" alt=\"\" \/>\t\t\t\t\t\t\t\t\t\t\t<\/div>\n\t\t\t<\/a>\t\t<\/div>\n\n\t\t<div class=\"box-text text-center is-large\" >\n\t\t\t<div class=\"box-text-inner\">\n\t\t\t\t\n\n<p class=\"uppercase\"><a href=\"https:\/\/brt.image.ee\/de\/informationen-und-nachrichten\/\">NACHRICHTEN<\/a><\/p>\n\n\t\t\t<\/div>\n\t\t<\/div>\n\t<\/div>\n\t\n\n\n\t\t<\/div>\n\t\t\t\t\t<\/div>\n\n\t\n\n\t<div id=\"col-645033273\" class=\"col medium-4 small-12 large-4\"  >\n\t\t\t\t<div class=\"col-inner\"  >\n\t\t\t\n\t\t\t\n\n\t<div class=\"box has-hover   has-hover box-text-bottom\" >\n\n\t\t<div class=\"box-image\" style=\"width:40%;\">\n\t\t\t<a href=\"\/de\/infos\/\" >\t\t\t<div class=\"\" >\n\t\t\t\t<img loading=\"lazy\" decoding=\"async\" width=\"220\" height=\"220\" src=\"https:\/\/brt.image.ee\/wp-content\/uploads\/icon-learn-more-info-hub.png\" class=\"attachment-original size-original\" alt=\"\" \/>\t\t\t\t\t\t\t\t\t\t\t<\/div>\n\t\t\t<\/a>\t\t<\/div>\n\n\t\t<div class=\"box-text text-center is-large\" >\n\t\t\t<div class=\"box-text-inner\">\n\t\t\t\t\n\n<p class=\"uppercase\"><a href=\"https:\/\/brt.image.ee\/de\/infos\/\">INFOS<\/a><\/p>\n\n\t\t\t<\/div>\n\t\t<\/div>\n\t<\/div>\n\t\n\n\n\t\t<\/div>\n\t\t\t\t\t<\/div>\n\n\t\n\n\t<div id=\"col-1698716090\" class=\"col medium-4 small-12 large-4\"  >\n\t\t\t\t<div class=\"col-inner\"  >\n\t\t\t\n\t\t\t\n\n\t<div class=\"box has-hover   has-hover box-text-bottom\" >\n\n\t\t<div class=\"box-image\" style=\"width:40%;\">\n\t\t\t<a href=\"\/de\/kontaktieren-sie-uns\/angebotsanfrage\/\" >\t\t\t<div class=\"\" >\n\t\t\t\t<img loading=\"lazy\" decoding=\"async\" width=\"220\" height=\"220\" src=\"https:\/\/brt.image.ee\/wp-content\/uploads\/icon-learn-more-request-for-quatation.png\" class=\"attachment-original size-original\" alt=\"learn more\" \/>\t\t\t\t\t\t\t\t\t\t\t<\/div>\n\t\t\t<\/a>\t\t<\/div>\n\n\t\t<div class=\"box-text text-center is-large\" >\n\t\t\t<div class=\"box-text-inner\">\n\t\t\t\t\n\n<p class=\"uppercase\"><a href=\"https:\/\/brt.image.ee\/de\/kontaktieren-sie-uns\/angebotsanfrage\/\">ANGEBOTSANFRAGE<\/a><\/p>\n\n\t\t\t<\/div>\n\t\t<\/div>\n\t<\/div>\n\t\n\n\n\t\t<\/div>\n\t\t\t\t\t<\/div>\n\n\t\n\n<\/div>\n\n\t\t<\/div>\n\n\t\t\n<style>\n#section_1974302607 {\n  padding-top: 30px;\n  padding-bottom: 30px;\n}\n<\/style>\n\t<\/section>\n\t\n\t<div id=\"gap-797841354\" class=\"gap-element clearfix\" style=\"display:block; height:auto;\">\n\t\t\n<style>\n#gap-797841354 {\n  padding-top: 40px;\n}\n<\/style>\n\t<\/div>\n\t\n\n\n\n\n<p><\/p>\n","protected":false},"excerpt":{"rendered":"","protected":false},"author":8,"featured_media":0,"parent":0,"menu_order":0,"comment_status":"closed","ping_status":"closed","template":"page-blank.php","meta":{"footnotes":""},"class_list":["post-1836","page","type-page","status-publish","hentry"],"_links":{"self":[{"href":"https:\/\/brt.image.ee\/de\/wp-json\/wp\/v2\/pages\/1836","targetHints":{"allow":["GET"]}}],"collection":[{"href":"https:\/\/brt.image.ee\/de\/wp-json\/wp\/v2\/pages"}],"about":[{"href":"https:\/\/brt.image.ee\/de\/wp-json\/wp\/v2\/types\/page"}],"author":[{"embeddable":true,"href":"https:\/\/brt.image.ee\/de\/wp-json\/wp\/v2\/users\/8"}],"replies":[{"embeddable":true,"href":"https:\/\/brt.image.ee\/de\/wp-json\/wp\/v2\/comments?post=1836"}],"version-history":[{"count":0,"href":"https:\/\/brt.image.ee\/de\/wp-json\/wp\/v2\/pages\/1836\/revisions"}],"wp:attachment":[{"href":"https:\/\/brt.image.ee\/de\/wp-json\/wp\/v2\/media?parent=1836"}],"curies":[{"name":"wp","href":"https:\/\/api.w.org\/{rel}","templated":true}]}}