{"id":1838,"date":"2025-04-17T13:25:19","date_gmt":"2025-04-17T11:25:19","guid":{"rendered":"https:\/\/brt.image.ee\/?page_id=1838"},"modified":"2025-07-20T16:27:45","modified_gmt":"2025-07-20T14:27:45","slug":"massgeschneiderte-oem-loesungen","status":"publish","type":"page","link":"https:\/\/brt.image.ee\/de\/durchflussbegrenzer\/massgeschneiderte-oem-loesungen\/","title":{"rendered":"Massgeschneiderte OEM-L\u00f6sungen"},"content":{"rendered":"\n\t<div id=\"gap-1003214393\" class=\"gap-element clearfix\" style=\"display:block; height:auto;\">\n\t\t\n<style>\n#gap-1003214393 {\n  padding-top: 50px;\n}\n<\/style>\n\t<\/div>\n\t\n\n<div class=\"row align-center\"  id=\"row-2137850371\">\n\n\n\t<div id=\"col-404861686\" class=\"col small-12 large-12\"  >\n\t\t\t\t<div class=\"col-inner text-center\"  >\n\t\t\t\n\t\t\t\n\n\t<div id=\"text-3612654479\" class=\"text\">\n\t\t\n\n<h1>Massgeschneiderte OEM-L\u00f6sungen<br \/>\u2013 um die Herausforderungen Ihrer Kunden zu meistern<\/h1>\n<p class=\"lead\">Bertfelt GmbH bietet das umfangreichste Sortiment an voreingestellten Durchflussbegrenzern, die unabh\u00e4ngig vom Druck arbeiten, auf dem Markt an. Wir liefern tausende Durchflussbegrenzer f\u00fcr den industriellen Einsatz, die Wasser sparen und Produkte sowie Prozesse effizienter machen. <br \/>Zudem bieten wir ma\u00dfgeschneiderte OEM-L\u00f6sungen, um die Herausforderungen Ihrer Kunden optimal zu erf\u00fcllen.<\/p>\n\t\t\n<style>\n#text-3612654479 {\n  text-align: center;\n}\n<\/style>\n\t<\/div>\n\t\n\n\t\t<\/div>\n\t\t\t\t\t<\/div>\n\n\t\n\n<\/div>\n<div class=\"container section-title-container\" ><h2 class=\"section-title section-title-center\"><b><\/b><span class=\"section-title-main\" >Unsere L\u00f6sungen erf\u00fcllen die ganz speziellen Anforderungen unserer Kunden<\/span><b><\/b><\/h2><\/div>\n\n\n\t<section class=\"section\" id=\"section_790662953\">\n\t\t<div class=\"section-bg fill\" >\n\t\t\t<img loading=\"lazy\" decoding=\"async\" width=\"700\" height=\"393\" src=\"https:\/\/brt.image.ee\/wp-content\/uploads\/banner-bg-oem-manufacturers.jpg\" class=\"bg attachment- size-\" alt=\"\" \/>\t\t\t\t\t\t\n\t\t\t\n\n\t\t<\/div>\n\n\t\t\n\n\t\t<div class=\"section-content relative\">\n\t\t\t\n\n<div class=\"row row-collapse align-middle align-center\"  id=\"row-316474214\">\n\n\n\t<div id=\"col-974748412\" class=\"col medium-9 small-12 large-9\"  >\n\t\t\t\t<div class=\"col-inner\"  >\n\t\t\t\n\t\t\t\n\n<h3>OEM-Hersteller stehen vor folgenden Herausforderungeny<\/h3>\n<ul class=\"bullet-checked\">\n<li><strong>Wasser sparen<\/strong> (Minimierung) und\/oder den Wasserverbrauch zu optimieren,<\/li>\n<li>Versorgung und Gew\u00e4hrleistung mit einem  <strong>pr\u00e4zisen, konstanten Wasserdurchflusswert<\/strong>.<\/li>\n<li>Die Installation ihrer Ausr\u00fcstung an Kundenstandorten mit <strong>schwankendem Wasserdruck<\/strong>, der sich im Laufe der Zeit ver\u00e4ndert.<\/li>\n<li>Betrieb unter sehr schwierigen Bedingungen: manchmal bei einem <strong>sehr niedrigem Druck<\/strong> (unter 1 bar) <strong>oder auch sehr hohem Druck<\/strong> (\u00fcber  10 bar).<\/li>\n<li>es steht sehr <strong>wenig Platz f\u00fcr die Steuerung<\/strong> des Durchflusses zur Verf\u00fcgung.<\/li>\n<li>Die Anforderungen des Kunden oder des eigenen Unternehmens in Bezug auf <strong>R\u00fcckverfolgbarkeit\/Kennzeichnung<\/strong>.<\/li>\n<li>Das Erreichen einer effizienten, flexiblen und <strong>zuverl\u00e4ssigen Lieferkette<\/strong> f\u00fcr alle Komponenten.<\/li>\n<\/ul>\n<p><strong>\u2013 Mit unseren Durchflussbegrenzer BT-Maric entspricht Bertfelt GmbH allen diesen Anspr\u00fcchen!<\/strong><\/p>\n\n\t\t<\/div>\n\t\t\t\t\t<\/div>\n\n\t\n\n\n<style>\n#row-316474214 > .col > .col-inner {\n  padding: 30px 20px 10px 40px;\n  background-color: rgba(255, 255, 255, 0.75);\n}\n<\/style>\n<\/div>\n\n\t\t<\/div>\n\n\t\t\n<style>\n#section_790662953 {\n  padding-top: 30px;\n  padding-bottom: 30px;\n}\n<\/style>\n\t<\/section>\n\t\n\n\t<section class=\"section\" id=\"section_466303438\">\n\t\t<div class=\"section-bg fill\" >\n\t\t\t\t\t\t\t\t\t\n\t\t\t\n\n\t\t<\/div>\n\n\t\t\n\n\t\t<div class=\"section-content relative\">\n\t\t\t\n\n<div class=\"row align-center\"  id=\"row-1647945819\">\n\n\n\t<div id=\"col-1256176216\" class=\"col small-12 large-12\"  >\n\t\t\t\t<div class=\"col-inner\"  >\n\t\t\t\n\t\t\t\n\n<div class=\"container section-title-container\" ><h2 class=\"section-title section-title-center\"><b><\/b><span class=\"section-title-main\" >Ein voreingestellter Durchfluss unabh\u00e4ngig vom Druck<\/span><b><\/b><\/h2><\/div>\n\n\n\t\t<\/div>\n\t\t\t\t\t<\/div>\n\n\t\n\n<\/div>\n<div class=\"row row-collapse align-middle reverse\"  id=\"row-1353248413\">\n\n\n\t<div id=\"col-1068883626\" class=\"col medium-6 small-12 large-6\"  >\n\t\t\t\t<div class=\"col-inner\"  >\n\t\t\t\n\t\t\t\n\n\t<div class=\"img has-hover x md-x lg-x y md-y lg-y\" id=\"image_1083130785\">\n\t\t\t\t\t\t\t\t<div class=\"img-inner dark\" >\n\t\t\t<img loading=\"lazy\" decoding=\"async\" width=\"570\" height=\"440\" src=\"https:\/\/brt.image.ee\/wp-content\/uploads\/pre-set-flow-rate-01-570x440.jpg\" class=\"attachment-medium size-medium\" alt=\"\" srcset=\"https:\/\/brt.image.ee\/wp-content\/uploads\/pre-set-flow-rate-01-570x440.jpg 570w, https:\/\/brt.image.ee\/wp-content\/uploads\/pre-set-flow-rate-01-768x593.jpg 768w, https:\/\/brt.image.ee\/wp-content\/uploads\/pre-set-flow-rate-01.jpg 1140w\" sizes=\"auto, (max-width: 570px) 100vw, 570px\" \/>\t\t\t\t\t\t\n\t\t\t\t\t<\/div>\n\t\t\t\t\t\t\t\t\n<style>\n#image_1083130785 {\n  width: 100%;\n}\n<\/style>\n\t<\/div>\n\t\n\n\n\t\t<\/div>\n\t\t\t\t\t<\/div>\n\n\t\n\n\t<div id=\"col-1874809112\" class=\"col cbtextleft medium-6 small-12 large-6\"  >\n\t\t\t\t<div class=\"col-inner\"  >\n\t\t\t\n\t\t\t\n\n<h3 class=\"uppercase\">Ein pr\u00e4zise voreingestellter Durchfluss<\/h3>\n<p>Seit mehr als 30 Jahren arbeitet Bertfelt GmbH zusammen mit OEM-Kunden und vertreibt hochwertige Durchflussbegrenzer. Diese liefern unabh\u00e4ngig vom Druck pr\u00e4zise, voreingestellte, konstante Durchflussraten.<\/p>\n<p>Zum Beispiel nutzte unser Kunde Osmoflo unsere Durchflussbegrenzer zur Durchflussregelung in seiner Anlage zur Umkehrosmose-Wasseraufbereitung.<\/p>\n\n\t\t<\/div>\n\t\t\t\t\t<\/div>\n\n\t\n\n<\/div>\n<div class=\"row row-collapse align-middle\"  id=\"row-363042147\">\n\n\n\t<div id=\"col-1928933664\" class=\"col medium-6 small-12 large-6\"  >\n\t\t\t\t<div class=\"col-inner\"  >\n\t\t\t\n\t\t\t\n\n\t<div class=\"img has-hover x md-x lg-x y md-y lg-y\" id=\"image_439401584\">\n\t\t\t\t\t\t\t\t<div class=\"img-inner dark\" >\n\t\t\t<img loading=\"lazy\" decoding=\"async\" width=\"570\" height=\"440\" src=\"https:\/\/brt.image.ee\/wp-content\/uploads\/pre-set-flow-rate-02-570x440.jpg\" class=\"attachment-medium size-medium\" alt=\"\" srcset=\"https:\/\/brt.image.ee\/wp-content\/uploads\/pre-set-flow-rate-02-570x440.jpg 570w, https:\/\/brt.image.ee\/wp-content\/uploads\/pre-set-flow-rate-02-768x593.jpg 768w, https:\/\/brt.image.ee\/wp-content\/uploads\/pre-set-flow-rate-02.jpg 1140w\" sizes=\"auto, (max-width: 570px) 100vw, 570px\" \/>\t\t\t\t\t\t\n\t\t\t\t\t<\/div>\n\t\t\t\t\t\t\t\t\n<style>\n#image_439401584 {\n  width: 100%;\n}\n<\/style>\n\t<\/div>\n\t\n\n\n\t\t<\/div>\n\t\t\t\t\t<\/div>\n\n\t\n\n\t<div id=\"col-1603306338\" class=\"col cbtextright medium-6 small-12 large-6\"  >\n\t\t\t\t<div class=\"col-inner\"  >\n\t\t\t\n\t\t\t\n\n<h3 class=\"uppercase\">Ma\u00dfgeschneiderte L\u00f6sungen<\/h3>\n<p>Die Produktpalette ist sehr gro\u00df und umfa\u00dft Durchflussraten ab 0,15 L\/min, die in kleinen Abstaffelungen bis zu 13 500 L\/min (DN6-DN400) ansteigt. Hier stellen wir unser gesamtes Standardprogramm vor. Wenn Sie die von Ihnen ben\u00f6tigte Durchflussrate nicht finden, kontaktieren Sie uns bitte. H\u00e4ufig ist es uns m\u00f6glich eine massgeschneiderte L\u00f6sung zu entwickeln, die genau Ihren spezifischen Anforderungen entspricht.<\/p>\n\n\t\t<\/div>\n\t\t\t\t\t<\/div>\n\n\t\n\n<\/div>\n\n\t\t<\/div>\n\n\t\t\n<style>\n#section_466303438 {\n  padding-top: 30px;\n  padding-bottom: 30px;\n}\n<\/style>\n\t<\/section>\n\t\n\t<div id=\"gap-933202499\" class=\"gap-element clearfix\" style=\"display:block; height:auto;\">\n\t\t\n<style>\n#gap-933202499 {\n  padding-top: 30px;\n}\n<\/style>\n\t<\/div>\n\t\n\n\n\t<section class=\"section bg-fill\" id=\"section_746729701\">\n\t\t<div class=\"section-bg fill\" >\n\t\t\t\t\t\t\t\t\t\n\t\t\t\n\n\t\t<\/div>\n\n\t\t\n\n\t\t<div class=\"section-content relative\">\n\t\t\t\n\n<div class=\"container section-title-container\" ><h2 class=\"section-title section-title-center\"><b><\/b><span class=\"section-title-main\" >Ma\u00dfgeschneiderte L\u00f6sungen steigern den Wert Ihrer Anwendung<\/span><b><\/b><\/h2><\/div>\n\n<div class=\"row bg-yellow box-list\"  id=\"row-1936799794\">\n\n\n\t<div id=\"col-1021015744\" class=\"col small-12 large-12\"  >\n\t\t\t\t<div class=\"col-inner\"  >\n\t\t\t\n\t\t\t\n\n\t<div id=\"text-3233345442\" class=\"text\">\n\t\t\n\n<h3 style=\"text-align: center;\">Wir k\u00f6nnen L\u00f6sungen entwickeln, die selbst Ihre anspruchsvollsten Anforderungen erf\u00fcllen, indem wir:<\/h3>\n\t\t\n<style>\n#text-3233345442 {\n  text-align: center;\n}\n<\/style>\n\t<\/div>\n\t\n\n\t\t<\/div>\n\t\t\t\t\t<\/div>\n\n\t\n\n<\/div>\n<div class=\"row bg-yellow box-list\"  id=\"row-1949216233\">\n\n\n\t<div id=\"col-1812750788\" class=\"col medium-6 small-12 large-6\"  >\n\t\t\t\t<div class=\"col-inner\"  >\n\t\t\t\n\t\t\t\n\n<ul class=\"bullet-checked\">\n<li>\n<h4>\u00c4nderung des Durchflussbegrenzergeh\u00e4usematerials<\/h4>\n<p>Unser Standardmaterial f\u00fcr die Ventilk\u00f6rper ist Messing, U-PVC und Edelstahl (316). Bei Bestellmengen von \u00fcber 100 St\u00fcck pro Durchflussbegrenzer k\u00f6nnen wir jedoch auch andere Materialien wie Duplex, Bronzelegierungen, Titan, POM-C oder PP liefern.<\/p>\n<\/li>\n<li>\n<h4>Anpassung der Ventilk\u00f6rper f\u00fcr eine bessere Integration in Ihre Konstruktion<\/h4>\n<p>Viele unserer Kunden haben spezielle Anforderungen an die Abmessungen der Durchflussbegrenzer. In enger Zusammenarbeit mit den Konstrukteuren unserer Kunden k\u00f6nnen wir unser Basisdesign h\u00e4ufig so modifizieren, dass es besser in deren Ger\u00e4te oder Systeme passt.<\/p>\n<\/li>\n<li>\n<h4>Individuelle Kennzeichnung Ihrer Durchflussbegrenzer<br \/>\n<\/h4>\n<p>Unsere Standardkennzeichnung enth\u00e4lt unser Logo und Bestellinformationen. Gerne besprechen wir jedoch alternative Markierungen, um Ihren Anforderungen besser gerecht zu werden.<\/p>\n<\/li>\n<\/ul>\n\n\n\t\t<\/div>\n\t\t\t\t\t<\/div>\n\n\t\n\n\t<div id=\"col-2142867839\" class=\"col medium-6 small-12 large-6\"  >\n\t\t\t\t<div class=\"col-inner\"  >\n\t\t\t\n\t\t\t\n\n<ul class=\"bullet-checked\">\n<li>\n<h4>Bereitstellung von Durchflussbegrenzer f\u00fcr spezifische Druckbereiche (niedrig oder hoch), die besondere Leistungsanforderungen erf\u00fcllen<\/h4>\n<p>Unser Standardregelgummi ist vom Typ <em>Precision<\/em> und arbeitet mit einem Druckabfall von 1,4 bis 10 bar \u00fcber dem Durchflussbegrenzer. Wir bieten jedoch auch Varianten f\u00fcr Niederdruckanwendungen (ab 0,4 bar) sowie Hochdruckanwendungen (bis zu 20 bar) an.<\/p>\n<\/li>\n<li>\n<h4>Gemeinsam mit Ihrem Unternehmen entwickeln wir eine effiziente und robuste Logistikl\u00f6sung<\/h4>\n<p>F\u00fcr OEM-Kunden entwickeln wir ma\u00dfgeschneiderte, effiziente Logistikl\u00f6sungen, die niedrige Preise, kurze Lieferzeiten und angemessene Lagerhaltung auf Basis der Jahresmengen optimal ausbalancieren.<\/p>\n<\/li>\n<\/ul>\n<div class=\"row row-collapse align-middle align-center\"  id=\"row-2143965076\">\n\n\n\t<div id=\"col-2103012917\" class=\"col small-12 large-12\"  >\n\t\t\t\t<div class=\"col-inner text-center\"  >\n\t\t\t\n\t\t\t\n\n\t<div class=\"img has-hover x md-x lg-x y md-y lg-y\" id=\"image_1213932349\">\n\t\t\t\t\t\t\t\t<div class=\"img-inner dark\" >\n\t\t\t<img loading=\"lazy\" decoding=\"async\" width=\"570\" height=\"528\" src=\"https:\/\/brt.image.ee\/wp-content\/uploads\/water-droplets-yellow-570x528.jpg\" class=\"attachment-medium size-medium\" alt=\"\" srcset=\"https:\/\/brt.image.ee\/wp-content\/uploads\/water-droplets-yellow-570x528.jpg 570w, https:\/\/brt.image.ee\/wp-content\/uploads\/water-droplets-yellow-1140x1055.jpg 1140w, https:\/\/brt.image.ee\/wp-content\/uploads\/water-droplets-yellow-768x711.jpg 768w, https:\/\/brt.image.ee\/wp-content\/uploads\/water-droplets-yellow.jpg 1200w\" sizes=\"auto, (max-width: 570px) 100vw, 570px\" \/>\t\t\t\t\t\t\n\t\t\t\t\t<\/div>\n\t\t\t\t\t\t\t\t\n<style>\n#image_1213932349 {\n  width: 36%;\n}\n<\/style>\n\t<\/div>\n\t\n\n\n\t\t<\/div>\n\t\t\t\t\t<\/div>\n\n\t\n\n<\/div>\n\n\t\t<\/div>\n\t\t\t\t\t<\/div>\n\n\t\n\n<\/div>\n\n\t\t<\/div>\n\n\t\t\n<style>\n#section_746729701 {\n  padding-top: 30px;\n  padding-bottom: 30px;\n}\n<\/style>\n\t<\/section>\n\t\n\n\t<section class=\"section\" id=\"section_1345205295\">\n\t\t<div class=\"section-bg fill\" >\n\t\t\t<img loading=\"lazy\" decoding=\"async\" width=\"1920\" height=\"268\" src=\"https:\/\/brt.image.ee\/wp-content\/uploads\/banner-bg-bertfelt-teknik.jpg\" class=\"bg attachment-original size-original\" alt=\"\" \/>\t\t\t\t\t\t\n\t\t\t\n\n\t\t<\/div>\n\n\t\t\n\n\t\t<div class=\"section-content relative\">\n\t\t\t\n\n<div class=\"row row-collapse align-middle align-center\"  id=\"row-2109535047\">\n\n\n\t<div id=\"col-1311335987\" class=\"col medium-8 small-12 large-8\"  >\n\t\t\t\t<div class=\"col-inner\"  >\n\t\t\t\n\t\t\t\n\n<h2 class=\"banner-headline\">Die Bertfelt GmbH schafft Mehrwert f\u00fcr Ihre Produkte und Anwendungen:<\/h2>\n<ul>\n<li>Unsere Durchflussbegrenzer liefern einen konstanten Durchfluss, der auf Ihren spezifischen Bedarf zugeschnitten ists.<\/li>\n<li>Unsere Komponenten sind zuverl\u00e4ssig, robust, kompakt und von langer Lebensdauer.<\/li>\n<li>Unsere logistischen L\u00f6sungen sind zugeschnittenen auf genau Ihren Betrieb.<\/li>\n<\/ul>\n\n\t\t<\/div>\n\t\t\t\t\t<\/div>\n\n\t\n\n\n<style>\n#row-2109535047 > .col > .col-inner {\n  padding: 20px 20px 10px 20px;\n  background-color: rgba(255, 255, 255, 0.75);\n}\n<\/style>\n<\/div>\n\n\t\t<\/div>\n\n\t\t\n<style>\n#section_1345205295 {\n  padding-top: 20px;\n  padding-bottom: 20px;\n}\n<\/style>\n\t<\/section>\n\t\n\n\t<section class=\"section bg-yellow\" id=\"section_1197103892\">\n\t\t<div class=\"section-bg fill\" >\n\t\t\t\t\t\t\t\t\t\n\t\t\t\n\n\t\t<\/div>\n\n\t\t\n\n\t\t<div class=\"section-content relative\">\n\t\t\t\n\n\t<div id=\"gap-1645706783\" class=\"gap-element clearfix\" style=\"display:block; height:auto;\">\n\t\t\n<style>\n#gap-1645706783 {\n  padding-top: 50px;\n}\n<\/style>\n\t<\/div>\n\t\n\n<div class=\"row align-middle align-center\"  id=\"row-1800853647\">\n\n\n\t<div id=\"col-1197419230\" class=\"col medium-4 small-12 large-4\"  >\n\t\t\t\t<div class=\"col-inner\"  >\n\t\t\t\n\t\t\t\n\n\t<div class=\"box has-hover   has-hover box-text-bottom\" >\n\n\t\t<div class=\"box-image\" style=\"width:40%;\">\n\t\t\t<a href=\"\/de\/kontaktieren-sie-uns\/\" >\t\t\t<div class=\"\" >\n\t\t\t\t<img loading=\"lazy\" decoding=\"async\" width=\"220\" height=\"220\" src=\"https:\/\/brt.image.ee\/wp-content\/uploads\/icon-learn-more-contact-us.png\" class=\"attachment-original size-original\" alt=\"\" \/>\t\t\t\t\t\t\t\t\t\t\t<\/div>\n\t\t\t<\/a>\t\t<\/div>\n\n\t\t<div class=\"box-text text-center is-large\" >\n\t\t\t<div class=\"box-text-inner\">\n\t\t\t\t\n\n<p class=\"uppercase\"><a href=\"https:\/\/brt.image.ee\/de\/kontaktieren-sie-uns\/\">KONTAKTIEREN SIE UNS<\/a><\/p>\n\n\t\t\t<\/div>\n\t\t<\/div>\n\t<\/div>\n\t\n\n\n\t\t<\/div>\n\t\t\t\t\t<\/div>\n\n\t\n\n\t<div id=\"col-1753973237\" class=\"col medium-4 small-12 large-4\"  >\n\t\t\t\t<div class=\"col-inner\"  >\n\t\t\t\n\t\t\t\n\n\t<div class=\"box has-hover   has-hover box-text-bottom\" >\n\n\t\t<div class=\"box-image\" style=\"width:40%;\">\n\t\t\t<a href=\"\/de\/durchflussbegrenzer\/haeufig-gestellte-fragen\/\" >\t\t\t<div class=\"\" >\n\t\t\t\t<img loading=\"lazy\" decoding=\"async\" width=\"220\" height=\"220\" src=\"https:\/\/brt.image.ee\/wp-content\/uploads\/icon-learn-more-questions-answers.png\" class=\"attachment-original size-original\" alt=\"\" \/>\t\t\t\t\t\t\t\t\t\t\t<\/div>\n\t\t\t<\/a>\t\t<\/div>\n\n\t\t<div class=\"box-text text-center is-large\" >\n\t\t\t<div class=\"box-text-inner\">\n\t\t\t\t\n\n<p class=\"uppercase\"><a href=\"https:\/\/brt.image.ee\/de\/durchflussbegrenzer\/haeufig-gestellte-fragen\/\">H\u00c4UFIG GESTELLTE FRAGEN<\/a><\/p>\n\n\t\t\t<\/div>\n\t\t<\/div>\n\t<\/div>\n\t\n\n\n\t\t<\/div>\n\t\t\t\t\t<\/div>\n\n\t\n\n\t<div id=\"col-141613444\" class=\"col medium-4 small-12 large-4\"  >\n\t\t\t\t<div class=\"col-inner\"  >\n\t\t\t\n\t\t\t\n\n\t<div class=\"box has-hover   has-hover box-text-bottom\" >\n\n\t\t<div class=\"box-image\" style=\"width:40%;\">\n\t\t\t<a href=\"\/de\/video-anleitung\/\" >\t\t\t<div class=\"\" >\n\t\t\t\t<img loading=\"lazy\" decoding=\"async\" width=\"220\" height=\"220\" src=\"https:\/\/brt.image.ee\/wp-content\/uploads\/icon-learn-more-videos.png\" class=\"attachment-original size-original\" alt=\"\" \/>\t\t\t\t\t\t\t\t\t\t\t<\/div>\n\t\t\t<\/a>\t\t<\/div>\n\n\t\t<div class=\"box-text text-center is-large\" >\n\t\t\t<div class=\"box-text-inner\">\n\t\t\t\t\n\n<p class=\"uppercase\"><a href=\"https:\/\/brt.image.ee\/de\/video-anleitung\/\" rel=\"noopener\">VIDEOS<\/a><\/p>\n\n\t\t\t<\/div>\n\t\t<\/div>\n\t<\/div>\n\t\n\n\n\t\t<\/div>\n\t\t\t\t\t<\/div>\n\n\t\n\n<\/div>\n\n\t\t<\/div>\n\n\t\t\n<style>\n#section_1197103892 {\n  padding-top: 0px;\n  padding-bottom: 0px;\n}\n<\/style>\n\t<\/section>\n\t\n\n\t<section class=\"section\" id=\"section_562317011\">\n\t\t<div class=\"section-bg fill\" >\n\t\t\t\t\t\t\t\t\t\n\t\t\t\n\n\t\t<\/div>\n\n\t\t\n\n\t\t<div class=\"section-content relative\">\n\t\t\t\n\n<div class=\"container section-title-container\" ><h2 class=\"section-title section-title-center\"><b><\/b><span class=\"section-title-main\" >Weitere Informationen<\/span><b><\/b><\/h2><\/div>\n\n<div class=\"row\"  id=\"row-1508337515\">\n\n\n\t<div id=\"col-1450476055\" class=\"col medium-4 small-12 large-4\"  >\n\t\t\t\t<div class=\"col-inner\"  >\n\t\t\t\n\t\t\t\n\n\t<div class=\"box has-hover   has-hover box-text-bottom\" >\n\n\t\t<div class=\"box-image\" style=\"width:40%;\">\n\t\t\t<a href=\"\/de\/anwendungen-fuer-unsere-durchflussbegrenzer\/\" >\t\t\t<div class=\"\" >\n\t\t\t\t<img loading=\"lazy\" decoding=\"async\" width=\"220\" height=\"220\" src=\"https:\/\/brt.image.ee\/wp-content\/uploads\/icon-learn-more-applications.png\" class=\"attachment-original size-original\" alt=\"\" \/>\t\t\t\t\t\t\t\t\t\t\t<\/div>\n\t\t\t<\/a>\t\t<\/div>\n\n\t\t<div class=\"box-text text-center is-large\" >\n\t\t\t<div class=\"box-text-inner\">\n\t\t\t\t\n\n<p class=\"uppercase\"><a href=\"https:\/\/brt.image.ee\/de\/anwendungen-fuer-unsere-durchflussbegrenzer\/\">ANWENDUNGEN<\/a><\/p>\n\n\t\t\t<\/div>\n\t\t<\/div>\n\t<\/div>\n\t\n\n\n\t\t<\/div>\n\t\t\t\t\t<\/div>\n\n\t\n\n\t<div id=\"col-1489235276\" class=\"col medium-4 small-12 large-4\"  >\n\t\t\t\t<div class=\"col-inner\"  >\n\t\t\t\n\t\t\t\n\n\t<div class=\"box has-hover   has-hover box-text-bottom\" >\n\n\t\t<div class=\"box-image\" style=\"width:40%;\">\n\t\t\t<a href=\"\/de\/praxisbeispiele\/\" >\t\t\t<div class=\"\" >\n\t\t\t\t<img loading=\"lazy\" decoding=\"async\" width=\"220\" height=\"220\" src=\"https:\/\/brt.image.ee\/wp-content\/uploads\/icon-learn-more-case-studies.png\" class=\"attachment-original size-original\" alt=\"\" \/>\t\t\t\t\t\t\t\t\t\t\t<\/div>\n\t\t\t<\/a>\t\t<\/div>\n\n\t\t<div class=\"box-text text-center is-large\" >\n\t\t\t<div class=\"box-text-inner\">\n\t\t\t\t\n\n<p class=\"uppercase\"><a href=\"https:\/\/brt.image.ee\/de\/praxisbeispiele\/\">PRAXISBEISPIELE<\/a><\/p>\n\n\t\t\t<\/div>\n\t\t<\/div>\n\t<\/div>\n\t\n\n\n\t\t<\/div>\n\t\t\t\t\t<\/div>\n\n\t\n\n\t<div id=\"col-1070875360\" class=\"col medium-4 small-12 large-4\"  >\n\t\t\t\t<div class=\"col-inner\"  >\n\t\t\t\n\t\t\t\n\n\t<div class=\"box has-hover   has-hover box-text-bottom\" >\n\n\t\t<div class=\"box-image\" style=\"width:40%;\">\n\t\t\t<a href=\"\/de\/praxisbeispiele\/praxisbeispiel-wasser-sparen\/\" >\t\t\t<div class=\"\" >\n\t\t\t\t<img loading=\"lazy\" decoding=\"async\" width=\"220\" height=\"220\" src=\"https:\/\/brt.image.ee\/wp-content\/uploads\/icon-learn-more-how-to-save-water.png\" class=\"attachment-original size-original\" alt=\"\" \/>\t\t\t\t\t\t\t\t\t\t\t<\/div>\n\t\t\t<\/a>\t\t<\/div>\n\n\t\t<div class=\"box-text text-center is-large\" >\n\t\t\t<div class=\"box-text-inner\">\n\t\t\t\t\r\n\r\n<p class=\"uppercase\"><a href=\"https:\/\/brt.image.ee\/de\/praxisbeispiele\/praxisbeispiel-wasser-sparen\/\">WASSER SPAREN<\/a><\/p>\r\n\r\n\t\t\t<\/div>\n\t\t<\/div>\n\t<\/div>\n\t\n\n\n\t\t<\/div>\n\t\t\t\t\t<\/div>\n\n\t\n\n<\/div>\n<div class=\"row\"  id=\"row-922717859\">\n\n\n\t<div id=\"col-117195368\" class=\"col medium-4 small-12 large-4\"  >\n\t\t\t\t<div class=\"col-inner\"  >\n\t\t\t\n\t\t\t\n\n\t<div class=\"box has-hover   has-hover box-text-bottom\" >\n\n\t\t<div class=\"box-image\" style=\"width:40%;\">\n\t\t\t<a href=\"\/de\/informationen-und-nachrichten\/\" >\t\t\t<div class=\"\" >\n\t\t\t\t<img loading=\"lazy\" decoding=\"async\" width=\"220\" height=\"220\" src=\"https:\/\/brt.image.ee\/wp-content\/uploads\/icon-learn-more-news.png\" class=\"attachment-original size-original\" alt=\"\" \/>\t\t\t\t\t\t\t\t\t\t\t<\/div>\n\t\t\t<\/a>\t\t<\/div>\n\n\t\t<div class=\"box-text text-center is-large\" >\n\t\t\t<div class=\"box-text-inner\">\n\t\t\t\t\n\n<p class=\"uppercase\"><a href=\"https:\/\/brt.image.ee\/de\/informationen-und-nachrichten\/\">NACHRICHTEN<\/a><\/p>\n\n\t\t\t<\/div>\n\t\t<\/div>\n\t<\/div>\n\t\n\n\n\t\t<\/div>\n\t\t\t\t\t<\/div>\n\n\t\n\n\t<div id=\"col-1327725130\" class=\"col medium-4 small-12 large-4\"  >\n\t\t\t\t<div class=\"col-inner\"  >\n\t\t\t\n\t\t\t\n\n\t<div class=\"box has-hover   has-hover box-text-bottom\" >\n\n\t\t<div class=\"box-image\" style=\"width:40%;\">\n\t\t\t<a href=\"\/de\/infos\/\" >\t\t\t<div class=\"\" >\n\t\t\t\t<img loading=\"lazy\" decoding=\"async\" width=\"220\" height=\"220\" src=\"https:\/\/brt.image.ee\/wp-content\/uploads\/icon-learn-more-info-hub.png\" class=\"attachment-original size-original\" alt=\"\" \/>\t\t\t\t\t\t\t\t\t\t\t<\/div>\n\t\t\t<\/a>\t\t<\/div>\n\n\t\t<div class=\"box-text text-center is-large\" >\n\t\t\t<div class=\"box-text-inner\">\n\t\t\t\t\n\n<p class=\"uppercase\"><a href=\"https:\/\/brt.image.ee\/de\/infos\/\">INFOS<\/a><\/p>\n\n\t\t\t<\/div>\n\t\t<\/div>\n\t<\/div>\n\t\n\n\n\t\t<\/div>\n\t\t\t\t\t<\/div>\n\n\t\n\n\t<div id=\"col-331410357\" class=\"col medium-4 small-12 large-4\"  >\n\t\t\t\t<div class=\"col-inner\"  >\n\t\t\t\n\t\t\t\n\n\t<div class=\"box has-hover   has-hover box-text-bottom\" >\n\n\t\t<div class=\"box-image\" style=\"width:40%;\">\n\t\t\t<a href=\"\/de\/video-anleitung\/\" >\t\t\t<div class=\"\" >\n\t\t\t\t<img loading=\"lazy\" decoding=\"async\" width=\"220\" height=\"220\" src=\"https:\/\/brt.image.ee\/wp-content\/uploads\/icon-learn-more-videos.png\" class=\"attachment-original size-original\" alt=\"\" \/>\t\t\t\t\t\t\t\t\t\t\t<\/div>\n\t\t\t<\/a>\t\t<\/div>\n\n\t\t<div class=\"box-text text-center is-large\" >\n\t\t\t<div class=\"box-text-inner\">\n\t\t\t\t\n\n<p class=\"uppercase\"><a href=\"https:\/\/brt.image.ee\/de\/video-anleitung\/\" rel=\"noopener\">VIDEOS<\/a><\/p>\n\n\t\t\t<\/div>\n\t\t<\/div>\n\t<\/div>\n\t\n\n\n\t\t<\/div>\n\t\t\t\t\t<\/div>\n\n\t\n\n<\/div>\n\n\t\t<\/div>\n\n\t\t\n<style>\n#section_562317011 {\n  padding-top: 30px;\n  padding-bottom: 30px;\n}\n<\/style>\n\t<\/section>\n\t\n\n\t<div id=\"gap-48052124\" class=\"gap-element clearfix\" style=\"display:block; height:auto;\">\n\t\t\n<style>\n#gap-48052124 {\n  padding-top: 40px;\n}\n<\/style>\n\t<\/div>\n\t\n\n\n","protected":false},"excerpt":{"rendered":"","protected":false},"author":8,"featured_media":0,"parent":1828,"menu_order":0,"comment_status":"closed","ping_status":"closed","template":"page-blank.php","meta":{"footnotes":""},"class_list":["post-1838","page","type-page","status-publish","hentry"],"_links":{"self":[{"href":"https:\/\/brt.image.ee\/de\/wp-json\/wp\/v2\/pages\/1838","targetHints":{"allow":["GET"]}}],"collection":[{"href":"https:\/\/brt.image.ee\/de\/wp-json\/wp\/v2\/pages"}],"about":[{"href":"https:\/\/brt.image.ee\/de\/wp-json\/wp\/v2\/types\/page"}],"author":[{"embeddable":true,"href":"https:\/\/brt.image.ee\/de\/wp-json\/wp\/v2\/users\/8"}],"replies":[{"embeddable":true,"href":"https:\/\/brt.image.ee\/de\/wp-json\/wp\/v2\/comments?post=1838"}],"version-history":[{"count":0,"href":"https:\/\/brt.image.ee\/de\/wp-json\/wp\/v2\/pages\/1838\/revisions"}],"up":[{"embeddable":true,"href":"https:\/\/brt.image.ee\/de\/wp-json\/wp\/v2\/pages\/1828"}],"wp:attachment":[{"href":"https:\/\/brt.image.ee\/de\/wp-json\/wp\/v2\/media?parent=1838"}],"curies":[{"name":"wp","href":"https:\/\/api.w.org\/{rel}","templated":true}]}}