{"id":1846,"date":"2023-12-28T17:39:04","date_gmt":"2023-12-28T16:39:04","guid":{"rendered":"https:\/\/brt.image.ee\/?page_id=1846"},"modified":"2025-07-20T16:27:45","modified_gmt":"2025-07-20T14:27:45","slug":"datenschutzbestimmungen","status":"publish","type":"page","link":"https:\/\/brt.image.ee\/de\/infos\/datenschutzbestimmungen\/","title":{"rendered":"Datenschutzbestimmungen"},"content":{"rendered":"\n\t<div id=\"gap-697577388\" class=\"gap-element clearfix\" style=\"display:block; height:auto;\">\n\t\t\n<style>\n#gap-697577388 {\n  padding-top: 50px;\n}\n<\/style>\n\t<\/div>\n\t\n\n<div class=\"row align-center\"  id=\"row-338662867\">\n\n\n\t<div id=\"col-1125405410\" class=\"col small-12 large-12\"  >\n\t\t\t\t<div class=\"col-inner text-center\"  >\n\t\t\t\n\t\t\t\n\n\t<div id=\"text-3958402997\" class=\"text\">\n\t\t\n\n<h1>Unsere Datenschutzbestimmungen<\/h1>\n\t\t\n<style>\n#text-3958402997 {\n  text-align: center;\n}\n<\/style>\n\t<\/div>\n\t\n\t<div class=\"img has-hover x md-x lg-x y md-y lg-y\" id=\"image_352122793\">\n\t\t\t\t\t\t\t\t<div class=\"img-inner dark\" >\n\t\t\t<img loading=\"lazy\" decoding=\"async\" width=\"1020\" height=\"337\" src=\"https:\/\/brt.image.ee\/wp-content\/uploads\/banner-bg-privacy-policy.jpg\" class=\"attachment-large size-large\" alt=\"\" srcset=\"https:\/\/brt.image.ee\/wp-content\/uploads\/banner-bg-privacy-policy.jpg 1140w, https:\/\/brt.image.ee\/wp-content\/uploads\/banner-bg-privacy-policy-570x189.jpg 570w, https:\/\/brt.image.ee\/wp-content\/uploads\/banner-bg-privacy-policy-768x254.jpg 768w\" sizes=\"auto, (max-width: 1020px) 100vw, 1020px\" \/>\t\t\t\t\t\t\n\t\t\t\t\t<\/div>\n\t\t\t\t\t\t\t\t\n<style>\n#image_352122793 {\n  width: 100%;\n}\n<\/style>\n\t<\/div>\n\t\n\n\t<div id=\"text-1199240470\" class=\"text\">\n\t\t\n\n<p class=\"lead\">Die neue <a href=\"https:\/\/eur-lex.europa.eu\/legal-content\/SV\/TXT\/?uri=celex%3A32016R0679\" target=\"_blank\" rel=\"noopener\">Europ\u00e4ische Datenschutzverordnung<\/a> (DSGVO), die Datenschutz-Grundverordnung (DSGVO), trat am 25. Mai 2018 in Kraft.<\/p>\n\t\t\n<style>\n#text-1199240470 {\n  text-align: center;\n}\n<\/style>\n\t<\/div>\n\t\n\n\t\t<\/div>\n\t\t\t\t\t<\/div>\n\n\t\n\n<\/div>\n\n\t<section class=\"section\" id=\"section_350798556\">\n\t\t<div class=\"section-bg fill\" >\n\t\t\t\t\t\t\t\t\t\n\t\t\t\n\n\t\t<\/div>\n\n\t\t\n\n\t\t<div class=\"section-content relative\">\n\t\t\t\n\n<div class=\"container section-title-container\" ><h2 class=\"section-title section-title-center\"><b><\/b><span class=\"section-title-main\" >Bertfelt GmbH Datenschutzbestimmungen<\/span><b><\/b><\/h2><\/div>\n\n<div class=\"row bg-blue box-list\"  id=\"row-1072514539\">\n\n\n\t<div id=\"col-175535739\" class=\"col small-12 large-12\"  >\n\t\t\t\t<div class=\"col-inner\"  >\n\t\t\t\n\t\t\t\n\n<p class=\"lead\" style=\"text-align: center;\">Unsere Datenschutzrichtlinie erl\u00e4utert, welche Arten von Informationen wir erheben, wie wir diese zur Pflege unserer Gesch\u00e4ftsbeziehungen nutzen und welche Rechte Sie in Bezug auf Berichtigung, Zugriff und L\u00f6schung Ihrer Daten haben.<\/p>\n<h3 class=\"uppercase\">Mit welchen personenbezogenen Daten arbeiten wir?<\/h3>\n<p>Bertfelt GmbH hat nur Unternehmen als Kunden. Um potenzielle Kunden zu kontaktieren und eine Gesch\u00e4ftsbeziehung mit unseren bestehenden Kunden zu unterhalten, k\u00f6nnen wir pers\u00f6nliche Informationen in Form von Vorname, Nachname, Position, Abteilung, Telefonnummer und E-Mail-Adresse sowie die IP-Adresse der Person, die die Chat-Funktion auf unserer Website nutzt, einsammeln.<br \/>Die pers\u00f6nlichen Informationen anderer als unserer Mitarbeiter werden manuell durch Auffinden von \u00f6ffentlichen Informationen im Internet (z. B. auf Websites wie <a>www.wlw.de<\/a>, Google und anderen Websites) und durch die freiwillige Bereitstellung pers\u00f6nlicher Informationen an uns, zum Beispiel auf Anfrage oder bei Bestellung, eingesammelt.<br \/>Personenbezogene Daten, die von Bertfelt GmbH erhoben worden sind, werden nur an Mitarbeiter von Bertfelt GmbH oder Dienstleistungspartner weitergegeben, mit denen wir eine Vereinbarung \u00fcber personenbezogene Daten getroffen haben. Pers\u00f6nliche Daten k\u00f6nnen auch in externen Systemen wie unten erw\u00e4hnt verwaltet und gespeichert werden.<\/p>\n<div class=\"is-divider divider clearfix\" ><\/div>\n\n<h3 class=\"uppercase\">Where we store and manage personal data<\/h3>\n<p>Bertfelt GmbH kann personenbezogene Daten in der Datenbank der Chat-Funktion auf unserer Website Bertfel.com t\u00fcber die Chat-Funktion, sowie in externen und internen Systemen behandeln und speichern. Gem\u00e4\u00df der DSGVO ist Bertfelt GmbH f\u00fcr alle Informationen verantwortlich, die wir in unseren eigenen und externen Systemen behandeln und speichern. Wir sind auch f\u00fcr die Dokumentation und Bereitstellung von Informationen dar\u00fcber verantwortlich, wie wir mit personenbezogenen Daten umgehen, und auf Anfrage elektronische Daten l\u00f6schen und offenlegen, vorbehaltlich geltender Gesetze.<\/p>\n<div class=\"is-divider divider clearfix\" ><\/div>\n\n<h3 class=\"uppercase\">Personenbezogene Daten in unseren Systemen<\/h3>\n<p>Wir verwenden ein betriebswirtschaftliches System f\u00fcr Angebote, Fakturierung, Buchhaltung und Verkaufsunterst\u00fctzung (CRM) f\u00fcr bestehende und potenzielle Gesch\u00e4ftskunden sowie Lieferanten und Partner. In diesem System k\u00f6nnen wir ein Unternehmen mit personenbezogenen Daten wie Berufsbezeichnung, Abteilung, Vorname, Nachname, E-Mail-Adresse und Telefonnummer verkn\u00fcpfen. Die Speicherung der Daten f\u00fcr diese Systeme erfolgt auf unserem Server, der bei unserem IT-Supportpartner hinterlegt ist.<br \/>Wir k\u00f6nnen die Informationen verwenden, um Ihnen Informationen \u00fcber Produkte, Angebote, Einladungen zu Messen und Workshops oder \u00e4hnliches zu senden. Sie k\u00f6nnen sich jederzeit von unserem Mailing abmelden, indem Sie in einer E-Mail, die Sie von uns erhalten haben, auf \u201eAbbestellen\u201c tippen.<\/p>\n<div class=\"is-divider divider clearfix\" ><\/div>\n\n<h3 class=\"uppercase\">Anfrage nach Ihren personenbezogenen Informationen, Korrekturen und L\u00f6schungen<\/h3>\n<p>Die Datenschutzverordnung DSGVO bedeutet, dass Bertfelt GmbH auf Anfrage Informationen \u00fcber die Informationen, die wir \u00fcber Sie verarbeiten, zur Verf\u00fcgung stellen muss. Die Informationen werden Ihnen kostenlos zur Verf\u00fcgung gestellt. Bertfelt mbH wird auf Anfrage auch zus\u00e4tzliche Informationen zur Verf\u00fcgung stellen, beispielsweise wie lange Ihre pers\u00f6nlichen Daten gespeichert werden und Sie sind berechtigt, falsche Informationen korrigiert zu bekommen.<br \/>Auf Wunsch haben Sie auch das Recht, Ihre pers\u00f6nlichen Daten elektronisch von uns zu erhalten.<br \/><a href=\"https:\/\/brt.image.ee\/de\/kontaktieren-sie-uns\/\">Kontaktieren Sie uns<\/a>, wenn Sie Informationen, eine Korrektur oder L\u00f6schung Ihrer pers\u00f6nlichen Daten w\u00fcnschen.<\/p>\n<div class=\"is-divider divider clearfix\" ><\/div>\n\n<h3 class=\"uppercase\">Falsche personenbezogenen Information<\/h3>\n<p>Die personenbezogenen Daten, die wir sammeln, sind \u00f6ffentlich oder wurden uns von der betroffenen Person freiwillig zur Verf\u00fcgung gestellt. In unserer Registrierung k\u00f6nnen aufgrund manueller Verarbeitung personenbezogene Daten trotzdem falsch sein. Wenn wir Fehler entdecken, werden wir diese sofort korrigieren und diejenigen informieren, die Zugang zu den Informationen haben, d. h. die Mitarbeiter von Bertfelt GmbH.<br \/>Wer ist f\u00fcr die von Ihnen bereitgestellten Informationen verantwortlich?<\/p>\n<p>Bertfelt GmbH ist f\u00fcr die Verarbeitung der personenbezogenen Daten des Unternehmens verantwortlich.<br \/>Wir behalten uns das Recht vor, unsere Datenschutzrichtlinie zu \u00e4ndern.<\/p>\n\n<div class=\"is-divider divider clearfix\" ><\/div>\n\n<h3 class=\"uppercase\">Wer ist f\u00fcr die von Ihnen bereitgestellten Informationen verantwortlich?<\/h3>\n<p><a href=\"https:\/\/brt.image.ee\/de\/kontaktieren-sie-uns\/\">Bertfelt GmbH<\/a> ist verantwortlich f\u00fcr den Umgang des Unternehmens mit personenbezogenen Daten. <br \/>Wir behalten uns das Recht vor, unsere Datenschutzerkl\u00e4rung zu \u00e4ndern.<\/p>\n<div class=\"is-divider divider clearfix\" ><\/div>\n\n<h3 class=\"uppercase\">Bertfelt GmbH Cookie-Richtlinie<br \/>\n<\/h3>\n\n\nCookieDeclaration script when on final domain\n\n\n\t\t<\/div>\n\t\t\t\t\t<\/div>\n\n\t\n\n<\/div>\n\n\t\t<\/div>\n\n\t\t\n<style>\n#section_350798556 {\n  padding-top: 30px;\n  padding-bottom: 30px;\n}\n<\/style>\n\t<\/section>\n\t\n\n\t<section class=\"section\" id=\"section_1302673271\">\n\t\t<div class=\"section-bg fill\" >\n\t\t\t\t\t\t\t\t\t\n\t\t\t\n\n\t\t<\/div>\n\n\t\t\n\n\t\t<div class=\"section-content relative\">\n\t\t\t\n\n<div class=\"container section-title-container\" ><h2 class=\"section-title section-title-center\"><b><\/b><span class=\"section-title-main\" >Weitere Informationen<\/span><b><\/b><\/h2><\/div>\n\n<div class=\"row align-center\"  id=\"row-1987170997\">\n\n\n\t<div id=\"col-618319222\" class=\"col medium-4 small-12 large-4\"  >\n\t\t\t\t<div class=\"col-inner\"  >\n\t\t\t\n\t\t\t\n\n\t<div class=\"box has-hover   has-hover box-text-bottom\" >\n\n\t\t<div class=\"box-image\" style=\"width:40%;\">\n\t\t\t<a href=\"\/de\/kontaktieren-sie-uns\/\" >\t\t\t<div class=\"\" >\n\t\t\t\t<img loading=\"lazy\" decoding=\"async\" width=\"220\" height=\"220\" src=\"https:\/\/brt.image.ee\/wp-content\/uploads\/icon-learn-more-contact-us.png\" class=\"attachment-original size-original\" alt=\"\" \/>\t\t\t\t\t\t\t\t\t\t\t<\/div>\n\t\t\t<\/a>\t\t<\/div>\n\n\t\t<div class=\"box-text text-center is-large\" >\n\t\t\t<div class=\"box-text-inner\">\n\t\t\t\t\n\n<p class=\"uppercase\"><a href=\"https:\/\/brt.image.ee\/de\/kontaktieren-sie-uns\/\">KONTAKTIEREN SIE UNS<\/a><\/p>\n\n\t\t\t<\/div>\n\t\t<\/div>\n\t<\/div>\n\t\n\n\n\t\t<\/div>\n\t\t\t\t\t<\/div>\n\n\t\n\n\t<div id=\"col-1628857645\" class=\"col medium-4 small-12 large-4\"  >\n\t\t\t\t<div class=\"col-inner\"  >\n\t\t\t\n\t\t\t\n\n\t<div class=\"box has-hover   has-hover box-text-bottom\" >\n\n\t\t<div class=\"box-image\" style=\"width:40%;\">\n\t\t\t<a href=\"\/de\/kontaktieren-sie-uns\/angebotsanfrage\/\" >\t\t\t<div class=\"\" >\n\t\t\t\t<img loading=\"lazy\" decoding=\"async\" width=\"220\" height=\"220\" src=\"https:\/\/brt.image.ee\/wp-content\/uploads\/icon-learn-more-request-for-quatation.png\" class=\"attachment-original size-original\" alt=\"learn more\" \/>\t\t\t\t\t\t\t\t\t\t\t<\/div>\n\t\t\t<\/a>\t\t<\/div>\n\n\t\t<div class=\"box-text text-center is-large\" >\n\t\t\t<div class=\"box-text-inner\">\n\t\t\t\t\n\n<p class=\"uppercase\"><a href=\"https:\/\/brt.image.ee\/de\/kontaktieren-sie-uns\/angebotsanfrage\/\">ANGEBOTSANFRAGE<\/a><\/p>\n\n\t\t\t<\/div>\n\t\t<\/div>\n\t<\/div>\n\t\n\n\n\t\t<\/div>\n\t\t\t\t\t<\/div>\n\n\t\n\n\t<div id=\"col-1753782260\" class=\"col medium-4 small-12 large-4\"  >\n\t\t\t\t<div class=\"col-inner\"  >\n\t\t\t\n\t\t\t\n\n\t<div class=\"box has-hover   has-hover box-text-bottom\" >\n\n\t\t<div class=\"box-image\" style=\"width:40%;\">\n\t\t\t<a href=\"\/de\/durchflussbegrenzer\/haeufig-gestellte-fragen\/\" >\t\t\t<div class=\"\" >\n\t\t\t\t<img loading=\"lazy\" decoding=\"async\" width=\"220\" height=\"220\" src=\"https:\/\/brt.image.ee\/wp-content\/uploads\/icon-learn-more-questions-answers.png\" class=\"attachment-original size-original\" alt=\"\" \/>\t\t\t\t\t\t\t\t\t\t\t<\/div>\n\t\t\t<\/a>\t\t<\/div>\n\n\t\t<div class=\"box-text text-center is-large\" >\n\t\t\t<div class=\"box-text-inner\">\n\t\t\t\t\n\n<p class=\"uppercase\"><a href=\"https:\/\/brt.image.ee\/de\/durchflussbegrenzer\/haeufig-gestellte-fragen\/\">H\u00c4UFIG GESTELLTE FRAGEN<\/a><\/p>\n\n\t\t\t<\/div>\n\t\t<\/div>\n\t<\/div>\n\t\n\n\n\t\t<\/div>\n\t\t\t\t\t<\/div>\n\n\t\n\n<\/div>\n<div class=\"row align-center\"  id=\"row-1153823324\">\n\n\n\t<div id=\"col-882292858\" class=\"col medium-4 small-12 large-4\"  >\n\t\t\t\t<div class=\"col-inner\"  >\n\t\t\t\n\t\t\t\n\n\t<div class=\"box has-hover   has-hover box-text-bottom\" >\n\n\t\t<div class=\"box-image\" style=\"width:40%;\">\n\t\t\t<a href=\"\/de\/anwendungen-fuer-unsere-durchflussbegrenzer\/\" >\t\t\t<div class=\"\" >\n\t\t\t\t<img loading=\"lazy\" decoding=\"async\" width=\"220\" height=\"220\" src=\"https:\/\/brt.image.ee\/wp-content\/uploads\/icon-learn-more-applications.png\" class=\"attachment-original size-original\" alt=\"\" \/>\t\t\t\t\t\t\t\t\t\t\t<\/div>\n\t\t\t<\/a>\t\t<\/div>\n\n\t\t<div class=\"box-text text-center is-large\" >\n\t\t\t<div class=\"box-text-inner\">\n\t\t\t\t\n\n<p class=\"uppercase\"><a href=\"https:\/\/brt.image.ee\/de\/anwendungen-fuer-unsere-durchflussbegrenzer\/\">ANWENDUNGEN<\/a><\/p>\n\n\t\t\t<\/div>\n\t\t<\/div>\n\t<\/div>\n\t\n\n\n\t\t<\/div>\n\t\t\t\t\t<\/div>\n\n\t\n\n\t<div id=\"col-1249417361\" class=\"col medium-4 small-12 large-4\"  >\n\t\t\t\t<div class=\"col-inner\"  >\n\t\t\t\n\t\t\t\n\n\t<div class=\"box has-hover   has-hover box-text-bottom\" >\n\n\t\t<div class=\"box-image\" style=\"width:40%;\">\n\t\t\t<a href=\"\/de\/praxisbeispiele\/\" >\t\t\t<div class=\"\" >\n\t\t\t\t<img loading=\"lazy\" decoding=\"async\" width=\"220\" height=\"220\" src=\"https:\/\/brt.image.ee\/wp-content\/uploads\/icon-learn-more-case-studies.png\" class=\"attachment-original size-original\" alt=\"\" \/>\t\t\t\t\t\t\t\t\t\t\t<\/div>\n\t\t\t<\/a>\t\t<\/div>\n\n\t\t<div class=\"box-text text-center is-large\" >\n\t\t\t<div class=\"box-text-inner\">\n\t\t\t\t\n\n<p class=\"uppercase\"><a href=\"https:\/\/brt.image.ee\/de\/praxisbeispiele\/\">PRAXISBEISPIELE<\/a><\/p>\n\n\t\t\t<\/div>\n\t\t<\/div>\n\t<\/div>\n\t\n\n\n\t\t<\/div>\n\t\t\t\t\t<\/div>\n\n\t\n\n\t<div id=\"col-1585403749\" class=\"col medium-4 small-12 large-4\"  >\n\t\t\t\t<div class=\"col-inner\"  >\n\t\t\t\n\t\t\t\n\n\t<div class=\"box has-hover   has-hover box-text-bottom\" >\n\n\t\t<div class=\"box-image\" style=\"width:40%;\">\n\t\t\t<a href=\"\/de\/video-anleitung\/\" >\t\t\t<div class=\"\" >\n\t\t\t\t<img loading=\"lazy\" decoding=\"async\" width=\"220\" height=\"220\" src=\"https:\/\/brt.image.ee\/wp-content\/uploads\/icon-learn-more-videos.png\" class=\"attachment-original size-original\" alt=\"\" \/>\t\t\t\t\t\t\t\t\t\t\t<\/div>\n\t\t\t<\/a>\t\t<\/div>\n\n\t\t<div class=\"box-text text-center is-large\" >\n\t\t\t<div class=\"box-text-inner\">\n\t\t\t\t\n\n<p class=\"uppercase\"><a href=\"https:\/\/brt.image.ee\/de\/video-anleitung\/\" rel=\"noopener\">VIDEOS<\/a><\/p>\n\n\t\t\t<\/div>\n\t\t<\/div>\n\t<\/div>\n\t\n\n\n\t\t<\/div>\n\t\t\t\t\t<\/div>\n\n\t\n\n<\/div>\n<div class=\"row align-center\"  id=\"row-513960381\">\n\n\n\t<div id=\"col-726928491\" class=\"col medium-4 small-12 large-4\"  >\n\t\t\t\t<div class=\"col-inner\"  >\n\t\t\t\n\t\t\t\n\n\t<div class=\"box has-hover   has-hover box-text-bottom\" >\n\n\t\t<div class=\"box-image\" style=\"width:40%;\">\n\t\t\t<a href=\"\/de\/informationen-und-nachrichten\/\" >\t\t\t<div class=\"\" >\n\t\t\t\t<img loading=\"lazy\" decoding=\"async\" width=\"220\" height=\"220\" src=\"https:\/\/brt.image.ee\/wp-content\/uploads\/icon-learn-more-news.png\" class=\"attachment-original size-original\" alt=\"\" \/>\t\t\t\t\t\t\t\t\t\t\t<\/div>\n\t\t\t<\/a>\t\t<\/div>\n\n\t\t<div class=\"box-text text-center is-large\" >\n\t\t\t<div class=\"box-text-inner\">\n\t\t\t\t\n\n<p class=\"uppercase\"><a href=\"https:\/\/brt.image.ee\/de\/informationen-und-nachrichten\/\">NACHRICHTEN<\/a><\/p>\n\n\t\t\t<\/div>\n\t\t<\/div>\n\t<\/div>\n\t\n\n\n\t\t<\/div>\n\t\t\t\t\t<\/div>\n\n\t\n\n\t<div id=\"col-504202886\" class=\"col medium-4 small-12 large-4\"  >\n\t\t\t\t<div class=\"col-inner\"  >\n\t\t\t\n\t\t\t\n\n\t<div class=\"box has-hover   has-hover box-text-bottom\" >\n\n\t\t<div class=\"box-image\" style=\"width:40%;\">\n\t\t\t<a href=\"\/de\/infos\/\" >\t\t\t<div class=\"\" >\n\t\t\t\t<img loading=\"lazy\" decoding=\"async\" width=\"220\" height=\"220\" src=\"https:\/\/brt.image.ee\/wp-content\/uploads\/icon-learn-more-info-hub.png\" class=\"attachment-original size-original\" alt=\"\" \/>\t\t\t\t\t\t\t\t\t\t\t<\/div>\n\t\t\t<\/a>\t\t<\/div>\n\n\t\t<div class=\"box-text text-center is-large\" >\n\t\t\t<div class=\"box-text-inner\">\n\t\t\t\t\n\n<p class=\"uppercase\"><a href=\"https:\/\/brt.image.ee\/de\/infos\/\">INFOS<\/a><\/p>\n\n\t\t\t<\/div>\n\t\t<\/div>\n\t<\/div>\n\t\n\n\n\t\t<\/div>\n\t\t\t\t\t<\/div>\n\n\t\n\n\t<div id=\"col-178108147\" class=\"col medium-4 small-12 large-4\"  >\n\t\t\t\t<div class=\"col-inner\"  >\n\t\t\t\n\t\t\t\n\n\t<div class=\"box has-hover   has-hover box-text-bottom\" >\n\n\t\t<div class=\"box-image\" style=\"width:40%;\">\n\t\t\t<a href=\"\/de\/durchflussbegrenzer\/massgeschneiderte-oem-loesungen\/\" >\t\t\t<div class=\"\" >\n\t\t\t\t<img loading=\"lazy\" decoding=\"async\" width=\"220\" height=\"220\" src=\"https:\/\/brt.image.ee\/wp-content\/uploads\/icon-learn-more-tailor-made-oem.png\" class=\"attachment-original size-original\" alt=\"\" \/>\t\t\t\t\t\t\t\t\t\t\t<\/div>\n\t\t\t<\/a>\t\t<\/div>\n\n\t\t<div class=\"box-text text-center is-large\" >\n\t\t\t<div class=\"box-text-inner\">\n\t\t\t\t\n\n<p class=\"uppercase\"><a href=\"https:\/\/brt.image.ee\/de\/durchflussbegrenzer\/massgeschneiderte-oem-loesungen\/\">OEM-L\u00d6SUNGEN<\/a><\/p>\n\n\t\t\t<\/div>\n\t\t<\/div>\n\t<\/div>\n\t\n\n\n\t\t<\/div>\n\t\t\t\t\t<\/div>\n\n\t\n\n<\/div>\n\n\t\t<\/div>\n\n\t\t\n<style>\n#section_1302673271 {\n  padding-top: 30px;\n  padding-bottom: 30px;\n}\n<\/style>\n\t<\/section>\n\t\n\n\t<div id=\"gap-1825485712\" class=\"gap-element clearfix\" style=\"display:block; height:auto;\">\n\t\t\n<style>\n#gap-1825485712 {\n  padding-top: 40px;\n}\n<\/style>\n\t<\/div>\n\t\n\n\n\n\n<p><\/p>\n","protected":false},"excerpt":{"rendered":"","protected":false},"author":8,"featured_media":0,"parent":1842,"menu_order":0,"comment_status":"closed","ping_status":"closed","template":"page-blank.php","meta":{"footnotes":""},"class_list":["post-1846","page","type-page","status-publish","hentry"],"_links":{"self":[{"href":"https:\/\/brt.image.ee\/de\/wp-json\/wp\/v2\/pages\/1846","targetHints":{"allow":["GET"]}}],"collection":[{"href":"https:\/\/brt.image.ee\/de\/wp-json\/wp\/v2\/pages"}],"about":[{"href":"https:\/\/brt.image.ee\/de\/wp-json\/wp\/v2\/types\/page"}],"author":[{"embeddable":true,"href":"https:\/\/brt.image.ee\/de\/wp-json\/wp\/v2\/users\/8"}],"replies":[{"embeddable":true,"href":"https:\/\/brt.image.ee\/de\/wp-json\/wp\/v2\/comments?post=1846"}],"version-history":[{"count":0,"href":"https:\/\/brt.image.ee\/de\/wp-json\/wp\/v2\/pages\/1846\/revisions"}],"up":[{"embeddable":true,"href":"https:\/\/brt.image.ee\/de\/wp-json\/wp\/v2\/pages\/1842"}],"wp:attachment":[{"href":"https:\/\/brt.image.ee\/de\/wp-json\/wp\/v2\/media?parent=1846"}],"curies":[{"name":"wp","href":"https:\/\/api.w.org\/{rel}","templated":true}]}}