{"id":1850,"date":"2025-05-18T19:56:23","date_gmt":"2025-05-18T17:56:23","guid":{"rendered":"https:\/\/brt.image.ee\/?page_id=1850"},"modified":"2025-07-20T16:27:45","modified_gmt":"2025-07-20T14:27:45","slug":"zertifikate-und-erklaerungen","status":"publish","type":"page","link":"https:\/\/brt.image.ee\/de\/infos\/zertifikate-und-erklaerungen\/","title":{"rendered":"Zertifikate und Erkl\u00e4rungen"},"content":{"rendered":"\n\t<div id=\"gap-837521542\" class=\"gap-element clearfix\" style=\"display:block; height:auto;\">\n\t\t\n<style>\n#gap-837521542 {\n  padding-top: 50px;\n}\n<\/style>\n\t<\/div>\n\t\n\n<div class=\"row align-center\"  id=\"row-1683199089\">\n\n\n\t<div id=\"col-2021255138\" class=\"col small-12 large-12\"  >\n\t\t\t\t<div class=\"col-inner text-center\"  >\n\t\t\t\n\t\t\t\n\n\t<div id=\"text-287059974\" class=\"text\">\n\t\t\n\n<h1>Zertifikate und Erkl\u00e4rungen<\/h1>\n<p class=\"lead\">Bei Bertfelt Teknik sind wir stolz darauf, sowohl nach ISO 9001 als auch nach ISO 14001 zertifiziert zu sein.<\/p>\n\t\t\n<style>\n#text-287059974 {\n  text-align: center;\n}\n<\/style>\n\t<\/div>\n\t\n\t<div class=\"img has-hover x md-x lg-x y md-y lg-y\" id=\"image_992909518\">\n\t\t\t\t\t\t\t\t<div class=\"img-inner dark\" >\n\t\t\t<img loading=\"lazy\" decoding=\"async\" width=\"2280\" height=\"800\" src=\"https:\/\/brt.image.ee\/wp-content\/uploads\/banner-bg-certificates-and-declaration.png\" class=\"attachment-original size-original\" alt=\"\" srcset=\"https:\/\/brt.image.ee\/wp-content\/uploads\/banner-bg-certificates-and-declaration.png 2280w, https:\/\/brt.image.ee\/wp-content\/uploads\/banner-bg-certificates-and-declaration-570x200.png 570w, https:\/\/brt.image.ee\/wp-content\/uploads\/banner-bg-certificates-and-declaration-1140x400.png 1140w, https:\/\/brt.image.ee\/wp-content\/uploads\/banner-bg-certificates-and-declaration-768x269.png 768w, https:\/\/brt.image.ee\/wp-content\/uploads\/banner-bg-certificates-and-declaration-1536x539.png 1536w, https:\/\/brt.image.ee\/wp-content\/uploads\/banner-bg-certificates-and-declaration-2048x719.png 2048w\" sizes=\"auto, (max-width: 2280px) 100vw, 2280px\" \/>\t\t\t\t\t\t\n\t\t\t\t\t<\/div>\n\t\t\t\t\t\t\t\t\n<style>\n#image_992909518 {\n  width: 100%;\n}\n<\/style>\n\t<\/div>\n\t\n\n\n\t\t<\/div>\n\t\t\t\t\t<\/div>\n\n\t\n\n<\/div>\n\n\t<section class=\"section\" id=\"section_664237742\">\n\t\t<div class=\"section-bg fill\" >\n\t\t\t\t\t\t\t\t\t\n\t\t\t\n\n\t\t<\/div>\n\n\t\t\n\n\t\t<div class=\"section-content relative\">\n\t\t\t\n\n<div class=\"container section-title-container\" ><h2 class=\"section-title section-title-center\"><b><\/b><span class=\"section-title-main\" >ISO 9001 und ISO 14001 \u2013 Unser Engagement f\u00fcr Qualit\u00e4t und Umwelt<\/span><b><\/b><\/h2><\/div>\n\n<div class=\"row bg-blue box-list\"  id=\"row-1797997643\">\n\n\n\t<div id=\"col-206963048\" class=\"col small-12 large-12\"  >\n\t\t\t\t<div class=\"col-inner\"  >\n\t\t\t\n\t\t\t\n\n<p class=\"lead\" style=\"text-align: center;\">Seit 2015 ist Bertfelt Teknik nach ISO 9001 und 14001 zertifiziert \u2013 ein Beleg f\u00fcr h\u00f6chste Qualit\u00e4tsstandards im Management sowie ein umweltverantwortliches System.<\/p>\n<p>Durch die Einhaltung dieser international anerkannten Standards stellen wir sicher, dass unsere Produkte von h\u00f6chster Qualit\u00e4t sind, w\u00e4hrend wir gleichzeitig aktiv daran arbeiten, die Umweltbelastung zu reduzieren. Unsere Qualit\u00e4tsprozesse verbessern nicht nur die Effizienz, sondern erm\u00f6glichen es uns auch, stets L\u00f6sungen zu liefern, die den Kundenanforderungen entsprechen.<\/p>\n\n<div class=\"is-divider divider clearfix\" ><\/div>\n\n<h3 class=\"uppercase\">Kundenorientierte Qualit\u00e4t<\/h3>\n<p class=\"left-gtac\">ISO 9001 gibt uns einen strukturierten Rahmen f\u00fcr kontinuierliche Verbesserung. Durch das Sammeln von Feedback und die Analyse der Ergebnisse k\u00f6nnen wir unser Angebot so anpassen und weiterentwickeln, dass es stets den Erwartungen unserer Kunden entspricht. Unsere ISO 9001-Zertifizierung ist ein Beweis f\u00fcr unsere Verpflichtung, Produkte und Dienstleistungen zu liefern, die nicht nur zuverl\u00e4ssig, sondern auch an zuk\u00fcnftige Anforderungen angepasst sind.<\/p>\n<div class=\"is-divider divider clearfix\" ><\/div>\n\n<h3 class=\"uppercase\">Nachhaltigkeit im Fokus<\/h3>\n<p class=\"left-gtac\">ISO 14001 hilft uns, unsere Umweltauswirkungen systematisch zu identifizieren, zu \u00fcberwachen und zu reduzieren. Wir bem\u00fchen uns, Ressourcen effizient zu nutzen und Abfall in unserem gesamten Betrieb zu reduzieren. Durch die Einhaltung dieses Standards stellen wir sicher, dass unsere Gesch\u00e4ftsprozesse den neuesten Umweltvorschriften entsprechen und zu einer nachhaltigen Zukunft beitragen.<\/p>\n<p class=\"left-gtac\">Wenn Sie sich f\u00fcr Bertfelt Teknik AB entscheiden, k\u00f6nnen Sie sicher sein, dass Sie mit einem Unternehmen zusammenarbeiten, bei dem Qualit\u00e4t und Umwelt im Mittelpunkt stehen. Durch unsere ISO 9001-Zertifizierung k\u00f6nnen Sie darauf vertrauen, dass unsere Produkte und Dienstleistungen strengen Qualit\u00e4tskontrollen unterliegen und Ihren Anforderungen entsprechen. Unsere ISO 14001-Zertifizierung zeigt, dass wir daran arbeiten, unsere Auswirkungen auf die Umwelt zu reduzieren, was Ihnen wiederum dabei hilft, Ihre eigenen Nachhaltigkeitsziele zu erreichen.<\/p>\n<div class=\"is-divider divider clearfix\" ><\/div>\n\n<h3 class=\"uppercase\">Eine langfristige Zusammenarbeit<\/h3>\n<p class=\"left-gtac\">Die Zertifizierung nach ISO-Standards bedeutet, dass wir uns nicht nur auf den kurzfristigen Erfolg konzentrieren, sondern dass wir auch eine langfristige Vision haben, in der wir uns st\u00e4ndig verbessern und Verantwortung f\u00fcr die Zukunft unserer Kunden und der Umwelt \u00fcbernehmen. Sie k\u00f6nnen sich bei der Zusammenarbeit mit uns sicher f\u00fchlen, da wir unsere Prozesse st\u00e4ndig \u00fcberwachen, bewerten und verbessern.<\/p>\n<div class=\"is-divider divider clearfix\" ><\/div>\n\n<h3 class=\"uppercase\">Der Zertifizierungsprozess \u2013 eine Garantie f\u00fcr Qualit\u00e4t<br \/>\n<\/h3>\n<p class=\"left-gtac\">Die Zertifizierung nach ISO 9001 und ISO 14001 ist kein einfacher Prozess. Es erfordert sorgf\u00e4ltige Bewertungen, Nachkontrollen und Audits durch eine unabh\u00e4ngige Zertifizierungsorganisation. Durch die Einhaltung dieser Standards stellen wir sicher, dass unsere internen Prozesse kontinuierlich \u00fcberpr\u00fcft und verbessert werden und garantieren Ihnen als Kunden einen hohen Standard und eine zuverl\u00e4ssige Lieferung.<\/p>\n\n\t\t<\/div>\n\t\t\t\t\t<\/div>\n\n\t\n\n<\/div>\n\t<div id=\"gap-723333172\" class=\"gap-element clearfix\" style=\"display:block; height:auto;\">\n\t\t\n<style>\n#gap-723333172 {\n  padding-top: 40px;\n}\n<\/style>\n\t<\/div>\n\t\n\n<div class=\"row align-center bottom-0\"  id=\"row-87458759\">\n\n\n\t<div id=\"col-672790996\" class=\"col medium-8 small-12 large-8\"  >\n\t\t\t\t<div class=\"col-inner text-center\"  >\n\t\t\t\n\t\t\t\n\n\t<div id=\"text-3139449656\" class=\"text\">\n\t\t\n\n<p class=\"lead\">Alle Zertifikate und Erkl\u00e4rungen k\u00f6nnen Sie bei uns anfordern, <br\/ > indem Sie uns unter <a href=\"mailto:btinfo@bertfelt.com\" target=\"_blank\" rel=\"noopener\">btinfo@bertfelt.com<\/a><\/p>\n\t\t\n<style>\n#text-3139449656 {\n  text-align: center;\n}\n<\/style>\n\t<\/div>\n\t\n<a href=\"\/wp-content\/uploads\/bertfelt-teknik-ab-iso-9001-eng-4.pdf\" target=\"_blank\" class=\"button primary button-black\" rel=\"noopener\"  >\n\t\t<span>ISO 9001<\/span>\n\t<\/a>\n\n\n<a href=\"\/wp-content\/uploads\/bertfelt-teknik-ab-iso-14001-eng-1.pdf\" target=\"_blank\" class=\"button primary button-black\" rel=\"noopener\"  >\n\t\t<span>ISO 14001<\/span>\n\t<\/a>\n\n\n\n\t\t<\/div>\n\t\t\t\t\t<\/div>\n\n\t\n\n<\/div>\n\n\t\t<\/div>\n\n\t\t\n<style>\n#section_664237742 {\n  padding-top: 30px;\n  padding-bottom: 30px;\n}\n<\/style>\n\t<\/section>\n\t\n\n\t<section class=\"section bg-yellow\" id=\"section_55369994\">\n\t\t<div class=\"section-bg fill\" >\n\t\t\t\t\t\t\t\t\t\n\t\t\t\n\n\t\t<\/div>\n\n\t\t\n\n\t\t<div class=\"section-content relative\">\n\t\t\t\n\n<div class=\"row align-middle align-center\"  id=\"row-721938271\">\n\n\n\t<div id=\"col-7932344\" class=\"col medium-4 small-12 large-4\"  >\n\t\t\t\t<div class=\"col-inner text-right\"  >\n\t\t\t\n\t\t\t\n\n\t<div class=\"img has-hover mw-210 x md-x lg-x y md-y lg-y\" id=\"image_458315473\">\n\t\t\t\t\t\t\t\t<div class=\"img-inner dark\" >\n\t\t\t<img loading=\"lazy\" decoding=\"async\" width=\"370\" height=\"276\" src=\"https:\/\/brt.image.ee\/wp-content\/uploads\/icon-contact-us-pubbles.png\" class=\"attachment-medium size-medium\" alt=\"\" \/>\t\t\t\t\t\t\n\t\t\t\t\t<\/div>\n\t\t\t\t\t\t\t\t\n<style>\n#image_458315473 {\n  width: 100%;\n}\n<\/style>\n\t<\/div>\n\t\n\n\n\t\t<\/div>\n\t\t\t\t\t<\/div>\n\n\t\n\n\t<div id=\"col-144570627\" class=\"col medium-8 small-12 large-8\"  >\n\t\t\t\t<div class=\"col-inner\"  >\n\t\t\t\n\t\t\t\n\n<p class=\"lead bottom-0\">Kontaktieren Sie uns gerne, wenn Sie mehr dar\u00fcber erfahren m\u00f6chten, wie Ihr Unternehmen von unseren <a href=\"https:\/\/brt.image.ee\/de\/infos\/zertifikate-und-erklaerungen\/iso-9001-und-iso-14001\/\">ISO 9001<\/a>- oder <a href=\"https:\/\/brt.image.ee\/de\/infos\/zertifikate-und-erklaerungen\/iso-9001-und-iso-14001\/\">ISO 14001<\/a>-Zertifizierungen profitieren kann.<\/p>\n\n\t\t<\/div>\n\t\t\t\t\t<\/div>\n\n\t\n\n<\/div>\n\n\n\t\t<\/div>\n\n\t\t\n<style>\n#section_55369994 {\n  padding-top: 10px;\n  padding-bottom: 10px;\n}\n<\/style>\n\t<\/section>\n\t\n\t<div id=\"gap-50895681\" class=\"gap-element clearfix\" style=\"display:block; height:auto;\">\n\t\t\n<style>\n#gap-50895681 {\n  padding-top: 40px;\n}\n<\/style>\n\t<\/div>\n\t\n\n<div class=\"row align-center\"  id=\"row-1763167314\">\n\n\n\t<div id=\"col-2078304603\" class=\"col small-12 large-12\"  >\n\t\t\t\t<div class=\"col-inner\"  >\n\t\t\t\n\t\t\t\n\n\t<div id=\"text-4246535513\" class=\"text\">\n\t\t\n\n<p class=\"lead\">Erfahren Sie mehr \u00fcber unser Engagement f\u00fcr Qualit\u00e4t und Nachhaltigkeit.<br \/>Wir freuen uns darauf, mit Ihnen gemeinsam daran zu arbeiten, <br \/>Ihre Ziele in diesen Bereichen zu erreichen. <br \/><a href=\"https:\/\/brt.image.ee\/de\/kontaktieren-sie-uns\/\">Contact us<\/a>!<\/p>\n\t\t\n<style>\n#text-4246535513 {\n  text-align: center;\n}\n<\/style>\n\t<\/div>\n\t\n\n\t\t<\/div>\n\t\t\t\t\t<\/div>\n\n\t\n\n<\/div>\n\n\t<section class=\"section\" id=\"section_2049727295\">\n\t\t<div class=\"section-bg fill\" >\n\t\t\t\t\t\t\t\t\t\n\t\t\t\n\n\t\t<\/div>\n\n\t\t\n\n\t\t<div class=\"section-content relative\">\n\t\t\t\n\n<div class=\"container section-title-container\" ><h2 class=\"section-title section-title-center\"><b><\/b><span class=\"section-title-main\" >Weitere Informationen<\/span><b><\/b><\/h2><\/div>\n\n<div class=\"row align-center\"  id=\"row-1556465867\">\n\n\n\t<div id=\"col-1463568276\" class=\"col medium-4 small-12 large-4\"  >\n\t\t\t\t<div class=\"col-inner\"  >\n\t\t\t\n\t\t\t\n\n\t<div class=\"box has-hover   has-hover box-text-bottom\" >\n\n\t\t<div class=\"box-image\" style=\"width:40%;\">\n\t\t\t<a href=\"\/de\/kontaktieren-sie-uns\/\" >\t\t\t<div class=\"\" >\n\t\t\t\t<img loading=\"lazy\" decoding=\"async\" width=\"220\" height=\"220\" src=\"https:\/\/brt.image.ee\/wp-content\/uploads\/icon-learn-more-contact-us.png\" class=\"attachment-original size-original\" alt=\"\" \/>\t\t\t\t\t\t\t\t\t\t\t<\/div>\n\t\t\t<\/a>\t\t<\/div>\n\n\t\t<div class=\"box-text text-center is-large\" >\n\t\t\t<div class=\"box-text-inner\">\n\t\t\t\t\n\n<p class=\"uppercase\"><a href=\"https:\/\/brt.image.ee\/de\/kontaktieren-sie-uns\/\">KONTAKTIEREN SIE UNS<\/a><\/p>\n\n\t\t\t<\/div>\n\t\t<\/div>\n\t<\/div>\n\t\n\n\n\t\t<\/div>\n\t\t\t\t\t<\/div>\n\n\t\n\n\t<div id=\"col-679165666\" class=\"col medium-4 small-12 large-4\"  >\n\t\t\t\t<div class=\"col-inner\"  >\n\t\t\t\n\t\t\t\n\n\t<div class=\"box has-hover   has-hover box-text-bottom\" >\n\n\t\t<div class=\"box-image\" style=\"width:40%;\">\n\t\t\t<a href=\"\/de\/kontaktieren-sie-uns\/angebotsanfrage\/\" >\t\t\t<div class=\"\" >\n\t\t\t\t<img loading=\"lazy\" decoding=\"async\" width=\"220\" height=\"220\" src=\"https:\/\/brt.image.ee\/wp-content\/uploads\/icon-learn-more-request-for-quatation.png\" class=\"attachment-original size-original\" alt=\"learn more\" \/>\t\t\t\t\t\t\t\t\t\t\t<\/div>\n\t\t\t<\/a>\t\t<\/div>\n\n\t\t<div class=\"box-text text-center is-large\" >\n\t\t\t<div class=\"box-text-inner\">\n\t\t\t\t\n\n<p class=\"uppercase\"><a href=\"https:\/\/brt.image.ee\/de\/kontaktieren-sie-uns\/angebotsanfrage\/\">ANGEBOTSANFRAGE<\/a><\/p>\n\n\t\t\t<\/div>\n\t\t<\/div>\n\t<\/div>\n\t\n\n\n\t\t<\/div>\n\t\t\t\t\t<\/div>\n\n\t\n\n\t<div id=\"col-2074970537\" class=\"col medium-4 small-12 large-4\"  >\n\t\t\t\t<div class=\"col-inner\"  >\n\t\t\t\n\t\t\t\n\n\t<div class=\"box has-hover   has-hover box-text-bottom\" >\n\n\t\t<div class=\"box-image\" style=\"width:40%;\">\n\t\t\t<a href=\"\/de\/durchflussbegrenzer\/haeufig-gestellte-fragen\/\" >\t\t\t<div class=\"\" >\n\t\t\t\t<img loading=\"lazy\" decoding=\"async\" width=\"220\" height=\"220\" src=\"https:\/\/brt.image.ee\/wp-content\/uploads\/icon-learn-more-questions-answers.png\" class=\"attachment-original size-original\" alt=\"\" \/>\t\t\t\t\t\t\t\t\t\t\t<\/div>\n\t\t\t<\/a>\t\t<\/div>\n\n\t\t<div class=\"box-text text-center is-large\" >\n\t\t\t<div class=\"box-text-inner\">\n\t\t\t\t\n\n<p class=\"uppercase\"><a href=\"https:\/\/brt.image.ee\/de\/durchflussbegrenzer\/haeufig-gestellte-fragen\/\">H\u00c4UFIG GESTELLTE FRAGEN<\/a><\/p>\n\n\t\t\t<\/div>\n\t\t<\/div>\n\t<\/div>\n\t\n\n\n\t\t<\/div>\n\t\t\t\t\t<\/div>\n\n\t\n\n<\/div>\n<div class=\"row align-center\"  id=\"row-1633495115\">\n\n\n\t<div id=\"col-1339857662\" class=\"col medium-4 small-12 large-4\"  >\n\t\t\t\t<div class=\"col-inner\"  >\n\t\t\t\n\t\t\t\n\n\t<div class=\"box has-hover   has-hover box-text-bottom\" >\n\n\t\t<div class=\"box-image\" style=\"width:40%;\">\n\t\t\t<a href=\"\/de\/anwendungen-fuer-unsere-durchflussbegrenzer\/\" >\t\t\t<div class=\"\" >\n\t\t\t\t<img loading=\"lazy\" decoding=\"async\" width=\"220\" height=\"220\" src=\"https:\/\/brt.image.ee\/wp-content\/uploads\/icon-learn-more-applications.png\" class=\"attachment-original size-original\" alt=\"\" \/>\t\t\t\t\t\t\t\t\t\t\t<\/div>\n\t\t\t<\/a>\t\t<\/div>\n\n\t\t<div class=\"box-text text-center is-large\" >\n\t\t\t<div class=\"box-text-inner\">\n\t\t\t\t\n\n<p class=\"uppercase\"><a href=\"https:\/\/brt.image.ee\/de\/anwendungen-fuer-unsere-durchflussbegrenzer\/\">ANWENDUNGEN<\/a><\/p>\n\n\t\t\t<\/div>\n\t\t<\/div>\n\t<\/div>\n\t\n\n\n\t\t<\/div>\n\t\t\t\t\t<\/div>\n\n\t\n\n\t<div id=\"col-1779191001\" class=\"col medium-4 small-12 large-4\"  >\n\t\t\t\t<div class=\"col-inner\"  >\n\t\t\t\n\t\t\t\n\n\t<div class=\"box has-hover   has-hover box-text-bottom\" >\n\n\t\t<div class=\"box-image\" style=\"width:40%;\">\n\t\t\t<a href=\"\/de\/praxisbeispiele\/\" >\t\t\t<div class=\"\" >\n\t\t\t\t<img loading=\"lazy\" decoding=\"async\" width=\"220\" height=\"220\" src=\"https:\/\/brt.image.ee\/wp-content\/uploads\/icon-learn-more-case-studies.png\" class=\"attachment-original size-original\" alt=\"\" \/>\t\t\t\t\t\t\t\t\t\t\t<\/div>\n\t\t\t<\/a>\t\t<\/div>\n\n\t\t<div class=\"box-text text-center is-large\" >\n\t\t\t<div class=\"box-text-inner\">\n\t\t\t\t\n\n<p class=\"uppercase\"><a href=\"https:\/\/brt.image.ee\/de\/praxisbeispiele\/\">PRAXISBEISPIELE<\/a><\/p>\n\n\t\t\t<\/div>\n\t\t<\/div>\n\t<\/div>\n\t\n\n\n\t\t<\/div>\n\t\t\t\t\t<\/div>\n\n\t\n\n\t<div id=\"col-1780255311\" class=\"col medium-4 small-12 large-4\"  >\n\t\t\t\t<div class=\"col-inner\"  >\n\t\t\t\n\t\t\t\n\n\t<div class=\"box has-hover   has-hover box-text-bottom\" >\n\n\t\t<div class=\"box-image\" style=\"width:40%;\">\n\t\t\t<a href=\"\/de\/video-anleitung\/\" >\t\t\t<div class=\"\" >\n\t\t\t\t<img loading=\"lazy\" decoding=\"async\" width=\"220\" height=\"220\" src=\"https:\/\/brt.image.ee\/wp-content\/uploads\/icon-learn-more-videos.png\" class=\"attachment-original size-original\" alt=\"\" \/>\t\t\t\t\t\t\t\t\t\t\t<\/div>\n\t\t\t<\/a>\t\t<\/div>\n\n\t\t<div class=\"box-text text-center is-large\" >\n\t\t\t<div class=\"box-text-inner\">\n\t\t\t\t\n\n<p class=\"uppercase\"><a href=\"https:\/\/brt.image.ee\/de\/video-anleitung\/\" rel=\"noopener\">VIDEOS<\/a><\/p>\n\n\t\t\t<\/div>\n\t\t<\/div>\n\t<\/div>\n\t\n\n\n\t\t<\/div>\n\t\t\t\t\t<\/div>\n\n\t\n\n<\/div>\n<div class=\"row align-center\"  id=\"row-666062271\">\n\n\n\t<div id=\"col-492974932\" class=\"col medium-4 small-12 large-4\"  >\n\t\t\t\t<div class=\"col-inner\"  >\n\t\t\t\n\t\t\t\n\n\t<div class=\"box has-hover   has-hover box-text-bottom\" >\n\n\t\t<div class=\"box-image\" style=\"width:40%;\">\n\t\t\t<a href=\"\/de\/informationen-und-nachrichten\/\" >\t\t\t<div class=\"\" >\n\t\t\t\t<img loading=\"lazy\" decoding=\"async\" width=\"220\" height=\"220\" src=\"https:\/\/brt.image.ee\/wp-content\/uploads\/icon-learn-more-news.png\" class=\"attachment-original size-original\" alt=\"\" \/>\t\t\t\t\t\t\t\t\t\t\t<\/div>\n\t\t\t<\/a>\t\t<\/div>\n\n\t\t<div class=\"box-text text-center is-large\" >\n\t\t\t<div class=\"box-text-inner\">\n\t\t\t\t\n\n<p class=\"uppercase\"><a href=\"https:\/\/brt.image.ee\/de\/informationen-und-nachrichten\/\">NACHRICHTEN<\/a><\/p>\n\n\t\t\t<\/div>\n\t\t<\/div>\n\t<\/div>\n\t\n\n\n\t\t<\/div>\n\t\t\t\t\t<\/div>\n\n\t\n\n\t<div id=\"col-1298620399\" class=\"col medium-4 small-12 large-4\"  >\n\t\t\t\t<div class=\"col-inner\"  >\n\t\t\t\n\t\t\t\n\n\t<div class=\"box has-hover   has-hover box-text-bottom\" >\n\n\t\t<div class=\"box-image\" style=\"width:40%;\">\n\t\t\t<a href=\"\/de\/infos\/\" >\t\t\t<div class=\"\" >\n\t\t\t\t<img loading=\"lazy\" decoding=\"async\" width=\"220\" height=\"220\" src=\"https:\/\/brt.image.ee\/wp-content\/uploads\/icon-learn-more-info-hub.png\" class=\"attachment-original size-original\" alt=\"\" \/>\t\t\t\t\t\t\t\t\t\t\t<\/div>\n\t\t\t<\/a>\t\t<\/div>\n\n\t\t<div class=\"box-text text-center is-large\" >\n\t\t\t<div class=\"box-text-inner\">\n\t\t\t\t\n\n<p class=\"uppercase\"><a href=\"https:\/\/brt.image.ee\/de\/infos\/\">INFOS<\/a><\/p>\n\n\t\t\t<\/div>\n\t\t<\/div>\n\t<\/div>\n\t\n\n\n\t\t<\/div>\n\t\t\t\t\t<\/div>\n\n\t\n\n\t<div id=\"col-1674637201\" class=\"col medium-4 small-12 large-4\"  >\n\t\t\t\t<div class=\"col-inner\"  >\n\t\t\t\n\t\t\t\n\n\t<div class=\"box has-hover   has-hover box-text-bottom\" >\n\n\t\t<div class=\"box-image\" style=\"width:40%;\">\n\t\t\t<a href=\"\/de\/durchflussbegrenzer\/massgeschneiderte-oem-loesungen\/\" >\t\t\t<div class=\"\" >\n\t\t\t\t<img loading=\"lazy\" decoding=\"async\" width=\"220\" height=\"220\" src=\"https:\/\/brt.image.ee\/wp-content\/uploads\/icon-learn-more-tailor-made-oem.png\" class=\"attachment-original size-original\" alt=\"\" \/>\t\t\t\t\t\t\t\t\t\t\t<\/div>\n\t\t\t<\/a>\t\t<\/div>\n\n\t\t<div class=\"box-text text-center is-large\" >\n\t\t\t<div class=\"box-text-inner\">\n\t\t\t\t\n\n<p class=\"uppercase\"><a href=\"https:\/\/brt.image.ee\/de\/durchflussbegrenzer\/massgeschneiderte-oem-loesungen\/\">OEM-L\u00d6SUNGEN<\/a><\/p>\n\n\t\t\t<\/div>\n\t\t<\/div>\n\t<\/div>\n\t\n\n\n\t\t<\/div>\n\t\t\t\t\t<\/div>\n\n\t\n\n<\/div>\n\n\t\t<\/div>\n\n\t\t\n<style>\n#section_2049727295 {\n  padding-top: 30px;\n  padding-bottom: 30px;\n}\n<\/style>\n\t<\/section>\n\t\n\n\t<div id=\"gap-362316084\" class=\"gap-element clearfix\" style=\"display:block; height:auto;\">\n\t\t\n<style>\n#gap-362316084 {\n  padding-top: 40px;\n}\n<\/style>\n\t<\/div>\n\t\n\n\n","protected":false},"excerpt":{"rendered":"","protected":false},"author":8,"featured_media":0,"parent":1842,"menu_order":0,"comment_status":"closed","ping_status":"closed","template":"page-blank.php","meta":{"footnotes":""},"class_list":["post-1850","page","type-page","status-publish","hentry"],"_links":{"self":[{"href":"https:\/\/brt.image.ee\/de\/wp-json\/wp\/v2\/pages\/1850","targetHints":{"allow":["GET"]}}],"collection":[{"href":"https:\/\/brt.image.ee\/de\/wp-json\/wp\/v2\/pages"}],"about":[{"href":"https:\/\/brt.image.ee\/de\/wp-json\/wp\/v2\/types\/page"}],"author":[{"embeddable":true,"href":"https:\/\/brt.image.ee\/de\/wp-json\/wp\/v2\/users\/8"}],"replies":[{"embeddable":true,"href":"https:\/\/brt.image.ee\/de\/wp-json\/wp\/v2\/comments?post=1850"}],"version-history":[{"count":0,"href":"https:\/\/brt.image.ee\/de\/wp-json\/wp\/v2\/pages\/1850\/revisions"}],"up":[{"embeddable":true,"href":"https:\/\/brt.image.ee\/de\/wp-json\/wp\/v2\/pages\/1842"}],"wp:attachment":[{"href":"https:\/\/brt.image.ee\/de\/wp-json\/wp\/v2\/media?parent=1850"}],"curies":[{"name":"wp","href":"https:\/\/api.w.org\/{rel}","templated":true}]}}