{"id":1852,"date":"2025-05-18T22:08:10","date_gmt":"2025-05-18T20:08:10","guid":{"rendered":"https:\/\/brt.image.ee\/?page_id=1852"},"modified":"2025-07-20T16:27:46","modified_gmt":"2025-07-20T14:27:46","slug":"iso-9001-und-iso-14001","status":"publish","type":"page","link":"https:\/\/brt.image.ee\/de\/infos\/zertifikate-und-erklaerungen\/iso-9001-und-iso-14001\/","title":{"rendered":"ISO 9001 und ISO 14001"},"content":{"rendered":"\n\t<div id=\"gap-785063858\" class=\"gap-element clearfix\" style=\"display:block; height:auto;\">\n\t\t\n<style>\n#gap-785063858 {\n  padding-top: 50px;\n}\n<\/style>\n\t<\/div>\n\t\n\n<div class=\"row align-center bottom-0\"  id=\"row-90882894\">\n\n\n\t<div id=\"col-244018618\" class=\"col medium-8 small-12 large-8\"  >\n\t\t\t\t<div class=\"col-inner text-center\"  >\n\t\t\t\n\t\t\t\n\n\t<div id=\"text-2474918733\" class=\"text\">\n\t\t\n\n<h1>ISO 9001 und ISO 14001<\/h1>\n<p class=\"lead\">Bertfelt Teknik AB &#038; Bertfelt GmbH hat ein Qualit\u00e4tsmanagementsystem nach ISO 9001 sowie ein Umweltmanagementsystem nach 14001 implementiert.<\/p>\n\t\t\n<style>\n#text-2474918733 {\n  text-align: center;\n}\n<\/style>\n\t<\/div>\n\t\n\n\t\t<\/div>\n\t\t\t\t\t<\/div>\n\n\t\n\n<\/div>\n\n\t<section class=\"section\" id=\"section_1344413053\">\n\t\t<div class=\"section-bg fill\" >\n\t\t\t\t\t\t\t\t\t\n\t\t\t\n\n\t\t<\/div>\n\n\t\t\n\n\t\t<div class=\"section-content relative\">\n\t\t\t\n\n<div class=\"container section-title-container\" ><h2 class=\"section-title section-title-center\"><b><\/b><span class=\"section-title-main\" >Qualit\u00e4t- und Umweltrichtlinien<\/span><b><\/b><\/h2><\/div>\n\n<div class=\"row bg-blue box-list\"  id=\"row-470339651\">\n\n\n\t<div id=\"col-982685429\" class=\"col small-12 large-12\"  >\n\t\t\t\t<div class=\"col-inner\"  >\n\t\t\t\n\t\t\t\n\n<p class=\"lead\" style=\"text-align: center;\">Die Zertifizierung bei einer Akkreditierungsstelle wurde Ende 2015 vollzogen. Eine Folgepr\u00fcfung findet dann j\u00e4hrlich statt, um zu \u00fcberpr\u00fcfen, ob die Anforderungen weiterhin erf\u00fcllt werden.<\/p>\n<h3 class=\"uppercase\">Qualit\u00e4tsrichtlinien<\/h3>\n<p class=\"left-gtac\">Bertfelt GmbH Betrieb und Aktivit\u00e4ten sollen Vertrauen in uns als professioneller Lieferant von Durchflussbegrenzern f\u00f6rdern und best\u00e4tigen.<\/p>\n<p class=\"left-gtac\">Unsere St\u00e4rken sind unser Produktsortiment, unsere Produktkenntnis sowie unser Service.<\/p>\n<p class=\"left-gtac\">Wir liefern Produkte zum richtigen Zeitpunkt, am richtigen Ort und mit dem vereinbarten Service.<\/p>\n<p class=\"left-gtac\">Alle unsere Handlungen und Aktivit\u00e4ten geschehen im Einklang mit zutreffenden Gesetzen und Vorschriften.<\/p>\n<p class=\"left-gtac\">Wir entwickeln unsere Qualit\u00e4tsarbeit und unser Qualit\u00e4tsmanagementsystem durch st\u00e4ndige Verbesserung weiter.<\/p>\n<div class=\"is-divider divider clearfix\" ><\/div>\n\n<h3 class=\"uppercase\">Umweltrichtlinien<\/h3>\n<p class=\"left-gtac\">Bertfelt GmbH Umweltrichtlinien basieren auf den f\u00fcr unser Gesch\u00e4ft identifizierten Umweltaspekten und auf den Produkten, die wir an unsere Kunden liefern.<\/p>\n<p class=\"left-gtac\">Das Ziel unseres Betriebes ist es, durch unser Handeln zu einer nachhaltigen Gesellschaft beizutragen.<\/p>\n<p class=\"left-gtac\">Wir liefern Produkte mit R\u00fccksichtnahme auf verschiedene Umweltaspekte.<\/p>\n<p class=\"left-gtac\">Wir sortieren Abfall am Anfallsort und sorgen f\u00fcr eine hohe Recyclingquote.\n<\/p>\n<p class=\"left-gtac\">Wir fordern ebenfalls aktive Umweltarbeit von unseren Kooperationspartnern.<\/p>\n<p class=\"left-gtac\">Wir handeln im Einklang mit zutreffenden Gesetzen und Vorschriften.<\/p>\n<p class=\"left-gtac\">Wir entwickeln unsere Umweltarbeit und unser Umweltmanagementsystem durch st\u00e4ndige Verbesserung weiter.<\/p>\n\n\t\t<\/div>\n\t\t\t\t\t<\/div>\n\n\t\n\n<\/div>\n\n\t\t<\/div>\n\n\t\t\n<style>\n#section_1344413053 {\n  padding-top: 30px;\n  padding-bottom: 30px;\n}\n<\/style>\n\t<\/section>\n\t\n\n\t<section class=\"section bg-yellow\" id=\"section_1653704696\">\n\t\t<div class=\"section-bg fill\" >\n\t\t\t\t\t\t\t\t\t\n\t\t\t\n\n\t\t<\/div>\n\n\t\t\n\n\t\t<div class=\"section-content relative\">\n\t\t\t\n\n\t<div id=\"text-49016741\" class=\"text\">\n\t\t\n\n<h2>Klicken Sie hier, um unsere Zertifikate herunterzuladen und anzuzeigen<\/h2>\n\t\t\n<style>\n#text-49016741 {\n  text-align: center;\n}\n<\/style>\n\t<\/div>\n\t\n<div class=\"row align-center bottom-0\"  id=\"row-1407002436\">\n\n\n\t<div id=\"col-698188720\" class=\"col medium-4 small-12 large-4\"  >\n\t\t\t\t<div class=\"col-inner text-center\"  >\n\t\t\t\n\t\t\t\n\n\t<div class=\"img has-hover mw-240 x md-x lg-x y md-y lg-y\" id=\"image_1447580176\">\n\t\t<a class=\"\" href=\"\/wp-content\/uploads\/bertfelt-teknik-ab-iso-9001-eng-4.pdf\" target=\"_blank\" rel=\"noopener\" >\t\t\t\t\t\t<div class=\"img-inner box-shadow-2 box-shadow-3-hover dark\" style=\"margin:10px 0px 0px 0px;\">\n\t\t\t<img loading=\"lazy\" decoding=\"async\" width=\"570\" height=\"817\" src=\"https:\/\/brt.image.ee\/wp-content\/uploads\/certificate-iso-9001.png\" class=\"attachment-medium size-medium\" alt=\"\" \/>\t\t\t\t\t\t\n\t\t\t\t\t<\/div>\n\t\t\t\t\t\t<\/a>\t\t\n<style>\n#image_1447580176 {\n  width: 100%;\n}\n<\/style>\n\t<\/div>\n\t\n\n<a href=\"\/wp-content\/uploads\/bertfelt-teknik-ab-iso-9001-eng-4.pdf\" target=\"_blank\" class=\"button primary button-black\" rel=\"noopener\"  >\n\t\t<span>ISO 9001<\/span>\n\t<\/a>\n\n\n\n\t\t<\/div>\n\t\t\t\t\t<\/div>\n\n\t\n\n\t<div id=\"col-683396303\" class=\"col medium-4 small-12 large-4\"  >\n\t\t\t\t<div class=\"col-inner text-center\"  >\n\t\t\t\n\t\t\t\n\n\t<div class=\"img has-hover mw-240 x md-x lg-x y md-y lg-y\" id=\"image_1814075387\">\n\t\t<a class=\"\" href=\"\/wp-content\/uploads\/bertfelt-teknik-ab-iso-14001-eng-1.pdf\" target=\"_blank\" rel=\"noopener\" >\t\t\t\t\t\t<div class=\"img-inner box-shadow-2 box-shadow-3-hover dark\" style=\"margin:10px 0px 0px 0px;\">\n\t\t\t<img loading=\"lazy\" decoding=\"async\" width=\"570\" height=\"817\" src=\"https:\/\/brt.image.ee\/wp-content\/uploads\/certificate-iso-14001.png\" class=\"attachment-medium size-medium\" alt=\"\" \/>\t\t\t\t\t\t\n\t\t\t\t\t<\/div>\n\t\t\t\t\t\t<\/a>\t\t\n<style>\n#image_1814075387 {\n  width: 100%;\n}\n<\/style>\n\t<\/div>\n\t\n\n<a href=\"\/wp-content\/uploads\/bertfelt-teknik-ab-iso-14001-eng-1.pdf\" target=\"_blank\" class=\"button primary button-black\" rel=\"noopener\"  >\n\t\t<span>ISO 14001<\/span>\n\t<\/a>\n\n\n\n\t\t<\/div>\n\t\t\t\t\t<\/div>\n\n\t\n\n<\/div>\n\n\t\t<\/div>\n\n\t\t\n<style>\n#section_1653704696 {\n  padding-top: 30px;\n  padding-bottom: 30px;\n}\n<\/style>\n\t<\/section>\n\t\n\t<div id=\"gap-140552790\" class=\"gap-element clearfix\" style=\"display:block; height:auto;\">\n\t\t\n<style>\n#gap-140552790 {\n  padding-top: 20px;\n}\n<\/style>\n\t<\/div>\n\t\n\n\n\t<section class=\"section\" id=\"section_1312095781\">\n\t\t<div class=\"section-bg fill\" >\n\t\t\t\t\t\t\t\t\t\n\t\t\t\n\n\t\t<\/div>\n\n\t\t\n\n\t\t<div class=\"section-content relative\">\n\t\t\t\n\n<div class=\"container section-title-container\" ><h2 class=\"section-title section-title-center\"><b><\/b><span class=\"section-title-main\" >Weitere Informationen<\/span><b><\/b><\/h2><\/div>\n\n<div class=\"row align-center\"  id=\"row-989252467\">\n\n\n\t<div id=\"col-1035382131\" class=\"col medium-4 small-12 large-4\"  >\n\t\t\t\t<div class=\"col-inner\"  >\n\t\t\t\n\t\t\t\n\n\t<div class=\"box has-hover   has-hover box-text-bottom\" >\n\n\t\t<div class=\"box-image\" style=\"width:40%;\">\n\t\t\t<a href=\"\/de\/kontaktieren-sie-uns\/\" >\t\t\t<div class=\"\" >\n\t\t\t\t<img loading=\"lazy\" decoding=\"async\" width=\"220\" height=\"220\" src=\"https:\/\/brt.image.ee\/wp-content\/uploads\/icon-learn-more-contact-us.png\" class=\"attachment-original size-original\" alt=\"\" \/>\t\t\t\t\t\t\t\t\t\t\t<\/div>\n\t\t\t<\/a>\t\t<\/div>\n\n\t\t<div class=\"box-text text-center is-large\" >\n\t\t\t<div class=\"box-text-inner\">\n\t\t\t\t\n\n<p class=\"uppercase\"><a href=\"https:\/\/brt.image.ee\/de\/kontaktieren-sie-uns\/\">KONTAKTIEREN SIE UNS<\/a><\/p>\n\n\t\t\t<\/div>\n\t\t<\/div>\n\t<\/div>\n\t\n\n\n\t\t<\/div>\n\t\t\t\t\t<\/div>\n\n\t\n\n\t<div id=\"col-2023805288\" class=\"col medium-4 small-12 large-4\"  >\n\t\t\t\t<div class=\"col-inner\"  >\n\t\t\t\n\t\t\t\n\n\t<div class=\"box has-hover   has-hover box-text-bottom\" >\n\n\t\t<div class=\"box-image\" style=\"width:40%;\">\n\t\t\t<a href=\"\/de\/kontaktieren-sie-uns\/angebotsanfrage\/\" >\t\t\t<div class=\"\" >\n\t\t\t\t<img loading=\"lazy\" decoding=\"async\" width=\"220\" height=\"220\" src=\"https:\/\/brt.image.ee\/wp-content\/uploads\/icon-learn-more-request-for-quatation.png\" class=\"attachment-original size-original\" alt=\"learn more\" \/>\t\t\t\t\t\t\t\t\t\t\t<\/div>\n\t\t\t<\/a>\t\t<\/div>\n\n\t\t<div class=\"box-text text-center is-large\" >\n\t\t\t<div class=\"box-text-inner\">\n\t\t\t\t\n\n<p class=\"uppercase\"><a href=\"https:\/\/brt.image.ee\/de\/kontaktieren-sie-uns\/angebotsanfrage\/\">ANGEBOTSANFRAGE<\/a><\/p>\n\n\t\t\t<\/div>\n\t\t<\/div>\n\t<\/div>\n\t\n\n\n\t\t<\/div>\n\t\t\t\t\t<\/div>\n\n\t\n\n\t<div id=\"col-1605059713\" class=\"col medium-4 small-12 large-4\"  >\n\t\t\t\t<div class=\"col-inner\"  >\n\t\t\t\n\t\t\t\n\n\t<div class=\"box has-hover   has-hover box-text-bottom\" >\n\n\t\t<div class=\"box-image\" style=\"width:40%;\">\n\t\t\t<a href=\"\/de\/durchflussbegrenzer\/haeufig-gestellte-fragen\/\" >\t\t\t<div class=\"\" >\n\t\t\t\t<img loading=\"lazy\" decoding=\"async\" width=\"220\" height=\"220\" src=\"https:\/\/brt.image.ee\/wp-content\/uploads\/icon-learn-more-questions-answers.png\" class=\"attachment-original size-original\" alt=\"\" \/>\t\t\t\t\t\t\t\t\t\t\t<\/div>\n\t\t\t<\/a>\t\t<\/div>\n\n\t\t<div class=\"box-text text-center is-large\" >\n\t\t\t<div class=\"box-text-inner\">\n\t\t\t\t\n\n<p class=\"uppercase\"><a href=\"https:\/\/brt.image.ee\/de\/durchflussbegrenzer\/haeufig-gestellte-fragen\/\">H\u00c4UFIG GESTELLTE FRAGEN<\/a><\/p>\n\n\t\t\t<\/div>\n\t\t<\/div>\n\t<\/div>\n\t\n\n\n\t\t<\/div>\n\t\t\t\t\t<\/div>\n\n\t\n\n<\/div>\n<div class=\"row align-center\"  id=\"row-1751851260\">\n\n\n\t<div id=\"col-2055781584\" class=\"col medium-4 small-12 large-4\"  >\n\t\t\t\t<div class=\"col-inner\"  >\n\t\t\t\n\t\t\t\n\n\t<div class=\"box has-hover   has-hover box-text-bottom\" >\n\n\t\t<div class=\"box-image\" style=\"width:40%;\">\n\t\t\t<a href=\"\/de\/anwendungen-fuer-unsere-durchflussbegrenzer\/\" >\t\t\t<div class=\"\" >\n\t\t\t\t<img loading=\"lazy\" decoding=\"async\" width=\"220\" height=\"220\" src=\"https:\/\/brt.image.ee\/wp-content\/uploads\/icon-learn-more-applications.png\" class=\"attachment-original size-original\" alt=\"\" \/>\t\t\t\t\t\t\t\t\t\t\t<\/div>\n\t\t\t<\/a>\t\t<\/div>\n\n\t\t<div class=\"box-text text-center is-large\" >\n\t\t\t<div class=\"box-text-inner\">\n\t\t\t\t\n\n<p class=\"uppercase\"><a href=\"https:\/\/brt.image.ee\/de\/anwendungen-fuer-unsere-durchflussbegrenzer\/\">ANWENDUNGEN<\/a><\/p>\n\n\t\t\t<\/div>\n\t\t<\/div>\n\t<\/div>\n\t\n\n\n\t\t<\/div>\n\t\t\t\t\t<\/div>\n\n\t\n\n\t<div id=\"col-1327512970\" class=\"col medium-4 small-12 large-4\"  >\n\t\t\t\t<div class=\"col-inner\"  >\n\t\t\t\n\t\t\t\n\n\t<div class=\"box has-hover   has-hover box-text-bottom\" >\n\n\t\t<div class=\"box-image\" style=\"width:40%;\">\n\t\t\t<a href=\"\/de\/praxisbeispiele\/\" >\t\t\t<div class=\"\" >\n\t\t\t\t<img loading=\"lazy\" decoding=\"async\" width=\"220\" height=\"220\" src=\"https:\/\/brt.image.ee\/wp-content\/uploads\/icon-learn-more-case-studies.png\" class=\"attachment-original size-original\" alt=\"\" \/>\t\t\t\t\t\t\t\t\t\t\t<\/div>\n\t\t\t<\/a>\t\t<\/div>\n\n\t\t<div class=\"box-text text-center is-large\" >\n\t\t\t<div class=\"box-text-inner\">\n\t\t\t\t\n\n<p class=\"uppercase\"><a href=\"https:\/\/brt.image.ee\/de\/praxisbeispiele\/\">PRAXISBEISPIELE<\/a><\/p>\n\n\t\t\t<\/div>\n\t\t<\/div>\n\t<\/div>\n\t\n\n\n\t\t<\/div>\n\t\t\t\t\t<\/div>\n\n\t\n\n\t<div id=\"col-434363074\" class=\"col medium-4 small-12 large-4\"  >\n\t\t\t\t<div class=\"col-inner\"  >\n\t\t\t\n\t\t\t\n\n\t<div class=\"box has-hover   has-hover box-text-bottom\" >\n\n\t\t<div class=\"box-image\" style=\"width:40%;\">\n\t\t\t<a href=\"\/de\/video-anleitung\/\" >\t\t\t<div class=\"\" >\n\t\t\t\t<img loading=\"lazy\" decoding=\"async\" width=\"220\" height=\"220\" src=\"https:\/\/brt.image.ee\/wp-content\/uploads\/icon-learn-more-videos.png\" class=\"attachment-original size-original\" alt=\"\" \/>\t\t\t\t\t\t\t\t\t\t\t<\/div>\n\t\t\t<\/a>\t\t<\/div>\n\n\t\t<div class=\"box-text text-center is-large\" >\n\t\t\t<div class=\"box-text-inner\">\n\t\t\t\t\n\n<p class=\"uppercase\"><a href=\"https:\/\/brt.image.ee\/de\/video-anleitung\/\" rel=\"noopener\">VIDEOS<\/a><\/p>\n\n\t\t\t<\/div>\n\t\t<\/div>\n\t<\/div>\n\t\n\n\n\t\t<\/div>\n\t\t\t\t\t<\/div>\n\n\t\n\n<\/div>\n<div class=\"row align-center\"  id=\"row-1733807947\">\n\n\n\t<div id=\"col-923718608\" class=\"col medium-4 small-12 large-4\"  >\n\t\t\t\t<div class=\"col-inner\"  >\n\t\t\t\n\t\t\t\n\n\t<div class=\"box has-hover   has-hover box-text-bottom\" >\n\n\t\t<div class=\"box-image\" style=\"width:40%;\">\n\t\t\t<a href=\"\/de\/informationen-und-nachrichten\/\" >\t\t\t<div class=\"\" >\n\t\t\t\t<img loading=\"lazy\" decoding=\"async\" width=\"220\" height=\"220\" src=\"https:\/\/brt.image.ee\/wp-content\/uploads\/icon-learn-more-news.png\" class=\"attachment-original size-original\" alt=\"\" \/>\t\t\t\t\t\t\t\t\t\t\t<\/div>\n\t\t\t<\/a>\t\t<\/div>\n\n\t\t<div class=\"box-text text-center is-large\" >\n\t\t\t<div class=\"box-text-inner\">\n\t\t\t\t\n\n<p class=\"uppercase\"><a href=\"https:\/\/brt.image.ee\/de\/informationen-und-nachrichten\/\">NACHRICHTEN<\/a><\/p>\n\n\t\t\t<\/div>\n\t\t<\/div>\n\t<\/div>\n\t\n\n\n\t\t<\/div>\n\t\t\t\t\t<\/div>\n\n\t\n\n\t<div id=\"col-2145624874\" class=\"col medium-4 small-12 large-4\"  >\n\t\t\t\t<div class=\"col-inner\"  >\n\t\t\t\n\t\t\t\n\n\t<div class=\"box has-hover   has-hover box-text-bottom\" >\n\n\t\t<div class=\"box-image\" style=\"width:40%;\">\n\t\t\t<a href=\"\/de\/infos\/\" >\t\t\t<div class=\"\" >\n\t\t\t\t<img loading=\"lazy\" decoding=\"async\" width=\"220\" height=\"220\" src=\"https:\/\/brt.image.ee\/wp-content\/uploads\/icon-learn-more-info-hub.png\" class=\"attachment-original size-original\" alt=\"\" \/>\t\t\t\t\t\t\t\t\t\t\t<\/div>\n\t\t\t<\/a>\t\t<\/div>\n\n\t\t<div class=\"box-text text-center is-large\" >\n\t\t\t<div class=\"box-text-inner\">\n\t\t\t\t\n\n<p class=\"uppercase\"><a href=\"https:\/\/brt.image.ee\/de\/infos\/\">INFOS<\/a><\/p>\n\n\t\t\t<\/div>\n\t\t<\/div>\n\t<\/div>\n\t\n\n\n\t\t<\/div>\n\t\t\t\t\t<\/div>\n\n\t\n\n\t<div id=\"col-414269549\" class=\"col medium-4 small-12 large-4\"  >\n\t\t\t\t<div class=\"col-inner\"  >\n\t\t\t\n\t\t\t\n\n\t<div class=\"box has-hover   has-hover box-text-bottom\" >\n\n\t\t<div class=\"box-image\" style=\"width:40%;\">\n\t\t\t<a href=\"\/de\/durchflussbegrenzer\/massgeschneiderte-oem-loesungen\/\" >\t\t\t<div class=\"\" >\n\t\t\t\t<img loading=\"lazy\" decoding=\"async\" width=\"220\" height=\"220\" src=\"https:\/\/brt.image.ee\/wp-content\/uploads\/icon-learn-more-tailor-made-oem.png\" class=\"attachment-original size-original\" alt=\"\" \/>\t\t\t\t\t\t\t\t\t\t\t<\/div>\n\t\t\t<\/a>\t\t<\/div>\n\n\t\t<div class=\"box-text text-center is-large\" >\n\t\t\t<div class=\"box-text-inner\">\n\t\t\t\t\n\n<p class=\"uppercase\"><a href=\"https:\/\/brt.image.ee\/de\/durchflussbegrenzer\/massgeschneiderte-oem-loesungen\/\">OEM-L\u00d6SUNGEN<\/a><\/p>\n\n\t\t\t<\/div>\n\t\t<\/div>\n\t<\/div>\n\t\n\n\n\t\t<\/div>\n\t\t\t\t\t<\/div>\n\n\t\n\n<\/div>\n\n\t\t<\/div>\n\n\t\t\n<style>\n#section_1312095781 {\n  padding-top: 30px;\n  padding-bottom: 30px;\n}\n<\/style>\n\t<\/section>\n\t\n\n\t<div id=\"gap-667367617\" class=\"gap-element clearfix\" style=\"display:block; height:auto;\">\n\t\t\n<style>\n#gap-667367617 {\n  padding-top: 40px;\n}\n<\/style>\n\t<\/div>\n\t\n\n\n\n\n<p><\/p>\n","protected":false},"excerpt":{"rendered":"","protected":false},"author":8,"featured_media":0,"parent":1850,"menu_order":0,"comment_status":"closed","ping_status":"closed","template":"page-blank.php","meta":{"footnotes":""},"class_list":["post-1852","page","type-page","status-publish","hentry"],"_links":{"self":[{"href":"https:\/\/brt.image.ee\/de\/wp-json\/wp\/v2\/pages\/1852","targetHints":{"allow":["GET"]}}],"collection":[{"href":"https:\/\/brt.image.ee\/de\/wp-json\/wp\/v2\/pages"}],"about":[{"href":"https:\/\/brt.image.ee\/de\/wp-json\/wp\/v2\/types\/page"}],"author":[{"embeddable":true,"href":"https:\/\/brt.image.ee\/de\/wp-json\/wp\/v2\/users\/8"}],"replies":[{"embeddable":true,"href":"https:\/\/brt.image.ee\/de\/wp-json\/wp\/v2\/comments?post=1852"}],"version-history":[{"count":0,"href":"https:\/\/brt.image.ee\/de\/wp-json\/wp\/v2\/pages\/1852\/revisions"}],"up":[{"embeddable":true,"href":"https:\/\/brt.image.ee\/de\/wp-json\/wp\/v2\/pages\/1850"}],"wp:attachment":[{"href":"https:\/\/brt.image.ee\/de\/wp-json\/wp\/v2\/media?parent=1852"}],"curies":[{"name":"wp","href":"https:\/\/api.w.org\/{rel}","templated":true}]}}