{"id":1026,"date":"2025-05-06T17:37:08","date_gmt":"2025-05-06T15:37:08","guid":{"rendered":"https:\/\/brt.image.ee\/?page_id=1026"},"modified":"2025-07-20T16:27:24","modified_gmt":"2025-07-20T14:27:24","slug":"nous-contacter","status":"publish","type":"page","link":"https:\/\/brt.image.ee\/fr\/nous-contacter\/","title":{"rendered":"Contactez notre \u00e9quipe"},"content":{"rendered":"\n\t<div id=\"gap-274864053\" class=\"gap-element clearfix\" style=\"display:block; height:auto;\">\n\t\t\n<style>\n#gap-274864053 {\n  padding-top: 50px;\n}\n<\/style>\n\t<\/div>\n\t\n\n<div class=\"row align-center\"  id=\"row-1405896551\">\n\n\n\t<div id=\"col-2045908630\" class=\"col small-12 large-12\"  >\n\t\t\t\t<div class=\"col-inner text-center\"  >\n\t\t\t\n\t\t\t\n\n\t<div id=\"text-3266256898\" class=\"text\">\n\t\t\n\n<h1>Contactez notre \u00e9quipe<\/h1>\n<p class=\"lead\">N\u2019h\u00e9sitez pas \u00e0 nous contacter pour de plus ample information et pour toute demande compl\u00e9mentaire<\/p>\n\t\t\n<style>\n#text-3266256898 {\n  text-align: center;\n}\n<\/style>\n\t<\/div>\n\t\n\n\t\t<\/div>\n\t\t\t\t\t<\/div>\n\n\t\n\n<\/div>\n<div class=\"container section-title-container\" ><h2 class=\"section-title section-title-center\"><b><\/b><span class=\"section-title-main\" >Bertfelt SAS  - France<\/span><b><\/b><\/h2><\/div>\n\n\n\t<section class=\"section bg-blue\" id=\"section_1629868441\">\n\t\t<div class=\"section-bg fill\" >\n\t\t\t\t\t\t\t\t\t\n\t\t\t\n\n\t\t<\/div>\n\n\t\t\n\n\t\t<div class=\"section-content relative\">\n\t\t\t\n\n<div class=\"row row-collapse align-middle reverse\"  id=\"row-1076840946\">\n\n\n\t<div id=\"col-670891608\" class=\"col medium-6 small-12 large-6\"  >\n\t\t\t\t<div class=\"col-inner\"  >\n\t\t\t\n\t\t\t\n\n\n<div class=\"wpcf7 no-js\" id=\"wpcf7-f2288-o1\" lang=\"fr-FR\" dir=\"ltr\" data-wpcf7-id=\"2288\">\n<div class=\"screen-reader-response\"><p role=\"status\" aria-live=\"polite\" aria-atomic=\"true\"><\/p> <ul><\/ul><\/div>\n<form action=\"\/fr\/wp-json\/wp\/v2\/pages\/1026#wpcf7-f2288-o1\" method=\"post\" class=\"wpcf7-form init\" aria-label=\"Formulaire de contact\" novalidate=\"novalidate\" data-status=\"init\">\n<div style=\"display: none;\">\n<input type=\"hidden\" name=\"_wpcf7\" value=\"2288\" \/>\n<input type=\"hidden\" name=\"_wpcf7_version\" value=\"6.0.6\" \/>\n<input type=\"hidden\" name=\"_wpcf7_locale\" value=\"fr_FR\" \/>\n<input type=\"hidden\" name=\"_wpcf7_unit_tag\" value=\"wpcf7-f2288-o1\" \/>\n<input type=\"hidden\" name=\"_wpcf7_container_post\" value=\"0\" \/>\n<input type=\"hidden\" name=\"_wpcf7_posted_data_hash\" value=\"\" \/>\n<\/div>\n<p><label> Votre nom *<br \/>\n<span class=\"wpcf7-form-control-wrap\" data-name=\"your-name\"><input size=\"40\" maxlength=\"400\" class=\"wpcf7-form-control wpcf7-text wpcf7-validates-as-required\" autocomplete=\"name\" aria-required=\"true\" aria-invalid=\"false\" value=\"\" type=\"text\" name=\"your-name\" \/><\/span> <\/label>\n<\/p>\n<p><label> Votre e-mail *<br \/>\n<span class=\"wpcf7-form-control-wrap\" data-name=\"your-email\"><input size=\"40\" maxlength=\"400\" class=\"wpcf7-form-control wpcf7-email wpcf7-validates-as-required wpcf7-text wpcf7-validates-as-email\" autocomplete=\"email\" aria-required=\"true\" aria-invalid=\"false\" value=\"\" type=\"email\" name=\"your-email\" \/><\/span> <\/label>\n<\/p>\n<p><label> Nom de l\u2019entreprise *<br \/>\n<span class=\"wpcf7-form-control-wrap\" data-name=\"your-company\"><input size=\"40\" maxlength=\"400\" class=\"wpcf7-form-control wpcf7-text wpcf7-validates-as-required\" aria-required=\"true\" aria-invalid=\"false\" value=\"\" type=\"text\" name=\"your-company\" \/><\/span> <\/label>\n<\/p>\n<p><label> Commentaires *<br \/>\n<span class=\"wpcf7-form-control-wrap\" data-name=\"your-message\"><textarea cols=\"40\" rows=\"10\" maxlength=\"2000\" class=\"wpcf7-form-control wpcf7-textarea wpcf7-validates-as-required\" aria-required=\"true\" aria-invalid=\"false\" name=\"your-message\"><\/textarea><\/span> <\/label>\n<\/p>\n<p><input class=\"wpcf7-form-control wpcf7-submit has-spinner\" type=\"submit\" value=\"Envoyer\" \/>\n<\/p><div class=\"wpcf7-response-output\" aria-hidden=\"true\"><\/div>\n<\/form>\n<\/div>\n\n\n<p>En appuyant sur le bouton \u00ab envoyer \u00bb, j\u2019accepte que Bertfelt conserve mes coordonn\u00e9es pour une dur\u00e9e d\u2019un an \u2013 afin de me contacter par t\u00e9l\u00e9phone, newsletter ou par e-mail. Je peux toujours contacter Bertfelt pour supprimer mes informations.<\/p>\n\n\t\t<\/div>\n\t\t\t\t\t<\/div>\n\n\t\n\n\t<div id=\"col-838421598\" class=\"col cbtextright medium-6 small-12 large-6\"  >\n\t\t\t\t<div class=\"col-inner\"  >\n\t\t\t\n\t\t\t\n\n<div class=\"row\"  id=\"row-1523801618\">\n\n\n\t<div id=\"col-1230708759\" class=\"col medium-6 small-12 large-6\"  >\n\t\t\t\t<div class=\"col-inner\"  >\n\t\t\t\n\t\t\t\n\n\t<div class=\"img has-hover x md-x lg-x y md-y lg-y\" id=\"image_1739978127\">\n\t\t\t\t\t\t\t\t<div class=\"img-inner dark\" >\n\t\t\t<img loading=\"lazy\" decoding=\"async\" width=\"472\" height=\"472\" src=\"https:\/\/brt.image.ee\/wp-content\/uploads\/contact-liliane-laroche.jpg\" class=\"attachment-medium size-medium\" alt=\"\" srcset=\"https:\/\/brt.image.ee\/wp-content\/uploads\/contact-liliane-laroche.jpg 472w, https:\/\/brt.image.ee\/wp-content\/uploads\/contact-liliane-laroche-240x240.jpg 240w\" sizes=\"auto, (max-width: 472px) 100vw, 472px\" \/>\t\t\t\t\t\t\n\t\t\t\t\t<\/div>\n\t\t\t\t\t\t\t\t\n<style>\n#image_1739978127 {\n  width: 100%;\n}\n<\/style>\n\t<\/div>\n\t\n\n\n\t\t<\/div>\n\t\t\t\t\t<\/div>\n\n\t\n\n\t<div id=\"col-1836882361\" class=\"col medium-6 small-12 large-6\"  >\n\t\t\t\t<div class=\"col-inner\"  >\n\t\t\t\n\t\t\t\n\n<h3 class=\"uppercase flag flag-fr\">France<\/h3>\n<p><strong>Bertfelt SAS<\/strong><br \/>34 boulevard des Italiens<br \/>FR-75 009 Paris,<br \/>France<\/p>\n<p>\u2706: +33 (0)1 86 65 58 12<br \/>@: <a href=\"mailto:france@bertfelt.com\">france@bertfelt.com<\/a><br \/><a href=\"https:\/\/www.bertfelt.com\/fr\/\">www.bertfelt.fr<\/a><\/p>\n\n\t\t<\/div>\n\t\t\t\t\t<\/div>\n\n\t\n\n<\/div>\n<p><strong>Liliane Laroche<\/strong><br \/>\u2706: +33 (0)1 86 65 58 12<br \/>@: <a href=\"mailto:liliane.laroche@bertfelt.com\">liliane.laroche@bertfelt.com<\/a><\/p>\n<p><strong>Service client pour :<\/strong><br \/>France, Suisse, Espagne et Portugal.<\/p>\n\n\t\t<\/div>\n\t\t\t\t\t<\/div>\n\n\t\n\n<\/div>\n\n\t\t<\/div>\n\n\t\t\n<style>\n#section_1629868441 {\n  padding-top: 30px;\n  padding-bottom: 30px;\n}\n<\/style>\n\t<\/section>\n\t\n\n\t<section class=\"section bg-fill\" id=\"section_1257625257\">\n\t\t<div class=\"section-bg fill\" >\n\t\t\t<img loading=\"lazy\" decoding=\"async\" width=\"1920\" height=\"1200\" src=\"https:\/\/brt.image.ee\/wp-content\/uploads\/bg-water-large-lower-half.jpg\" class=\"bg attachment- size-\" alt=\"\" \/>\t\t\t\t\t\t\n\t\t\t\n\n\t\t<\/div>\n\n\t\t\n\n\t\t<div class=\"section-content relative\">\n\t\t\t\n\n<div class=\"row bg-white distributors bottom-0\"  id=\"row-1815444557\">\n\n\n\t<div id=\"col-837776681\" class=\"col small-12 large-12\"  >\n\t\t\t\t<div class=\"col-inner\"  >\n\t\t\t\n\t\t\t\n\n<div class=\"container section-title-container\" ><h2 class=\"section-title section-title-center\"><b><\/b><span class=\"section-title-main\" >Si\u00e8ge social et autres distributeurs<\/span><b><\/b><\/h2><\/div>\n\n<div class=\"row bottom-0\"  id=\"row-546548507\">\n\n\n\t<div id=\"col-436095340\" class=\"col medium-3 small-6 large-3\"  >\n\t\t\t\t<div class=\"col-inner\"  >\n\t\t\t\n\t\t\t\n\n\t<div class=\"img has-hover x md-x lg-x y md-y lg-y\" id=\"image_579105531\">\n\t\t\t\t\t\t\t\t<div class=\"img-inner dark\" >\n\t\t\t<img loading=\"lazy\" decoding=\"async\" width=\"227\" height=\"227\" src=\"https:\/\/brt.image.ee\/wp-content\/uploads\/contact-ange-bogren.jpg\" class=\"attachment-medium size-medium\" alt=\"\" \/>\t\t\t\t\t\t\n\t\t\t\t\t<\/div>\n\t\t\t\t\t\t\t\t\n<style>\n#image_579105531 {\n  width: 100%;\n}\n<\/style>\n\t<\/div>\n\t\n\n<h3 class=\"uppercase flag flag-sv\">Si\u00e8ge social<\/h3>\n<p><strong>Agne Bogren (PDG)<\/strong><br \/>\u2706: +46 (0)70 516 39 95<br \/>@: <a href=\"mailto:agne@bertfelt.com\">agne@bertfelt.com<\/a><\/p>\n\n<div class=\"is-divider divider clearfix\" ><\/div>\n\n<p><strong>Bertfelt Teknik AB<\/strong><br \/>Flygf\u00e4ltsgatan 5,<br \/>S-128 30 Skarpn\u00e4ck<br \/>Stockholm, Su\u00e8de<\/p>\n<p>\u2706: +46 (0)8 745 43 60<br \/>@: <a href=\"mailto:btinfo@bertfelt.com\">btinfo@bertfelt.com<\/a><br \/><a href=\"https:\/\/www.bertfelt.com\/sv\/\">www.bertfelt.se<\/a><\/p>\n<div class=\"is-divider divider clearfix\" ><\/div>\n\n<p><strong>Service client pour :<\/strong><br \/>Su\u00e8de, Danemark, Finlande, Islande, Pologne, Italie, Estonie, Lettonie, Lituanie et le reste de l\u2019Europe et le monde.<\/p>\n\n\t\t<\/div>\n\t\t\t\t\t<\/div>\n\n\t\n\n\t<div id=\"col-1128727777\" class=\"col medium-3 small-6 large-3\"  >\n\t\t\t\t<div class=\"col-inner\"  >\n\t\t\t\n\t\t\t\n\n\t<div class=\"img has-hover x md-x lg-x y md-y lg-y\" id=\"image_827259018\">\n\t\t\t\t\t\t\t\t<div class=\"img-inner dark\" >\n\t\t\t<img loading=\"lazy\" decoding=\"async\" width=\"472\" height=\"472\" src=\"https:\/\/brt.image.ee\/wp-content\/uploads\/contact-espen-raaum.jpg\" class=\"attachment-medium size-medium\" alt=\"\" srcset=\"https:\/\/brt.image.ee\/wp-content\/uploads\/contact-espen-raaum.jpg 472w, https:\/\/brt.image.ee\/wp-content\/uploads\/contact-espen-raaum-240x240.jpg 240w\" sizes=\"auto, (max-width: 472px) 100vw, 472px\" \/>\t\t\t\t\t\t\n\t\t\t\t\t<\/div>\n\t\t\t\t\t\t\t\t\n<style>\n#image_827259018 {\n  width: 100%;\n}\n<\/style>\n\t<\/div>\n\t\n\n<h3 class=\"uppercase flag flag-no\">Norv\u00e8ge<\/h3>\n<p><strong>Espen Raaum<\/strong><br \/>\u2706: +47 958 857 06<br \/>@: <a href=\"mailto:espen.raaum@somas.no\">espen.raaum@somas.no<\/a><\/p>\n<div class=\"is-divider divider clearfix\" ><\/div>\n\n<p><strong>Somas A\/S<\/strong><br \/>Ryghgata 4B<br \/>NO-3050 Mj\u00f8ndalen<br \/>Norv\u00e8ge<\/p>\n<p>\u2706: +47 32 12 62 00<br \/>@: <a href=\"mailto:sales@somas.no\">sales@somas.no<\/a><br \/><a href=\"https:\/\/somas.se\/\">www.somas.se<\/a><\/p>\n<div class=\"is-divider divider clearfix\" ><\/div>\n\n<p><strong>Service client pour :<\/strong><br \/>Norv\u00e8ge.<\/p>\n\n\t\t<\/div>\n\t\t\t\t\t<\/div>\n\n\t\n\n\t<div id=\"col-631444328\" class=\"col medium-3 small-6 large-3\"  >\n\t\t\t\t<div class=\"col-inner\"  >\n\t\t\t\n\t\t\t\n\n\t<div class=\"img has-hover x md-x lg-x y md-y lg-y\" id=\"image_1923682213\">\n\t\t\t\t\t\t\t\t<div class=\"img-inner dark\" >\n\t\t\t<img loading=\"lazy\" decoding=\"async\" width=\"227\" height=\"227\" src=\"https:\/\/brt.image.ee\/wp-content\/uploads\/contact-ange-bogren.jpg\" class=\"attachment-medium size-medium\" alt=\"\" \/>\t\t\t\t\t\t\n\t\t\t\t\t<\/div>\n\t\t\t\t\t\t\t\t\n<style>\n#image_1923682213 {\n  width: 100%;\n}\n<\/style>\n\t<\/div>\n\t\n\n<h3 class=\"uppercase flag flag-de\">Allemagne<\/h3>\n<p><strong>Agne Bogren<\/strong><br \/>\u2706: +46 (0)70 516 39 95<br \/>@: <a href=\"mailto:agne@bertfelt.com\">agne@bertfelt.com<\/a><\/p>\n\n<div class=\"is-divider divider clearfix\" ><\/div>\n\n<p><strong>Bertfelt GmbH<\/strong><br \/>Uhlandstr. 47<br \/>DE-10719 Berlin, <br \/>Allemange<\/p>\n<p>\u2706: +49 (0)30 917 396 30<br \/>@: <a href=\"mailto:btinfo@bertfelt.com\">btinfo@bertfelt.com<\/a><br \/><a href=\"https:\/\/www.bertfelt.com\/de\/\">www.bertfelt.de<\/a><\/p>\n<div class=\"is-divider divider clearfix\" ><\/div>\n\n<p><strong>Service client pour :<\/strong><br \/>Allemange, Autriche  et la Suisse al\u00e9manique.<\/p>\n\n\t\t<\/div>\n\t\t\t\t\t<\/div>\n\n\t\n\n\t<div id=\"col-1289534857\" class=\"col medium-3 small-6 large-3\"  >\n\t\t\t\t<div class=\"col-inner\"  >\n\t\t\t\n\t\t\t\n\n\t<div class=\"img has-hover x md-x lg-x y md-y lg-y\" id=\"image_989477329\">\n\t\t\t\t\t\t\t\t<div class=\"img-inner dark\" >\n\t\t\t<img loading=\"lazy\" decoding=\"async\" width=\"472\" height=\"472\" src=\"https:\/\/brt.image.ee\/wp-content\/uploads\/contact-birgitta-slot.jpg\" class=\"attachment-medium size-medium\" alt=\"\" srcset=\"https:\/\/brt.image.ee\/wp-content\/uploads\/contact-birgitta-slot.jpg 472w, https:\/\/brt.image.ee\/wp-content\/uploads\/contact-birgitta-slot-240x240.jpg 240w\" sizes=\"auto, (max-width: 472px) 100vw, 472px\" \/>\t\t\t\t\t\t\n\t\t\t\t\t<\/div>\n\t\t\t\t\t\t\t\t\n<style>\n#image_989477329 {\n  width: 100%;\n}\n<\/style>\n\t<\/div>\n\t\n\n<h3 class=\"uppercase flag flag-nl\">Les Pays Bas<\/h3>\n<p><strong>Birgitta Slot<\/strong><br \/>\u2706: +31 (0)6 547 877 15<br \/>@: <a href=\"mailto:birgitta.slot@bertfelt.com\">birgitta.slot@bertfelt.com<\/a><\/p>\n\n<div class=\"is-divider divider clearfix\" ><\/div>\n\n<p><strong>Bertfelt Nederland<\/strong><br \/>Nieuwe Parklaan 30<br \/>2597 LD La Haye, <br \/>Pays-Bas<\/p>\n<p>\u2706: +31 (0)70 331 92 59<br \/>@: <a href=\"mailto:nederland@bertfelt.com\">nederland@bertfelt.com<\/a><br \/><a href=\"https:\/\/www.bertfelt.com\/nl\/\">www.bertfelt.nl<\/a><\/p>\n\n<div class=\"is-divider divider clearfix\" ><\/div>\n\n<p><strong>Service client pour :<\/strong><br \/>Les Pay-Bas, Belgique &amp; Luxembourg.<\/p>\n\n\t\t<\/div>\n\t\t\t\t\t<\/div>\n\n\t\n\n<\/div>\n\n\t\t<\/div>\n\t\t\t\t\t<\/div>\n\n\t\n\n<\/div>\n\t<div id=\"gap-300609263\" class=\"gap-element clearfix\" style=\"display:block; height:auto;\">\n\t\t\n<style>\n#gap-300609263 {\n  padding-top: 60px;\n}\n<\/style>\n\t<\/div>\n\t\n\n\n\t\t<\/div>\n\n\t\t\n<style>\n#section_1257625257 {\n  padding-top: 30px;\n  padding-bottom: 30px;\n}\n<\/style>\n\t<\/section>\n\t\n\t<div id=\"gap-106559835\" class=\"gap-element clearfix\" style=\"display:block; height:auto;\">\n\t\t\n<style>\n#gap-106559835 {\n  padding-top: 40px;\n}\n<\/style>\n\t<\/div>\n\t\n\n\n\t<section class=\"section\" id=\"section_1295789050\">\n\t\t<div class=\"section-bg fill\" >\n\t\t\t\t\t\t\t\t\t\n\t\t\t\n\n\t\t<\/div>\n\n\t\t\n\n\t\t<div class=\"section-content relative\">\n\t\t\t\n\n<div class=\"container section-title-container\" ><h2 class=\"section-title section-title-center\"><b><\/b><span class=\"section-title-main\" >En savoir plus<\/span><b><\/b><\/h2><\/div>\n\n<div class=\"row\"  id=\"row-2058247676\">\n\n\n\t<div id=\"col-264110307\" class=\"col medium-4 small-12 large-4\"  >\n\t\t\t\t<div class=\"col-inner\"  >\n\t\t\t\n\t\t\t\n\n\t<div class=\"box has-hover   has-hover box-text-bottom\" >\n\n\t\t<div class=\"box-image\" style=\"width:40%;\">\n\t\t\t<a href=\"\/fr\/applications-de-nos-regulateurs-de-debet\/\" >\t\t\t<div class=\"\" >\n\t\t\t\t<img loading=\"lazy\" decoding=\"async\" width=\"220\" height=\"220\" src=\"https:\/\/brt.image.ee\/wp-content\/uploads\/icon-learn-more-applications.png\" class=\"attachment-original size-original\" alt=\"\" \/>\t\t\t\t\t\t\t\t\t\t\t<\/div>\n\t\t\t<\/a>\t\t<\/div>\n\n\t\t<div class=\"box-text text-center is-large\" >\n\t\t\t<div class=\"box-text-inner\">\n\t\t\t\t\n\n<p class=\"uppercase\"><a href=\"https:\/\/brt.image.ee\/fr\/applications-de-nos-regulateurs-de-debet\/\">APPLICATIONS<\/a><\/p>\n\n\t\t\t<\/div>\n\t\t<\/div>\n\t<\/div>\n\t\n\n\n\t\t<\/div>\n\t\t\t\t\t<\/div>\n\n\t\n\n\t<div id=\"col-1569348406\" class=\"col medium-4 small-12 large-4\"  >\n\t\t\t\t<div class=\"col-inner\"  >\n\t\t\t\n\t\t\t\n\n\t<div class=\"box has-hover   has-hover box-text-bottom\" >\n\n\t\t<div class=\"box-image\" style=\"width:40%;\">\n\t\t\t<a href=\"\/fr\/nous-contacter\/demande-de-devis\/\" >\t\t\t<div class=\"\" >\n\t\t\t\t<img loading=\"lazy\" decoding=\"async\" width=\"220\" height=\"220\" src=\"https:\/\/brt.image.ee\/wp-content\/uploads\/icon-learn-more-request-for-quatation.png\" class=\"attachment-original size-original\" alt=\"learn more\" \/>\t\t\t\t\t\t\t\t\t\t\t<\/div>\n\t\t\t<\/a>\t\t<\/div>\n\n\t\t<div class=\"box-text text-center is-large\" >\n\t\t\t<div class=\"box-text-inner\">\n\t\t\t\t\n\n<p class=\"uppercase\"><a href=\"https:\/\/brt.image.ee\/fr\/nous-contacter\/demande-de-devis\/\">DEMANDE DE DEVIS<\/a><\/p>\n\n\t\t\t<\/div>\n\t\t<\/div>\n\t<\/div>\n\t\n\n\n\t\t<\/div>\n\t\t\t\t\t<\/div>\n\n\t\n\n\t<div id=\"col-1308922622\" class=\"col medium-4 small-12 large-4\"  >\n\t\t\t\t<div class=\"col-inner\"  >\n\t\t\t\n\t\t\t\n\n\t<div class=\"box has-hover   has-hover box-text-bottom\" >\n\n\t\t<div class=\"box-image\" style=\"width:40%;\">\n\t\t\t<a href=\"\/fr\/etudes-de-cas\/\" >\t\t\t<div class=\"\" >\n\t\t\t\t<img loading=\"lazy\" decoding=\"async\" width=\"220\" height=\"220\" src=\"https:\/\/brt.image.ee\/wp-content\/uploads\/icon-learn-more-case-studies.png\" class=\"attachment-original size-original\" alt=\"\" \/>\t\t\t\t\t\t\t\t\t\t\t<\/div>\n\t\t\t<\/a>\t\t<\/div>\n\n\t\t<div class=\"box-text text-center is-large\" >\n\t\t\t<div class=\"box-text-inner\">\n\t\t\t\t\r\n\r\n<p class=\"uppercase\"><a href=\"https:\/\/brt.image.ee\/fr\/etudes-de-cas\/\">\u00c9TUDES DE CAS<\/a><\/p>\r\n\r\n\t\t\t<\/div>\n\t\t<\/div>\n\t<\/div>\n\t\n\n\n\t\t<\/div>\n\t\t\t\t\t<\/div>\n\n\t\n\n<\/div>\n<div class=\"row\"  id=\"row-1412610\">\n\n\n\t<div id=\"col-442543499\" class=\"col medium-4 small-12 large-4\"  >\n\t\t\t\t<div class=\"col-inner\"  >\n\t\t\t\n\t\t\t\n\n\t<div class=\"box has-hover   has-hover box-text-bottom\" >\n\n\t\t<div class=\"box-image\" style=\"width:40%;\">\n\t\t\t<a href=\"\/fr\/etudes-de-cas\/cas-economies-deau\/\" >\t\t\t<div class=\"\" >\n\t\t\t\t<img loading=\"lazy\" decoding=\"async\" width=\"220\" height=\"220\" src=\"https:\/\/brt.image.ee\/wp-content\/uploads\/icon-learn-more-how-to-save-water.png\" class=\"attachment-original size-original\" alt=\"\" \/>\t\t\t\t\t\t\t\t\t\t\t<\/div>\n\t\t\t<\/a>\t\t<\/div>\n\n\t\t<div class=\"box-text text-center is-large\" >\n\t\t\t<div class=\"box-text-inner\">\n\t\t\t\t\n\n<p class=\"uppercase\"><a href=\"https:\/\/brt.image.ee\/fr\/etudes-de-cas\/cas-economies-deau\/\">\u00c9CONOMIES D\u2019EAU<\/a><\/p>\n\n\t\t\t<\/div>\n\t\t<\/div>\n\t<\/div>\n\t\n\n\n\t\t<\/div>\n\t\t\t\t\t<\/div>\n\n\t\n\n\t<div id=\"col-2213714\" class=\"col medium-4 small-12 large-4\"  >\n\t\t\t\t<div class=\"col-inner\"  >\n\t\t\t\n\t\t\t\n\n\t<div class=\"box has-hover   has-hover box-text-bottom\" >\n\n\t\t<div class=\"box-image\" style=\"width:40%;\">\n\t\t\t<a href=\"\/fr\/ressources\/\" >\t\t\t<div class=\"\" >\n\t\t\t\t<img loading=\"lazy\" decoding=\"async\" width=\"220\" height=\"220\" src=\"https:\/\/brt.image.ee\/wp-content\/uploads\/icon-learn-more-info-hub.png\" class=\"attachment-original size-original\" alt=\"\" \/>\t\t\t\t\t\t\t\t\t\t\t<\/div>\n\t\t\t<\/a>\t\t<\/div>\n\n\t\t<div class=\"box-text text-center is-large\" >\n\t\t\t<div class=\"box-text-inner\">\n\t\t\t\t\n\n<p class=\"uppercase\"><a href=\"https:\/\/brt.image.ee\/fr\/ressources\/\">Ressources<\/a><\/p>\n\n\t\t\t<\/div>\n\t\t<\/div>\n\t<\/div>\n\t\n\n\n\t\t<\/div>\n\t\t\t\t\t<\/div>\n\n\t\n\n\t<div id=\"col-2069477187\" class=\"col medium-4 small-12 large-4\"  >\n\t\t\t\t<div class=\"col-inner\"  >\n\t\t\t\n\t\t\t\n\n\t<div class=\"box has-hover   has-hover box-text-bottom\" >\n\n\t\t<div class=\"box-image\" style=\"width:40%;\">\n\t\t\t<a href=\"\/fr\/instructions-video\/\" >\t\t\t<div class=\"\" >\n\t\t\t\t<img loading=\"lazy\" decoding=\"async\" width=\"220\" height=\"220\" src=\"https:\/\/brt.image.ee\/wp-content\/uploads\/icon-learn-more-videos.png\" class=\"attachment-original size-original\" alt=\"\" \/>\t\t\t\t\t\t\t\t\t\t\t<\/div>\n\t\t\t<\/a>\t\t<\/div>\n\n\t\t<div class=\"box-text text-center is-large\" >\n\t\t\t<div class=\"box-text-inner\">\n\t\t\t\t\n\n<p class=\"uppercase\"><a href=\"https:\/\/brt.image.ee\/fr\/instructions-video\/\" rel=\"noopener\">VIDEOS<\/a><\/p>\n\n\t\t\t<\/div>\n\t\t<\/div>\n\t<\/div>\n\t\n\n\n\t\t<\/div>\n\t\t\t\t\t<\/div>\n\n\t\n\n<\/div>\n\n\t\t<\/div>\n\n\t\t\n<style>\n#section_1295789050 {\n  padding-top: 30px;\n  padding-bottom: 30px;\n}\n<\/style>\n\t<\/section>\n\t\n\n\t<div id=\"gap-1041983044\" class=\"gap-element clearfix\" style=\"display:block; height:auto;\">\n\t\t\n<style>\n#gap-1041983044 {\n  padding-top: 40px;\n}\n<\/style>\n\t<\/div>\n\t\n\n\n","protected":false},"excerpt":{"rendered":"","protected":false},"author":8,"featured_media":0,"parent":0,"menu_order":0,"comment_status":"closed","ping_status":"closed","template":"page-blank.php","meta":{"footnotes":""},"class_list":["post-1026","page","type-page","status-publish","hentry"],"_links":{"self":[{"href":"https:\/\/brt.image.ee\/fr\/wp-json\/wp\/v2\/pages\/1026","targetHints":{"allow":["GET"]}}],"collection":[{"href":"https:\/\/brt.image.ee\/fr\/wp-json\/wp\/v2\/pages"}],"about":[{"href":"https:\/\/brt.image.ee\/fr\/wp-json\/wp\/v2\/types\/page"}],"author":[{"embeddable":true,"href":"https:\/\/brt.image.ee\/fr\/wp-json\/wp\/v2\/users\/8"}],"replies":[{"embeddable":true,"href":"https:\/\/brt.image.ee\/fr\/wp-json\/wp\/v2\/comments?post=1026"}],"version-history":[{"count":0,"href":"https:\/\/brt.image.ee\/fr\/wp-json\/wp\/v2\/pages\/1026\/revisions"}],"wp:attachment":[{"href":"https:\/\/brt.image.ee\/fr\/wp-json\/wp\/v2\/media?parent=1026"}],"curies":[{"name":"wp","href":"https:\/\/api.w.org\/{rel}","templated":true}]}}