{"id":2087,"date":"2025-04-10T10:07:46","date_gmt":"2025-04-10T08:07:46","guid":{"rendered":"https:\/\/brt.image.ee\/?page_id=2087"},"modified":"2025-07-20T16:27:24","modified_gmt":"2025-07-20T14:27:24","slug":"les-limiteurs-de-debit-bt-maric-offrent-de-nombreux-avantages","status":"publish","type":"page","link":"https:\/\/brt.image.ee\/fr\/les-limiteurs-de-debit-bt-maric-offrent-de-nombreux-avantages\/","title":{"rendered":"Les limiteurs de d\u00e9bit BT-Maric offrent de nombreux avantages"},"content":{"rendered":"\n\t<div id=\"gap-64170992\" class=\"gap-element clearfix\" style=\"display:block; height:auto;\">\n\t\t\n<style>\n#gap-64170992 {\n  padding-top: 50px;\n}\n<\/style>\n\t<\/div>\n\t\n\n<div class=\"row align-center\"  id=\"row-853819605\">\n\n\n\t<div id=\"col-1456370155\" class=\"col small-12 large-12\"  >\n\t\t\t\t<div class=\"col-inner text-center\"  >\n\t\t\t\n\t\t\t\n\n\t<div id=\"text-304037473\" class=\"text\">\n\t\t\n\n<h1>Les limiteurs de d\u00e9bit BT-Maric offrent de nombreux avantages<\/h1>\n\t\t\n<style>\n#text-304037473 {\n  text-align: center;\n}\n<\/style>\n\t<\/div>\n\t\n\n\t\t<\/div>\n\t\t\t\t\t<\/div>\n\n\t\n\n<\/div>\n\n  <div class=\"banner has-hover img-contain\" id=\"banner-1330545441\">\n          <div class=\"banner-inner fill\">\n        <div class=\"banner-bg fill\" >\n            <img loading=\"lazy\" decoding=\"async\" width=\"1920\" height=\"605\" src=\"https:\/\/brt.image.ee\/wp-content\/uploads\/banner-bg-benefits-of-constant-flow-valves-.jpg\" class=\"bg attachment-original size-original\" alt=\"\" \/>                                    \n                    <\/div>\n\t\t\n        <div class=\"banner-layers container\">\n            <div class=\"fill banner-link\"><\/div>            \n\n\n        <\/div>\n      <\/div>\n\n              <div class=\"height-fix is-invisible\"><img loading=\"lazy\" decoding=\"async\" width=\"1920\" height=\"605\" src=\"https:\/\/brt.image.ee\/wp-content\/uploads\/banner-bg-benefits-of-constant-flow-valves-.jpg\" class=\"attachment-original size-original\" alt=\"\" srcset=\"https:\/\/brt.image.ee\/wp-content\/uploads\/banner-bg-benefits-of-constant-flow-valves-.jpg 1920w, https:\/\/brt.image.ee\/wp-content\/uploads\/banner-bg-benefits-of-constant-flow-valves--570x180.jpg 570w, https:\/\/brt.image.ee\/wp-content\/uploads\/banner-bg-benefits-of-constant-flow-valves--1140x359.jpg 1140w, https:\/\/brt.image.ee\/wp-content\/uploads\/banner-bg-benefits-of-constant-flow-valves--768x242.jpg 768w, https:\/\/brt.image.ee\/wp-content\/uploads\/banner-bg-benefits-of-constant-flow-valves--1536x484.jpg 1536w\" sizes=\"auto, (max-width: 1920px) 100vw, 1920px\" \/><\/div>\n            \n<style>\n#banner-1330545441 {\n  background-color: rgb(255,255,255);\n}\n<\/style>\n  <\/div>\n\n\n\n\t<section class=\"section\" id=\"section_174467751\">\n\t\t<div class=\"section-bg fill\" >\n\t\t\t\t\t\t\t\t\t\n\t\t\t\n\n\t\t<\/div>\n\n\t\t\n\n\t\t<div class=\"section-content relative\">\n\t\t\t\n\n<div class=\"container section-title-container\" ><h2 class=\"section-title section-title-center\"><b><\/b><span class=\"section-title-main\" >Une large gamme d\u2019avantages<\/span><b><\/b><\/h2><\/div>\n\n<div class=\"row align-center bg-blue box-list\"  id=\"row-505813996\">\n\n\n\t<div id=\"col-36247564\" class=\"col small-12 large-12\"  >\n\t\t\t\t<div class=\"col-inner text-center\"  >\n\t\t\t\n\t\t\t\n\n<h3>Les limiteurs de d\u00e9bit BT-Maric offrent de nombreux avantages pour un fonctionnement efficace et durable des syst\u00e8mes. <br \/>Voici en quoi ils font la diff\u00e9rence :<\/h3>\n\n\t\t<\/div>\n\t\t\t\t\t<\/div>\n\n\t\n\n<\/div>\n<div class=\"row bg-blue box-list\"  id=\"row-1597873862\">\n\n\n\t<div id=\"col-759101565\" class=\"col medium-6 small-12 large-6\"  >\n\t\t\t\t<div class=\"col-inner\"  >\n\t\t\t\n\t\t\t\n\n<ul class=\"bullet-cross\">\n<li>\n<h4>D\u00e9bit Constant<\/h4>\n<p>Ils garantissent un d\u00e9bit stable, quel que soit les variations de pression dans le syst\u00e8me.<\/p>\n<\/li>\n<li>\n<h4>Performance Am\u00e9lior\u00e9e du Syst\u00e8me<\/h4>\n<p>Contr\u00f4le de Processus Optimis\u00e9 : Des d\u00e9bits stables am\u00e9liorent la performance globale des syst\u00e8mes fluides, conduisant \u00e0 un meilleur contr\u00f4le des processus et \u00e0 une qualit\u00e9 produit sup\u00e9rieure.<\/p>\n<\/li>\n<li>\n<h4>Large gamme de d\u00e9bits, de connexions et de mat\u00e9riaux disponibles<\/h4>\n<p>Les limiteurs de d\u00e9bit BT-Maric peuvent \u00eatre facilement install\u00e9s en retrofit dans une application existante ou int\u00e9gr\u00e9s dans une nouvelle installation. Con\u00e7us pour des d\u00e9bits allant de 0,15 L\/min jusqu\u2019\u00e0 13 500 L\/min, avec des pas d\u2019incr\u00e9ments pr\u00e9cis. Ils sont disponibles en 3 mat\u00e9riaux standards : laiton, PVC et acier inoxydable. Trois types de connexions sont propos\u00e9s : inserts, wafers ou cartouches \u00e0 visser.<\/p>\n<\/li>\n<li>\n<h4>Flexibilit\u00e9 de conception<\/h4>\n<p>Solutions sur mesure : Ces limiteurs peuvent \u00eatre personnalis\u00e9s pour r\u00e9pondre \u00e0 des exigences sp\u00e9cifiques, offrant ainsi une grande flexibilit\u00e9 pour diff\u00e9rentes conditions d\u2019exploitation.<\/p>\n<\/li>\n<li>\n<h4>Faciles \u00e0 installer et \u00e0 int\u00e9grer<br \/>\n<\/h4>\n<p>Les limiteurs BT-Maric s\u2019int\u00e8grent ais\u00e9ment dans tous types de syst\u00e8mes, ce qui les rend polyvalents pour diverses applications dans diff\u00e9rents secteurs.<\/p>\n<\/li>\n<li>\n<h4>Compacts, fiables et tr\u00e8s pr\u00e9cis<\/h4>\n<p>Con\u00e7us pour une dur\u00e9e de vie op\u00e9rationnelle de 20 ans, les limiteurs BT-Maric sont simples et compacts. Notre solution standard garantit une pr\u00e9cision de \u00b110 % sur toute la plage de chute de pression, de 1,4 \u00e0 10 bars.<\/p>\n<\/li>\n<li>\n<h4>Pr\u00e9r\u00e9gl\u00e9s (non r\u00e9glables) pour une utilisation inviolable<\/h4>\n<p>Les limiteurs BT-Maric sont pr\u00e9r\u00e9gl\u00e9s afin d\u2019\u00e9viter toute erreur de r\u00e9glage ou modification ind\u00e9sirable du syst\u00e8me. Les d\u00e9bits doivent \u00eatre sp\u00e9cifi\u00e9s lors de la commande, garantissant ainsi une op\u00e9ration inviolable.<\/p>\n<\/li>\n<\/ul>\n\n\t\t<\/div>\n\t\t\t\t\t<\/div>\n\n\t\n\n\t<div id=\"col-1057659124\" class=\"col medium-6 small-12 large-6\"  >\n\t\t\t\t<div class=\"col-inner\"  >\n\t\t\t\n\t\t\t\n\n<ul class=\"bullet-cross\">\n<li>\n<h4>Solutions pour hautes et basses pressions disponibles<\/h4>\n<p>Les limiteurs BT-Maric sont con\u00e7us pour g\u00e9rer des diff\u00e9rences de pression allant de 0,45 \u00e0 20 bars.<\/p>\n<\/li>\n<li>\n<h4>Solution \u00e9conomique<\/h4>\n<p>\u00c9conomies \u00e0 long terme : r\u00e9duit consid\u00e9rablement les co\u00fbts d\u2019investissement et d\u2019exploitation, tout en pr\u00e9venant les pannes d\u2019\u00e9quipement et en prolongeant la dur\u00e9e de vie des produits.<\/p>\n<\/li>\n<li>\n<h4>Co\u00fbts de maintenance r\u00e9duits<\/h4>\n<p>Moins d\u2019usure : avec moins de fluctuations de d\u00e9bit et de pression, les pompes et autres composants subissent moins de contraintes. Cela r\u00e9duit les besoins en maintenance et prolonge la dur\u00e9e de vie des \u00e9quipements.<\/p>\n<\/li>\n<li>\n<h4>S\u00e9curit\u00e9 am\u00e9lior\u00e9e<\/h4>\n<p>En assurant un d\u00e9bit constant, le risque de d\u00e9faillance du syst\u00e8me d\u00fb aux surpressions ou variations de pression est minimis\u00e9, renfor\u00e7ant ainsi la s\u00e9curit\u00e9 globale.<\/p>\n<\/li>\n<li>\n<h4>R\u00e9duction de la consommation d\u2019eau<\/h4>\n<p>Ces limiteurs maintiennent un d\u00e9bit stable, favorisant une meilleure gestion de l\u2019eau et des \u00e9conomies durables.<\/p>\n<\/li>\n<li>\n<h4>Adapt\u00e9s aux eaux de mauvaise qualit\u00e9<\/h4>\n<p>Principalement con\u00e7us pour les applications d\u2019eau, les limiteurs BT-Maric excellent dans la gestion des eaux de mauvaise qualit\u00e9. Leur \u00e9l\u00e9ment en caoutchouc flexible minimise les blocages et la formation de tartre.<\/p>\n<\/li>\n<li>\n<h4>Efficacit\u00e9 \u00e9nerg\u00e9tique<\/h4>\n<p>Les limiteurs de d\u00e9bit BT-Maric sont 100 % m\u00e9caniques et autor\u00e9gul\u00e9s, ne n\u00e9cessitant aucune \u00e9nergie suppl\u00e9mentaire pour fonctionner.<\/p>\n<\/li>\n<li>\n<h4>Conformit\u00e9 aux normes industrielles et de qualit\u00e9 reconnues<\/h4>\n<p>Ils r\u00e9pondent aux exigences des normes ISO 9001:2015, ISO 14001:2015, au Certificat de Conformit\u00e9 Sanitaire fran\u00e7ais (ACS) et aux standards des autorit\u00e9s australiennes pour l\u2019eau potable.<\/p>\n<\/li>\n<\/ul>\n\n\t\t<\/div>\n\t\t\t\t\t<\/div>\n\n\t\n\n<\/div>\n\n\t\t<\/div>\n\n\t\t\n<style>\n#section_174467751 {\n  padding-top: 30px;\n  padding-bottom: 30px;\n}\n<\/style>\n\t<\/section>\n\t\n\n  <div class=\"banner has-hover has-parallax\" id=\"banner-1002366539\">\n          <div class=\"banner-inner fill\">\n        <div class=\"banner-bg fill\" data-parallax=\"-2\" data-parallax-container=\".banner\" data-parallax-background>\n            <img loading=\"lazy\" decoding=\"async\" width=\"1920\" height=\"480\" src=\"https:\/\/brt.image.ee\/wp-content\/uploads\/banner-bg-most-economical-and-compact-solution.jpg\" class=\"bg attachment-original size-original\" alt=\"\" \/>                                    \n                    <\/div>\n\t\t\n        <div class=\"banner-layers container\">\n            <div class=\"fill banner-link\"><\/div>            \n\n   <div id=\"text-box-2143209627\" class=\"text-box banner-layer x50 md-x50 lg-x50 y50 md-y50 lg-y50 res-text\">\n                                <div class=\"text-box-content text \">\n              \n              <div class=\"text-inner text-center\">\n                  \n\n<p class=\"banner-text lead\"><strong>Vous voulez en savoir plus sur les performances de nos limiteurs de d\u00e9bit ?<br \/><\/strong><strong>D\u00e9couvrez nos \u00e9tudes de cas et comment nos solutions OEM produisent des r\u00e9sultats concrets.<\/strong><\/p>\n<a href=\"\/fr\/etudes-de-cas\/\" class=\"button primary button-black\"  >\n\t\t<span>\u00c9tudes de Cas<\/span>\n\t<\/a>\n\n\n<a href=\"\/fr\/limiteur-de-debit\/solutions-sur-mesure-pour-fabricants-oem\/\" class=\"button primary button-black\"  >\n\t\t<span>Solutions OEM<\/span>\n\t<\/a>\n\n\n\n              <\/div>\n           <\/div>\n                            \n<style>\n#text-box-2143209627 .text-box-content {\n  background-color: rgba(255, 255, 255, 0.75);\n  font-size: 100%;\n}\n#text-box-2143209627 .text-inner {\n  padding: 2px 10px 10px 10px;\n}\n#text-box-2143209627 {\n  width: 80%;\n}\n<\/style>\n    <\/div>\n \n\n        <\/div>\n      <\/div>\n\n            \n<style>\n#banner-1002366539 {\n  padding-top: 300px;\n  background-color: rgb(255,255,255);\n}\n<\/style>\n  <\/div>\n\n\n\n\t<section class=\"section bg-yellow\" id=\"section_2005042004\">\n\t\t<div class=\"section-bg fill\" >\n\t\t\t\t\t\t\t\t\t\n\t\t\t\n\n\t\t<\/div>\n\n\t\t\n\n\t\t<div class=\"section-content relative\">\n\t\t\t\n\n\t<div id=\"gap-1059997854\" class=\"gap-element clearfix\" style=\"display:block; height:auto;\">\n\t\t\n<style>\n#gap-1059997854 {\n  padding-top: 30px;\n}\n<\/style>\n\t<\/div>\n\t\n\n<div class=\"row row-collapse align-center\"  id=\"row-955692842\">\n\n\n\t<div id=\"col-1934569372\" class=\"col medium-9 small-12 large-9\"  >\n\t\t\t\t<div class=\"col-inner\"  >\n\t\t\t\n\t\t\t\n\n\t<div id=\"text-3693162084\" class=\"text\">\n\t\t\n\n<h2>Des questions ? Nous avons les r\u00e9ponses !<\/h2>\n<p class=\"lead\">Contactez notre \u00e9quipe commerciale pour en savoir plus sur nos Limiteurs de d\u00e9bit BT-Maric , ou consultez notre FAQ (Foire aux questions) pour trouver les informations dont vous avez besoin. Nous sommes l\u00e0 pour vous aider\u00a0!<\/p>\n\n\t\t\n<style>\n#text-3693162084 {\n  text-align: center;\n}\n<\/style>\n\t<\/div>\n\t\n\n\t\t<\/div>\n\t\t\t\t\t<\/div>\n\n\t\n\n<\/div>\n<div class=\"row align-middle align-center\"  id=\"row-35796609\">\n\n\n\t<div id=\"col-1356846794\" class=\"col medium-4 small-12 large-4\"  >\n\t\t\t\t<div class=\"col-inner\"  >\n\t\t\t\n\t\t\t\n\n\t<div class=\"box has-hover   has-hover box-text-bottom\" >\n\n\t\t<div class=\"box-image\" style=\"width:40%;\">\n\t\t\t<a href=\"\/fr\/nous-contacter\/\" >\t\t\t<div class=\"\" >\n\t\t\t\t<img loading=\"lazy\" decoding=\"async\" width=\"220\" height=\"220\" src=\"https:\/\/brt.image.ee\/wp-content\/uploads\/icon-learn-more-contact-us.png\" class=\"attachment-original size-original\" alt=\"\" \/>\t\t\t\t\t\t\t\t\t\t\t<\/div>\n\t\t\t<\/a>\t\t<\/div>\n\n\t\t<div class=\"box-text text-center is-large\" >\n\t\t\t<div class=\"box-text-inner\">\n\t\t\t\t\n\n<p class=\"uppercase\"><a href=\"https:\/\/brt.image.ee\/fr\/nous-contacter\/\">NOUS CONTACTER<\/a><\/p>\n\n\t\t\t<\/div>\n\t\t<\/div>\n\t<\/div>\n\t\n\n\n\t\t<\/div>\n\t\t\t\t\t<\/div>\n\n\t\n\n\t<div id=\"col-1230080417\" class=\"col medium-4 small-12 large-4\"  >\n\t\t\t\t<div class=\"col-inner\"  >\n\t\t\t\n\t\t\t\n\n\t<div class=\"box has-hover   has-hover box-text-bottom\" >\n\n\t\t<div class=\"box-image\" style=\"width:40%;\">\n\t\t\t<a href=\"\/fr\/limiteur-de-debit\/foires-aux-questions\/\" >\t\t\t<div class=\"\" >\n\t\t\t\t<img loading=\"lazy\" decoding=\"async\" width=\"220\" height=\"220\" src=\"https:\/\/brt.image.ee\/wp-content\/uploads\/icon-learn-more-questions-answers.png\" class=\"attachment-original size-original\" alt=\"\" \/>\t\t\t\t\t\t\t\t\t\t\t<\/div>\n\t\t\t<\/a>\t\t<\/div>\n\n\t\t<div class=\"box-text text-center is-large\" >\n\t\t\t<div class=\"box-text-inner\">\n\t\t\t\t\n\n<p class=\"uppercase\"><a href=\"\/fr\/limiteur-de-debit\/foires-aux-questions\/\">FOIRES AUX QUESTIONS<\/a><\/p>\n\n\t\t\t<\/div>\n\t\t<\/div>\n\t<\/div>\n\t\n\n\n\t\t<\/div>\n\t\t\t\t\t<\/div>\n\n\t\n\n\t<div id=\"col-1244124307\" class=\"col medium-4 small-12 large-4\"  >\n\t\t\t\t<div class=\"col-inner\"  >\n\t\t\t\n\t\t\t\n\n\t<div class=\"box has-hover   has-hover box-text-bottom\" >\n\n\t\t<div class=\"box-image\" style=\"width:40%;\">\n\t\t\t<a href=\"\/fr\/instructions-video\/\" >\t\t\t<div class=\"\" >\n\t\t\t\t<img loading=\"lazy\" decoding=\"async\" width=\"220\" height=\"220\" src=\"https:\/\/brt.image.ee\/wp-content\/uploads\/icon-learn-more-videos.png\" class=\"attachment-original size-original\" alt=\"\" \/>\t\t\t\t\t\t\t\t\t\t\t<\/div>\n\t\t\t<\/a>\t\t<\/div>\n\n\t\t<div class=\"box-text text-center is-large\" >\n\t\t\t<div class=\"box-text-inner\">\n\t\t\t\t\n\n<p class=\"uppercase\"><a href=\"https:\/\/brt.image.ee\/fr\/instructions-video\/\" rel=\"noopener\">VIDEOS<\/a><\/p>\n\n\t\t\t<\/div>\n\t\t<\/div>\n\t<\/div>\n\t\n\n\n\t\t<\/div>\n\t\t\t\t\t<\/div>\n\n\t\n\n\n<style>\n#row-35796609 > .col > .col-inner {\n  padding: 30px 0px 0px 0px;\n}\n<\/style>\n<\/div>\n\n\t\t<\/div>\n\n\t\t\n<style>\n#section_2005042004 {\n  padding-top: 0px;\n  padding-bottom: 0px;\n}\n<\/style>\n\t<\/section>\n\t\n\n\t<div id=\"gap-1698227958\" class=\"gap-element clearfix\" style=\"display:block; height:auto;\">\n\t\t\n<style>\n#gap-1698227958 {\n  padding-top: 30px;\n}\n<\/style>\n\t<\/div>\n\t\n\n\n\t<section class=\"section\" id=\"section_574862421\">\n\t\t<div class=\"section-bg fill\" >\n\t\t\t\t\t\t\t\t\t\n\t\t\t\n\n\t\t<\/div>\n\n\t\t\n\n\t\t<div class=\"section-content relative\">\n\t\t\t\n\n<div class=\"container section-title-container\" ><h2 class=\"section-title section-title-center\"><b><\/b><span class=\"section-title-main\" >En savoir plus<\/span><b><\/b><\/h2><\/div>\n\n<div class=\"row\"  id=\"row-242045340\">\n\n\n\t<div id=\"col-808825217\" class=\"col medium-4 small-12 large-4\"  >\n\t\t\t\t<div class=\"col-inner\"  >\n\t\t\t\n\t\t\t\n\n\t<div class=\"box has-hover   has-hover box-text-bottom\" >\n\n\t\t<div class=\"box-image\" style=\"width:40%;\">\n\t\t\t<a href=\"\/fr\/applications-de-nos-regulateurs-de-debet\/\" >\t\t\t<div class=\"\" >\n\t\t\t\t<img loading=\"lazy\" decoding=\"async\" width=\"220\" height=\"220\" src=\"https:\/\/brt.image.ee\/wp-content\/uploads\/icon-learn-more-applications.png\" class=\"attachment-original size-original\" alt=\"\" \/>\t\t\t\t\t\t\t\t\t\t\t<\/div>\n\t\t\t<\/a>\t\t<\/div>\n\n\t\t<div class=\"box-text text-center is-large\" >\n\t\t\t<div class=\"box-text-inner\">\n\t\t\t\t\n\n<p class=\"uppercase\"><a href=\"https:\/\/brt.image.ee\/fr\/applications-de-nos-regulateurs-de-debet\/\">APPLICATIONS<\/a><\/p>\n\n\t\t\t<\/div>\n\t\t<\/div>\n\t<\/div>\n\t\n\n\n\t\t<\/div>\n\t\t\t\t\t<\/div>\n\n\t\n\n\t<div id=\"col-667463269\" class=\"col medium-4 small-12 large-4\"  >\n\t\t\t\t<div class=\"col-inner\"  >\n\t\t\t\n\t\t\t\n\n\t<div class=\"box has-hover   has-hover box-text-bottom\" >\n\n\t\t<div class=\"box-image\" style=\"width:40%;\">\n\t\t\t<a href=\"\/fr\/etudes-de-cas\/\" >\t\t\t<div class=\"\" >\n\t\t\t\t<img loading=\"lazy\" decoding=\"async\" width=\"220\" height=\"220\" src=\"https:\/\/brt.image.ee\/wp-content\/uploads\/icon-learn-more-case-studies.png\" class=\"attachment-original size-original\" alt=\"\" \/>\t\t\t\t\t\t\t\t\t\t\t<\/div>\n\t\t\t<\/a>\t\t<\/div>\n\n\t\t<div class=\"box-text text-center is-large\" >\n\t\t\t<div class=\"box-text-inner\">\n\t\t\t\t\r\n\r\n<p class=\"uppercase\"><a href=\"https:\/\/brt.image.ee\/fr\/etudes-de-cas\/\">\u00c9TUDES DE CAS<\/a><\/p>\r\n\r\n\t\t\t<\/div>\n\t\t<\/div>\n\t<\/div>\n\t\n\n\n\t\t<\/div>\n\t\t\t\t\t<\/div>\n\n\t\n\n\t<div id=\"col-879318500\" class=\"col medium-4 small-12 large-4\"  >\n\t\t\t\t<div class=\"col-inner\"  >\n\t\t\t\n\t\t\t\n\n\t<div class=\"box has-hover   has-hover box-text-bottom\" >\n\n\t\t<div class=\"box-image\" style=\"width:40%;\">\n\t\t\t<a href=\"\/fr\/limiteur-de-debit\/solutions-sur-mesure-pour-fabricants-oem\/\" >\t\t\t<div class=\"\" >\n\t\t\t\t<img loading=\"lazy\" decoding=\"async\" width=\"220\" height=\"220\" src=\"https:\/\/brt.image.ee\/wp-content\/uploads\/icon-learn-more-tailor-made-oem.png\" class=\"attachment-original size-original\" alt=\"\" \/>\t\t\t\t\t\t\t\t\t\t\t<\/div>\n\t\t\t<\/a>\t\t<\/div>\n\n\t\t<div class=\"box-text text-center is-large\" >\n\t\t\t<div class=\"box-text-inner\">\n\t\t\t\t\n\n<p class=\"uppercase\"><a href=\"https:\/\/brt.image.ee\/fr\/limiteur-de-debit\/solutions-sur-mesure-pour-fabricants-oem\/\">Solutions OEM<\/a><\/p>\n\n\t\t\t<\/div>\n\t\t<\/div>\n\t<\/div>\n\t\n\n\n\t\t<\/div>\n\t\t\t\t\t<\/div>\n\n\t\n\n<\/div>\n<div class=\"row\"  id=\"row-1908693708\">\n\n\n\t<div id=\"col-1420900869\" class=\"col medium-4 small-12 large-4\"  >\n\t\t\t\t<div class=\"col-inner\"  >\n\t\t\t\n\t\t\t\n\n\t<div class=\"box has-hover   has-hover box-text-bottom\" >\n\n\t\t<div class=\"box-image\" style=\"width:40%;\">\n\t\t\t<a href=\"\/fr\/informations-et-actualites\/\" >\t\t\t<div class=\"\" >\n\t\t\t\t<img loading=\"lazy\" decoding=\"async\" width=\"220\" height=\"220\" src=\"https:\/\/brt.image.ee\/wp-content\/uploads\/icon-learn-more-news.png\" class=\"attachment-original size-original\" alt=\"\" \/>\t\t\t\t\t\t\t\t\t\t\t<\/div>\n\t\t\t<\/a>\t\t<\/div>\n\n\t\t<div class=\"box-text text-center is-large\" >\n\t\t\t<div class=\"box-text-inner\">\n\t\t\t\t\n\n<p class=\"uppercase\"><a href=\"https:\/\/brt.image.ee\/fr\/informations-et-actualites\/\">NOUVELLES<\/a><\/p>\n\n\t\t\t<\/div>\n\t\t<\/div>\n\t<\/div>\n\t\n\n\n\t\t<\/div>\n\t\t\t\t\t<\/div>\n\n\t\n\n\t<div id=\"col-2142549130\" class=\"col medium-4 small-12 large-4\"  >\n\t\t\t\t<div class=\"col-inner\"  >\n\t\t\t\n\t\t\t\n\n\t<div class=\"box has-hover   has-hover box-text-bottom\" >\n\n\t\t<div class=\"box-image\" style=\"width:40%;\">\n\t\t\t<a href=\"\/fr\/ressources\/\" >\t\t\t<div class=\"\" >\n\t\t\t\t<img loading=\"lazy\" decoding=\"async\" width=\"220\" height=\"220\" src=\"https:\/\/brt.image.ee\/wp-content\/uploads\/icon-learn-more-info-hub.png\" class=\"attachment-original size-original\" alt=\"\" \/>\t\t\t\t\t\t\t\t\t\t\t<\/div>\n\t\t\t<\/a>\t\t<\/div>\n\n\t\t<div class=\"box-text text-center is-large\" >\n\t\t\t<div class=\"box-text-inner\">\n\t\t\t\t\n\n<p class=\"uppercase\"><a href=\"https:\/\/brt.image.ee\/fr\/ressources\/\">Ressources<\/a><\/p>\n\n\t\t\t<\/div>\n\t\t<\/div>\n\t<\/div>\n\t\n\n\n\t\t<\/div>\n\t\t\t\t\t<\/div>\n\n\t\n\n\t<div id=\"col-1104761875\" class=\"col medium-4 small-12 large-4\"  >\n\t\t\t\t<div class=\"col-inner\"  >\n\t\t\t\n\t\t\t\n\n\t<div class=\"box has-hover   has-hover box-text-bottom\" >\n\n\t\t<div class=\"box-image\" style=\"width:40%;\">\n\t\t\t<a href=\"\/fr\/nous-contacter\/demande-de-devis\/\" >\t\t\t<div class=\"\" >\n\t\t\t\t<img loading=\"lazy\" decoding=\"async\" width=\"220\" height=\"220\" src=\"https:\/\/brt.image.ee\/wp-content\/uploads\/icon-learn-more-request-for-quatation.png\" class=\"attachment-original size-original\" alt=\"learn more\" \/>\t\t\t\t\t\t\t\t\t\t\t<\/div>\n\t\t\t<\/a>\t\t<\/div>\n\n\t\t<div class=\"box-text text-center is-large\" >\n\t\t\t<div class=\"box-text-inner\">\n\t\t\t\t\n\n<p class=\"uppercase\"><a href=\"https:\/\/brt.image.ee\/fr\/nous-contacter\/demande-de-devis\/\">DEMANDE DE DEVIS<\/a><\/p>\n\n\t\t\t<\/div>\n\t\t<\/div>\n\t<\/div>\n\t\n\n\n\t\t<\/div>\n\t\t\t\t\t<\/div>\n\n\t\n\n<\/div>\n\n\t\t<\/div>\n\n\t\t\n<style>\n#section_574862421 {\n  padding-top: 30px;\n  padding-bottom: 30px;\n}\n<\/style>\n\t<\/section>\n\t\n\t<div id=\"gap-857873895\" class=\"gap-element clearfix\" style=\"display:block; height:auto;\">\n\t\t\n<style>\n#gap-857873895 {\n  padding-top: 40px;\n}\n<\/style>\n\t<\/div>\n\t\n\n\n\n\n<p><\/p>\n","protected":false},"excerpt":{"rendered":"","protected":false},"author":8,"featured_media":0,"parent":0,"menu_order":0,"comment_status":"closed","ping_status":"closed","template":"page-blank.php","meta":{"footnotes":""},"class_list":["post-2087","page","type-page","status-publish","hentry"],"_links":{"self":[{"href":"https:\/\/brt.image.ee\/fr\/wp-json\/wp\/v2\/pages\/2087","targetHints":{"allow":["GET"]}}],"collection":[{"href":"https:\/\/brt.image.ee\/fr\/wp-json\/wp\/v2\/pages"}],"about":[{"href":"https:\/\/brt.image.ee\/fr\/wp-json\/wp\/v2\/types\/page"}],"author":[{"embeddable":true,"href":"https:\/\/brt.image.ee\/fr\/wp-json\/wp\/v2\/users\/8"}],"replies":[{"embeddable":true,"href":"https:\/\/brt.image.ee\/fr\/wp-json\/wp\/v2\/comments?post=2087"}],"version-history":[{"count":0,"href":"https:\/\/brt.image.ee\/fr\/wp-json\/wp\/v2\/pages\/2087\/revisions"}],"wp:attachment":[{"href":"https:\/\/brt.image.ee\/fr\/wp-json\/wp\/v2\/media?parent=2087"}],"curies":[{"name":"wp","href":"https:\/\/api.w.org\/{rel}","templated":true}]}}