{"id":2090,"date":"2025-04-17T13:25:19","date_gmt":"2025-04-17T11:25:19","guid":{"rendered":"https:\/\/brt.image.ee\/?page_id=2090"},"modified":"2025-07-20T16:27:24","modified_gmt":"2025-07-20T14:27:24","slug":"solutions-sur-mesure-pour-fabricants-oem","status":"publish","type":"page","link":"https:\/\/brt.image.ee\/fr\/limiteur-de-debit\/solutions-sur-mesure-pour-fabricants-oem\/","title":{"rendered":"Solutions sur mesure pour fabricants OEM"},"content":{"rendered":"\n\t<div id=\"gap-1544076922\" class=\"gap-element clearfix\" style=\"display:block; height:auto;\">\n\t\t\n<style>\n#gap-1544076922 {\n  padding-top: 50px;\n}\n<\/style>\n\t<\/div>\n\t\n\n<div class=\"row align-center\"  id=\"row-1424604608\">\n\n\n\t<div id=\"col-1372260831\" class=\"col small-12 large-12\"  >\n\t\t\t\t<div class=\"col-inner text-center\"  >\n\t\t\t\n\t\t\t\n\n\t<div id=\"text-1703324456\" class=\"text\">\n\t\t\n\n<h1>Solutions sur mesure pour fabricants OEM<br \/>\u2013 pour r\u00e9pondre aux d\u00e9fis de vos clients.<\/h1>\n<p class=\"lead\">Bertfelt Teknik propose la plus large gamme de limiteurs de d\u00e9bit pr\u00e9r\u00e9gl\u00e9s, ind\u00e9pendants de la pression, sur le march\u00e9. Nous offrons des milliers de limiteurs pour usage industriel, permettant d\u2019\u00e9conomiser l\u2019eau et d\u2019optimiser l\u2019efficacit\u00e9 des produits et processus. <br \/>Nous proposons \u00e9galement des solutions OEM sur mesure, afin de r\u00e9pondre aux d\u00e9fis sp\u00e9cifiques de vos clients.<\/p>\n\n\t\t\n<style>\n#text-1703324456 {\n  text-align: center;\n}\n<\/style>\n\t<\/div>\n\t\n\n\t\t<\/div>\n\t\t\t\t\t<\/div>\n\n\t\n\n<\/div>\n<div class=\"container section-title-container\" ><h2 class=\"section-title section-title-center\"><b><\/b><span class=\"section-title-main\" >Nos solutions r\u00e9pondent aux exigences tr\u00e8s sp\u00e9cifiques de nos clients<\/span><b><\/b><\/h2><\/div>\n\n\n\t<section class=\"section\" id=\"section_457972583\">\n\t\t<div class=\"section-bg fill\" >\n\t\t\t<img loading=\"lazy\" decoding=\"async\" width=\"700\" height=\"393\" src=\"https:\/\/brt.image.ee\/wp-content\/uploads\/banner-bg-oem-manufacturers.jpg\" class=\"bg attachment- size-\" alt=\"\" \/>\t\t\t\t\t\t\n\t\t\t\n\n\t\t<\/div>\n\n\t\t\n\n\t\t<div class=\"section-content relative\">\n\t\t\t\n\n<div class=\"row row-collapse align-middle align-center\"  id=\"row-1551232342\">\n\n\n\t<div id=\"col-284471681\" class=\"col medium-9 small-12 large-9\"  >\n\t\t\t\t<div class=\"col-inner\"  >\n\t\t\t\n\t\t\t\n\n<h3>Les fabricants OEM sont souvent confront\u00e9s aux d\u00e9fis suivants<\/h3>\n<ul class=\"bullet-checked\">\n<li><strong>\u00c8conomiser de l\u2019eau<\/strong> (minimiser) et\/ou optimiser la consommation d\u2019eau de leurs \u00e9quipements.<\/li>\n<li>Fournir des \u00e9quipements avec un <strong>d\u00e9bit d\u2019eau pr\u00e9cis<\/strong> qui ne change pas dans le temps.<\/li>\n<li>L\u2019installation de leurs \u00e9quipements sur les sites des clients dont la <strong>pression d\u2019eau varie<\/strong> et \u00e9volue dans le temps.<\/li>\n<li>Le fonctionnement de leurs \u00e9quipements dans des conditions tr\u00e8s difficiles: parfois \u00e0 tr\u00e8s <strong>basse pression<\/strong> (inf\u00e9rieure \u00e0 1 bar) ou tr\u00e8s <strong>haute pression<\/strong> (sup\u00e9rieure \u00e0 10 bar).<\/li>\n<li><strong>Ayant tr\u00e8s peu d\u2019espace physique disponible<\/strong> dans leur \u00e9quipement pour que les limiteurs puissent contr\u00f4ler le d\u00e9bit.<\/li>\n<li>Exigences du client ou de ses propres exigences en termes de <strong>tra\u00e7abilit\u00e9\/marquage<\/strong>.<\/li>\n<li>R\u00e9aliser une cha\u00eene d\u2019approvisionnement efficace, flexible et <strong>fiable pour les composants<\/strong>.<\/li>\n<\/ul>\n<p><strong>\u2013 Bertfelt Teknik rel\u00e8ve ces d\u00e9fis avec les limiteurs de d\u00e9bit d\u2019eau constant pr\u00e9-d\u00e9termin\u00e9 BT-Maric!<\/strong><\/p>\n\n\n\t\t<\/div>\n\t\t\t\t\t<\/div>\n\n\t\n\n\n<style>\n#row-1551232342 > .col > .col-inner {\n  padding: 30px 20px 10px 40px;\n  background-color: rgba(255, 255, 255, 0.75);\n}\n<\/style>\n<\/div>\n\n\t\t<\/div>\n\n\t\t\n<style>\n#section_457972583 {\n  padding-top: 30px;\n  padding-bottom: 30px;\n}\n<\/style>\n\t<\/section>\n\t\n\n\t<section class=\"section\" id=\"section_209966709\">\n\t\t<div class=\"section-bg fill\" >\n\t\t\t\t\t\t\t\t\t\n\t\t\t\n\n\t\t<\/div>\n\n\t\t\n\n\t\t<div class=\"section-content relative\">\n\t\t\t\n\n<div class=\"row align-center\"  id=\"row-564953158\">\n\n\n\t<div id=\"col-1969122041\" class=\"col small-12 large-12\"  >\n\t\t\t\t<div class=\"col-inner\"  >\n\t\t\t\n\t\t\t\n\n<div class=\"container section-title-container\" ><h2 class=\"section-title section-title-center\"><b><\/b><span class=\"section-title-main\" >Un d\u00e9bit pr\u00e9-r\u00e9gl\u00e9, ind\u00e9pendamment de la pression<\/span><b><\/b><\/h2><\/div>\n\n\n\t\t<\/div>\n\t\t\t\t\t<\/div>\n\n\t\n\n<\/div>\n<div class=\"row row-collapse align-middle reverse\"  id=\"row-1979527674\">\n\n\n\t<div id=\"col-782777093\" class=\"col medium-6 small-12 large-6\"  >\n\t\t\t\t<div class=\"col-inner\"  >\n\t\t\t\n\t\t\t\n\n\t<div class=\"img has-hover x md-x lg-x y md-y lg-y\" id=\"image_1083174164\">\n\t\t\t\t\t\t\t\t<div class=\"img-inner dark\" >\n\t\t\t<img loading=\"lazy\" decoding=\"async\" width=\"570\" height=\"440\" src=\"https:\/\/brt.image.ee\/wp-content\/uploads\/pre-set-flow-rate-01-570x440.jpg\" class=\"attachment-medium size-medium\" alt=\"\" srcset=\"https:\/\/brt.image.ee\/wp-content\/uploads\/pre-set-flow-rate-01-570x440.jpg 570w, https:\/\/brt.image.ee\/wp-content\/uploads\/pre-set-flow-rate-01-768x593.jpg 768w, https:\/\/brt.image.ee\/wp-content\/uploads\/pre-set-flow-rate-01.jpg 1140w\" sizes=\"auto, (max-width: 570px) 100vw, 570px\" \/>\t\t\t\t\t\t\n\t\t\t\t\t<\/div>\n\t\t\t\t\t\t\t\t\n<style>\n#image_1083174164 {\n  width: 100%;\n}\n<\/style>\n\t<\/div>\n\t\n\n\n\t\t<\/div>\n\t\t\t\t\t<\/div>\n\n\t\n\n\t<div id=\"col-2146431719\" class=\"col cbtextleft medium-6 small-12 large-6\"  >\n\t\t\t\t<div class=\"col-inner\"  >\n\t\t\t\n\t\t\t\n\n<h3 class=\"uppercase\">Un d\u00e9bit pr\u00e9-r\u00e9gl\u00e9 pr\u00e9cis<\/h3>\n<p>Depuis plus de 30 ans, Bertfelt Teknik AB collabore avec des fabricants OEM. Nous fournissons des limiteurs de d\u00e9bit d\u2019eau constant, pr\u00e9-r\u00e9gl\u00e9s et pr\u00e9cis, ind\u00e9pendamment de la pression.<\/p>\n<p>Par exemple, notre client Osmoflo a utilis\u00e9 nos limiteurs de d\u00e9bit pour contr\u00f4ler le d\u00e9bit dans leur usine de traitement d\u2019eau par osmose inverse.<\/p>\n\n\t\t<\/div>\n\t\t\t\t\t<\/div>\n\n\t\n\n<\/div>\n<div class=\"row row-collapse align-middle\"  id=\"row-2094695695\">\n\n\n\t<div id=\"col-531683791\" class=\"col medium-6 small-12 large-6\"  >\n\t\t\t\t<div class=\"col-inner\"  >\n\t\t\t\n\t\t\t\n\n\t<div class=\"img has-hover x md-x lg-x y md-y lg-y\" id=\"image_1027113791\">\n\t\t\t\t\t\t\t\t<div class=\"img-inner dark\" >\n\t\t\t<img loading=\"lazy\" decoding=\"async\" width=\"570\" height=\"440\" src=\"https:\/\/brt.image.ee\/wp-content\/uploads\/pre-set-flow-rate-02-570x440.jpg\" class=\"attachment-medium size-medium\" alt=\"\" srcset=\"https:\/\/brt.image.ee\/wp-content\/uploads\/pre-set-flow-rate-02-570x440.jpg 570w, https:\/\/brt.image.ee\/wp-content\/uploads\/pre-set-flow-rate-02-768x593.jpg 768w, https:\/\/brt.image.ee\/wp-content\/uploads\/pre-set-flow-rate-02.jpg 1140w\" sizes=\"auto, (max-width: 570px) 100vw, 570px\" \/>\t\t\t\t\t\t\n\t\t\t\t\t<\/div>\n\t\t\t\t\t\t\t\t\n<style>\n#image_1027113791 {\n  width: 100%;\n}\n<\/style>\n\t<\/div>\n\t\n\n\n\t\t<\/div>\n\t\t\t\t\t<\/div>\n\n\t\n\n\t<div id=\"col-1975590624\" class=\"col cbtextright medium-6 small-12 large-6\"  >\n\t\t\t\t<div class=\"col-inner\"  >\n\t\t\t\n\t\t\t\n\n<h3 class=\"uppercase\">Solutions sur mesure<\/h3>\n<p>La gamme de produits est large et compl\u00e8te, avec de nombreux d\u00e9bits standard allant de 0,15 L\/min \u00e0 13 500 L\/min (DN6-DN400), augmentant par petites \u00e9tapes. Cependant, si vous ne trouvez pas les limiteurs de d\u00e9bit constant adapt\u00e9s \u00e0 vos besoins, veuillez nous contacter. Souvent, nous d\u00e9veloppons des solutions sur mesure pour r\u00e9pondre aux exigences tr\u00e8s sp\u00e9cifiques de nos clients.<\/p>\n\n\n\t\t<\/div>\n\t\t\t\t\t<\/div>\n\n\t\n\n<\/div>\n\n\t\t<\/div>\n\n\t\t\n<style>\n#section_209966709 {\n  padding-top: 30px;\n  padding-bottom: 30px;\n}\n<\/style>\n\t<\/section>\n\t\n\t<div id=\"gap-395401148\" class=\"gap-element clearfix\" style=\"display:block; height:auto;\">\n\t\t\n<style>\n#gap-395401148 {\n  padding-top: 30px;\n}\n<\/style>\n\t<\/div>\n\t\n\n\n\t<section class=\"section bg-fill\" id=\"section_1630888669\">\n\t\t<div class=\"section-bg fill\" >\n\t\t\t\t\t\t\t\t\t\n\t\t\t\n\n\t\t<\/div>\n\n\t\t\n\n\t\t<div class=\"section-content relative\">\n\t\t\t\n\n<div class=\"container section-title-container\" ><h2 class=\"section-title section-title-center\"><b><\/b><span class=\"section-title-main\" >Les solutions sur mesure apportent une valeur ajout\u00e9e \u00e0 votre application.<\/span><b><\/b><\/h2><\/div>\n\n<div class=\"row bg-yellow box-list\"  id=\"row-756033014\">\n\n\n\t<div id=\"col-358735327\" class=\"col small-12 large-12\"  >\n\t\t\t\t<div class=\"col-inner\"  >\n\t\t\t\n\t\t\t\n\n\t<div id=\"text-3372576938\" class=\"text\">\n\t\t\n\n<h3 style=\"text-align: center;\">Nous pouvons d\u00e9velopper des solutions qui r\u00e9pondent aux besoins les plus exigeants en :<\/h3>\n\n\t\t\n<style>\n#text-3372576938 {\n  text-align: center;\n}\n<\/style>\n\t<\/div>\n\t\n\n\t\t<\/div>\n\t\t\t\t\t<\/div>\n\n\t\n\n<\/div>\n<div class=\"row bg-yellow box-list\"  id=\"row-693287863\">\n\n\n\t<div id=\"col-776967158\" class=\"col medium-6 small-12 large-6\"  >\n\t\t\t\t<div class=\"col-inner\"  >\n\t\t\t\n\t\t\t\n\n<ul class=\"bullet-checked\">\n<li>\n<h4>Changeant le mat\u00e9riau du corps du limiteur de d\u00e9bit<br \/>\n<\/h4>\n<p>Le mat\u00e9riau standard des limiteurs de d\u00e9bit est le laiton, l\u2019U-PVC et <a href=\"https:\/\/fr.wikipedia.org\/wiki\/Acier_inoxydable\">l\u2019acier inoxydable (316)<\/a>. Pour des commandes sup\u00e9rieures \u00e0 100 pi\u00e8ces, nous proposons aussi d\u2019autres mat\u00e9riaux comme le duplex, le bronze, le titane, le POM-C ou le PP.<\/p>\n<\/li>\n<li>\n<h4>Personnalisant le corps du limiteur de d\u00e9bit pour un meilleur ajustement dans votre construction<br \/>\n<\/h4>\n<p>Beaucoup de nos clients ont des exigences particuli\u00e8res sur les dimensions des limiteurs de d\u00e9bit. Nous avons \u00e0 plusieurs reprises, en \u00e9troite collaboration avec nos clients, modifier notre conception de base pour mieux adapter nos limiteurs de d\u00e9bits aux caract\u00e9ristiques des \u00e9quipements de nos clients.<\/p>\n<\/li>\n<li>\n<h4>Personnalisant les informations marqu\u00e9es sur les limiteurs de d\u00e9bit<\/h4>\n<p>Le marquage standard sur nos limiteurs de d\u00e9bit est notre logo et les informations de votre commande mais nous sommes pr\u00eats \u00e0 discuter des alternatives pour mieux r\u00e9pondre \u00e0 vos besoins.<\/p>\n<\/li>\n<\/ul>\n\n\n\t\t<\/div>\n\t\t\t\t\t<\/div>\n\n\t\n\n\t<div id=\"col-931483335\" class=\"col medium-6 small-12 large-6\"  >\n\t\t\t\t<div class=\"col-inner\"  >\n\t\t\t\n\t\t\t\n\n<ul class=\"bullet-checked\">\n<li>\n<h4>Vous fournissant des limiteurs de d\u00e9bit pour des plages de pression sp\u00e9cifiques (hautes ou basses) qui r\u00e9pondent \u00e0 des exigences de performances sp\u00e9cifiques<\/h4>\n<p>Notre joint en caoutchouc standard est en nitrile et s\u2019appelle \u00ab\u202fPrecision\u202f\u00bb, avec une plage de pression diff\u00e9rentielle de 1,4 \u00e0 10 bars. Nous proposons \u00e9galement des limiteurs de d\u00e9bit pour des applications \u00e0 basse pression (d\u00e8s 0,4 bar) ou \u00e0 haute pression (jusqu\u2019\u00e0 20 bars).<\/p>\n<\/li>\n<li>\n<h4>D\u00e9veloppant avec votre entreprise une solution logistique efficace et long terme<\/h4>\n<p>Pour les fabricants OEM, nous d\u00e9veloppons des solutions logistiques efficaces et personnalis\u00e9es. Nous offrons des prix comp\u00e9titifs, des d\u00e9lais courts et une gestion de stock adapt\u00e9e aux volumes annuels.<\/p>\n<\/li>\n<\/ul>\n\n<div class=\"row row-collapse align-middle align-center\"  id=\"row-1317936492\">\n\n\n\t<div id=\"col-2010082752\" class=\"col small-12 large-12\"  >\n\t\t\t\t<div class=\"col-inner text-center\"  >\n\t\t\t\n\t\t\t\n\n\t<div class=\"img has-hover x md-x lg-x y md-y lg-y\" id=\"image_1031588124\">\n\t\t\t\t\t\t\t\t<div class=\"img-inner dark\" >\n\t\t\t<img loading=\"lazy\" decoding=\"async\" width=\"570\" height=\"528\" src=\"https:\/\/brt.image.ee\/wp-content\/uploads\/water-droplets-yellow-570x528.jpg\" class=\"attachment-medium size-medium\" alt=\"\" srcset=\"https:\/\/brt.image.ee\/wp-content\/uploads\/water-droplets-yellow-570x528.jpg 570w, https:\/\/brt.image.ee\/wp-content\/uploads\/water-droplets-yellow-1140x1055.jpg 1140w, https:\/\/brt.image.ee\/wp-content\/uploads\/water-droplets-yellow-768x711.jpg 768w, https:\/\/brt.image.ee\/wp-content\/uploads\/water-droplets-yellow.jpg 1200w\" sizes=\"auto, (max-width: 570px) 100vw, 570px\" \/>\t\t\t\t\t\t\n\t\t\t\t\t<\/div>\n\t\t\t\t\t\t\t\t\n<style>\n#image_1031588124 {\n  width: 36%;\n}\n<\/style>\n\t<\/div>\n\t\n\n\n\t\t<\/div>\n\t\t\t\t\t<\/div>\n\n\t\n\n<\/div>\n\n\t\t<\/div>\n\t\t\t\t\t<\/div>\n\n\t\n\n<\/div>\n\n\t\t<\/div>\n\n\t\t\n<style>\n#section_1630888669 {\n  padding-top: 30px;\n  padding-bottom: 30px;\n}\n<\/style>\n\t<\/section>\n\t\n\n\t<section class=\"section\" id=\"section_1286115332\">\n\t\t<div class=\"section-bg fill\" >\n\t\t\t<img loading=\"lazy\" decoding=\"async\" width=\"1920\" height=\"268\" src=\"https:\/\/brt.image.ee\/wp-content\/uploads\/banner-bg-bertfelt-teknik.jpg\" class=\"bg attachment-original size-original\" alt=\"\" \/>\t\t\t\t\t\t\n\t\t\t\n\n\t\t<\/div>\n\n\t\t\n\n\t\t<div class=\"section-content relative\">\n\t\t\t\n\n<div class=\"row row-collapse align-middle align-center\"  id=\"row-1896058047\">\n\n\n\t<div id=\"col-1441469923\" class=\"col medium-8 small-12 large-8\"  >\n\t\t\t\t<div class=\"col-inner\"  >\n\t\t\t\n\t\t\t\n\n<h2 class=\"banner-headline\">Bertfelt Teknik ajoute de la valeur \u00e0 votre produit et \u00e0 vos applications :<br \/>\n<\/h2>\n<ul>\n<li>vous fournissant un limiteur de d\u00e9bit constant pr\u00e9-r\u00e9gl\u00e9 adapt\u00e9 \u00e0 vos besoins sp\u00e9cifiques.<\/li>\n<li>vous fournissant des composants fiables, robustes, compacts et durables.<\/li>\n<li>vous fournissant une solution logistique adapt\u00e9e \u00e0 vos op\u00e9rations.<\/li>\n<\/ul>\n\n\n\t\t<\/div>\n\t\t\t\t\t<\/div>\n\n\t\n\n\n<style>\n#row-1896058047 > .col > .col-inner {\n  padding: 20px 20px 10px 20px;\n  background-color: rgba(255, 255, 255, 0.75);\n}\n<\/style>\n<\/div>\n\n\t\t<\/div>\n\n\t\t\n<style>\n#section_1286115332 {\n  padding-top: 20px;\n  padding-bottom: 20px;\n}\n<\/style>\n\t<\/section>\n\t\n\n\t<section class=\"section bg-yellow\" id=\"section_2071109543\">\n\t\t<div class=\"section-bg fill\" >\n\t\t\t\t\t\t\t\t\t\n\t\t\t\n\n\t\t<\/div>\n\n\t\t\n\n\t\t<div class=\"section-content relative\">\n\t\t\t\n\n\t<div id=\"gap-598259599\" class=\"gap-element clearfix\" style=\"display:block; height:auto;\">\n\t\t\n<style>\n#gap-598259599 {\n  padding-top: 50px;\n}\n<\/style>\n\t<\/div>\n\t\n\n<div class=\"row align-middle align-center\"  id=\"row-1610095800\">\n\n\n\t<div id=\"col-2009362469\" class=\"col medium-4 small-12 large-4\"  >\n\t\t\t\t<div class=\"col-inner\"  >\n\t\t\t\n\t\t\t\n\n\t<div class=\"box has-hover   has-hover box-text-bottom\" >\n\n\t\t<div class=\"box-image\" style=\"width:40%;\">\n\t\t\t<a href=\"\/fr\/nous-contacter\/\" >\t\t\t<div class=\"\" >\n\t\t\t\t<img loading=\"lazy\" decoding=\"async\" width=\"220\" height=\"220\" src=\"https:\/\/brt.image.ee\/wp-content\/uploads\/icon-learn-more-contact-us.png\" class=\"attachment-original size-original\" alt=\"\" \/>\t\t\t\t\t\t\t\t\t\t\t<\/div>\n\t\t\t<\/a>\t\t<\/div>\n\n\t\t<div class=\"box-text text-center is-large\" >\n\t\t\t<div class=\"box-text-inner\">\n\t\t\t\t\n\n<p class=\"uppercase\"><a href=\"https:\/\/brt.image.ee\/fr\/nous-contacter\/\">NOUS CONTACTER<\/a><\/p>\n\n\t\t\t<\/div>\n\t\t<\/div>\n\t<\/div>\n\t\n\n\n\t\t<\/div>\n\t\t\t\t\t<\/div>\n\n\t\n\n\t<div id=\"col-1825200227\" class=\"col medium-4 small-12 large-4\"  >\n\t\t\t\t<div class=\"col-inner\"  >\n\t\t\t\n\t\t\t\n\n\t<div class=\"box has-hover   has-hover box-text-bottom\" >\n\n\t\t<div class=\"box-image\" style=\"width:40%;\">\n\t\t\t<a href=\"\/fr\/limiteur-de-debit\/foires-aux-questions\/\" >\t\t\t<div class=\"\" >\n\t\t\t\t<img loading=\"lazy\" decoding=\"async\" width=\"220\" height=\"220\" src=\"https:\/\/brt.image.ee\/wp-content\/uploads\/icon-learn-more-questions-answers.png\" class=\"attachment-original size-original\" alt=\"\" \/>\t\t\t\t\t\t\t\t\t\t\t<\/div>\n\t\t\t<\/a>\t\t<\/div>\n\n\t\t<div class=\"box-text text-center is-large\" >\n\t\t\t<div class=\"box-text-inner\">\n\t\t\t\t\n\n<p class=\"uppercase\"><a href=\"\/fr\/limiteur-de-debit\/foires-aux-questions\/\">FOIRES AUX QUESTIONS<\/a><\/p>\n\n\t\t\t<\/div>\n\t\t<\/div>\n\t<\/div>\n\t\n\n\n\t\t<\/div>\n\t\t\t\t\t<\/div>\n\n\t\n\n\t<div id=\"col-1391588829\" class=\"col medium-4 small-12 large-4\"  >\n\t\t\t\t<div class=\"col-inner\"  >\n\t\t\t\n\t\t\t\n\n\t<div class=\"box has-hover   has-hover box-text-bottom\" >\n\n\t\t<div class=\"box-image\" style=\"width:40%;\">\n\t\t\t<a href=\"\/fr\/instructions-video\/\" >\t\t\t<div class=\"\" >\n\t\t\t\t<img loading=\"lazy\" decoding=\"async\" width=\"220\" height=\"220\" src=\"https:\/\/brt.image.ee\/wp-content\/uploads\/icon-learn-more-videos.png\" class=\"attachment-original size-original\" alt=\"\" \/>\t\t\t\t\t\t\t\t\t\t\t<\/div>\n\t\t\t<\/a>\t\t<\/div>\n\n\t\t<div class=\"box-text text-center is-large\" >\n\t\t\t<div class=\"box-text-inner\">\n\t\t\t\t\n\n<p class=\"uppercase\"><a href=\"https:\/\/brt.image.ee\/fr\/instructions-video\/\" rel=\"noopener\">VIDEOS<\/a><\/p>\n\n\t\t\t<\/div>\n\t\t<\/div>\n\t<\/div>\n\t\n\n\n\t\t<\/div>\n\t\t\t\t\t<\/div>\n\n\t\n\n<\/div>\n\n\t\t<\/div>\n\n\t\t\n<style>\n#section_2071109543 {\n  padding-top: 0px;\n  padding-bottom: 0px;\n}\n<\/style>\n\t<\/section>\n\t\n\n\t<section class=\"section\" id=\"section_1991660574\">\n\t\t<div class=\"section-bg fill\" >\n\t\t\t\t\t\t\t\t\t\n\t\t\t\n\n\t\t<\/div>\n\n\t\t\n\n\t\t<div class=\"section-content relative\">\n\t\t\t\n\n<div class=\"container section-title-container\" ><h2 class=\"section-title section-title-center\"><b><\/b><span class=\"section-title-main\" >En savoir plus<\/span><b><\/b><\/h2><\/div>\n\n<div class=\"row\"  id=\"row-982747885\">\n\n\n\t<div id=\"col-2017790347\" class=\"col medium-4 small-12 large-4\"  >\n\t\t\t\t<div class=\"col-inner\"  >\n\t\t\t\n\t\t\t\n\n\t<div class=\"box has-hover   has-hover box-text-bottom\" >\n\n\t\t<div class=\"box-image\" style=\"width:40%;\">\n\t\t\t<a href=\"\/fr\/applications-de-nos-regulateurs-de-debet\/\" >\t\t\t<div class=\"\" >\n\t\t\t\t<img loading=\"lazy\" decoding=\"async\" width=\"220\" height=\"220\" src=\"https:\/\/brt.image.ee\/wp-content\/uploads\/icon-learn-more-applications.png\" class=\"attachment-original size-original\" alt=\"\" \/>\t\t\t\t\t\t\t\t\t\t\t<\/div>\n\t\t\t<\/a>\t\t<\/div>\n\n\t\t<div class=\"box-text text-center is-large\" >\n\t\t\t<div class=\"box-text-inner\">\n\t\t\t\t\n\n<p class=\"uppercase\"><a href=\"https:\/\/brt.image.ee\/fr\/applications-de-nos-regulateurs-de-debet\/\">APPLICATIONS<\/a><\/p>\n\n\t\t\t<\/div>\n\t\t<\/div>\n\t<\/div>\n\t\n\n\n\t\t<\/div>\n\t\t\t\t\t<\/div>\n\n\t\n\n\t<div id=\"col-1146790966\" class=\"col medium-4 small-12 large-4\"  >\n\t\t\t\t<div class=\"col-inner\"  >\n\t\t\t\n\t\t\t\n\n\t<div class=\"box has-hover   has-hover box-text-bottom\" >\n\n\t\t<div class=\"box-image\" style=\"width:40%;\">\n\t\t\t<a href=\"\/fr\/etudes-de-cas\/\" >\t\t\t<div class=\"\" >\n\t\t\t\t<img loading=\"lazy\" decoding=\"async\" width=\"220\" height=\"220\" src=\"https:\/\/brt.image.ee\/wp-content\/uploads\/icon-learn-more-case-studies.png\" class=\"attachment-original size-original\" alt=\"\" \/>\t\t\t\t\t\t\t\t\t\t\t<\/div>\n\t\t\t<\/a>\t\t<\/div>\n\n\t\t<div class=\"box-text text-center is-large\" >\n\t\t\t<div class=\"box-text-inner\">\n\t\t\t\t\r\n\r\n<p class=\"uppercase\"><a href=\"https:\/\/brt.image.ee\/fr\/etudes-de-cas\/\">\u00c9TUDES DE CAS<\/a><\/p>\r\n\r\n\t\t\t<\/div>\n\t\t<\/div>\n\t<\/div>\n\t\n\n\n\t\t<\/div>\n\t\t\t\t\t<\/div>\n\n\t\n\n\t<div id=\"col-212341350\" class=\"col medium-4 small-12 large-4\"  >\n\t\t\t\t<div class=\"col-inner\"  >\n\t\t\t\n\t\t\t\n\n\t<div class=\"box has-hover   has-hover box-text-bottom\" >\n\n\t\t<div class=\"box-image\" style=\"width:40%;\">\n\t\t\t<a href=\"\/fr\/etudes-de-cas\/cas-economies-deau\/\" >\t\t\t<div class=\"\" >\n\t\t\t\t<img loading=\"lazy\" decoding=\"async\" width=\"220\" height=\"220\" src=\"https:\/\/brt.image.ee\/wp-content\/uploads\/icon-learn-more-how-to-save-water.png\" class=\"attachment-original size-original\" alt=\"\" \/>\t\t\t\t\t\t\t\t\t\t\t<\/div>\n\t\t\t<\/a>\t\t<\/div>\n\n\t\t<div class=\"box-text text-center is-large\" >\n\t\t\t<div class=\"box-text-inner\">\n\t\t\t\t\n\n<p class=\"uppercase\"><a href=\"https:\/\/brt.image.ee\/fr\/etudes-de-cas\/cas-economies-deau\/\">\u00c9CONOMIES D\u2019EAU<\/a><\/p>\n\n\t\t\t<\/div>\n\t\t<\/div>\n\t<\/div>\n\t\n\n\n\t\t<\/div>\n\t\t\t\t\t<\/div>\n\n\t\n\n<\/div>\n<div class=\"row\"  id=\"row-1189785946\">\n\n\n\t<div id=\"col-2082247030\" class=\"col medium-4 small-12 large-4\"  >\n\t\t\t\t<div class=\"col-inner\"  >\n\t\t\t\n\t\t\t\n\n\t<div class=\"box has-hover   has-hover box-text-bottom\" >\n\n\t\t<div class=\"box-image\" style=\"width:40%;\">\n\t\t\t<a href=\"\/fr\/informations-et-actualites\/\" >\t\t\t<div class=\"\" >\n\t\t\t\t<img loading=\"lazy\" decoding=\"async\" width=\"220\" height=\"220\" src=\"https:\/\/brt.image.ee\/wp-content\/uploads\/icon-learn-more-news.png\" class=\"attachment-original size-original\" alt=\"\" \/>\t\t\t\t\t\t\t\t\t\t\t<\/div>\n\t\t\t<\/a>\t\t<\/div>\n\n\t\t<div class=\"box-text text-center is-large\" >\n\t\t\t<div class=\"box-text-inner\">\n\t\t\t\t\n\n<p class=\"uppercase\"><a href=\"https:\/\/brt.image.ee\/fr\/informations-et-actualites\/\">NOUVELLES<\/a><\/p>\n\n\t\t\t<\/div>\n\t\t<\/div>\n\t<\/div>\n\t\n\n\n\t\t<\/div>\n\t\t\t\t\t<\/div>\n\n\t\n\n\t<div id=\"col-1216456316\" class=\"col medium-4 small-12 large-4\"  >\n\t\t\t\t<div class=\"col-inner\"  >\n\t\t\t\n\t\t\t\n\n\t<div class=\"box has-hover   has-hover box-text-bottom\" >\n\n\t\t<div class=\"box-image\" style=\"width:40%;\">\n\t\t\t<a href=\"\/fr\/ressources\/\" >\t\t\t<div class=\"\" >\n\t\t\t\t<img loading=\"lazy\" decoding=\"async\" width=\"220\" height=\"220\" src=\"https:\/\/brt.image.ee\/wp-content\/uploads\/icon-learn-more-info-hub.png\" class=\"attachment-original size-original\" alt=\"\" \/>\t\t\t\t\t\t\t\t\t\t\t<\/div>\n\t\t\t<\/a>\t\t<\/div>\n\n\t\t<div class=\"box-text text-center is-large\" >\n\t\t\t<div class=\"box-text-inner\">\n\t\t\t\t\n\n<p class=\"uppercase\"><a href=\"https:\/\/brt.image.ee\/fr\/ressources\/\">Ressources<\/a><\/p>\n\n\t\t\t<\/div>\n\t\t<\/div>\n\t<\/div>\n\t\n\n\n\t\t<\/div>\n\t\t\t\t\t<\/div>\n\n\t\n\n\t<div id=\"col-1887549266\" class=\"col medium-4 small-12 large-4\"  >\n\t\t\t\t<div class=\"col-inner\"  >\n\t\t\t\n\t\t\t\n\n\t<div class=\"box has-hover   has-hover box-text-bottom\" >\n\n\t\t<div class=\"box-image\" style=\"width:40%;\">\n\t\t\t<a href=\"\/fr\/instructions-video\/\" >\t\t\t<div class=\"\" >\n\t\t\t\t<img loading=\"lazy\" decoding=\"async\" width=\"220\" height=\"220\" src=\"https:\/\/brt.image.ee\/wp-content\/uploads\/icon-learn-more-videos.png\" class=\"attachment-original size-original\" alt=\"\" \/>\t\t\t\t\t\t\t\t\t\t\t<\/div>\n\t\t\t<\/a>\t\t<\/div>\n\n\t\t<div class=\"box-text text-center is-large\" >\n\t\t\t<div class=\"box-text-inner\">\n\t\t\t\t\n\n<p class=\"uppercase\"><a href=\"https:\/\/brt.image.ee\/fr\/instructions-video\/\" rel=\"noopener\">VIDEOS<\/a><\/p>\n\n\t\t\t<\/div>\n\t\t<\/div>\n\t<\/div>\n\t\n\n\n\t\t<\/div>\n\t\t\t\t\t<\/div>\n\n\t\n\n<\/div>\n\n\t\t<\/div>\n\n\t\t\n<style>\n#section_1991660574 {\n  padding-top: 30px;\n  padding-bottom: 30px;\n}\n<\/style>\n\t<\/section>\n\t\n\n\t<div id=\"gap-876111484\" class=\"gap-element clearfix\" style=\"display:block; height:auto;\">\n\t\t\n<style>\n#gap-876111484 {\n  padding-top: 40px;\n}\n<\/style>\n\t<\/div>\n\t\n\n\n","protected":false},"excerpt":{"rendered":"","protected":false},"author":8,"featured_media":0,"parent":2082,"menu_order":0,"comment_status":"closed","ping_status":"closed","template":"page-blank.php","meta":{"footnotes":""},"class_list":["post-2090","page","type-page","status-publish","hentry"],"_links":{"self":[{"href":"https:\/\/brt.image.ee\/fr\/wp-json\/wp\/v2\/pages\/2090","targetHints":{"allow":["GET"]}}],"collection":[{"href":"https:\/\/brt.image.ee\/fr\/wp-json\/wp\/v2\/pages"}],"about":[{"href":"https:\/\/brt.image.ee\/fr\/wp-json\/wp\/v2\/types\/page"}],"author":[{"embeddable":true,"href":"https:\/\/brt.image.ee\/fr\/wp-json\/wp\/v2\/users\/8"}],"replies":[{"embeddable":true,"href":"https:\/\/brt.image.ee\/fr\/wp-json\/wp\/v2\/comments?post=2090"}],"version-history":[{"count":0,"href":"https:\/\/brt.image.ee\/fr\/wp-json\/wp\/v2\/pages\/2090\/revisions"}],"up":[{"embeddable":true,"href":"https:\/\/brt.image.ee\/fr\/wp-json\/wp\/v2\/pages\/2082"}],"wp:attachment":[{"href":"https:\/\/brt.image.ee\/fr\/wp-json\/wp\/v2\/media?parent=2090"}],"curies":[{"name":"wp","href":"https:\/\/api.w.org\/{rel}","templated":true}]}}