{"id":2118,"date":"2023-12-28T17:39:04","date_gmt":"2023-12-28T16:39:04","guid":{"rendered":"https:\/\/brt.image.ee\/?page_id=2118"},"modified":"2025-07-20T21:39:13","modified_gmt":"2025-07-20T19:39:13","slug":"rgdp","status":"publish","type":"page","link":"https:\/\/brt.image.ee\/fr\/ressources\/rgdp\/","title":{"rendered":"RGDP"},"content":{"rendered":"\n\t<div id=\"gap-350471027\" class=\"gap-element clearfix\" style=\"display:block; height:auto;\">\n\t\t\n<style>\n#gap-350471027 {\n  padding-top: 50px;\n}\n<\/style>\n\t<\/div>\n\t\n\n<div class=\"row align-center\"  id=\"row-1507041076\">\n\n\n\t<div id=\"col-449397360\" class=\"col small-12 large-12\"  >\n\t\t\t\t<div class=\"col-inner text-center\"  >\n\t\t\t\n\t\t\t\n\n\t<div id=\"text-489018942\" class=\"text\">\n\t\t\n\n<h1>Bertfelt Teknik et le r\u00e9glement g\u00e9n\u00e9ral sur la protection des donn\u00e9es personnelles.<\/h1>\n\t\t\n<style>\n#text-489018942 {\n  text-align: center;\n}\n<\/style>\n\t<\/div>\n\t\n\t<div class=\"img has-hover x md-x lg-x y md-y lg-y\" id=\"image_1220472293\">\n\t\t\t\t\t\t\t\t<div class=\"img-inner dark\" >\n\t\t\t<img loading=\"lazy\" decoding=\"async\" width=\"1020\" height=\"337\" src=\"https:\/\/brt.image.ee\/wp-content\/uploads\/banner-bg-privacy-policy.jpg\" class=\"attachment-large size-large\" alt=\"\" srcset=\"https:\/\/brt.image.ee\/wp-content\/uploads\/banner-bg-privacy-policy.jpg 1140w, https:\/\/brt.image.ee\/wp-content\/uploads\/banner-bg-privacy-policy-570x189.jpg 570w, https:\/\/brt.image.ee\/wp-content\/uploads\/banner-bg-privacy-policy-768x254.jpg 768w\" sizes=\"auto, (max-width: 1020px) 100vw, 1020px\" \/>\t\t\t\t\t\t\n\t\t\t\t\t<\/div>\n\t\t\t\t\t\t\t\t\n<style>\n#image_1220472293 {\n  width: 100%;\n}\n<\/style>\n\t<\/div>\n\t\n\n\t<div id=\"text-4032230974\" class=\"text\">\n\t\t\n\n<p class=\"lead\">La r\u00e9glementation europ\u00e9enne relative \u00e0 la protection des donn\u00e9es personnelles (<a href=\"https:\/\/eur-lex.europa.eu\/legal-content\/SV\/TXT\/?uri=celex%3A32016R0679\" target=\"_blank\" rel=\"noopener\">RGDP<\/a>) est entr\u00e9e en vigueur le 25 mai 2018. D\u00e9couvrez comment Bertfelt Teknik AB collecte, traite et stocke les donn\u00e9es personnelles conform\u00e9ment au RGPD.<\/p>\n\t\t\n<style>\n#text-4032230974 {\n  text-align: center;\n}\n<\/style>\n\t<\/div>\n\t\n\n\t\t<\/div>\n\t\t\t\t\t<\/div>\n\n\t\n\n<\/div>\n\n\t<section class=\"section\" id=\"section_509118679\">\n\t\t<div class=\"section-bg fill\" >\n\t\t\t\t\t\t\t\t\t\n\t\t\t\n\n\t\t<\/div>\n\n\t\t\n\n\t\t<div class=\"section-content relative\">\n\t\t\t\n\n<div class=\"container section-title-container\" ><h2 class=\"section-title section-title-center\"><b><\/b><span class=\"section-title-main\" >Politique de confidentialit\u00e9 de Bertfelt Teknik AB<\/span><b><\/b><\/h2><\/div>\n\n<div class=\"row bg-blue box-list\"  id=\"row-528027771\">\n\n\n\t<div id=\"col-1175273973\" class=\"col small-12 large-12\"  >\n\t\t\t\t<div class=\"col-inner\"  >\n\t\t\t\n\t\t\t\n\n<p class=\"lead\" style=\"text-align: center;\">Notre politique de confidentialit\u00e9 explique les types d\u2019informations que nous recueillons et comment nous les utilisons pour entretenir nos relations commerciales. Elle d\u00e9taille \u00e9galement vos droits concernant la correction, l\u2019acc\u00e8s et la suppression de vos donn\u00e9es.<\/p>\n<h3 class=\"uppercase\">Nature des donn\u00e9es personnelles concern\u00e9es<\/h3>\n<p>Bertfelt Teknik ne travaille qu\u2019en B2B et ne traite qu\u2019avec des professionnels. Dans le cadre de la relation commerciale avec nos clients actuels et futurs, nous collectons certaines informations personnelles. Cela inclut le pr\u00e9nom, nom de famille, intitul\u00e9 de poste, service, num\u00e9ro de t\u00e9l\u00e9phone, adresse mail et adresse IP des personnes contact\u00e9es via la messagerie de notre site en ligne.<br \/>Les donn\u00e9es personnelles des salari\u00e9(e)s des soci\u00e9t\u00e9s contact\u00e9es sont collect\u00e9es lors de nos recherches en ligne, par exemple via des sites web, moteurs de recherche ou annuaires comme info-societe.com. Elles sont \u00e9galement recueillies lors des \u00e9changes commerciaux entre Bertfelt Teknik AB et ses clients actuels ou potentiels, par exemple lors de la r\u00e9ception d\u2019une demande de cotation.<br \/>Les donn\u00e9es personnelles collect\u00e9es par Bertfelt Teknik AB ne sont divulgu\u00e9es qu\u2019aux salari\u00e9(e)s de la soci\u00e9t\u00e9 Bertfelt Teknik AB. Elles peuvent \u00e9galement \u00eatre partag\u00e9es avec nos partenaires commerciaux locaux, avec lesquels nous avons conclu un accord conforme \u00e0 la nouvelle l\u00e9gislation europ\u00e9enne RGPD sur la protection des donn\u00e9es.<\/p>\n<div class=\"is-divider divider clearfix\" ><\/div>\n\n<h3 class=\"uppercase\">Archivage et traitement de vos donn\u00e9es personnelles<\/h3>\n<p>Bertfelt Teknik AB traite et archive les donn\u00e9es personnelles \u00e0 partir de la base de donn\u00e9es de la messagerie de notre site en ligne bertfelt.se. Les donn\u00e9es sont \u00e9galement stock\u00e9es sur des p\u00e9riph\u00e9riques internes et externes. Selon la l\u00e9gislation GDPR, Bertfelt Teknik AB est reponsable des informations personnelles collect\u00e9es puis stock\u00e9es sur nos p\u00e9riph\u00e9riques ainsi que sur les p\u00e9riph\u00e9riques externes sur lesquels nous travaillons.<\/p>\n<div class=\"is-divider divider clearfix\" ><\/div>\n\n<h3 class=\"uppercase\">Les donn\u00e9es personnelles dans notre syst\u00e8me<\/h3>\n<p>Le suivi de nos clients, la facturation, les t\u00e2ches comptables, le support apr\u00e8s-vente sont centralis\u00e9s dans notre outil de gestion de la relation client. La transmission d\u2019informations entre Bertfelt Teknik AB, ses clients, ses prospects, ses fournisseurs et ses partenaires locaux y est \u00e9galement g\u00e9r\u00e9e. Cet outil nous permet de regrouper les informations personnelles relatives \u00e0 nos contacts et aux soci\u00e9t\u00e9s pour lesquelles ils travaillent : poste, service, pr\u00e9nom, nom de famille, adresse mail et num\u00e9ro de t\u00e9l\u00e9phone. Ces donn\u00e9es personnelles sont stock\u00e9es sur le serveur de notre fournisseur de solutions informatiques.<br \/>Nous sommes succeptibles d\u2019utiliser les donn\u00e9es collect\u00e9es pour transmettre des lettres d\u2019information, des offres commerciales, des invitations aux salons, foires et ateliers de formation. Vous pouvez vous d\u00e9sinscrire de notre liste de diffusion \u00e0 tout moment en cliquant sur le lien \u00ab d\u00e9sinscription \u00bb qui appara\u00eet dans nos mails.<\/p>\n<div class=\"is-divider divider clearfix\" ><\/div>\n\n<h3 class=\"uppercase\">Demande de restitution, de correction ou de suppression de donn\u00e9es personnelles<\/h3>\n<p>La nouvelle r\u00e9glementation relative \u00e0 la protection des donn\u00e9es personnelles (RGPD) oblige Bertfelt Teknik \u00e0 vous fournir des informations sur l\u2019utilisation de vos donn\u00e9es personnelles. Vous pouvez en faire la demande \u00e0 tout moment. Ces informations vous serons transmises sans frais. Bertfelt Teknik s\u2019engage aussi \u00e0 vous fournir les informations compl\u00e9mentaires li\u00e9es \u00e0 l\u2019utilisation de vos donn\u00e9es personnelles telle que la dur\u00e9e de stockage de celles-ci. De plus, il vous est possible de corriger toute donn\u00e9e erronn\u00e9e.<br \/>Bertfelt Teknik s\u2019engage \u00e0 vous transmettre sur demande la totalit\u00e9 de vos informations personnelles.<br \/><a href=\"https:\/\/brt.image.ee\/fr\/nous-contacter\/\">N\u2019h\u00e9sitez pas \u00e0 revenir vers nous<\/a> pour toute demande d\u2019information, de rectification ou de suppression de ces donn\u00e9es.<\/p>\n<div class=\"is-divider divider clearfix\" ><\/div>\n\n<h3 class=\"uppercase\">Donn\u00e9es personnelles erron\u00e9es<\/h3>\n<p>Lors du traitement manuel des informations collect\u00e9es, il est possible que certaines donn\u00e9es soient erron\u00e9es. Si tel est le cas, nous nous engageons \u00e0 les corriger rapidement. Nous informons \u00e9galement les personnes susceptibles d\u2019y avoir acc\u00e8s, comme les salari\u00e9s de Bertfelt Teknik AB.<br \/>Who is responsible for the information you provide?<br \/>Bertfelt Teknik is responsible for the company\u2019s handling of personal data.<br \/>We reserve the right to change our privacy policy.<\/p>\n<div class=\"is-divider divider clearfix\" ><\/div>\n\n<h3 class=\"uppercase\">Qui est responsable des informations que vous fournissez ?<\/h3>\n<p>Bertfelt Teknik est garant de l\u2019utilisation de vos donn\u00e9es personnelles.<br \/>Nous nous r\u00e9servons le droit de modifier notre politique de collecte de donn\u00e9es personnelles.<\/p>\n<div class=\"is-divider divider clearfix\" ><\/div>\n\n<h3 class=\"uppercase\">D\u00e9claration de cookies<\/h3>\n\n\nCookieDeclaration script when on final domain\n\n\n\t\t<\/div>\n\t\t\t\t\t<\/div>\n\n\t\n\n<\/div>\n\n\t\t<\/div>\n\n\t\t\n<style>\n#section_509118679 {\n  padding-top: 30px;\n  padding-bottom: 30px;\n}\n<\/style>\n\t<\/section>\n\t\n\n\t<section class=\"section\" id=\"section_1160394416\">\n\t\t<div class=\"section-bg fill\" >\n\t\t\t\t\t\t\t\t\t\n\t\t\t\n\n\t\t<\/div>\n\n\t\t\n\n\t\t<div class=\"section-content relative\">\n\t\t\t\n\n<div class=\"container section-title-container\" ><h2 class=\"section-title section-title-center\"><b><\/b><span class=\"section-title-main\" >En savoir plus<\/span><b><\/b><\/h2><\/div>\n\n<div class=\"row align-center\"  id=\"row-1938709902\">\n\n\n\t<div id=\"col-720359756\" class=\"col medium-4 small-12 large-4\"  >\n\t\t\t\t<div class=\"col-inner\"  >\n\t\t\t\n\t\t\t\n\n\t<div class=\"box has-hover   has-hover box-text-bottom\" >\n\n\t\t<div class=\"box-image\" style=\"width:40%;\">\n\t\t\t<a href=\"\/fr\/nous-contacter\/\" >\t\t\t<div class=\"\" >\n\t\t\t\t<img loading=\"lazy\" decoding=\"async\" width=\"220\" height=\"220\" src=\"https:\/\/brt.image.ee\/wp-content\/uploads\/icon-learn-more-contact-us.png\" class=\"attachment-original size-original\" alt=\"\" \/>\t\t\t\t\t\t\t\t\t\t\t<\/div>\n\t\t\t<\/a>\t\t<\/div>\n\n\t\t<div class=\"box-text text-center is-large\" >\n\t\t\t<div class=\"box-text-inner\">\n\t\t\t\t\n\n<p class=\"uppercase\"><a href=\"https:\/\/brt.image.ee\/fr\/nous-contacter\/\">NOUS CONTACTER<\/a><\/p>\n\n\t\t\t<\/div>\n\t\t<\/div>\n\t<\/div>\n\t\n\n\n\t\t<\/div>\n\t\t\t\t\t<\/div>\n\n\t\n\n\t<div id=\"col-328461516\" class=\"col medium-4 small-12 large-4\"  >\n\t\t\t\t<div class=\"col-inner\"  >\n\t\t\t\n\t\t\t\n\n\t<div class=\"box has-hover   has-hover box-text-bottom\" >\n\n\t\t<div class=\"box-image\" style=\"width:40%;\">\n\t\t\t<a href=\"\/fr\/nous-contacter\/demande-de-devis\/\" >\t\t\t<div class=\"\" >\n\t\t\t\t<img loading=\"lazy\" decoding=\"async\" width=\"220\" height=\"220\" src=\"https:\/\/brt.image.ee\/wp-content\/uploads\/icon-learn-more-request-for-quatation.png\" class=\"attachment-original size-original\" alt=\"learn more\" \/>\t\t\t\t\t\t\t\t\t\t\t<\/div>\n\t\t\t<\/a>\t\t<\/div>\n\n\t\t<div class=\"box-text text-center is-large\" >\n\t\t\t<div class=\"box-text-inner\">\n\t\t\t\t\n\n<p class=\"uppercase\"><a href=\"https:\/\/brt.image.ee\/fr\/nous-contacter\/demande-de-devis\/\">DEMANDE DE DEVIS<\/a><\/p>\n\n\t\t\t<\/div>\n\t\t<\/div>\n\t<\/div>\n\t\n\n\n\t\t<\/div>\n\t\t\t\t\t<\/div>\n\n\t\n\n\t<div id=\"col-567064215\" class=\"col medium-4 small-12 large-4\"  >\n\t\t\t\t<div class=\"col-inner\"  >\n\t\t\t\n\t\t\t\n\n\t<div class=\"box has-hover   has-hover box-text-bottom\" >\n\n\t\t<div class=\"box-image\" style=\"width:40%;\">\n\t\t\t<a href=\"\/fr\/limiteur-de-debit\/foires-aux-questions\/\" >\t\t\t<div class=\"\" >\n\t\t\t\t<img loading=\"lazy\" decoding=\"async\" width=\"220\" height=\"220\" src=\"https:\/\/brt.image.ee\/wp-content\/uploads\/icon-learn-more-questions-answers.png\" class=\"attachment-original size-original\" alt=\"\" \/>\t\t\t\t\t\t\t\t\t\t\t<\/div>\n\t\t\t<\/a>\t\t<\/div>\n\n\t\t<div class=\"box-text text-center is-large\" >\n\t\t\t<div class=\"box-text-inner\">\n\t\t\t\t\n\n<p class=\"uppercase\"><a href=\"\/fr\/limiteur-de-debit\/foires-aux-questions\/\">FOIRES AUX QUESTIONS<\/a><\/p>\n\n\t\t\t<\/div>\n\t\t<\/div>\n\t<\/div>\n\t\n\n\n\t\t<\/div>\n\t\t\t\t\t<\/div>\n\n\t\n\n<\/div>\n<div class=\"row align-center\"  id=\"row-1060764791\">\n\n\n\t<div id=\"col-837659366\" class=\"col medium-4 small-12 large-4\"  >\n\t\t\t\t<div class=\"col-inner\"  >\n\t\t\t\n\t\t\t\n\n\t<div class=\"box has-hover   has-hover box-text-bottom\" >\n\n\t\t<div class=\"box-image\" style=\"width:40%;\">\n\t\t\t<a href=\"\/fr\/applications-de-nos-regulateurs-de-debet\/\" >\t\t\t<div class=\"\" >\n\t\t\t\t<img loading=\"lazy\" decoding=\"async\" width=\"220\" height=\"220\" src=\"https:\/\/brt.image.ee\/wp-content\/uploads\/icon-learn-more-applications.png\" class=\"attachment-original size-original\" alt=\"\" \/>\t\t\t\t\t\t\t\t\t\t\t<\/div>\n\t\t\t<\/a>\t\t<\/div>\n\n\t\t<div class=\"box-text text-center is-large\" >\n\t\t\t<div class=\"box-text-inner\">\n\t\t\t\t\n\n<p class=\"uppercase\"><a href=\"https:\/\/brt.image.ee\/fr\/applications-de-nos-regulateurs-de-debet\/\">APPLICATIONS<\/a><\/p>\n\n\t\t\t<\/div>\n\t\t<\/div>\n\t<\/div>\n\t\n\n\n\t\t<\/div>\n\t\t\t\t\t<\/div>\n\n\t\n\n\t<div id=\"col-2070938467\" class=\"col medium-4 small-12 large-4\"  >\n\t\t\t\t<div class=\"col-inner\"  >\n\t\t\t\n\t\t\t\n\n\t<div class=\"box has-hover   has-hover box-text-bottom\" >\n\n\t\t<div class=\"box-image\" style=\"width:40%;\">\n\t\t\t<a href=\"\/fr\/etudes-de-cas\/\" >\t\t\t<div class=\"\" >\n\t\t\t\t<img loading=\"lazy\" decoding=\"async\" width=\"220\" height=\"220\" src=\"https:\/\/brt.image.ee\/wp-content\/uploads\/icon-learn-more-case-studies.png\" class=\"attachment-original size-original\" alt=\"\" \/>\t\t\t\t\t\t\t\t\t\t\t<\/div>\n\t\t\t<\/a>\t\t<\/div>\n\n\t\t<div class=\"box-text text-center is-large\" >\n\t\t\t<div class=\"box-text-inner\">\n\t\t\t\t\r\n\r\n<p class=\"uppercase\"><a href=\"https:\/\/brt.image.ee\/fr\/etudes-de-cas\/\">\u00c9TUDES DE CAS<\/a><\/p>\r\n\r\n\t\t\t<\/div>\n\t\t<\/div>\n\t<\/div>\n\t\n\n\n\t\t<\/div>\n\t\t\t\t\t<\/div>\n\n\t\n\n\t<div id=\"col-1302358764\" class=\"col medium-4 small-12 large-4\"  >\n\t\t\t\t<div class=\"col-inner\"  >\n\t\t\t\n\t\t\t\n\n\t<div class=\"box has-hover   has-hover box-text-bottom\" >\n\n\t\t<div class=\"box-image\" style=\"width:40%;\">\n\t\t\t<a href=\"\/fr\/instructions-video\/\" >\t\t\t<div class=\"\" >\n\t\t\t\t<img loading=\"lazy\" decoding=\"async\" width=\"220\" height=\"220\" src=\"https:\/\/brt.image.ee\/wp-content\/uploads\/icon-learn-more-videos.png\" class=\"attachment-original size-original\" alt=\"\" \/>\t\t\t\t\t\t\t\t\t\t\t<\/div>\n\t\t\t<\/a>\t\t<\/div>\n\n\t\t<div class=\"box-text text-center is-large\" >\n\t\t\t<div class=\"box-text-inner\">\n\t\t\t\t\n\n<p class=\"uppercase\"><a href=\"https:\/\/brt.image.ee\/fr\/instructions-video\/\" rel=\"noopener\">VIDEOS<\/a><\/p>\n\n\t\t\t<\/div>\n\t\t<\/div>\n\t<\/div>\n\t\n\n\n\t\t<\/div>\n\t\t\t\t\t<\/div>\n\n\t\n\n<\/div>\n<div class=\"row align-center\"  id=\"row-759175537\">\n\n\n\t<div id=\"col-946147032\" class=\"col medium-4 small-12 large-4\"  >\n\t\t\t\t<div class=\"col-inner\"  >\n\t\t\t\n\t\t\t\n\n\t<div class=\"box has-hover   has-hover box-text-bottom\" >\n\n\t\t<div class=\"box-image\" style=\"width:40%;\">\n\t\t\t<a href=\"\/fr\/informations-et-actualites\/\" >\t\t\t<div class=\"\" >\n\t\t\t\t<img loading=\"lazy\" decoding=\"async\" width=\"220\" height=\"220\" src=\"https:\/\/brt.image.ee\/wp-content\/uploads\/icon-learn-more-news.png\" class=\"attachment-original size-original\" alt=\"\" \/>\t\t\t\t\t\t\t\t\t\t\t<\/div>\n\t\t\t<\/a>\t\t<\/div>\n\n\t\t<div class=\"box-text text-center is-large\" >\n\t\t\t<div class=\"box-text-inner\">\n\t\t\t\t\n\n<p class=\"uppercase\"><a href=\"https:\/\/brt.image.ee\/fr\/informations-et-actualites\/\">NOUVELLES<\/a><\/p>\n\n\t\t\t<\/div>\n\t\t<\/div>\n\t<\/div>\n\t\n\n\n\t\t<\/div>\n\t\t\t\t\t<\/div>\n\n\t\n\n\t<div id=\"col-1370159676\" class=\"col medium-4 small-12 large-4\"  >\n\t\t\t\t<div class=\"col-inner\"  >\n\t\t\t\n\t\t\t\n\n\t<div class=\"box has-hover   has-hover box-text-bottom\" >\n\n\t\t<div class=\"box-image\" style=\"width:40%;\">\n\t\t\t<a href=\"\/fr\/ressources\/\" >\t\t\t<div class=\"\" >\n\t\t\t\t<img loading=\"lazy\" decoding=\"async\" width=\"220\" height=\"220\" src=\"https:\/\/brt.image.ee\/wp-content\/uploads\/icon-learn-more-info-hub.png\" class=\"attachment-original size-original\" alt=\"\" \/>\t\t\t\t\t\t\t\t\t\t\t<\/div>\n\t\t\t<\/a>\t\t<\/div>\n\n\t\t<div class=\"box-text text-center is-large\" >\n\t\t\t<div class=\"box-text-inner\">\n\t\t\t\t\n\n<p class=\"uppercase\"><a href=\"https:\/\/brt.image.ee\/fr\/ressources\/\">Ressources<\/a><\/p>\n\n\t\t\t<\/div>\n\t\t<\/div>\n\t<\/div>\n\t\n\n\n\t\t<\/div>\n\t\t\t\t\t<\/div>\n\n\t\n\n\t<div id=\"col-510341588\" class=\"col medium-4 small-12 large-4\"  >\n\t\t\t\t<div class=\"col-inner\"  >\n\t\t\t\n\t\t\t\n\n\t<div class=\"box has-hover   has-hover box-text-bottom\" >\n\n\t\t<div class=\"box-image\" style=\"width:40%;\">\n\t\t\t<a href=\"\/fr\/limiteur-de-debit\/solutions-sur-mesure-pour-fabricants-oem\/\" >\t\t\t<div class=\"\" >\n\t\t\t\t<img loading=\"lazy\" decoding=\"async\" width=\"220\" height=\"220\" src=\"https:\/\/brt.image.ee\/wp-content\/uploads\/icon-learn-more-tailor-made-oem.png\" class=\"attachment-original size-original\" alt=\"\" \/>\t\t\t\t\t\t\t\t\t\t\t<\/div>\n\t\t\t<\/a>\t\t<\/div>\n\n\t\t<div class=\"box-text text-center is-large\" >\n\t\t\t<div class=\"box-text-inner\">\n\t\t\t\t\n\n<p class=\"uppercase\"><a href=\"https:\/\/brt.image.ee\/fr\/limiteur-de-debit\/solutions-sur-mesure-pour-fabricants-oem\/\">Solutions OEM<\/a><\/p>\n\n\t\t\t<\/div>\n\t\t<\/div>\n\t<\/div>\n\t\n\n\n\t\t<\/div>\n\t\t\t\t\t<\/div>\n\n\t\n\n<\/div>\n\n\t\t<\/div>\n\n\t\t\n<style>\n#section_1160394416 {\n  padding-top: 30px;\n  padding-bottom: 30px;\n}\n<\/style>\n\t<\/section>\n\t\n\n\t<div id=\"gap-2052764225\" class=\"gap-element clearfix\" style=\"display:block; height:auto;\">\n\t\t\n<style>\n#gap-2052764225 {\n  padding-top: 40px;\n}\n<\/style>\n\t<\/div>\n\t\n\n\n","protected":false},"excerpt":{"rendered":"","protected":false},"author":8,"featured_media":0,"parent":2113,"menu_order":0,"comment_status":"closed","ping_status":"closed","template":"page-blank.php","meta":{"footnotes":""},"class_list":["post-2118","page","type-page","status-publish","hentry"],"_links":{"self":[{"href":"https:\/\/brt.image.ee\/fr\/wp-json\/wp\/v2\/pages\/2118","targetHints":{"allow":["GET"]}}],"collection":[{"href":"https:\/\/brt.image.ee\/fr\/wp-json\/wp\/v2\/pages"}],"about":[{"href":"https:\/\/brt.image.ee\/fr\/wp-json\/wp\/v2\/types\/page"}],"author":[{"embeddable":true,"href":"https:\/\/brt.image.ee\/fr\/wp-json\/wp\/v2\/users\/8"}],"replies":[{"embeddable":true,"href":"https:\/\/brt.image.ee\/fr\/wp-json\/wp\/v2\/comments?post=2118"}],"version-history":[{"count":0,"href":"https:\/\/brt.image.ee\/fr\/wp-json\/wp\/v2\/pages\/2118\/revisions"}],"up":[{"embeddable":true,"href":"https:\/\/brt.image.ee\/fr\/wp-json\/wp\/v2\/pages\/2113"}],"wp:attachment":[{"href":"https:\/\/brt.image.ee\/fr\/wp-json\/wp\/v2\/media?parent=2118"}],"curies":[{"name":"wp","href":"https:\/\/api.w.org\/{rel}","templated":true}]}}