{"id":2121,"date":"2025-05-18T19:56:23","date_gmt":"2025-05-18T17:56:23","guid":{"rendered":"https:\/\/brt.image.ee\/?page_id=2121"},"modified":"2025-07-20T16:27:25","modified_gmt":"2025-07-20T14:27:25","slug":"certificats-et-declarations","status":"publish","type":"page","link":"https:\/\/brt.image.ee\/fr\/ressources\/certificats-et-declarations\/","title":{"rendered":"Certificats et d\u00e9clarations"},"content":{"rendered":"\n\t<div id=\"gap-673738929\" class=\"gap-element clearfix\" style=\"display:block; height:auto;\">\n\t\t\n<style>\n#gap-673738929 {\n  padding-top: 50px;\n}\n<\/style>\n\t<\/div>\n\t\n\n<div class=\"row align-center\"  id=\"row-2104130205\">\n\n\n\t<div id=\"col-347329531\" class=\"col small-12 large-12\"  >\n\t\t\t\t<div class=\"col-inner text-center\"  >\n\t\t\t\n\t\t\t\n\n\t<div id=\"text-3079927041\" class=\"text\">\n\t\t\n\n<h1>Certificats et d\u00e9clarations<\/h1>\n<p class=\"lead\">Chez Bertfelt Teknik, nous sommes fiers d\u2019avoir obtenu les certificats et d\u00e9clarations selon les normes<br \/> ISO 9001 et ISO 14001.<\/p>\n\t\t\n<style>\n#text-3079927041 {\n  text-align: center;\n}\n<\/style>\n\t<\/div>\n\t\n\t<div class=\"img has-hover x md-x lg-x y md-y lg-y\" id=\"image_1652012286\">\n\t\t\t\t\t\t\t\t<div class=\"img-inner dark\" >\n\t\t\t<img loading=\"lazy\" decoding=\"async\" width=\"2280\" height=\"800\" src=\"https:\/\/brt.image.ee\/wp-content\/uploads\/banner-bg-certificates-and-declaration.png\" class=\"attachment-original size-original\" alt=\"\" srcset=\"https:\/\/brt.image.ee\/wp-content\/uploads\/banner-bg-certificates-and-declaration.png 2280w, https:\/\/brt.image.ee\/wp-content\/uploads\/banner-bg-certificates-and-declaration-570x200.png 570w, https:\/\/brt.image.ee\/wp-content\/uploads\/banner-bg-certificates-and-declaration-1140x400.png 1140w, https:\/\/brt.image.ee\/wp-content\/uploads\/banner-bg-certificates-and-declaration-768x269.png 768w, https:\/\/brt.image.ee\/wp-content\/uploads\/banner-bg-certificates-and-declaration-1536x539.png 1536w, https:\/\/brt.image.ee\/wp-content\/uploads\/banner-bg-certificates-and-declaration-2048x719.png 2048w\" sizes=\"auto, (max-width: 2280px) 100vw, 2280px\" \/>\t\t\t\t\t\t\n\t\t\t\t\t<\/div>\n\t\t\t\t\t\t\t\t\n<style>\n#image_1652012286 {\n  width: 100%;\n}\n<\/style>\n\t<\/div>\n\t\n\n\n\t\t<\/div>\n\t\t\t\t\t<\/div>\n\n\t\n\n<\/div>\n\n\t<section class=\"section\" id=\"section_813479009\">\n\t\t<div class=\"section-bg fill\" >\n\t\t\t\t\t\t\t\t\t\n\t\t\t\n\n\t\t<\/div>\n\n\t\t\n\n\t\t<div class=\"section-content relative\">\n\t\t\t\n\n<div class=\"container section-title-container\" ><h2 class=\"section-title section-title-center\"><b><\/b><span class=\"section-title-main\" >ISO 9001 &amp; ISO 14001 \u2013 Notre Engagement envers la Qualit\u00e9 et l\u2019Environnement<\/span><b><\/b><\/h2><\/div>\n\n<div class=\"row bg-blue box-list\"  id=\"row-1151979695\">\n\n\n\t<div id=\"col-1017723902\" class=\"col small-12 large-12\"  >\n\t\t\t\t<div class=\"col-inner\"  >\n\t\t\t\n\t\t\t\n\n<p class=\"lead\" style=\"text-align: center;\">Depuis 2015, Bertfelt Teknik d\u00e9tient les certifications et d\u00e9clarations ISO 9001 et 14001, garantissant une gestion de qualit\u00e9 optimale et un syst\u00e8me respectueux de l\u2019environnement.<\/p>\n<p>En respectant ces normes internationalement reconnues, nous veillons \u00e0 ce que nos produits r\u00e9pondent aux plus hauts standards de qualit\u00e9 tout en \u0153uvrant activement \u00e0 la r\u00e9duction de notre impact environnemental. Nos processus de qualit\u00e9 am\u00e9liorent non seulement l\u2019efficacit\u00e9, mais nous permettent \u00e9galement de fournir des solutions qui r\u00e9pondent de mani\u00e8re coh\u00e9rente aux besoins de nos clients.<\/p>\n\n<div class=\"is-divider divider clearfix\" ><\/div>\n\n<h3 class=\"uppercase\">Qualit\u00e9 Ax\u00e9e sur le Client<\/h3>\n<p class=\"left-gtac\">ISO 9001 nous offre un cadre structur\u00e9 pour l\u2019am\u00e9lioration continue. En recueillant de l\u2019information en continue aupr\u00e8s de nos clients et en analysant ces r\u00e9sultats, nous pouvons adapter et d\u00e9velopper notre offre afin de toujours r\u00e9pondre aux attentes de nos clients. Notre certification ISO 9001 est la preuve de notre engagement \u00e0 fournir des produits et des services non seulement fiables, mais aussi adapt\u00e9s aux besoins futurs.<\/p>\n<div class=\"is-divider divider clearfix\" ><\/div>\n\n<h3 class=\"uppercase\">La Durabilit\u00e9 au C\u0153ur de nos Priorit\u00e9s<\/h3>\n<p class=\"left-gtac\">ISO 14001 nous aide \u00e0 identifier, surveiller et r\u00e9duire syst\u00e9matiquement notre impact environnemental. Nous nous effor\u00e7ons d\u2019utiliser les ressources de mani\u00e8re efficace et de r\u00e9duire les d\u00e9chets tout au long de nos op\u00e9rations. En respectant cette norme, nous veillons \u00e0 ce que nos processus commerciaux soient conformes aux derni\u00e8res r\u00e9glementations environnementales et contribuent \u00e0 un avenir durable.<\/p>\n<p class=\"left-gtac\">En choisissant Bertfelt Teknik AB, vous pouvez \u00eatre s\u00fbr de travailler avec une entreprise qui place la qualit\u00e9 et l\u2019environnement au centre de ses priorit\u00e9s. Notre certification ISO 9001 garantit que nos produits et services font l\u2019objet de contr\u00f4les qualit\u00e9 rigoureux et r\u00e9pondent \u00e0 vos exigences. Notre certification ISO 14001 d\u00e9montre que nous travaillons \u00e0 r\u00e9duire notre impact environnemental, ce qui vous aide \u00e0 atteindre vos propres objectifs de durabilit\u00e9.<\/p>\n<div class=\"is-divider divider clearfix\" ><\/div>\n\n<h3 class=\"uppercase\">Un Partenariat \u00e0 Long Terme<\/h3>\n<p class=\"left-gtac\">\u00catre certifi\u00e9 ISO signifie que nous ne visons pas seulement le succ\u00e8s \u00e0 court terme. Nous adoptons aussi une vision \u00e0 long terme, en nous am\u00e9liorant continuellement et en tenant compte de l\u2019avenir de nos clients et de l\u2019environnement. Vous pouvez travailler en toute confiance avec nous, car nous surveillons, \u00e9valuons et am\u00e9liorons constamment nos processus. Nous devons dans toutes nos activit\u00e9s viser \u00e0 contribuer \u00e0 une soci\u00e9t\u00e9 durable.<\/p>\n<div class=\"is-divider divider clearfix\" ><\/div>\n\n<h3 class=\"uppercase\">Le Processus de Certification \u2013 Une Garantie de Qualit\u00e9<\/h3>\n<p class=\"left-gtac\">Obtenir les certifications ISO 9001 et ISO 14001 demande un engagement rigoureux. Cela implique des \u00e9valuations, des suivis et des audits r\u00e9alis\u00e9s par un organisme ind\u00e9pendant. Gr\u00e2ce \u00e0 ces normes, nous am\u00e9liorons constamment nos processus internes. Vous b\u00e9n\u00e9ficiez ainsi d\u2019une qualit\u00e9 \u00e9lev\u00e9e et de livraisons fiables.<\/p>\n\n\t\t<\/div>\n\t\t\t\t\t<\/div>\n\n\t\n\n<\/div>\n\t<div id=\"gap-1225611990\" class=\"gap-element clearfix\" style=\"display:block; height:auto;\">\n\t\t\n<style>\n#gap-1225611990 {\n  padding-top: 40px;\n}\n<\/style>\n\t<\/div>\n\t\n\n<div class=\"row align-center bottom-0\"  id=\"row-575945494\">\n\n\n\t<div id=\"col-1403157305\" class=\"col medium-8 small-12 large-8\"  >\n\t\t\t\t<div class=\"col-inner text-center\"  >\n\t\t\t\n\t\t\t\n\n\t<div id=\"text-351789777\" class=\"text\">\n\t\t\n\n<p class=\"lead\">Tous les certificats et d\u00e9clarations peuvent \u00eatre fournis. Pour plus d\u2019information, vous pouvez envoyer un mail \u00e0 <a href=\"mailto:btinfo@bertfelt.com\" target=\"_blank\" rel=\"noopener\">btinfo@bertfelt.com<\/a><\/p>\n\t\t\n<style>\n#text-351789777 {\n  text-align: center;\n}\n<\/style>\n\t<\/div>\n\t\n<a href=\"\/wp-content\/uploads\/bertfelt-teknik-ab-iso-9001-eng-4.pdf\" target=\"_blank\" class=\"button primary button-black\" rel=\"noopener\"  >\n\t\t<span>ISO 9001<\/span>\n\t<\/a>\n\n\n<a href=\"\/wp-content\/uploads\/bertfelt-teknik-ab-iso-14001-eng-1.pdf\" target=\"_blank\" class=\"button primary button-black\" rel=\"noopener\"  >\n\t\t<span>ISO 14001<\/span>\n\t<\/a>\n\n\n\n\t\t<\/div>\n\t\t\t\t\t<\/div>\n\n\t\n\n<\/div>\n\n\t\t<\/div>\n\n\t\t\n<style>\n#section_813479009 {\n  padding-top: 30px;\n  padding-bottom: 30px;\n}\n<\/style>\n\t<\/section>\n\t\n\n\t<section class=\"section bg-yellow\" id=\"section_170853582\">\n\t\t<div class=\"section-bg fill\" >\n\t\t\t\t\t\t\t\t\t\n\t\t\t\n\n\t\t<\/div>\n\n\t\t\n\n\t\t<div class=\"section-content relative\">\n\t\t\t\n\n<div class=\"row align-middle align-center\"  id=\"row-501222623\">\n\n\n\t<div id=\"col-222402195\" class=\"col medium-4 small-12 large-4\"  >\n\t\t\t\t<div class=\"col-inner text-right\"  >\n\t\t\t\n\t\t\t\n\n\t<div class=\"img has-hover mw-210 x md-x lg-x y md-y lg-y\" id=\"image_1750215427\">\n\t\t\t\t\t\t\t\t<div class=\"img-inner dark\" >\n\t\t\t<img loading=\"lazy\" decoding=\"async\" width=\"370\" height=\"276\" src=\"https:\/\/brt.image.ee\/wp-content\/uploads\/icon-contact-us-pubbles.png\" class=\"attachment-medium size-medium\" alt=\"\" \/>\t\t\t\t\t\t\n\t\t\t\t\t<\/div>\n\t\t\t\t\t\t\t\t\n<style>\n#image_1750215427 {\n  width: 100%;\n}\n<\/style>\n\t<\/div>\n\t\n\n\n\t\t<\/div>\n\t\t\t\t\t<\/div>\n\n\t\n\n\t<div id=\"col-1586111316\" class=\"col medium-8 small-12 large-8\"  >\n\t\t\t\t<div class=\"col-inner\"  >\n\t\t\t\n\t\t\t\n\n<p class=\"lead bottom-0\">N'h\u00e9sitez pas \u00e0 nous contacter si vous souhaitez en savoir plus sur la mani\u00e8re dont nos certifications <a href=\"https:\/\/brt.image.ee\/fr\/ressources\/certificats-et-declarations\/iso-9001-et-14001\/\">ISO 9001<\/a> ou <a href=\"https:\/\/brt.image.ee\/fr\/ressources\/certificats-et-declarations\/iso-9001-et-14001\/\">ISO 14001<\/a> peuvent b\u00e9n\u00e9ficier \u00e0 votre entreprise.<\/p>\n\n\t\t<\/div>\n\t\t\t\t\t<\/div>\n\n\t\n\n<\/div>\n\n\n\t\t<\/div>\n\n\t\t\n<style>\n#section_170853582 {\n  padding-top: 10px;\n  padding-bottom: 10px;\n}\n<\/style>\n\t<\/section>\n\t\n\t<div id=\"gap-1756159203\" class=\"gap-element clearfix\" style=\"display:block; height:auto;\">\n\t\t\n<style>\n#gap-1756159203 {\n  padding-top: 40px;\n}\n<\/style>\n\t<\/div>\n\t\n\n<div class=\"row align-center\"  id=\"row-313566951\">\n\n\n\t<div id=\"col-625331731\" class=\"col small-12 large-12\"  >\n\t\t\t\t<div class=\"col-inner\"  >\n\t\t\t\n\t\t\t\n\n\t<div id=\"text-1848616815\" class=\"text\">\n\t\t\n\n<p class=\"lead\">D\u00e9couvrez notre engagement en mati\u00e8re de qualit\u00e9 et de durabilit\u00e9.<br \/>Nous serions ravis d\u2019\u00e9changer avec vous sur la fa\u00e7on dont nous pouvons <br \/>collaborer pour atteindre vos objectifs de qualit\u00e9 et de durabilit\u00e9.<br \/><a href=\"https:\/\/brt.image.ee\/fr\/nous-contacter\/\">Contact us<\/a>!<\/p>\n\t\t\n<style>\n#text-1848616815 {\n  text-align: center;\n}\n<\/style>\n\t<\/div>\n\t\n\n\t\t<\/div>\n\t\t\t\t\t<\/div>\n\n\t\n\n<\/div>\n\n\t<section class=\"section\" id=\"section_2032367519\">\n\t\t<div class=\"section-bg fill\" >\n\t\t\t\t\t\t\t\t\t\n\t\t\t\n\n\t\t<\/div>\n\n\t\t\n\n\t\t<div class=\"section-content relative\">\n\t\t\t\n\n<div class=\"container section-title-container\" ><h2 class=\"section-title section-title-center\"><b><\/b><span class=\"section-title-main\" >En savoir plus<\/span><b><\/b><\/h2><\/div>\n\n<div class=\"row align-center\"  id=\"row-2026200262\">\n\n\n\t<div id=\"col-2033310997\" class=\"col medium-4 small-12 large-4\"  >\n\t\t\t\t<div class=\"col-inner\"  >\n\t\t\t\n\t\t\t\n\n\t<div class=\"box has-hover   has-hover box-text-bottom\" >\n\n\t\t<div class=\"box-image\" style=\"width:40%;\">\n\t\t\t<a href=\"\/fr\/nous-contacter\/\" >\t\t\t<div class=\"\" >\n\t\t\t\t<img loading=\"lazy\" decoding=\"async\" width=\"220\" height=\"220\" src=\"https:\/\/brt.image.ee\/wp-content\/uploads\/icon-learn-more-contact-us.png\" class=\"attachment-original size-original\" alt=\"\" \/>\t\t\t\t\t\t\t\t\t\t\t<\/div>\n\t\t\t<\/a>\t\t<\/div>\n\n\t\t<div class=\"box-text text-center is-large\" >\n\t\t\t<div class=\"box-text-inner\">\n\t\t\t\t\n\n<p class=\"uppercase\"><a href=\"https:\/\/brt.image.ee\/fr\/nous-contacter\/\">NOUS CONTACTER<\/a><\/p>\n\n\t\t\t<\/div>\n\t\t<\/div>\n\t<\/div>\n\t\n\n\n\t\t<\/div>\n\t\t\t\t\t<\/div>\n\n\t\n\n\t<div id=\"col-1045034442\" class=\"col medium-4 small-12 large-4\"  >\n\t\t\t\t<div class=\"col-inner\"  >\n\t\t\t\n\t\t\t\n\n\t<div class=\"box has-hover   has-hover box-text-bottom\" >\n\n\t\t<div class=\"box-image\" style=\"width:40%;\">\n\t\t\t<a href=\"\/fr\/nous-contacter\/demande-de-devis\/\" >\t\t\t<div class=\"\" >\n\t\t\t\t<img loading=\"lazy\" decoding=\"async\" width=\"220\" height=\"220\" src=\"https:\/\/brt.image.ee\/wp-content\/uploads\/icon-learn-more-request-for-quatation.png\" class=\"attachment-original size-original\" alt=\"learn more\" \/>\t\t\t\t\t\t\t\t\t\t\t<\/div>\n\t\t\t<\/a>\t\t<\/div>\n\n\t\t<div class=\"box-text text-center is-large\" >\n\t\t\t<div class=\"box-text-inner\">\n\t\t\t\t\n\n<p class=\"uppercase\"><a href=\"https:\/\/brt.image.ee\/fr\/nous-contacter\/demande-de-devis\/\">DEMANDE DE DEVIS<\/a><\/p>\n\n\t\t\t<\/div>\n\t\t<\/div>\n\t<\/div>\n\t\n\n\n\t\t<\/div>\n\t\t\t\t\t<\/div>\n\n\t\n\n\t<div id=\"col-2080654688\" class=\"col medium-4 small-12 large-4\"  >\n\t\t\t\t<div class=\"col-inner\"  >\n\t\t\t\n\t\t\t\n\n\t<div class=\"box has-hover   has-hover box-text-bottom\" >\n\n\t\t<div class=\"box-image\" style=\"width:40%;\">\n\t\t\t<a href=\"\/fr\/limiteur-de-debit\/foires-aux-questions\/\" >\t\t\t<div class=\"\" >\n\t\t\t\t<img loading=\"lazy\" decoding=\"async\" width=\"220\" height=\"220\" src=\"https:\/\/brt.image.ee\/wp-content\/uploads\/icon-learn-more-questions-answers.png\" class=\"attachment-original size-original\" alt=\"\" \/>\t\t\t\t\t\t\t\t\t\t\t<\/div>\n\t\t\t<\/a>\t\t<\/div>\n\n\t\t<div class=\"box-text text-center is-large\" >\n\t\t\t<div class=\"box-text-inner\">\n\t\t\t\t\n\n<p class=\"uppercase\"><a href=\"\/fr\/limiteur-de-debit\/foires-aux-questions\/\">FOIRES AUX QUESTIONS<\/a><\/p>\n\n\t\t\t<\/div>\n\t\t<\/div>\n\t<\/div>\n\t\n\n\n\t\t<\/div>\n\t\t\t\t\t<\/div>\n\n\t\n\n<\/div>\n<div class=\"row align-center\"  id=\"row-131586751\">\n\n\n\t<div id=\"col-1800249143\" class=\"col medium-4 small-12 large-4\"  >\n\t\t\t\t<div class=\"col-inner\"  >\n\t\t\t\n\t\t\t\n\n\t<div class=\"box has-hover   has-hover box-text-bottom\" >\n\n\t\t<div class=\"box-image\" style=\"width:40%;\">\n\t\t\t<a href=\"\/fr\/applications-de-nos-regulateurs-de-debet\/\" >\t\t\t<div class=\"\" >\n\t\t\t\t<img loading=\"lazy\" decoding=\"async\" width=\"220\" height=\"220\" src=\"https:\/\/brt.image.ee\/wp-content\/uploads\/icon-learn-more-applications.png\" class=\"attachment-original size-original\" alt=\"\" \/>\t\t\t\t\t\t\t\t\t\t\t<\/div>\n\t\t\t<\/a>\t\t<\/div>\n\n\t\t<div class=\"box-text text-center is-large\" >\n\t\t\t<div class=\"box-text-inner\">\n\t\t\t\t\n\n<p class=\"uppercase\"><a href=\"https:\/\/brt.image.ee\/fr\/applications-de-nos-regulateurs-de-debet\/\">APPLICATIONS<\/a><\/p>\n\n\t\t\t<\/div>\n\t\t<\/div>\n\t<\/div>\n\t\n\n\n\t\t<\/div>\n\t\t\t\t\t<\/div>\n\n\t\n\n\t<div id=\"col-413333114\" class=\"col medium-4 small-12 large-4\"  >\n\t\t\t\t<div class=\"col-inner\"  >\n\t\t\t\n\t\t\t\n\n\t<div class=\"box has-hover   has-hover box-text-bottom\" >\n\n\t\t<div class=\"box-image\" style=\"width:40%;\">\n\t\t\t<a href=\"\/fr\/etudes-de-cas\/\" >\t\t\t<div class=\"\" >\n\t\t\t\t<img loading=\"lazy\" decoding=\"async\" width=\"220\" height=\"220\" src=\"https:\/\/brt.image.ee\/wp-content\/uploads\/icon-learn-more-case-studies.png\" class=\"attachment-original size-original\" alt=\"\" \/>\t\t\t\t\t\t\t\t\t\t\t<\/div>\n\t\t\t<\/a>\t\t<\/div>\n\n\t\t<div class=\"box-text text-center is-large\" >\n\t\t\t<div class=\"box-text-inner\">\n\t\t\t\t\r\n\r\n<p class=\"uppercase\"><a href=\"https:\/\/brt.image.ee\/fr\/etudes-de-cas\/\">\u00c9TUDES DE CAS<\/a><\/p>\r\n\r\n\t\t\t<\/div>\n\t\t<\/div>\n\t<\/div>\n\t\n\n\n\t\t<\/div>\n\t\t\t\t\t<\/div>\n\n\t\n\n\t<div id=\"col-1090681282\" class=\"col medium-4 small-12 large-4\"  >\n\t\t\t\t<div class=\"col-inner\"  >\n\t\t\t\n\t\t\t\n\n\t<div class=\"box has-hover   has-hover box-text-bottom\" >\n\n\t\t<div class=\"box-image\" style=\"width:40%;\">\n\t\t\t<a href=\"\/fr\/instructions-video\/\" >\t\t\t<div class=\"\" >\n\t\t\t\t<img loading=\"lazy\" decoding=\"async\" width=\"220\" height=\"220\" src=\"https:\/\/brt.image.ee\/wp-content\/uploads\/icon-learn-more-videos.png\" class=\"attachment-original size-original\" alt=\"\" \/>\t\t\t\t\t\t\t\t\t\t\t<\/div>\n\t\t\t<\/a>\t\t<\/div>\n\n\t\t<div class=\"box-text text-center is-large\" >\n\t\t\t<div class=\"box-text-inner\">\n\t\t\t\t\n\n<p class=\"uppercase\"><a href=\"https:\/\/brt.image.ee\/fr\/instructions-video\/\" rel=\"noopener\">VIDEOS<\/a><\/p>\n\n\t\t\t<\/div>\n\t\t<\/div>\n\t<\/div>\n\t\n\n\n\t\t<\/div>\n\t\t\t\t\t<\/div>\n\n\t\n\n<\/div>\n<div class=\"row align-center\"  id=\"row-1894316107\">\n\n\n\t<div id=\"col-325565726\" class=\"col medium-4 small-12 large-4\"  >\n\t\t\t\t<div class=\"col-inner\"  >\n\t\t\t\n\t\t\t\n\n\t<div class=\"box has-hover   has-hover box-text-bottom\" >\n\n\t\t<div class=\"box-image\" style=\"width:40%;\">\n\t\t\t<a href=\"\/fr\/informations-et-actualites\/\" >\t\t\t<div class=\"\" >\n\t\t\t\t<img loading=\"lazy\" decoding=\"async\" width=\"220\" height=\"220\" src=\"https:\/\/brt.image.ee\/wp-content\/uploads\/icon-learn-more-news.png\" class=\"attachment-original size-original\" alt=\"\" \/>\t\t\t\t\t\t\t\t\t\t\t<\/div>\n\t\t\t<\/a>\t\t<\/div>\n\n\t\t<div class=\"box-text text-center is-large\" >\n\t\t\t<div class=\"box-text-inner\">\n\t\t\t\t\n\n<p class=\"uppercase\"><a href=\"https:\/\/brt.image.ee\/fr\/informations-et-actualites\/\">NOUVELLES<\/a><\/p>\n\n\t\t\t<\/div>\n\t\t<\/div>\n\t<\/div>\n\t\n\n\n\t\t<\/div>\n\t\t\t\t\t<\/div>\n\n\t\n\n\t<div id=\"col-1021123017\" class=\"col medium-4 small-12 large-4\"  >\n\t\t\t\t<div class=\"col-inner\"  >\n\t\t\t\n\t\t\t\n\n\t<div class=\"box has-hover   has-hover box-text-bottom\" >\n\n\t\t<div class=\"box-image\" style=\"width:40%;\">\n\t\t\t<a href=\"\/fr\/ressources\/\" >\t\t\t<div class=\"\" >\n\t\t\t\t<img loading=\"lazy\" decoding=\"async\" width=\"220\" height=\"220\" src=\"https:\/\/brt.image.ee\/wp-content\/uploads\/icon-learn-more-info-hub.png\" class=\"attachment-original size-original\" alt=\"\" \/>\t\t\t\t\t\t\t\t\t\t\t<\/div>\n\t\t\t<\/a>\t\t<\/div>\n\n\t\t<div class=\"box-text text-center is-large\" >\n\t\t\t<div class=\"box-text-inner\">\n\t\t\t\t\n\n<p class=\"uppercase\"><a href=\"https:\/\/brt.image.ee\/fr\/ressources\/\">Ressources<\/a><\/p>\n\n\t\t\t<\/div>\n\t\t<\/div>\n\t<\/div>\n\t\n\n\n\t\t<\/div>\n\t\t\t\t\t<\/div>\n\n\t\n\n\t<div id=\"col-2107789526\" class=\"col medium-4 small-12 large-4\"  >\n\t\t\t\t<div class=\"col-inner\"  >\n\t\t\t\n\t\t\t\n\n\t<div class=\"box has-hover   has-hover box-text-bottom\" >\n\n\t\t<div class=\"box-image\" style=\"width:40%;\">\n\t\t\t<a href=\"\/fr\/limiteur-de-debit\/solutions-sur-mesure-pour-fabricants-oem\/\" >\t\t\t<div class=\"\" >\n\t\t\t\t<img loading=\"lazy\" decoding=\"async\" width=\"220\" height=\"220\" src=\"https:\/\/brt.image.ee\/wp-content\/uploads\/icon-learn-more-tailor-made-oem.png\" class=\"attachment-original size-original\" alt=\"\" \/>\t\t\t\t\t\t\t\t\t\t\t<\/div>\n\t\t\t<\/a>\t\t<\/div>\n\n\t\t<div class=\"box-text text-center is-large\" >\n\t\t\t<div class=\"box-text-inner\">\n\t\t\t\t\n\n<p class=\"uppercase\"><a href=\"https:\/\/brt.image.ee\/fr\/limiteur-de-debit\/solutions-sur-mesure-pour-fabricants-oem\/\">Solutions OEM<\/a><\/p>\n\n\t\t\t<\/div>\n\t\t<\/div>\n\t<\/div>\n\t\n\n\n\t\t<\/div>\n\t\t\t\t\t<\/div>\n\n\t\n\n<\/div>\n\n\t\t<\/div>\n\n\t\t\n<style>\n#section_2032367519 {\n  padding-top: 30px;\n  padding-bottom: 30px;\n}\n<\/style>\n\t<\/section>\n\t\n\n\t<div id=\"gap-1331057493\" class=\"gap-element clearfix\" style=\"display:block; height:auto;\">\n\t\t\n<style>\n#gap-1331057493 {\n  padding-top: 40px;\n}\n<\/style>\n\t<\/div>\n\t\n\n\n","protected":false},"excerpt":{"rendered":"","protected":false},"author":8,"featured_media":0,"parent":2113,"menu_order":0,"comment_status":"closed","ping_status":"closed","template":"page-blank.php","meta":{"footnotes":""},"class_list":["post-2121","page","type-page","status-publish","hentry"],"_links":{"self":[{"href":"https:\/\/brt.image.ee\/fr\/wp-json\/wp\/v2\/pages\/2121","targetHints":{"allow":["GET"]}}],"collection":[{"href":"https:\/\/brt.image.ee\/fr\/wp-json\/wp\/v2\/pages"}],"about":[{"href":"https:\/\/brt.image.ee\/fr\/wp-json\/wp\/v2\/types\/page"}],"author":[{"embeddable":true,"href":"https:\/\/brt.image.ee\/fr\/wp-json\/wp\/v2\/users\/8"}],"replies":[{"embeddable":true,"href":"https:\/\/brt.image.ee\/fr\/wp-json\/wp\/v2\/comments?post=2121"}],"version-history":[{"count":0,"href":"https:\/\/brt.image.ee\/fr\/wp-json\/wp\/v2\/pages\/2121\/revisions"}],"up":[{"embeddable":true,"href":"https:\/\/brt.image.ee\/fr\/wp-json\/wp\/v2\/pages\/2113"}],"wp:attachment":[{"href":"https:\/\/brt.image.ee\/fr\/wp-json\/wp\/v2\/media?parent=2121"}],"curies":[{"name":"wp","href":"https:\/\/api.w.org\/{rel}","templated":true}]}}