{"id":1443,"date":"2025-04-10T10:07:46","date_gmt":"2025-04-10T08:07:46","guid":{"rendered":"https:\/\/brt.image.ee\/?page_id=1443"},"modified":"2025-07-20T16:28:08","modified_gmt":"2025-07-20T14:28:08","slug":"fordelarna-med-att-anvanda-bt-maric-konstantflodesventiler","status":"publish","type":"page","link":"https:\/\/brt.image.ee\/sv\/fordelarna-med-att-anvanda-bt-maric-konstantflodesventiler\/","title":{"rendered":"F\u00f6rdelarna med att anv\u00e4nda BT-Maric konstantfl\u00f6desventiler"},"content":{"rendered":"\n\t<div id=\"gap-733388149\" class=\"gap-element clearfix\" style=\"display:block; height:auto;\">\n\t\t\n<style>\n#gap-733388149 {\n  padding-top: 50px;\n}\n<\/style>\n\t<\/div>\n\t\n\n<div class=\"row align-center\"  id=\"row-1551752964\">\n\n\n\t<div id=\"col-175180615\" class=\"col small-12 large-12\"  >\n\t\t\t\t<div class=\"col-inner text-center\"  >\n\t\t\t\n\t\t\t\n\n\t<div id=\"text-949975941\" class=\"text\">\n\t\t\n\n<h1>M\u00e5nga f\u00f6rdelar med att anv\u00e4nda BT-Maric konstantfl\u00f6desventiler<\/h1>\n\t\t\n<style>\n#text-949975941 {\n  text-align: center;\n}\n<\/style>\n\t<\/div>\n\t\n\n\t\t<\/div>\n\t\t\t\t\t<\/div>\n\n\t\n\n<\/div>\n\n  <div class=\"banner has-hover img-contain\" id=\"banner-1955294140\">\n          <div class=\"banner-inner fill\">\n        <div class=\"banner-bg fill\" >\n            <img loading=\"lazy\" decoding=\"async\" width=\"1920\" height=\"605\" src=\"https:\/\/brt.image.ee\/wp-content\/uploads\/banner-bg-benefits-of-constant-flow-valves-.jpg\" class=\"bg attachment-original size-original\" alt=\"\" \/>                                    \n                    <\/div>\n\t\t\n        <div class=\"banner-layers container\">\n            <div class=\"fill banner-link\"><\/div>            \n\n\n        <\/div>\n      <\/div>\n\n              <div class=\"height-fix is-invisible\"><img loading=\"lazy\" decoding=\"async\" width=\"1920\" height=\"605\" src=\"https:\/\/brt.image.ee\/wp-content\/uploads\/banner-bg-benefits-of-constant-flow-valves-.jpg\" class=\"attachment-original size-original\" alt=\"\" srcset=\"https:\/\/brt.image.ee\/wp-content\/uploads\/banner-bg-benefits-of-constant-flow-valves-.jpg 1920w, https:\/\/brt.image.ee\/wp-content\/uploads\/banner-bg-benefits-of-constant-flow-valves--570x180.jpg 570w, https:\/\/brt.image.ee\/wp-content\/uploads\/banner-bg-benefits-of-constant-flow-valves--1140x359.jpg 1140w, https:\/\/brt.image.ee\/wp-content\/uploads\/banner-bg-benefits-of-constant-flow-valves--768x242.jpg 768w, https:\/\/brt.image.ee\/wp-content\/uploads\/banner-bg-benefits-of-constant-flow-valves--1536x484.jpg 1536w\" sizes=\"auto, (max-width: 1920px) 100vw, 1920px\" \/><\/div>\n            \n<style>\n#banner-1955294140 {\n  background-color: rgb(255,255,255);\n}\n<\/style>\n  <\/div>\n\n\n\n\t<section class=\"section\" id=\"section_1630545818\">\n\t\t<div class=\"section-bg fill\" >\n\t\t\t\t\t\t\t\t\t\n\t\t\t\n\n\t\t<\/div>\n\n\t\t\n\n\t\t<div class=\"section-content relative\">\n\t\t\t\n\n<div class=\"container section-title-container\" ><h2 class=\"section-title section-title-center\"><b><\/b><span class=\"section-title-main\" >Ett brett utbud av f\u00f6rdelar<\/span><b><\/b><\/h2><\/div>\n\n<div class=\"row align-center bg-blue box-list\"  id=\"row-1907242920\">\n\n\n\t<div id=\"col-1554293338\" class=\"col small-12 large-12\"  >\n\t\t\t\t<div class=\"col-inner text-center\"  >\n\t\t\t\n\t\t\t\n\n<h3>BT-Maric konstantfl\u00f6desventiler erbjuder ett brett utbud av f\u00f6rdelar f\u00f6r en effektiv och h\u00e5llbar systemdrift. <br \/>S\u00e5 h\u00e4r g\u00f6r de skillnad:<\/h3>\n\n\t\t<\/div>\n\t\t\t\t\t<\/div>\n\n\t\n\n<\/div>\n<div class=\"row bg-blue box-list\"  id=\"row-1855228997\">\n\n\n\t<div id=\"col-1818179340\" class=\"col medium-6 small-12 large-6\"  >\n\t\t\t\t<div class=\"col-inner\"  >\n\t\t\t\n\t\t\t\n\n<ul class=\"bullet-cross\">\n<li>\n<h4>Konstant fl\u00f6deshastighet<\/h4>\n<p>De s\u00e4kerst\u00e4ller en j\u00e4mn fl\u00f6deshastighet, oavsett tryckvariationer i systemet.<\/p>\n<\/li>\n<li>\n<h4>F\u00f6rb\u00e4ttrad systemprestanda<\/h4>\n<p>B\u00e4ttre processkontroll: Stabil fl\u00f6deshastighet f\u00f6rb\u00e4ttrar den \u00f6vergripande prestandan i v\u00e4tskesystemet, vilket leder till b\u00e4ttre processkontroll och h\u00f6gre produktkvalitet.<\/p>\n<\/li>\n<li>\n<h4>Brett utbud av fl\u00f6deshastigheter, anslutningar och material tillg\u00e4ngliga<\/h4>\n<p>BT-Maric fl\u00f6desregulatorer kan enkelt eftermonteras i befintliga system eller integreras i nya applikationer. De \u00e4r utformade f\u00f6r fl\u00f6den fr\u00e5n s\u00e5 l\u00e5gt som 0,15 L\/min upp till 13 500 L\/min med sm\u00e5 inkrementella steg. Ventilerna finns i tre standardmaterial: m\u00e4ssing, PVC och rostfritt st\u00e5l. De kan levereras med tre typer av anslutningar: insatser, kl\u00e4mskiva eller g\u00e4ngade ventiler.<\/p>\n<\/li>\n<li>\n<h4>Flexibilitet i Design<\/h4>\n<p>Skr\u00e4ddarsydda l\u00f6sningar: Dessa ventiler kan anpassas f\u00f6r att m\u00f6ta specifika krav och erbjuder flexibilitet f\u00f6r olika driftf\u00f6rh\u00e5llanden.<\/p>\n<\/li>\n<li>\n<h4>Enkel att installera och integrera<\/h4>\n<p>BT-Maric ventiler kan enkelt integreras i alla system, vilket g\u00f6r dem m\u00e5ngsidiga f\u00f6r olika anv\u00e4ndningsomr\u00e5den inom flera branscher.<\/p>\n<\/li>\n<li>\n<h4>Kompakt, p\u00e5litlig och mycket exakt<\/h4>\n<p>BT-Maric ventiler \u00e4r konstruerade f\u00f6r en l\u00e5ng livsl\u00e4ngd p\u00e5 20 \u00e5r och har en enkel och kompakt design. V\u00e5r standardl\u00f6sning erbjuder en noggrannhet p\u00e5 \u00b110 % \u00f6ver hela tryckfallsintervallet fr\u00e5n 1,4 bar till 10 bar.<\/p>\n<\/li>\n<li>\n<h4>F\u00f6rinst\u00e4llda (ej justerbara) f\u00f6r manipulationss\u00e4ker drift<\/h4>\n<p>Ventilerna \u00e4r f\u00f6rinst\u00e4llda f\u00f6r att undvika justeringsfel eller o\u00f6nskade f\u00f6r\u00e4ndringar i systemet. Fl\u00f6deshastigheter m\u00e5ste specificeras vid best\u00e4llning, vilket s\u00e4kerst\u00e4ller en manipulationss\u00e4ker funktion.<\/p>\n<\/li>\n<\/ul>\n\n\t\t<\/div>\n\t\t\t\t\t<\/div>\n\n\t\n\n\t<div id=\"col-684213973\" class=\"col medium-6 small-12 large-6\"  >\n\t\t\t\t<div class=\"col-inner\"  >\n\t\t\t\n\t\t\t\n\n<ul class=\"bullet-cross\">\n<li>\n<h4>L\u00f6sningar f\u00f6r h\u00f6gt och l\u00e5gt tryck<\/h4>\n<p>BT-Maric fl\u00f6desregulatorer \u00e4r konstruerade f\u00f6r att hantera tryckskillnader fr\u00e5n 0,45 upp till 20 Bar.<\/p>\n<\/li>\n<li>\n<h4>Kostnadseffektiv l\u00f6sning<\/h4>\n<p>L\u00e5ngsiktiga besparing: Minskar b\u00e5de investerings- och driftkostnader avsev\u00e4rt, samtidigt som utrustningsfel f\u00f6rebyggs och produktens livsl\u00e4ngd f\u00f6rl\u00e4ngs.<\/p>\n<\/li>\n<li>\n<h4>Minskade underh\u00e5llskostnader<\/h4>\n<p>Mindre slitage: Med f\u00e4rre fluktuationer i fl\u00f6de och tryck belastas pumpar och andra komponenter mindre, vilket minskar underh\u00e5llsbehovet och f\u00f6rl\u00e4nger utrustningens livsl\u00e4ngd.<\/p>\n<\/li>\n<li>\n<h4>F\u00f6rb\u00e4ttrad s\u00e4kerhet<\/h4>\n<p>Genom att s\u00e4kerst\u00e4lla ett konstant fl\u00f6de minimeras risken f\u00f6r systemfel orsakade av trycktoppar eller variationer, vilket \u00f6kar den \u00f6vergripande s\u00e4kerheten.<\/p>\n<\/li>\n<li>\n<h4>Reducerad vattenf\u00f6rbrukning<\/h4>\n<p>Dessa ventiler optimerar vattenanv\u00e4ndningen genom att h\u00e5lla ett konstant fl\u00f6de, vilket ger l\u00e5ngsiktiga kostnadsbesparingar.<\/p>\n<\/li>\n<li>\n<h4>L\u00e4mpliga f\u00f6r d\u00e5lig vattenkvalitet<br \/>\n<\/h4>\n<p>BT-Maric ventiler \u00e4r fr\u00e4mst utformade f\u00f6r vattenapplikationer och fungerar utm\u00e4rkt \u00e4ven vid s\u00e4mre vattenkvalitet. Tack vare det flexibla gummimaterialet som minimerar blockeringar och bel\u00e4ggningar.<\/p>\n<\/li>\n<li>\n<h4>Energieffektivitet<\/h4>\n<p>BT-Maric konstantfl\u00f6desventiler \u00e4r 100 % mekaniska och sj\u00e4lvreglerande, vilket inneb\u00e4r att de inte kr\u00e4ver n\u00e5gon extra energi f\u00f6r att fungera.<\/p>\n<\/li>\n<li>\n<h4>Uppfyller ledande bransch- och kvalitetsstandarder<br \/>\n<\/h4>\n<p>Ventilerna uppfyller kraven enligt ISO 9001:2015, ISO 14001:2015, det franska certifikatet f\u00f6r sanit\u00e4r \u00f6verensst\u00e4mmelse (ACS) samt australiensiska standarder f\u00f6r dricksvatten.<\/p>\n<\/li>\n<\/ul>\n\n\t\t<\/div>\n\t\t\t\t\t<\/div>\n\n\t\n\n<\/div>\n\n\t\t<\/div>\n\n\t\t\n<style>\n#section_1630545818 {\n  padding-top: 30px;\n  padding-bottom: 30px;\n}\n<\/style>\n\t<\/section>\n\t\n\n  <div class=\"banner has-hover has-parallax\" id=\"banner-60452210\">\n          <div class=\"banner-inner fill\">\n        <div class=\"banner-bg fill\" data-parallax=\"-2\" data-parallax-container=\".banner\" data-parallax-background>\n            <img loading=\"lazy\" decoding=\"async\" width=\"1920\" height=\"480\" src=\"https:\/\/brt.image.ee\/wp-content\/uploads\/banner-bg-most-economical-and-compact-solution.jpg\" class=\"bg attachment-original size-original\" alt=\"\" \/>                                    \n                    <\/div>\n\t\t\n        <div class=\"banner-layers container\">\n            <div class=\"fill banner-link\"><\/div>            \n\n   <div id=\"text-box-1822066949\" class=\"text-box banner-layer x50 md-x50 lg-x50 y50 md-y50 lg-y50 res-text\">\n                                <div class=\"text-box-content text \">\n              \n              <div class=\"text-inner text-center\">\n                  \n\n<p class=\"banner-text lead\"><strong>Vill du veta mer om hur v\u00e5ra ventiler presterar i olika applikationer?<\/strong> <br \/>\n<strong>Utforska v\u00e5ra fallstudier och se hur v\u00e5ra OEM-l\u00f6sningar skapar resultat.<\/strong><\/p>\n<a href=\"\/sv\/case-studier\/\" class=\"button primary button-black\"  >\n\t\t<span>Case studier<\/span>\n\t<\/a>\n\n\n<a href=\"\/sv\/konstantflodesventiler\/skraddarsydda-oem-losningar\/\" class=\"button primary button-black\"  >\n\t\t<span>OEM L\u00f6sningar<\/span>\n\t<\/a>\n\n\n\n              <\/div>\n           <\/div>\n                            \n<style>\n#text-box-1822066949 .text-box-content {\n  background-color: rgba(255, 255, 255, 0.75);\n  font-size: 100%;\n}\n#text-box-1822066949 .text-inner {\n  padding: 2px 10px 10px 10px;\n}\n#text-box-1822066949 {\n  width: 80%;\n}\n<\/style>\n    <\/div>\n \n\n        <\/div>\n      <\/div>\n\n            \n<style>\n#banner-60452210 {\n  padding-top: 300px;\n  background-color: rgb(255,255,255);\n}\n<\/style>\n  <\/div>\n\n\n\n\t<section class=\"section bg-yellow\" id=\"section_1157735478\">\n\t\t<div class=\"section-bg fill\" >\n\t\t\t\t\t\t\t\t\t\n\t\t\t\n\n\t\t<\/div>\n\n\t\t\n\n\t\t<div class=\"section-content relative\">\n\t\t\t\n\n\t<div id=\"gap-2117893713\" class=\"gap-element clearfix\" style=\"display:block; height:auto;\">\n\t\t\n<style>\n#gap-2117893713 {\n  padding-top: 30px;\n}\n<\/style>\n\t<\/div>\n\t\n\n<div class=\"row row-collapse align-center\"  id=\"row-320191939\">\n\n\n\t<div id=\"col-1849526789\" class=\"col medium-9 small-12 large-9\"  >\n\t\t\t\t<div class=\"col-inner\"  >\n\t\t\t\n\t\t\t\n\n\t<div id=\"text-2217142370\" class=\"text\">\n\t\t\n\n<h2>Har du fr\u00e5gor? Vi har svaren!<\/h2>\n<p class=\"lead\">Kontakta v\u00e5rt s\u00e4ljteam f\u00f6r att l\u00e4ra dig mer om v\u00e5ra BT-Maric konstantfl\u00f6desventiler, eller l\u00e4s i v\u00e5r FAQ-sektion f\u00f6r att hitta den information du beh\u00f6ver. Vi finns h\u00e4r f\u00f6r att hj\u00e4lpa dig!<\/p>\n\n\t\t\n<style>\n#text-2217142370 {\n  text-align: center;\n}\n<\/style>\n\t<\/div>\n\t\n\n\t\t<\/div>\n\t\t\t\t\t<\/div>\n\n\t\n\n<\/div>\n<div class=\"row align-middle align-center\"  id=\"row-1863733405\">\n\n\n\t<div id=\"col-45040210\" class=\"col medium-4 small-12 large-4\"  >\n\t\t\t\t<div class=\"col-inner\"  >\n\t\t\t\n\t\t\t\n\n\t<div class=\"box has-hover   has-hover box-text-bottom\" >\n\n\t\t<div class=\"box-image\" style=\"width:40%;\">\n\t\t\t<a href=\"\/sv\/kontakta-oss\/\" >\t\t\t<div class=\"\" >\n\t\t\t\t<img loading=\"lazy\" decoding=\"async\" width=\"220\" height=\"220\" src=\"https:\/\/brt.image.ee\/wp-content\/uploads\/icon-learn-more-contact-us.png\" class=\"attachment-original size-original\" alt=\"\" \/>\t\t\t\t\t\t\t\t\t\t\t<\/div>\n\t\t\t<\/a>\t\t<\/div>\n\n\t\t<div class=\"box-text text-center is-large\" >\n\t\t\t<div class=\"box-text-inner\">\n\t\t\t\t\n\n<p class=\"uppercase\"><a href=\"https:\/\/brt.image.ee\/sv\/kontakta-oss\/\" data-wplink-edit=\"true\">KONTAKTA OSS<\/a><\/p>\n\n\t\t\t<\/div>\n\t\t<\/div>\n\t<\/div>\n\t\n\n\n\t\t<\/div>\n\t\t\t\t\t<\/div>\n\n\t\n\n\t<div id=\"col-1379142643\" class=\"col medium-4 small-12 large-4\"  >\n\t\t\t\t<div class=\"col-inner\"  >\n\t\t\t\n\t\t\t\n\n\t<div class=\"box has-hover   has-hover box-text-bottom\" >\n\n\t\t<div class=\"box-image\" style=\"width:40%;\">\n\t\t\t<a href=\"\/sv\/konstantflodesventiler\/vanliga-fragor\/\" >\t\t\t<div class=\"\" >\n\t\t\t\t<img loading=\"lazy\" decoding=\"async\" width=\"220\" height=\"220\" src=\"https:\/\/brt.image.ee\/wp-content\/uploads\/icon-learn-more-questions-answers.png\" class=\"attachment-original size-original\" alt=\"\" \/>\t\t\t\t\t\t\t\t\t\t\t<\/div>\n\t\t\t<\/a>\t\t<\/div>\n\n\t\t<div class=\"box-text text-center is-large\" >\n\t\t\t<div class=\"box-text-inner\">\n\t\t\t\t\n\n<p class=\"uppercase\"><a href=\"https:\/\/brt.image.ee\/sv\/konstantflodesventiler\/vanliga-fragor\/\">VANLIGA FR\u00c5GOR<\/a><\/p>\n\n\t\t\t<\/div>\n\t\t<\/div>\n\t<\/div>\n\t\n\n\n\t\t<\/div>\n\t\t\t\t\t<\/div>\n\n\t\n\n\t<div id=\"col-468346218\" class=\"col medium-4 small-12 large-4\"  >\n\t\t\t\t<div class=\"col-inner\"  >\n\t\t\t\n\t\t\t\n\n\t<div class=\"box has-hover   has-hover box-text-bottom\" >\n\n\t\t<div class=\"box-image\" style=\"width:40%;\">\n\t\t\t<a href=\"\/sv\/video-instruktioner\/\" >\t\t\t<div class=\"\" >\n\t\t\t\t<img loading=\"lazy\" decoding=\"async\" width=\"220\" height=\"220\" src=\"https:\/\/brt.image.ee\/wp-content\/uploads\/icon-learn-more-videos.png\" class=\"attachment-original size-original\" alt=\"\" \/>\t\t\t\t\t\t\t\t\t\t\t<\/div>\n\t\t\t<\/a>\t\t<\/div>\n\n\t\t<div class=\"box-text text-center is-large\" >\n\t\t\t<div class=\"box-text-inner\">\n\t\t\t\t\n\n<p class=\"uppercase\"><a href=\"https:\/\/brt.image.ee\/sv\/video-instruktioner\/\" rel=\"noopener\">VIDEOS<\/a><\/p>\n\n\t\t\t<\/div>\n\t\t<\/div>\n\t<\/div>\n\t\n\n\n\t\t<\/div>\n\t\t\t\t\t<\/div>\n\n\t\n\n\n<style>\n#row-1863733405 > .col > .col-inner {\n  padding: 30px 0px 0px 0px;\n}\n<\/style>\n<\/div>\n\n\t\t<\/div>\n\n\t\t\n<style>\n#section_1157735478 {\n  padding-top: 0px;\n  padding-bottom: 0px;\n}\n<\/style>\n\t<\/section>\n\t\n\n\t<div id=\"gap-1300798965\" class=\"gap-element clearfix\" style=\"display:block; height:auto;\">\n\t\t\n<style>\n#gap-1300798965 {\n  padding-top: 30px;\n}\n<\/style>\n\t<\/div>\n\t\n\n\n\t<section class=\"section\" id=\"section_1462748535\">\n\t\t<div class=\"section-bg fill\" >\n\t\t\t\t\t\t\t\t\t\n\t\t\t\n\n\t\t<\/div>\n\n\t\t\n\n\t\t<div class=\"section-content relative\">\n\t\t\t\n\n<div class=\"container section-title-container\" ><h2 class=\"section-title section-title-center\"><b><\/b><span class=\"section-title-main\" >L\u00e4r mer<\/span><b><\/b><\/h2><\/div>\n\n<div class=\"row\"  id=\"row-1469222182\">\n\n\n\t<div id=\"col-1925169611\" class=\"col medium-4 small-12 large-4\"  >\n\t\t\t\t<div class=\"col-inner\"  >\n\t\t\t\n\t\t\t\n\n\t<div class=\"box has-hover   has-hover box-text-bottom\" >\n\n\t\t<div class=\"box-image\" style=\"width:40%;\">\n\t\t\t<a href=\"https:\/\/brt.image.ee\/sv\/anvandningsomraden-for-vara-konstantflodesventiler\/\" >\t\t\t<div class=\"\" >\n\t\t\t\t<img loading=\"lazy\" decoding=\"async\" width=\"220\" height=\"220\" src=\"https:\/\/brt.image.ee\/wp-content\/uploads\/icon-learn-more-applications.png\" class=\"attachment-original size-original\" alt=\"\" \/>\t\t\t\t\t\t\t\t\t\t\t<\/div>\n\t\t\t<\/a>\t\t<\/div>\n\n\t\t<div class=\"box-text text-center is-large\" >\n\t\t\t<div class=\"box-text-inner\">\n\t\t\t\t\n\n<p class=\"uppercase\"><a href=\"https:\/\/brt.image.ee\/sv\/anvandningsomraden-for-vara-konstantflodesventiler\/\">ANV\u00c4NDNINGSOMR\u00c5DEN<\/a><\/p>\n\n\t\t\t<\/div>\n\t\t<\/div>\n\t<\/div>\n\t\n\n\n\t\t<\/div>\n\t\t\t\t\t<\/div>\n\n\t\n\n\t<div id=\"col-1415843714\" class=\"col medium-4 small-12 large-4\"  >\n\t\t\t\t<div class=\"col-inner\"  >\n\t\t\t\n\t\t\t\n\n\t<div class=\"box has-hover   has-hover box-text-bottom\" >\n\n\t\t<div class=\"box-image\" style=\"width:40%;\">\n\t\t\t<a href=\"\/sv\/case-studier\/\" >\t\t\t<div class=\"\" >\n\t\t\t\t<img loading=\"lazy\" decoding=\"async\" width=\"220\" height=\"220\" src=\"https:\/\/brt.image.ee\/wp-content\/uploads\/icon-learn-more-case-studies.png\" class=\"attachment-original size-original\" alt=\"\" \/>\t\t\t\t\t\t\t\t\t\t\t<\/div>\n\t\t\t<\/a>\t\t<\/div>\n\n\t\t<div class=\"box-text text-center is-large\" >\n\t\t\t<div class=\"box-text-inner\">\n\t\t\t\t\n\n<p class=\"uppercase\"><a href=\"https:\/\/brt.image.ee\/sv\/case-studier\/\">CASE STUDIER<\/a><\/p>\n\n\t\t\t<\/div>\n\t\t<\/div>\n\t<\/div>\n\t\n\n\n\t\t<\/div>\n\t\t\t\t\t<\/div>\n\n\t\n\n\t<div id=\"col-2055310320\" class=\"col medium-4 small-12 large-4\"  >\n\t\t\t\t<div class=\"col-inner\"  >\n\t\t\t\n\t\t\t\n\n\t<div class=\"box has-hover   has-hover box-text-bottom\" >\n\n\t\t<div class=\"box-image\" style=\"width:40%;\">\n\t\t\t<a href=\"\/sv\/konstantflodesventiler\/skraddarsydda-oem-losningar\/\" >\t\t\t<div class=\"\" >\n\t\t\t\t<img loading=\"lazy\" decoding=\"async\" width=\"220\" height=\"220\" src=\"https:\/\/brt.image.ee\/wp-content\/uploads\/icon-learn-more-tailor-made-oem.png\" class=\"attachment-original size-original\" alt=\"\" \/>\t\t\t\t\t\t\t\t\t\t\t<\/div>\n\t\t\t<\/a>\t\t<\/div>\n\n\t\t<div class=\"box-text text-center is-large\" >\n\t\t\t<div class=\"box-text-inner\">\n\t\t\t\t\n\n<p class=\"uppercase\"><a href=\"https:\/\/brt.image.ee\/sv\/konstantflodesventiler\/skraddarsydda-oem-losningar\/\">SKR\u00c4DDARSYDDA OEM<\/a><\/p>\n\n\t\t\t<\/div>\n\t\t<\/div>\n\t<\/div>\n\t\n\n\n\t\t<\/div>\n\t\t\t\t\t<\/div>\n\n\t\n\n<\/div>\n<div class=\"row\"  id=\"row-1933098787\">\n\n\n\t<div id=\"col-2087418309\" class=\"col medium-4 small-12 large-4\"  >\n\t\t\t\t<div class=\"col-inner\"  >\n\t\t\t\n\t\t\t\n\n\t<div class=\"box has-hover   has-hover box-text-bottom\" >\n\n\t\t<div class=\"box-image\" style=\"width:40%;\">\n\t\t\t<a href=\"\/sv\/information-och-nyheter\/\" >\t\t\t<div class=\"\" >\n\t\t\t\t<img loading=\"lazy\" decoding=\"async\" width=\"220\" height=\"220\" src=\"https:\/\/brt.image.ee\/wp-content\/uploads\/icon-learn-more-news.png\" class=\"attachment-original size-original\" alt=\"\" \/>\t\t\t\t\t\t\t\t\t\t\t<\/div>\n\t\t\t<\/a>\t\t<\/div>\n\n\t\t<div class=\"box-text text-center is-large\" >\n\t\t\t<div class=\"box-text-inner\">\n\t\t\t\t\n\n<p class=\"uppercase\"><a href=\"https:\/\/brt.image.ee\/sv\/information-och-nyheter\/\">NYHETER<\/a><\/p>\n\n\t\t\t<\/div>\n\t\t<\/div>\n\t<\/div>\n\t\n\n\n\t\t<\/div>\n\t\t\t\t\t<\/div>\n\n\t\n\n\t<div id=\"col-320441085\" class=\"col medium-4 small-12 large-4\"  >\n\t\t\t\t<div class=\"col-inner\"  >\n\t\t\t\n\t\t\t\n\n\t<div class=\"box has-hover   has-hover box-text-bottom\" >\n\n\t\t<div class=\"box-image\" style=\"width:40%;\">\n\t\t\t<a href=\"\/sv\/info-hub\/\" >\t\t\t<div class=\"\" >\n\t\t\t\t<img loading=\"lazy\" decoding=\"async\" width=\"220\" height=\"220\" src=\"https:\/\/brt.image.ee\/wp-content\/uploads\/icon-learn-more-info-hub.png\" class=\"attachment-original size-original\" alt=\"\" \/>\t\t\t\t\t\t\t\t\t\t\t<\/div>\n\t\t\t<\/a>\t\t<\/div>\n\n\t\t<div class=\"box-text text-center is-large\" >\n\t\t\t<div class=\"box-text-inner\">\n\t\t\t\t\n\n<p class=\"uppercase\"><a href=\"https:\/\/brt.image.ee\/sv\/info-hub\/\" data-wplink-edit=\"true\">INFO HUB<\/a><\/p>\n\n\t\t\t<\/div>\n\t\t<\/div>\n\t<\/div>\n\t\n\n\n\t\t<\/div>\n\t\t\t\t\t<\/div>\n\n\t\n\n\t<div id=\"col-1597090230\" class=\"col medium-4 small-12 large-4\"  >\n\t\t\t\t<div class=\"col-inner\"  >\n\t\t\t\n\t\t\t\n\n\t<div class=\"box has-hover   has-hover box-text-bottom\" >\n\n\t\t<div class=\"box-image\" style=\"width:40%;\">\n\t\t\t<a href=\"\/sv\/kontakta-oss\/begaran-om-offert\/\" >\t\t\t<div class=\"\" >\n\t\t\t\t<img loading=\"lazy\" decoding=\"async\" width=\"220\" height=\"220\" src=\"https:\/\/brt.image.ee\/wp-content\/uploads\/icon-learn-more-request-for-quatation.png\" class=\"attachment-original size-original\" alt=\"learn more\" \/>\t\t\t\t\t\t\t\t\t\t\t<\/div>\n\t\t\t<\/a>\t\t<\/div>\n\n\t\t<div class=\"box-text text-center is-large\" >\n\t\t\t<div class=\"box-text-inner\">\n\t\t\t\t\n\n<p class=\"uppercase\"><a href=\"https:\/\/brt.image.ee\/sv\/kontakta-oss\/begaran-om-offert\/\">BEG\u00c4R OFFERT<\/a><\/p>\n\n\t\t\t<\/div>\n\t\t<\/div>\n\t<\/div>\n\t\n\n\n\t\t<\/div>\n\t\t\t\t\t<\/div>\n\n\t\n\n<\/div>\n\n\t\t<\/div>\n\n\t\t\n<style>\n#section_1462748535 {\n  padding-top: 30px;\n  padding-bottom: 30px;\n}\n<\/style>\n\t<\/section>\n\t\n\t<div id=\"gap-1986374766\" class=\"gap-element clearfix\" style=\"display:block; height:auto;\">\n\t\t\n<style>\n#gap-1986374766 {\n  padding-top: 40px;\n}\n<\/style>\n\t<\/div>\n\t\n\n\n\n\n<p><\/p>\n","protected":false},"excerpt":{"rendered":"","protected":false},"author":8,"featured_media":0,"parent":0,"menu_order":0,"comment_status":"closed","ping_status":"closed","template":"page-blank.php","meta":{"footnotes":""},"class_list":["post-1443","page","type-page","status-publish","hentry"],"_links":{"self":[{"href":"https:\/\/brt.image.ee\/sv\/wp-json\/wp\/v2\/pages\/1443","targetHints":{"allow":["GET"]}}],"collection":[{"href":"https:\/\/brt.image.ee\/sv\/wp-json\/wp\/v2\/pages"}],"about":[{"href":"https:\/\/brt.image.ee\/sv\/wp-json\/wp\/v2\/types\/page"}],"author":[{"embeddable":true,"href":"https:\/\/brt.image.ee\/sv\/wp-json\/wp\/v2\/users\/8"}],"replies":[{"embeddable":true,"href":"https:\/\/brt.image.ee\/sv\/wp-json\/wp\/v2\/comments?post=1443"}],"version-history":[{"count":0,"href":"https:\/\/brt.image.ee\/sv\/wp-json\/wp\/v2\/pages\/1443\/revisions"}],"wp:attachment":[{"href":"https:\/\/brt.image.ee\/sv\/wp-json\/wp\/v2\/media?parent=1443"}],"curies":[{"name":"wp","href":"https:\/\/api.w.org\/{rel}","templated":true}]}}