{"id":1457,"date":"2025-05-21T10:26:15","date_gmt":"2025-05-21T08:26:15","guid":{"rendered":"https:\/\/brt.image.ee\/?page_id=1457"},"modified":"2025-07-20T16:28:09","modified_gmt":"2025-07-20T14:28:09","slug":"om-oss","status":"publish","type":"page","link":"https:\/\/brt.image.ee\/sv\/info-hub\/om-oss\/","title":{"rendered":"Om oss"},"content":{"rendered":"\n\t<div id=\"gap-900892832\" class=\"gap-element clearfix\" style=\"display:block; height:auto;\">\n\t\t\n<style>\n#gap-900892832 {\n  padding-top: 50px;\n}\n<\/style>\n\t<\/div>\n\t\n\n<div class=\"row align-center bottom-0\"  id=\"row-723060553\">\n\n\n\t<div id=\"col-1811798269\" class=\"col medium-8 small-12 large-8\"  >\n\t\t\t\t<div class=\"col-inner text-center\"  >\n\t\t\t\n\t\t\t\n\n\t<div id=\"text-1534772860\" class=\"text\">\n\t\t\n\n<h1>Om Bertfelt Teknik AB<\/h1>\n<p class=\"lead\">Med sina innovativa produkter st\u00e5r Bertfelt Teknik f\u00f6r kvalitet, tillf\u00f6rlitlighet, flexibilitet och en s\u00e4krare milj\u00f6 \u2013 sedan 1990.<\/p>\n\t\t\n<style>\n#text-1534772860 {\n  text-align: center;\n}\n<\/style>\n\t<\/div>\n\t\n\n\t\t<\/div>\n\t\t\t\t\t<\/div>\n\n\t\n\n<\/div>\n\n\t<section class=\"section\" id=\"section_1221918400\">\n\t\t<div class=\"section-bg fill\" >\n\t\t\t\t\t\t\t\t\t\n\t\t\t\n\n\t\t<\/div>\n\n\t\t\n\n\t\t<div class=\"section-content relative\">\n\t\t\t\n\n<div class=\"container section-title-container\" ><h2 class=\"section-title section-title-center\"><b><\/b><span class=\"section-title-main\" >M\u00e5nga \u00e5rs erfarenhet inom processindustrin<\/span><b><\/b><\/h2><\/div>\n\n<div class=\"row bg-blue-yellow mw-1140\"  id=\"row-102422995\">\n\n\n\t<div id=\"col-33007697\" class=\"col medium-6 small-12 large-6\"  >\n\t\t\t\t<div class=\"col-inner\"  >\n\t\t\t\n\t\t\t\n\n<h3><span data-text-color=\"primary\">1990<\/span><\/h3>\n<p>Med Hans och Georg Bertfelts m\u00e5nga \u00e5rs erfarenhet inom processindustrin grundades Bertfelt Teknik AB \u00e5r 1990 med m\u00e5let att erbjuda processindustrin innovativa produkter och tj\u00e4nster. Det initiala fokuset l\u00e5g p\u00e5 en unik metod f\u00f6r att \u00e5tg\u00e4rda l\u00e4ckor i r\u00f6rledningar.<\/p>\n\n\t\t<\/div>\n\t\t\t\t\t<\/div>\n\n\t\n\n\t<div id=\"col-1615540893\" class=\"col medium-6 small-12 large-6\"  >\n\t\t\t\t<div class=\"col-inner\"  >\n\t\t\t\n\t\t\t\n\n<h3><span data-text-color=\"primary\">1995<\/span><\/h3>\n<p>Sedan 1995 har Bertfelt Teknik AB tillverkat och distribuerat konstantfl\u00f6desventiler f\u00f6r den europeiska marknaden.<\/p>\n<h3><span data-text-color=\"primary\">2015<\/span><\/h3>\n<p>Sedan 2015 \u00e4r Bertfelt Teknik AB certifierat enligt <a href=\"https:\/\/brt.image.ee\/sv\/info-hub\/certifikat-och-deklarationer\/iso-9001-och-iso-14001\/\">ISO 9001:2015<\/a> och <a href=\"https:\/\/brt.image.ee\/sv\/info-hub\/certifikat-och-deklarationer\/iso-9001-och-iso-14001\/\">ISO 14001:2015<\/a> .<\/p>\n\n\t\t<\/div>\n\t\t\t\t\t<\/div>\n\n\t\n\n<\/div>\n\t<div id=\"gap-2084003895\" class=\"gap-element clearfix\" style=\"display:block; height:auto;\">\n\t\t\n<style>\n#gap-2084003895 {\n  padding-top: 30px;\n}\n<\/style>\n\t<\/div>\n\t\n\n<div class=\"row align-middle\"  id=\"row-1988781603\">\n\n\n\t<div id=\"col-857033283\" class=\"col medium-6 small-12 large-6\"  >\n\t\t\t\t<div class=\"col-inner\"  >\n\t\t\t\n\t\t\t\n\n\t<div class=\"img has-hover x md-x lg-x y md-y lg-y\" id=\"image_668290029\">\n\t\t\t\t\t\t\t\t<div class=\"img-inner dark\" >\n\t\t\t<img loading=\"lazy\" decoding=\"async\" width=\"570\" height=\"440\" src=\"https:\/\/brt.image.ee\/wp-content\/uploads\/precise-constant-flow-valves.jpg\" class=\"attachment-medium size-medium\" alt=\"EN\" \/>\t\t\t\t\t\t\n\t\t\t\t\t<\/div>\n\t\t\t\t\t\t\t\t\n<style>\n#image_668290029 {\n  width: 100%;\n}\n<\/style>\n\t<\/div>\n\t\n\n\n\t\t<\/div>\n\t\t\t\t\t<\/div>\n\n\t\n\n\t<div id=\"col-2058777704\" class=\"col medium-6 small-12 large-6\"  >\n\t\t\t\t<div class=\"col-inner\"  >\n\t\t\t\n\t\t\t\n\n<h3 class=\"uppercase\">Produktionsanl\u00e4ggning \u2013 i Sverige<\/h3>\n<p>V\u00e5r produktionsanl\u00e4ggning i Sverige tillverkar ett brett sortiment av h\u00f6gkvalitativa <a href=\"https:\/\/brt.image.ee\/sv\/konstantflodesventiler\/\">konstantfl\u00f6desventiler<\/a> (ibland kallade fl\u00f6desbegr\u00e4nsare eller fl\u00f6desregulatorer) \u2013 som \u00e4r ekonomiska, mycket p\u00e5litliga och har l\u00e5ng livsl\u00e4ngd. I Sverige tillverkas och distribueras ventilerna till kunder \u00f6ver hela Europeiska unionen.<\/p>\n<p>V\u00e5ra europeiska kunder servas fr\u00e5n v\u00e5ra f\u00f6rs\u00e4ljningskontor i Berlin, Amsterdam och Paris samt fr\u00e5n v\u00e5rt huvudkontor i Stockholm.<\/p>\n\n\t\t<\/div>\n\t\t\t\t\t<\/div>\n\n\t\n\n<\/div>\n<div class=\"row bottom-0 box-list\"  id=\"row-1319459244\">\n\n\n\t<div id=\"col-1306755610\" class=\"col small-12 large-12\"  >\n\t\t\t\t<div class=\"col-inner\"  >\n\t\t\t\n\t\t\t\n\n<div class=\"container section-title-container\" ><h2 class=\"section-title section-title-center\"><b><\/b><span class=\"section-title-main\" >Expansion med innovativa produkter<\/span><b><\/b><\/h2><\/div>\n\n<p class=\"lead\">Med tiden har f\u00f6retaget expanderat genom att distribuera ett kompletterande sortiment av h\u00f6gkvalitativa och innovativa produkter i Skandinavien:<\/p>\n<ul>\n<li><a href=\"https:\/\/www.blinstruments.se\/flansskydd\/\">Fl\u00e4nskydd\/Sprutskydd<\/a> (ibland kallade fl\u00e4nsskydd eller ventilskydd) f\u00f6r en s\u00e4krare arbetsmilj\u00f6 inom processindustrin. Bertfelt Teknik importerar spray-sk\u00e4rmar f\u00f6r distribution till kunder p\u00e5 den skandinaviska och baltiska marknaden. <a href=\"https:\/\/www.blinstruments.se\/\" target=\"_blank\" rel=\"noopener\">BL Instruments<\/a> ansvarar f\u00f6r f\u00f6rs\u00e4ljningen till kunder p\u00e5 den svenska marknaden.<\/li>\n<li><a href=\"https:\/\/brt.image.ee\/sv\/skruvar-med-forspanningsindikator\/\">Rotabolt skruvar med f\u00f6rsp\u00e4nningsindikator <\/a>, \u00e4ven kallade skruvar med inbyggd belastningskontroll. Anv\u00e4nds av kunder som kr\u00e4ver mycket p\u00e5litliga skruvf\u00f6rband. Rotabolt s\u00e4ljs till v\u00e5ra kunder i Sverige och Finland.<\/li>\n<\/ul>\n\n\t\t<\/div>\n\t\t\t\t\t<\/div>\n\n\t\n\n<\/div>\n\n\t\t<\/div>\n\n\t\t\n<style>\n#section_1221918400 {\n  padding-top: 30px;\n  padding-bottom: 30px;\n}\n<\/style>\n\t<\/section>\n\t\n\n\t<section class=\"section\" id=\"section_197414010\">\n\t\t<div class=\"section-bg fill\" >\n\t\t\t<img loading=\"lazy\" decoding=\"async\" width=\"1920\" height=\"480\" src=\"https:\/\/brt.image.ee\/wp-content\/uploads\/banner-bg-most-economical-and-compact-solution.jpg\" class=\"bg attachment- size-\" alt=\"\" \/>\t\t\t\t\t\t\n\t\t\t\n\n\t\t<\/div>\n\n\t\t\n\n\t\t<div class=\"section-content relative\">\n\t\t\t\n\n<div class=\"row row-collapse align-center\"  id=\"row-342358858\">\n\n\n\t<div id=\"col-1839359148\" class=\"col medium-9 small-12 large-6\"  >\n\t\t\t\t<div class=\"col-inner text-center\" style=\"background-color:rgba(255, 255, 255, 0.75);\" >\n\t\t\t\n\t\t\t\n\n<p class=\"lead m-bottom-20\"><strong>V\u00e4nligen kontakta oss om du vill veta mer <\/strong><br \/><strong>om oss eller v\u00e5ra konstantfl\u00f6desventiler.<\/strong><\/p>\n<a href=\"\/sv\/konstantflodesventiler\/\" class=\"button primary button-black\"  >\n\t\t<span>Konstantfl\u00f6desventiler<\/span>\n\t<\/a>\n\n\n<a href=\"\/sv\/kontakta-oss\/\" class=\"button primary button-black\"  >\n\t\t<span>Kontakta oss<\/span>\n\t<\/a>\n\n\n\n\t\t<\/div>\n\t\t\t\t\n<style>\n#col-1839359148 > .col-inner {\n  padding: 14px 0px 0px 0px;\n}\n<\/style>\n\t<\/div>\n\n\t\n\n<\/div>\n\n\t\t<\/div>\n\n\t\t\n<style>\n#section_197414010 {\n  padding-top: 30px;\n  padding-bottom: 30px;\n}\n<\/style>\n\t<\/section>\n\t\n\t<div id=\"gap-330701379\" class=\"gap-element clearfix\" style=\"display:block; height:auto;\">\n\t\t\n<style>\n#gap-330701379 {\n  padding-top: 20px;\n}\n<\/style>\n\t<\/div>\n\t\n\n\n\t<section class=\"section\" id=\"section_1248434250\">\n\t\t<div class=\"section-bg fill\" >\n\t\t\t\t\t\t\t\t\t\n\t\t\t\n\n\t\t<\/div>\n\n\t\t\n\n\t\t<div class=\"section-content relative\">\n\t\t\t\n\n<div class=\"container section-title-container\" ><h2 class=\"section-title section-title-center\"><b><\/b><span class=\"section-title-main\" >L\u00e4r mer<\/span><b><\/b><\/h2><\/div>\n\n<div class=\"row align-center\"  id=\"row-932888155\">\n\n\n\t<div id=\"col-325002942\" class=\"col medium-4 small-12 large-4\"  >\n\t\t\t\t<div class=\"col-inner\"  >\n\t\t\t\n\t\t\t\n\n\t<div class=\"box has-hover   has-hover box-text-bottom\" >\n\n\t\t<div class=\"box-image\" style=\"width:40%;\">\n\t\t\t<a href=\"\/sv\/kontakta-oss\/\" >\t\t\t<div class=\"\" >\n\t\t\t\t<img loading=\"lazy\" decoding=\"async\" width=\"220\" height=\"220\" src=\"https:\/\/brt.image.ee\/wp-content\/uploads\/icon-learn-more-contact-us.png\" class=\"attachment-original size-original\" alt=\"\" \/>\t\t\t\t\t\t\t\t\t\t\t<\/div>\n\t\t\t<\/a>\t\t<\/div>\n\n\t\t<div class=\"box-text text-center is-large\" >\n\t\t\t<div class=\"box-text-inner\">\n\t\t\t\t\n\n<p class=\"uppercase\"><a href=\"https:\/\/brt.image.ee\/sv\/kontakta-oss\/\" data-wplink-edit=\"true\">KONTAKTA OSS<\/a><\/p>\n\n\t\t\t<\/div>\n\t\t<\/div>\n\t<\/div>\n\t\n\n\n\t\t<\/div>\n\t\t\t\t\t<\/div>\n\n\t\n\n\t<div id=\"col-658194826\" class=\"col medium-4 small-12 large-4\"  >\n\t\t\t\t<div class=\"col-inner\"  >\n\t\t\t\n\t\t\t\n\n\t<div class=\"box has-hover   has-hover box-text-bottom\" >\n\n\t\t<div class=\"box-image\" style=\"width:40%;\">\n\t\t\t<a href=\"\/sv\/kontakta-oss\/begaran-om-offert\/\" >\t\t\t<div class=\"\" >\n\t\t\t\t<img loading=\"lazy\" decoding=\"async\" width=\"220\" height=\"220\" src=\"https:\/\/brt.image.ee\/wp-content\/uploads\/icon-learn-more-request-for-quatation.png\" class=\"attachment-original size-original\" alt=\"learn more\" \/>\t\t\t\t\t\t\t\t\t\t\t<\/div>\n\t\t\t<\/a>\t\t<\/div>\n\n\t\t<div class=\"box-text text-center is-large\" >\n\t\t\t<div class=\"box-text-inner\">\n\t\t\t\t\n\n<p class=\"uppercase\"><a href=\"https:\/\/brt.image.ee\/sv\/kontakta-oss\/begaran-om-offert\/\">BEG\u00c4R OFFERT<\/a><\/p>\n\n\t\t\t<\/div>\n\t\t<\/div>\n\t<\/div>\n\t\n\n\n\t\t<\/div>\n\t\t\t\t\t<\/div>\n\n\t\n\n\t<div id=\"col-1436988204\" class=\"col medium-4 small-12 large-4\"  >\n\t\t\t\t<div class=\"col-inner\"  >\n\t\t\t\n\t\t\t\n\n\t<div class=\"box has-hover   has-hover box-text-bottom\" >\n\n\t\t<div class=\"box-image\" style=\"width:40%;\">\n\t\t\t<a href=\"\/sv\/konstantflodesventiler\/vanliga-fragor\/\" >\t\t\t<div class=\"\" >\n\t\t\t\t<img loading=\"lazy\" decoding=\"async\" width=\"220\" height=\"220\" src=\"https:\/\/brt.image.ee\/wp-content\/uploads\/icon-learn-more-questions-answers.png\" class=\"attachment-original size-original\" alt=\"\" \/>\t\t\t\t\t\t\t\t\t\t\t<\/div>\n\t\t\t<\/a>\t\t<\/div>\n\n\t\t<div class=\"box-text text-center is-large\" >\n\t\t\t<div class=\"box-text-inner\">\n\t\t\t\t\n\n<p class=\"uppercase\"><a href=\"https:\/\/brt.image.ee\/sv\/konstantflodesventiler\/vanliga-fragor\/\">VANLIGA FR\u00c5GOR<\/a><\/p>\n\n\t\t\t<\/div>\n\t\t<\/div>\n\t<\/div>\n\t\n\n\n\t\t<\/div>\n\t\t\t\t\t<\/div>\n\n\t\n\n<\/div>\n<div class=\"row align-center\"  id=\"row-640299578\">\n\n\n\t<div id=\"col-1559104937\" class=\"col medium-4 small-12 large-4\"  >\n\t\t\t\t<div class=\"col-inner\"  >\n\t\t\t\n\t\t\t\n\n\t<div class=\"box has-hover   has-hover box-text-bottom\" >\n\n\t\t<div class=\"box-image\" style=\"width:40%;\">\n\t\t\t<a href=\"https:\/\/brt.image.ee\/sv\/anvandningsomraden-for-vara-konstantflodesventiler\/\" >\t\t\t<div class=\"\" >\n\t\t\t\t<img loading=\"lazy\" decoding=\"async\" width=\"220\" height=\"220\" src=\"https:\/\/brt.image.ee\/wp-content\/uploads\/icon-learn-more-applications.png\" class=\"attachment-original size-original\" alt=\"\" \/>\t\t\t\t\t\t\t\t\t\t\t<\/div>\n\t\t\t<\/a>\t\t<\/div>\n\n\t\t<div class=\"box-text text-center is-large\" >\n\t\t\t<div class=\"box-text-inner\">\n\t\t\t\t\n\n<p class=\"uppercase\"><a href=\"https:\/\/brt.image.ee\/sv\/anvandningsomraden-for-vara-konstantflodesventiler\/\">ANV\u00c4NDNINGSOMR\u00c5DEN<\/a><\/p>\n\n\t\t\t<\/div>\n\t\t<\/div>\n\t<\/div>\n\t\n\n\n\t\t<\/div>\n\t\t\t\t\t<\/div>\n\n\t\n\n\t<div id=\"col-858599129\" class=\"col medium-4 small-12 large-4\"  >\n\t\t\t\t<div class=\"col-inner\"  >\n\t\t\t\n\t\t\t\n\n\t<div class=\"box has-hover   has-hover box-text-bottom\" >\n\n\t\t<div class=\"box-image\" style=\"width:40%;\">\n\t\t\t<a href=\"\/sv\/case-studier\/\" >\t\t\t<div class=\"\" >\n\t\t\t\t<img loading=\"lazy\" decoding=\"async\" width=\"220\" height=\"220\" src=\"https:\/\/brt.image.ee\/wp-content\/uploads\/icon-learn-more-case-studies.png\" class=\"attachment-original size-original\" alt=\"\" \/>\t\t\t\t\t\t\t\t\t\t\t<\/div>\n\t\t\t<\/a>\t\t<\/div>\n\n\t\t<div class=\"box-text text-center is-large\" >\n\t\t\t<div class=\"box-text-inner\">\n\t\t\t\t\n\n<p class=\"uppercase\"><a href=\"https:\/\/brt.image.ee\/sv\/case-studier\/\">CASE STUDIER<\/a><\/p>\n\n\t\t\t<\/div>\n\t\t<\/div>\n\t<\/div>\n\t\n\n\n\t\t<\/div>\n\t\t\t\t\t<\/div>\n\n\t\n\n\t<div id=\"col-1824723451\" class=\"col medium-4 small-12 large-4\"  >\n\t\t\t\t<div class=\"col-inner\"  >\n\t\t\t\n\t\t\t\n\n\t<div class=\"box has-hover   has-hover box-text-bottom\" >\n\n\t\t<div class=\"box-image\" style=\"width:40%;\">\n\t\t\t<a href=\"\/sv\/video-instruktioner\/\" >\t\t\t<div class=\"\" >\n\t\t\t\t<img loading=\"lazy\" decoding=\"async\" width=\"220\" height=\"220\" src=\"https:\/\/brt.image.ee\/wp-content\/uploads\/icon-learn-more-videos.png\" class=\"attachment-original size-original\" alt=\"\" \/>\t\t\t\t\t\t\t\t\t\t\t<\/div>\n\t\t\t<\/a>\t\t<\/div>\n\n\t\t<div class=\"box-text text-center is-large\" >\n\t\t\t<div class=\"box-text-inner\">\n\t\t\t\t\n\n<p class=\"uppercase\"><a href=\"https:\/\/brt.image.ee\/sv\/video-instruktioner\/\" rel=\"noopener\">VIDEOS<\/a><\/p>\n\n\t\t\t<\/div>\n\t\t<\/div>\n\t<\/div>\n\t\n\n\n\t\t<\/div>\n\t\t\t\t\t<\/div>\n\n\t\n\n<\/div>\n<div class=\"row align-center\"  id=\"row-767793392\">\n\n\n\t<div id=\"col-1635030804\" class=\"col medium-4 small-12 large-4\"  >\n\t\t\t\t<div class=\"col-inner\"  >\n\t\t\t\n\t\t\t\n\n\t<div class=\"box has-hover   has-hover box-text-bottom\" >\n\n\t\t<div class=\"box-image\" style=\"width:40%;\">\n\t\t\t<a href=\"\/sv\/information-och-nyheter\/\" >\t\t\t<div class=\"\" >\n\t\t\t\t<img loading=\"lazy\" decoding=\"async\" width=\"220\" height=\"220\" src=\"https:\/\/brt.image.ee\/wp-content\/uploads\/icon-learn-more-news.png\" class=\"attachment-original size-original\" alt=\"\" \/>\t\t\t\t\t\t\t\t\t\t\t<\/div>\n\t\t\t<\/a>\t\t<\/div>\n\n\t\t<div class=\"box-text text-center is-large\" >\n\t\t\t<div class=\"box-text-inner\">\n\t\t\t\t\n\n<p class=\"uppercase\"><a href=\"https:\/\/brt.image.ee\/sv\/information-och-nyheter\/\">NYHETER<\/a><\/p>\n\n\t\t\t<\/div>\n\t\t<\/div>\n\t<\/div>\n\t\n\n\n\t\t<\/div>\n\t\t\t\t\t<\/div>\n\n\t\n\n\t<div id=\"col-1381453252\" class=\"col medium-4 small-12 large-4\"  >\n\t\t\t\t<div class=\"col-inner\"  >\n\t\t\t\n\t\t\t\n\n\t<div class=\"box has-hover   has-hover box-text-bottom\" >\n\n\t\t<div class=\"box-image\" style=\"width:40%;\">\n\t\t\t<a href=\"\/sv\/info-hub\/\" >\t\t\t<div class=\"\" >\n\t\t\t\t<img loading=\"lazy\" decoding=\"async\" width=\"220\" height=\"220\" src=\"https:\/\/brt.image.ee\/wp-content\/uploads\/icon-learn-more-info-hub.png\" class=\"attachment-original size-original\" alt=\"\" \/>\t\t\t\t\t\t\t\t\t\t\t<\/div>\n\t\t\t<\/a>\t\t<\/div>\n\n\t\t<div class=\"box-text text-center is-large\" >\n\t\t\t<div class=\"box-text-inner\">\n\t\t\t\t\n\n<p class=\"uppercase\"><a href=\"https:\/\/brt.image.ee\/sv\/info-hub\/\" data-wplink-edit=\"true\">INFO HUB<\/a><\/p>\n\n\t\t\t<\/div>\n\t\t<\/div>\n\t<\/div>\n\t\n\n\n\t\t<\/div>\n\t\t\t\t\t<\/div>\n\n\t\n\n\t<div id=\"col-192564461\" class=\"col medium-4 small-12 large-4\"  >\n\t\t\t\t<div class=\"col-inner\"  >\n\t\t\t\n\t\t\t\n\n\t<div class=\"box has-hover   has-hover box-text-bottom\" >\n\n\t\t<div class=\"box-image\" style=\"width:40%;\">\n\t\t\t<a href=\"\/sv\/konstantflodesventiler\/skraddarsydda-oem-losningar\/\" >\t\t\t<div class=\"\" >\n\t\t\t\t<img loading=\"lazy\" decoding=\"async\" width=\"220\" height=\"220\" src=\"https:\/\/brt.image.ee\/wp-content\/uploads\/icon-learn-more-tailor-made-oem.png\" class=\"attachment-original size-original\" alt=\"\" \/>\t\t\t\t\t\t\t\t\t\t\t<\/div>\n\t\t\t<\/a>\t\t<\/div>\n\n\t\t<div class=\"box-text text-center is-large\" >\n\t\t\t<div class=\"box-text-inner\">\n\t\t\t\t\n\n<p class=\"uppercase\"><a href=\"https:\/\/brt.image.ee\/sv\/konstantflodesventiler\/skraddarsydda-oem-losningar\/\">SKR\u00c4DDARSYDDA OEM<\/a><\/p>\n\n\t\t\t<\/div>\n\t\t<\/div>\n\t<\/div>\n\t\n\n\n\t\t<\/div>\n\t\t\t\t\t<\/div>\n\n\t\n\n<\/div>\n\n\t\t<\/div>\n\n\t\t\n<style>\n#section_1248434250 {\n  padding-top: 30px;\n  padding-bottom: 30px;\n}\n<\/style>\n\t<\/section>\n\t\n\n\t<div id=\"gap-2092076300\" class=\"gap-element clearfix\" style=\"display:block; height:auto;\">\n\t\t\n<style>\n#gap-2092076300 {\n  padding-top: 40px;\n}\n<\/style>\n\t<\/div>\n\t\n\n\n\n\n<p><\/p>\n","protected":false},"excerpt":{"rendered":"","protected":false},"author":8,"featured_media":0,"parent":1458,"menu_order":0,"comment_status":"closed","ping_status":"closed","template":"page-blank.php","meta":{"footnotes":""},"class_list":["post-1457","page","type-page","status-publish","hentry"],"_links":{"self":[{"href":"https:\/\/brt.image.ee\/sv\/wp-json\/wp\/v2\/pages\/1457","targetHints":{"allow":["GET"]}}],"collection":[{"href":"https:\/\/brt.image.ee\/sv\/wp-json\/wp\/v2\/pages"}],"about":[{"href":"https:\/\/brt.image.ee\/sv\/wp-json\/wp\/v2\/types\/page"}],"author":[{"embeddable":true,"href":"https:\/\/brt.image.ee\/sv\/wp-json\/wp\/v2\/users\/8"}],"replies":[{"embeddable":true,"href":"https:\/\/brt.image.ee\/sv\/wp-json\/wp\/v2\/comments?post=1457"}],"version-history":[{"count":0,"href":"https:\/\/brt.image.ee\/sv\/wp-json\/wp\/v2\/pages\/1457\/revisions"}],"up":[{"embeddable":true,"href":"https:\/\/brt.image.ee\/sv\/wp-json\/wp\/v2\/pages\/1458"}],"wp:attachment":[{"href":"https:\/\/brt.image.ee\/sv\/wp-json\/wp\/v2\/media?parent=1457"}],"curies":[{"name":"wp","href":"https:\/\/api.w.org\/{rel}","templated":true}]}}