{"id":1462,"date":"2025-05-18T19:56:23","date_gmt":"2025-05-18T17:56:23","guid":{"rendered":"https:\/\/brt.image.ee\/?page_id=1462"},"modified":"2025-07-20T16:28:08","modified_gmt":"2025-07-20T14:28:08","slug":"certifikat-och-deklarationer","status":"publish","type":"page","link":"https:\/\/brt.image.ee\/sv\/info-hub\/certifikat-och-deklarationer\/","title":{"rendered":"Certifikat och deklarationer"},"content":{"rendered":"\n\t<div id=\"gap-1538205011\" class=\"gap-element clearfix\" style=\"display:block; height:auto;\">\n\t\t\n<style>\n#gap-1538205011 {\n  padding-top: 50px;\n}\n<\/style>\n\t<\/div>\n\t\n\n<div class=\"row align-center\"  id=\"row-618565963\">\n\n\n\t<div id=\"col-1310301503\" class=\"col small-12 large-12\"  >\n\t\t\t\t<div class=\"col-inner text-center\"  >\n\t\t\t\n\t\t\t\n\n\t<div id=\"text-3878443463\" class=\"text\">\n\t\t\n\n<h1>Certifikat och deklarationer<\/h1>\n<p class=\"lead\">P\u00e5 Bertfelt Teknik \u00e4r vi stolta \u00f6ver att vara certifierade enligt <br \/>b\u00e5de ISO 9001 och ISO 14001.<\/p>\n\t\t\n<style>\n#text-3878443463 {\n  text-align: center;\n}\n<\/style>\n\t<\/div>\n\t\n\t<div class=\"img has-hover x md-x lg-x y md-y lg-y\" id=\"image_1374571742\">\n\t\t\t\t\t\t\t\t<div class=\"img-inner dark\" >\n\t\t\t<img loading=\"lazy\" decoding=\"async\" width=\"2280\" height=\"800\" src=\"https:\/\/brt.image.ee\/wp-content\/uploads\/banner-bg-certificates-and-declaration.png\" class=\"attachment-original size-original\" alt=\"\" srcset=\"https:\/\/brt.image.ee\/wp-content\/uploads\/banner-bg-certificates-and-declaration.png 2280w, https:\/\/brt.image.ee\/wp-content\/uploads\/banner-bg-certificates-and-declaration-570x200.png 570w, https:\/\/brt.image.ee\/wp-content\/uploads\/banner-bg-certificates-and-declaration-1140x400.png 1140w, https:\/\/brt.image.ee\/wp-content\/uploads\/banner-bg-certificates-and-declaration-768x269.png 768w, https:\/\/brt.image.ee\/wp-content\/uploads\/banner-bg-certificates-and-declaration-1536x539.png 1536w, https:\/\/brt.image.ee\/wp-content\/uploads\/banner-bg-certificates-and-declaration-2048x719.png 2048w\" sizes=\"auto, (max-width: 2280px) 100vw, 2280px\" \/>\t\t\t\t\t\t\n\t\t\t\t\t<\/div>\n\t\t\t\t\t\t\t\t\n<style>\n#image_1374571742 {\n  width: 100%;\n}\n<\/style>\n\t<\/div>\n\t\n\n\n\t\t<\/div>\n\t\t\t\t\t<\/div>\n\n\t\n\n<\/div>\n\n\t<section class=\"section\" id=\"section_1030916944\">\n\t\t<div class=\"section-bg fill\" >\n\t\t\t\t\t\t\t\t\t\n\t\t\t\n\n\t\t<\/div>\n\n\t\t\n\n\t\t<div class=\"section-content relative\">\n\t\t\t\n\n<div class=\"container section-title-container\" ><h2 class=\"section-title section-title-center\"><b><\/b><span class=\"section-title-main\" >ISO 9001 &amp; ISO 14001 \u2013 V\u00e5rt Engagemang f\u00f6r Kvalitet och Milj\u00f6<\/span><b><\/b><\/h2><\/div>\n\n<div class=\"row bg-blue box-list\"  id=\"row-443408344\">\n\n\n\t<div id=\"col-2052917823\" class=\"col small-12 large-12\"  >\n\t\t\t\t<div class=\"col-inner\"  >\n\t\t\t\n\t\t\t\n\n<p class=\"lead\" style=\"text-align: center;\">Sedan 2015 innehar Bertfelt Teknik certifikat och intyg enligt ISO 9001 och 14001, vilket s\u00e4kerst\u00e4ller ledningssystem av h\u00f6gsta kvalitet och ett milj\u00f6ansvarigt arbetss\u00e4tt.<\/p>\n<p>Genom att f\u00f6lja dessa internationellt erk\u00e4nda standarder s\u00e4kerst\u00e4ller vi att v\u00e5ra produkter h\u00e5ller h\u00f6gsta kvalitet, samtidigt som vi aktivt arbetar f\u00f6r att minska v\u00e5r milj\u00f6p\u00e5verkan. V\u00e5ra kvalitetsprocesser f\u00f6rb\u00e4ttrar inte bara effektiviteten, utan g\u00f6r det ocks\u00e5 m\u00f6jligt f\u00f6r oss att konsekvent leverera l\u00f6sningar som uppfyller kundernas krav.<\/p>\n\n<div class=\"is-divider divider clearfix\" ><\/div>\n\n<h3 class=\"uppercase\">Kundfokuserad kvalitet<\/h3>\n<p class=\"left-gtac\">ISO 9001 ger oss ett strukturerat ramverk f\u00f6r kontinuerlig f\u00f6rb\u00e4ttring. Genom att samla in feedback och analysera resultat kan vi anpassa oss och utveckla v\u00e5rt erbjudande s\u00e5 att det alltid m\u00f6ter v\u00e5ra kunders f\u00f6rv\u00e4ntningar. V\u00e5r ISO 9001-certifiering \u00e4r ett bevis p\u00e5 v\u00e5rt engagemang f\u00f6r att leverera produkter och tj\u00e4nster som inte bara \u00e4r tillf\u00f6rlitliga utan \u00e4ven anpassade f\u00f6r framtida behov.<\/p>\n<div class=\"is-divider divider clearfix\" ><\/div>\n\n<h3 class=\"uppercase\">H\u00e5llbarhet i fokus<\/h3>\n<p class=\"left-gtac\">ISO 14001 hj\u00e4lper oss att systematiskt identifiera, \u00f6vervaka och minska v\u00e5r milj\u00f6p\u00e5verkan. Vi str\u00e4var efter att anv\u00e4nda resurser effektivt och minska avfall i hela v\u00e5r verksamhet. Genom att uppfylla denna standard s\u00e4kerst\u00e4ller vi att v\u00e5ra aff\u00e4rsprocesser \u00e4r i linje med de senaste milj\u00f6regleringarna och bidrar till en h\u00e5llbar framtid.<\/p>\n<p class=\"left-gtac\">N\u00e4r du v\u00e4ljer Bertfelt Teknik AB kan du vara trygg i att samarbeta med ett f\u00f6retag som prioriterar kvalitet och milj\u00f6. Med ISO 9001-certifieringen inneb\u00e4r att du kan lita p\u00e5 att v\u00e5ra produkter och tj\u00e4nster genomg\u00e5r strikta kvalitetskontroller och uppfyller dina krav. V\u00e5r ISO 14001-certifiering visar att vi arbetar f\u00f6r att minska v\u00e5r milj\u00f6p\u00e5verkan, vilket i sin tur hj\u00e4lper dig att uppn\u00e5 dina egna h\u00e5llbarhetsm\u00e5l.<\/p>\n<div class=\"is-divider divider clearfix\" ><\/div>\n\n<h3 class=\"uppercase\">Ett l\u00e5ngsiktigt samarbete<\/h3>\n<p class=\"left-gtac\">Att vara certifierade enligt ISO-standarder inneb\u00e4r att vi inte bara fokuserar p\u00e5 kortsiktig framg\u00e5ng, utan att vi ocks\u00e5 har en l\u00e5ngsiktig vision d\u00e4r vi st\u00e4ndigt f\u00f6rb\u00e4ttrar oss och tar ansvar f\u00f6r b\u00e5de v\u00e5ra kunders och milj\u00f6ns framtid. Du kan k\u00e4nna dig trygg i att samarbeta med oss eftersom vi st\u00e4ndigt \u00f6vervakar, utv\u00e4rderar och f\u00f6rb\u00e4ttrar v\u00e5ra processer. Vi m\u00e5ste i all v\u00e5r verksamhet str\u00e4va efter att bidra till ett h\u00e5llbart samh\u00e4lle.<\/p>\n<div class=\"is-divider divider clearfix\" ><\/div>\n\n<h3 class=\"uppercase\"> Certifieringsprocessen \u2013 En kvalitetsgaranti <\/h3>\n<p class=\"left-gtac\">Att bli certifierad enligt ISO 9001 och ISO 14001 \u00e4r ingen enkel process. Det kr\u00e4ver noggranna utv\u00e4rderingar, uppf\u00f6ljningar och revisioner av en oberoende certifieringsorganisation. Vi s\u00e4kerst\u00e4ller att v\u00e5ra interna processer regelbundet utv\u00e4rderas och f\u00f6rb\u00e4ttras genom att f\u00f6lja dessa standarder, vilket ger dig som kund h\u00f6g kvalitet och p\u00e5litliga leveranser.<\/p>\n\n\t\t<\/div>\n\t\t\t\t\t<\/div>\n\n\t\n\n<\/div>\n\t<div id=\"gap-1181065281\" class=\"gap-element clearfix\" style=\"display:block; height:auto;\">\n\t\t\n<style>\n#gap-1181065281 {\n  padding-top: 40px;\n}\n<\/style>\n\t<\/div>\n\t\n\n<div class=\"row align-center bottom-0\"  id=\"row-2106311347\">\n\n\n\t<div id=\"col-496175799\" class=\"col medium-8 small-12 large-8\"  >\n\t\t\t\t<div class=\"col-inner text-center\"  >\n\t\t\t\n\t\t\t\n\n\t<div id=\"text-1728602229\" class=\"text\">\n\t\t\n\n<p class=\"lead\">Alla certifikat och deklarationer kan tillhandah\u00e5llas, <br \/>genom att kontakta oss p\u00e5 <a href=\"mailto:btinfo@bertfelt.com\" target=\"_blank\" rel=\"noopener\">btinfo@bertfelt.com<\/a><\/p>\n\t\t\n<style>\n#text-1728602229 {\n  text-align: center;\n}\n<\/style>\n\t<\/div>\n\t\n<a href=\"\/wp-content\/uploads\/bertfelt-teknik-ab-iso-9001-eng-4.pdf\" target=\"_blank\" class=\"button primary button-black\" rel=\"noopener\"  >\n\t\t<span>ISO 9001<\/span>\n\t<\/a>\n\n\n<a href=\"\/wp-content\/uploads\/bertfelt-teknik-ab-iso-14001-eng-1.pdf\" target=\"_blank\" class=\"button primary button-black\" rel=\"noopener\"  >\n\t\t<span>ISO 14001<\/span>\n\t<\/a>\n\n\n\n\t\t<\/div>\n\t\t\t\t\t<\/div>\n\n\t\n\n<\/div>\n\n\t\t<\/div>\n\n\t\t\n<style>\n#section_1030916944 {\n  padding-top: 30px;\n  padding-bottom: 30px;\n}\n<\/style>\n\t<\/section>\n\t\n\n\t<section class=\"section bg-yellow\" id=\"section_1120871244\">\n\t\t<div class=\"section-bg fill\" >\n\t\t\t\t\t\t\t\t\t\n\t\t\t\n\n\t\t<\/div>\n\n\t\t\n\n\t\t<div class=\"section-content relative\">\n\t\t\t\n\n<div class=\"row align-middle align-center\"  id=\"row-263943094\">\n\n\n\t<div id=\"col-646493820\" class=\"col medium-4 small-12 large-4\"  >\n\t\t\t\t<div class=\"col-inner text-right\"  >\n\t\t\t\n\t\t\t\n\n\t<div class=\"img has-hover mw-210 x md-x lg-x y md-y lg-y\" id=\"image_1898580069\">\n\t\t\t\t\t\t\t\t<div class=\"img-inner dark\" >\n\t\t\t<img loading=\"lazy\" decoding=\"async\" width=\"370\" height=\"276\" src=\"https:\/\/brt.image.ee\/wp-content\/uploads\/icon-contact-us-pubbles.png\" class=\"attachment-medium size-medium\" alt=\"\" \/>\t\t\t\t\t\t\n\t\t\t\t\t<\/div>\n\t\t\t\t\t\t\t\t\n<style>\n#image_1898580069 {\n  width: 100%;\n}\n<\/style>\n\t<\/div>\n\t\n\n\n\t\t<\/div>\n\t\t\t\t\t<\/div>\n\n\t\n\n\t<div id=\"col-1313888511\" class=\"col medium-8 small-12 large-8\"  >\n\t\t\t\t<div class=\"col-inner\"  >\n\t\t\t\n\t\t\t\n\n<p class=\"lead bottom-0\">Kontakta oss g\u00e4rna om du vill veta mer om hur v\u00e5ra <a href=\"https:\/\/brt.image.ee\/sv\/info-hub\/certifikat-och-deklarationer\/iso-9001-och-iso-14001\/\">ISO 9001<\/a>- eller <a href=\"https:\/\/brt.image.ee\/sv\/info-hub\/certifikat-och-deklarationer\/iso-9001-och-iso-14001\/\">ISO 14001<\/a>-certifieringar kan gynna ditt f\u00f6retag.<\/p>\n\n\t\t<\/div>\n\t\t\t\t\t<\/div>\n\n\t\n\n<\/div>\n\n\n\t\t<\/div>\n\n\t\t\n<style>\n#section_1120871244 {\n  padding-top: 10px;\n  padding-bottom: 10px;\n}\n<\/style>\n\t<\/section>\n\t\n\t<div id=\"gap-1638848907\" class=\"gap-element clearfix\" style=\"display:block; height:auto;\">\n\t\t\n<style>\n#gap-1638848907 {\n  padding-top: 40px;\n}\n<\/style>\n\t<\/div>\n\t\n\n<div class=\"row align-center\"  id=\"row-800476652\">\n\n\n\t<div id=\"col-1901998566\" class=\"col small-12 large-12\"  >\n\t\t\t\t<div class=\"col-inner\"  >\n\t\t\t\n\t\t\t\n\n\t<div id=\"text-1243356390\" class=\"text\">\n\t\t\n\n<p class=\"lead\">L\u00e4s mer om v\u00e5rt arbete med kvalitet och h\u00e5llbarhet. <br \/>Vi ser fram emot att diskutera hur vi kan samarbeta f\u00f6r att <br \/> uppn\u00e5 dina m\u00e5l inom kvalitet och h\u00e5llbarhet. <br \/><a href=\"https:\/\/brt.image.ee\/sv\/kontakta-oss\/\">Kontakta oss<\/a>!<\/p>\n\t\t\n<style>\n#text-1243356390 {\n  text-align: center;\n}\n<\/style>\n\t<\/div>\n\t\n\n\t\t<\/div>\n\t\t\t\t\t<\/div>\n\n\t\n\n<\/div>\n\n\t<section class=\"section\" id=\"section_390898648\">\n\t\t<div class=\"section-bg fill\" >\n\t\t\t\t\t\t\t\t\t\n\t\t\t\n\n\t\t<\/div>\n\n\t\t\n\n\t\t<div class=\"section-content relative\">\n\t\t\t\n\n<div class=\"container section-title-container\" ><h2 class=\"section-title section-title-center\"><b><\/b><span class=\"section-title-main\" >L\u00e4r mer<\/span><b><\/b><\/h2><\/div>\n\n<div class=\"row align-center\"  id=\"row-431194097\">\n\n\n\t<div id=\"col-1088571464\" class=\"col medium-4 small-12 large-4\"  >\n\t\t\t\t<div class=\"col-inner\"  >\n\t\t\t\n\t\t\t\n\n\t<div class=\"box has-hover   has-hover box-text-bottom\" >\n\n\t\t<div class=\"box-image\" style=\"width:40%;\">\n\t\t\t<a href=\"\/sv\/kontakta-oss\/\" >\t\t\t<div class=\"\" >\n\t\t\t\t<img loading=\"lazy\" decoding=\"async\" width=\"220\" height=\"220\" src=\"https:\/\/brt.image.ee\/wp-content\/uploads\/icon-learn-more-contact-us.png\" class=\"attachment-original size-original\" alt=\"\" \/>\t\t\t\t\t\t\t\t\t\t\t<\/div>\n\t\t\t<\/a>\t\t<\/div>\n\n\t\t<div class=\"box-text text-center is-large\" >\n\t\t\t<div class=\"box-text-inner\">\n\t\t\t\t\n\n<p class=\"uppercase\"><a href=\"https:\/\/brt.image.ee\/sv\/kontakta-oss\/\" data-wplink-edit=\"true\">KONTAKTA OSS<\/a><\/p>\n\n\t\t\t<\/div>\n\t\t<\/div>\n\t<\/div>\n\t\n\n\n\t\t<\/div>\n\t\t\t\t\t<\/div>\n\n\t\n\n\t<div id=\"col-2007551880\" class=\"col medium-4 small-12 large-4\"  >\n\t\t\t\t<div class=\"col-inner\"  >\n\t\t\t\n\t\t\t\n\n\t<div class=\"box has-hover   has-hover box-text-bottom\" >\n\n\t\t<div class=\"box-image\" style=\"width:40%;\">\n\t\t\t<a href=\"\/sv\/kontakta-oss\/begaran-om-offert\/\" >\t\t\t<div class=\"\" >\n\t\t\t\t<img loading=\"lazy\" decoding=\"async\" width=\"220\" height=\"220\" src=\"https:\/\/brt.image.ee\/wp-content\/uploads\/icon-learn-more-request-for-quatation.png\" class=\"attachment-original size-original\" alt=\"learn more\" \/>\t\t\t\t\t\t\t\t\t\t\t<\/div>\n\t\t\t<\/a>\t\t<\/div>\n\n\t\t<div class=\"box-text text-center is-large\" >\n\t\t\t<div class=\"box-text-inner\">\n\t\t\t\t\n\n<p class=\"uppercase\"><a href=\"https:\/\/brt.image.ee\/sv\/kontakta-oss\/begaran-om-offert\/\">BEG\u00c4R OFFERT<\/a><\/p>\n\n\t\t\t<\/div>\n\t\t<\/div>\n\t<\/div>\n\t\n\n\n\t\t<\/div>\n\t\t\t\t\t<\/div>\n\n\t\n\n\t<div id=\"col-2132168734\" class=\"col medium-4 small-12 large-4\"  >\n\t\t\t\t<div class=\"col-inner\"  >\n\t\t\t\n\t\t\t\n\n\t<div class=\"box has-hover   has-hover box-text-bottom\" >\n\n\t\t<div class=\"box-image\" style=\"width:40%;\">\n\t\t\t<a href=\"\/sv\/konstantflodesventiler\/vanliga-fragor\/\" >\t\t\t<div class=\"\" >\n\t\t\t\t<img loading=\"lazy\" decoding=\"async\" width=\"220\" height=\"220\" src=\"https:\/\/brt.image.ee\/wp-content\/uploads\/icon-learn-more-questions-answers.png\" class=\"attachment-original size-original\" alt=\"\" \/>\t\t\t\t\t\t\t\t\t\t\t<\/div>\n\t\t\t<\/a>\t\t<\/div>\n\n\t\t<div class=\"box-text text-center is-large\" >\n\t\t\t<div class=\"box-text-inner\">\n\t\t\t\t\n\n<p class=\"uppercase\"><a href=\"https:\/\/brt.image.ee\/sv\/konstantflodesventiler\/vanliga-fragor\/\">VANLIGA FR\u00c5GOR<\/a><\/p>\n\n\t\t\t<\/div>\n\t\t<\/div>\n\t<\/div>\n\t\n\n\n\t\t<\/div>\n\t\t\t\t\t<\/div>\n\n\t\n\n<\/div>\n<div class=\"row align-center\"  id=\"row-429744478\">\n\n\n\t<div id=\"col-1818208066\" class=\"col medium-4 small-12 large-4\"  >\n\t\t\t\t<div class=\"col-inner\"  >\n\t\t\t\n\t\t\t\n\n\t<div class=\"box has-hover   has-hover box-text-bottom\" >\n\n\t\t<div class=\"box-image\" style=\"width:40%;\">\n\t\t\t<a href=\"https:\/\/brt.image.ee\/sv\/anvandningsomraden-for-vara-konstantflodesventiler\/\" >\t\t\t<div class=\"\" >\n\t\t\t\t<img loading=\"lazy\" decoding=\"async\" width=\"220\" height=\"220\" src=\"https:\/\/brt.image.ee\/wp-content\/uploads\/icon-learn-more-applications.png\" class=\"attachment-original size-original\" alt=\"\" \/>\t\t\t\t\t\t\t\t\t\t\t<\/div>\n\t\t\t<\/a>\t\t<\/div>\n\n\t\t<div class=\"box-text text-center is-large\" >\n\t\t\t<div class=\"box-text-inner\">\n\t\t\t\t\n\n<p class=\"uppercase\"><a href=\"https:\/\/brt.image.ee\/sv\/anvandningsomraden-for-vara-konstantflodesventiler\/\">ANV\u00c4NDNINGSOMR\u00c5DEN<\/a><\/p>\n\n\t\t\t<\/div>\n\t\t<\/div>\n\t<\/div>\n\t\n\n\n\t\t<\/div>\n\t\t\t\t\t<\/div>\n\n\t\n\n\t<div id=\"col-965284036\" class=\"col medium-4 small-12 large-4\"  >\n\t\t\t\t<div class=\"col-inner\"  >\n\t\t\t\n\t\t\t\n\n\t<div class=\"box has-hover   has-hover box-text-bottom\" >\n\n\t\t<div class=\"box-image\" style=\"width:40%;\">\n\t\t\t<a href=\"\/sv\/case-studier\/\" >\t\t\t<div class=\"\" >\n\t\t\t\t<img loading=\"lazy\" decoding=\"async\" width=\"220\" height=\"220\" src=\"https:\/\/brt.image.ee\/wp-content\/uploads\/icon-learn-more-case-studies.png\" class=\"attachment-original size-original\" alt=\"\" \/>\t\t\t\t\t\t\t\t\t\t\t<\/div>\n\t\t\t<\/a>\t\t<\/div>\n\n\t\t<div class=\"box-text text-center is-large\" >\n\t\t\t<div class=\"box-text-inner\">\n\t\t\t\t\n\n<p class=\"uppercase\"><a href=\"https:\/\/brt.image.ee\/sv\/case-studier\/\">CASE STUDIER<\/a><\/p>\n\n\t\t\t<\/div>\n\t\t<\/div>\n\t<\/div>\n\t\n\n\n\t\t<\/div>\n\t\t\t\t\t<\/div>\n\n\t\n\n\t<div id=\"col-1619389172\" class=\"col medium-4 small-12 large-4\"  >\n\t\t\t\t<div class=\"col-inner\"  >\n\t\t\t\n\t\t\t\n\n\t<div class=\"box has-hover   has-hover box-text-bottom\" >\n\n\t\t<div class=\"box-image\" style=\"width:40%;\">\n\t\t\t<a href=\"\/sv\/video-instruktioner\/\" >\t\t\t<div class=\"\" >\n\t\t\t\t<img loading=\"lazy\" decoding=\"async\" width=\"220\" height=\"220\" src=\"https:\/\/brt.image.ee\/wp-content\/uploads\/icon-learn-more-videos.png\" class=\"attachment-original size-original\" alt=\"\" \/>\t\t\t\t\t\t\t\t\t\t\t<\/div>\n\t\t\t<\/a>\t\t<\/div>\n\n\t\t<div class=\"box-text text-center is-large\" >\n\t\t\t<div class=\"box-text-inner\">\n\t\t\t\t\n\n<p class=\"uppercase\"><a href=\"https:\/\/brt.image.ee\/sv\/video-instruktioner\/\" rel=\"noopener\">VIDEOS<\/a><\/p>\n\n\t\t\t<\/div>\n\t\t<\/div>\n\t<\/div>\n\t\n\n\n\t\t<\/div>\n\t\t\t\t\t<\/div>\n\n\t\n\n<\/div>\n<div class=\"row align-center\"  id=\"row-686164799\">\n\n\n\t<div id=\"col-1129268025\" class=\"col medium-4 small-12 large-4\"  >\n\t\t\t\t<div class=\"col-inner\"  >\n\t\t\t\n\t\t\t\n\n\t<div class=\"box has-hover   has-hover box-text-bottom\" >\n\n\t\t<div class=\"box-image\" style=\"width:40%;\">\n\t\t\t<a href=\"\/sv\/information-och-nyheter\/\" >\t\t\t<div class=\"\" >\n\t\t\t\t<img loading=\"lazy\" decoding=\"async\" width=\"220\" height=\"220\" src=\"https:\/\/brt.image.ee\/wp-content\/uploads\/icon-learn-more-news.png\" class=\"attachment-original size-original\" alt=\"\" \/>\t\t\t\t\t\t\t\t\t\t\t<\/div>\n\t\t\t<\/a>\t\t<\/div>\n\n\t\t<div class=\"box-text text-center is-large\" >\n\t\t\t<div class=\"box-text-inner\">\n\t\t\t\t\n\n<p class=\"uppercase\"><a href=\"https:\/\/brt.image.ee\/sv\/information-och-nyheter\/\">NYHETER<\/a><\/p>\n\n\t\t\t<\/div>\n\t\t<\/div>\n\t<\/div>\n\t\n\n\n\t\t<\/div>\n\t\t\t\t\t<\/div>\n\n\t\n\n\t<div id=\"col-1898499648\" class=\"col medium-4 small-12 large-4\"  >\n\t\t\t\t<div class=\"col-inner\"  >\n\t\t\t\n\t\t\t\n\n\t<div class=\"box has-hover   has-hover box-text-bottom\" >\n\n\t\t<div class=\"box-image\" style=\"width:40%;\">\n\t\t\t<a href=\"\/sv\/info-hub\/\" >\t\t\t<div class=\"\" >\n\t\t\t\t<img loading=\"lazy\" decoding=\"async\" width=\"220\" height=\"220\" src=\"https:\/\/brt.image.ee\/wp-content\/uploads\/icon-learn-more-info-hub.png\" class=\"attachment-original size-original\" alt=\"\" \/>\t\t\t\t\t\t\t\t\t\t\t<\/div>\n\t\t\t<\/a>\t\t<\/div>\n\n\t\t<div class=\"box-text text-center is-large\" >\n\t\t\t<div class=\"box-text-inner\">\n\t\t\t\t\n\n<p class=\"uppercase\"><a href=\"https:\/\/brt.image.ee\/sv\/info-hub\/\" data-wplink-edit=\"true\">INFO HUB<\/a><\/p>\n\n\t\t\t<\/div>\n\t\t<\/div>\n\t<\/div>\n\t\n\n\n\t\t<\/div>\n\t\t\t\t\t<\/div>\n\n\t\n\n\t<div id=\"col-1423840393\" class=\"col medium-4 small-12 large-4\"  >\n\t\t\t\t<div class=\"col-inner\"  >\n\t\t\t\n\t\t\t\n\n\t<div class=\"box has-hover   has-hover box-text-bottom\" >\n\n\t\t<div class=\"box-image\" style=\"width:40%;\">\n\t\t\t<a href=\"\/sv\/konstantflodesventiler\/skraddarsydda-oem-losningar\/\" >\t\t\t<div class=\"\" >\n\t\t\t\t<img loading=\"lazy\" decoding=\"async\" width=\"220\" height=\"220\" src=\"https:\/\/brt.image.ee\/wp-content\/uploads\/icon-learn-more-tailor-made-oem.png\" class=\"attachment-original size-original\" alt=\"\" \/>\t\t\t\t\t\t\t\t\t\t\t<\/div>\n\t\t\t<\/a>\t\t<\/div>\n\n\t\t<div class=\"box-text text-center is-large\" >\n\t\t\t<div class=\"box-text-inner\">\n\t\t\t\t\n\n<p class=\"uppercase\"><a href=\"https:\/\/brt.image.ee\/sv\/konstantflodesventiler\/skraddarsydda-oem-losningar\/\">SKR\u00c4DDARSYDDA OEM<\/a><\/p>\n\n\t\t\t<\/div>\n\t\t<\/div>\n\t<\/div>\n\t\n\n\n\t\t<\/div>\n\t\t\t\t\t<\/div>\n\n\t\n\n<\/div>\n\n\t\t<\/div>\n\n\t\t\n<style>\n#section_390898648 {\n  padding-top: 30px;\n  padding-bottom: 30px;\n}\n<\/style>\n\t<\/section>\n\t\n\n\t<div id=\"gap-1522534846\" class=\"gap-element clearfix\" style=\"display:block; height:auto;\">\n\t\t\n<style>\n#gap-1522534846 {\n  padding-top: 40px;\n}\n<\/style>\n\t<\/div>\n\t\n\n\n","protected":false},"excerpt":{"rendered":"","protected":false},"author":8,"featured_media":0,"parent":1458,"menu_order":0,"comment_status":"closed","ping_status":"closed","template":"page-blank.php","meta":{"footnotes":""},"class_list":["post-1462","page","type-page","status-publish","hentry"],"_links":{"self":[{"href":"https:\/\/brt.image.ee\/sv\/wp-json\/wp\/v2\/pages\/1462","targetHints":{"allow":["GET"]}}],"collection":[{"href":"https:\/\/brt.image.ee\/sv\/wp-json\/wp\/v2\/pages"}],"about":[{"href":"https:\/\/brt.image.ee\/sv\/wp-json\/wp\/v2\/types\/page"}],"author":[{"embeddable":true,"href":"https:\/\/brt.image.ee\/sv\/wp-json\/wp\/v2\/users\/8"}],"replies":[{"embeddable":true,"href":"https:\/\/brt.image.ee\/sv\/wp-json\/wp\/v2\/comments?post=1462"}],"version-history":[{"count":0,"href":"https:\/\/brt.image.ee\/sv\/wp-json\/wp\/v2\/pages\/1462\/revisions"}],"up":[{"embeddable":true,"href":"https:\/\/brt.image.ee\/sv\/wp-json\/wp\/v2\/pages\/1458"}],"wp:attachment":[{"href":"https:\/\/brt.image.ee\/sv\/wp-json\/wp\/v2\/media?parent=1462"}],"curies":[{"name":"wp","href":"https:\/\/api.w.org\/{rel}","templated":true}]}}