{"id":1465,"date":"2025-05-18T22:08:10","date_gmt":"2025-05-18T20:08:10","guid":{"rendered":"https:\/\/brt.image.ee\/?page_id=1465"},"modified":"2025-07-20T16:28:08","modified_gmt":"2025-07-20T14:28:08","slug":"iso-9001-och-iso-14001","status":"publish","type":"page","link":"https:\/\/brt.image.ee\/sv\/info-hub\/certifikat-och-deklarationer\/iso-9001-och-iso-14001\/","title":{"rendered":"ISO 9001 och ISO 14001"},"content":{"rendered":"\n\t<div id=\"gap-1364360990\" class=\"gap-element clearfix\" style=\"display:block; height:auto;\">\n\t\t\n<style>\n#gap-1364360990 {\n  padding-top: 50px;\n}\n<\/style>\n\t<\/div>\n\t\n\n<div class=\"row align-center bottom-0\"  id=\"row-1067867632\">\n\n\n\t<div id=\"col-107023830\" class=\"col medium-8 small-12 large-8\"  >\n\t\t\t\t<div class=\"col-inner text-center\"  >\n\t\t\t\n\t\t\t\n\n\t<div id=\"text-2233620519\" class=\"text\">\n\t\t\n\n<h1>ISO 9001 och ISO 14001<\/h1>\n<p class=\"lead\">Bertfelt har implementerat ett ledningssystem f\u00f6r kvalitet<br \/>ISO 9001 samt milj\u00f6 ISO 14001.<\/p>\n\t\t\n<style>\n#text-2233620519 {\n  text-align: center;\n}\n<\/style>\n\t<\/div>\n\t\n\n\t\t<\/div>\n\t\t\t\t\t<\/div>\n\n\t\n\n<\/div>\n\n\t<section class=\"section\" id=\"section_1204271409\">\n\t\t<div class=\"section-bg fill\" >\n\t\t\t\t\t\t\t\t\t\n\t\t\t\n\n\t\t<\/div>\n\n\t\t\n\n\t\t<div class=\"section-content relative\">\n\t\t\t\n\n<div class=\"container section-title-container\" ><h2 class=\"section-title section-title-center\"><b><\/b><span class=\"section-title-main\" >Kvalitets- och milj\u00f6policy<\/span><b><\/b><\/h2><\/div>\n\n<div class=\"row bg-blue box-list\"  id=\"row-1120184578\">\n\n\n\t<div id=\"col-1753491154\" class=\"col small-12 large-12\"  >\n\t\t\t\t<div class=\"col-inner\"  >\n\t\t\t\n\t\t\t\n\n<p class=\"lead\" style=\"text-align: center;\">Ledningssystemet certifierades av ett ackrediterat institut i slutet av 2015. En uppf\u00f6ljande revision genomf\u00f6rs d\u00e4refter varje \u00e5r f\u00f6r att s\u00e4kerst\u00e4lla att kraven uppr\u00e4tth\u00e5lls.\n<\/p>\n<h3 class=\"uppercase\">Kvalitetspolicy<\/h3>\n<p class=\"left-gtac\">Bertfelt Teknik AB:s verksamhet ska inge f\u00f6rtroende f\u00f6r oss som en professionell leverant\u00f6r av konstantfl\u00f6desventiler.<\/p>\n<p class=\"left-gtac\">V\u00e5r styrka \u00e4r v\u00e5rt produktsortiment, v\u00e5r produktk\u00e4nnedom och v\u00e5r service.<\/p>\n<p class=\"left-gtac\">Vi tillhandah\u00e5ller produkter i r\u00e4tt tid, p\u00e5 r\u00e4tt plats och med utlovad service.<\/p>\n<p class=\"left-gtac\">All verksamhet sker enligt till\u00e4mpliga lagar och f\u00f6reskrifter.<\/p>\n<p class=\"left-gtac\">Vi utvecklar v\u00e5rt kvalitetsarbete och kvalitetsledningssystem genom st\u00e4ndiga f\u00f6rb\u00e4ttringar.<\/p>\n<div class=\"is-divider divider clearfix\" ><\/div>\n\n<h3 class=\"uppercase\">Milj\u00f6policy<\/h3>\n<p class=\"left-gtac\">Bertfelt Teknik AB milj\u00f6policy bygger p\u00e5 identifierade milj\u00f6aspekter knutna till v\u00e5r verksamhet och de produkter vi tillhandah\u00e5ller till kund.<\/p>\n<p class=\"left-gtac\">Vi ska i all v\u00e5r verksamhet str\u00e4va efter att medverka till ett h\u00e5llbart samh\u00e4lle.<\/p>\n<p class=\"left-gtac\">Vi tillhandah\u00e5ller produkter med beaktande av milj\u00f6aspekter.<\/p>\n<p class=\"left-gtac\">Vi k\u00e4llsorterar avfall och h\u00e5ller en h\u00f6g \u00e5tervinningsgrad.<\/p>\n<p class=\"left-gtac\">Vi st\u00e4ller krav p\u00e5 v\u00e5ra samarbetspartners p\u00e5 att ha ett eget milj\u00f6arbete.<\/p>\n<p class=\"left-gtac\">Vi beaktar till\u00e4mpliga lagar och f\u00f6reskrifter.<\/p>\n<p class=\"left-gtac\">Vi utvecklar v\u00e5rt eget milj\u00f6arbete och v\u00e5rt milj\u00f6ledningssystem genom st\u00e4ndiga f\u00f6rb\u00e4ttringar.<\/p>\n\n\t\t<\/div>\n\t\t\t\t\t<\/div>\n\n\t\n\n<\/div>\n\n\t\t<\/div>\n\n\t\t\n<style>\n#section_1204271409 {\n  padding-top: 30px;\n  padding-bottom: 30px;\n}\n<\/style>\n\t<\/section>\n\t\n\n\t<section class=\"section bg-yellow\" id=\"section_1043666909\">\n\t\t<div class=\"section-bg fill\" >\n\t\t\t\t\t\t\t\t\t\n\t\t\t\n\n\t\t<\/div>\n\n\t\t\n\n\t\t<div class=\"section-content relative\">\n\t\t\t\n\n\t<div id=\"text-4107304217\" class=\"text\">\n\t\t\n\n<h2>Klicka f\u00f6r att ladda ner och se v\u00e5ra certifikat<\/h2>\n\t\t\n<style>\n#text-4107304217 {\n  text-align: center;\n}\n<\/style>\n\t<\/div>\n\t\n<div class=\"row align-center bottom-0\"  id=\"row-51958928\">\n\n\n\t<div id=\"col-1447797358\" class=\"col medium-4 small-12 large-4\"  >\n\t\t\t\t<div class=\"col-inner text-center\"  >\n\t\t\t\n\t\t\t\n\n\t<div class=\"img has-hover mw-240 x md-x lg-x y md-y lg-y\" id=\"image_390944083\">\n\t\t<a class=\"\" href=\"\/wp-content\/uploads\/bertfelt-teknik-ab-iso-9001-eng-4.pdf\" target=\"_blank\" rel=\"noopener\" >\t\t\t\t\t\t<div class=\"img-inner box-shadow-2 box-shadow-3-hover dark\" style=\"margin:10px 0px 0px 0px;\">\n\t\t\t<img loading=\"lazy\" decoding=\"async\" width=\"570\" height=\"817\" src=\"https:\/\/brt.image.ee\/wp-content\/uploads\/certificate-iso-9001.png\" class=\"attachment-medium size-medium\" alt=\"\" \/>\t\t\t\t\t\t\n\t\t\t\t\t<\/div>\n\t\t\t\t\t\t<\/a>\t\t\n<style>\n#image_390944083 {\n  width: 100%;\n}\n<\/style>\n\t<\/div>\n\t\n\n<a href=\"\/wp-content\/uploads\/bertfelt-teknik-ab-iso-9001-eng-4.pdf\" target=\"_blank\" class=\"button primary button-black\" rel=\"noopener\"  >\n\t\t<span>ISO 9001<\/span>\n\t<\/a>\n\n\n\n\t\t<\/div>\n\t\t\t\t\t<\/div>\n\n\t\n\n\t<div id=\"col-784825115\" class=\"col medium-4 small-12 large-4\"  >\n\t\t\t\t<div class=\"col-inner text-center\"  >\n\t\t\t\n\t\t\t\n\n\t<div class=\"img has-hover mw-240 x md-x lg-x y md-y lg-y\" id=\"image_183404939\">\n\t\t<a class=\"\" href=\"\/wp-content\/uploads\/bertfelt-teknik-ab-iso-14001-eng-1.pdf\" target=\"_blank\" rel=\"noopener\" >\t\t\t\t\t\t<div class=\"img-inner box-shadow-2 box-shadow-3-hover dark\" style=\"margin:10px 0px 0px 0px;\">\n\t\t\t<img loading=\"lazy\" decoding=\"async\" width=\"570\" height=\"817\" src=\"https:\/\/brt.image.ee\/wp-content\/uploads\/certificate-iso-14001.png\" class=\"attachment-medium size-medium\" alt=\"\" \/>\t\t\t\t\t\t\n\t\t\t\t\t<\/div>\n\t\t\t\t\t\t<\/a>\t\t\n<style>\n#image_183404939 {\n  width: 100%;\n}\n<\/style>\n\t<\/div>\n\t\n\n<a href=\"\/wp-content\/uploads\/bertfelt-teknik-ab-iso-14001-eng-1.pdf\" target=\"_blank\" class=\"button primary button-black\" rel=\"noopener\"  >\n\t\t<span>ISO 14001<\/span>\n\t<\/a>\n\n\n\n\t\t<\/div>\n\t\t\t\t\t<\/div>\n\n\t\n\n<\/div>\n\n\t\t<\/div>\n\n\t\t\n<style>\n#section_1043666909 {\n  padding-top: 30px;\n  padding-bottom: 30px;\n}\n<\/style>\n\t<\/section>\n\t\n\t<div id=\"gap-1634636007\" class=\"gap-element clearfix\" style=\"display:block; height:auto;\">\n\t\t\n<style>\n#gap-1634636007 {\n  padding-top: 20px;\n}\n<\/style>\n\t<\/div>\n\t\n\n\n\t<section class=\"section\" id=\"section_2011083921\">\n\t\t<div class=\"section-bg fill\" >\n\t\t\t\t\t\t\t\t\t\n\t\t\t\n\n\t\t<\/div>\n\n\t\t\n\n\t\t<div class=\"section-content relative\">\n\t\t\t\n\n<div class=\"container section-title-container\" ><h2 class=\"section-title section-title-center\"><b><\/b><span class=\"section-title-main\" >L\u00e4r mer<\/span><b><\/b><\/h2><\/div>\n\n<div class=\"row align-center\"  id=\"row-374342564\">\n\n\n\t<div id=\"col-416964047\" class=\"col medium-4 small-12 large-4\"  >\n\t\t\t\t<div class=\"col-inner\"  >\n\t\t\t\n\t\t\t\n\n\t<div class=\"box has-hover   has-hover box-text-bottom\" >\n\n\t\t<div class=\"box-image\" style=\"width:40%;\">\n\t\t\t<a href=\"\/sv\/kontakta-oss\/\" >\t\t\t<div class=\"\" >\n\t\t\t\t<img loading=\"lazy\" decoding=\"async\" width=\"220\" height=\"220\" src=\"https:\/\/brt.image.ee\/wp-content\/uploads\/icon-learn-more-contact-us.png\" class=\"attachment-original size-original\" alt=\"\" \/>\t\t\t\t\t\t\t\t\t\t\t<\/div>\n\t\t\t<\/a>\t\t<\/div>\n\n\t\t<div class=\"box-text text-center is-large\" >\n\t\t\t<div class=\"box-text-inner\">\n\t\t\t\t\n\n<p class=\"uppercase\"><a href=\"https:\/\/brt.image.ee\/sv\/kontakta-oss\/\" data-wplink-edit=\"true\">KONTAKTA OSS<\/a><\/p>\n\n\t\t\t<\/div>\n\t\t<\/div>\n\t<\/div>\n\t\n\n\n\t\t<\/div>\n\t\t\t\t\t<\/div>\n\n\t\n\n\t<div id=\"col-907726867\" class=\"col medium-4 small-12 large-4\"  >\n\t\t\t\t<div class=\"col-inner\"  >\n\t\t\t\n\t\t\t\n\n\t<div class=\"box has-hover   has-hover box-text-bottom\" >\n\n\t\t<div class=\"box-image\" style=\"width:40%;\">\n\t\t\t<a href=\"\/sv\/kontakta-oss\/begaran-om-offert\/\" >\t\t\t<div class=\"\" >\n\t\t\t\t<img loading=\"lazy\" decoding=\"async\" width=\"220\" height=\"220\" src=\"https:\/\/brt.image.ee\/wp-content\/uploads\/icon-learn-more-request-for-quatation.png\" class=\"attachment-original size-original\" alt=\"learn more\" \/>\t\t\t\t\t\t\t\t\t\t\t<\/div>\n\t\t\t<\/a>\t\t<\/div>\n\n\t\t<div class=\"box-text text-center is-large\" >\n\t\t\t<div class=\"box-text-inner\">\n\t\t\t\t\n\n<p class=\"uppercase\"><a href=\"https:\/\/brt.image.ee\/sv\/kontakta-oss\/begaran-om-offert\/\">BEG\u00c4R OFFERT<\/a><\/p>\n\n\t\t\t<\/div>\n\t\t<\/div>\n\t<\/div>\n\t\n\n\n\t\t<\/div>\n\t\t\t\t\t<\/div>\n\n\t\n\n\t<div id=\"col-2123067745\" class=\"col medium-4 small-12 large-4\"  >\n\t\t\t\t<div class=\"col-inner\"  >\n\t\t\t\n\t\t\t\n\n\t<div class=\"box has-hover   has-hover box-text-bottom\" >\n\n\t\t<div class=\"box-image\" style=\"width:40%;\">\n\t\t\t<a href=\"\/sv\/konstantflodesventiler\/vanliga-fragor\/\" >\t\t\t<div class=\"\" >\n\t\t\t\t<img loading=\"lazy\" decoding=\"async\" width=\"220\" height=\"220\" src=\"https:\/\/brt.image.ee\/wp-content\/uploads\/icon-learn-more-questions-answers.png\" class=\"attachment-original size-original\" alt=\"\" \/>\t\t\t\t\t\t\t\t\t\t\t<\/div>\n\t\t\t<\/a>\t\t<\/div>\n\n\t\t<div class=\"box-text text-center is-large\" >\n\t\t\t<div class=\"box-text-inner\">\n\t\t\t\t\n\n<p class=\"uppercase\"><a href=\"https:\/\/brt.image.ee\/sv\/konstantflodesventiler\/vanliga-fragor\/\">VANLIGA FR\u00c5GOR<\/a><\/p>\n\n\t\t\t<\/div>\n\t\t<\/div>\n\t<\/div>\n\t\n\n\n\t\t<\/div>\n\t\t\t\t\t<\/div>\n\n\t\n\n<\/div>\n<div class=\"row align-center\"  id=\"row-900213479\">\n\n\n\t<div id=\"col-680670598\" class=\"col medium-4 small-12 large-4\"  >\n\t\t\t\t<div class=\"col-inner\"  >\n\t\t\t\n\t\t\t\n\n\t<div class=\"box has-hover   has-hover box-text-bottom\" >\n\n\t\t<div class=\"box-image\" style=\"width:40%;\">\n\t\t\t<a href=\"https:\/\/brt.image.ee\/sv\/anvandningsomraden-for-vara-konstantflodesventiler\/\" >\t\t\t<div class=\"\" >\n\t\t\t\t<img loading=\"lazy\" decoding=\"async\" width=\"220\" height=\"220\" src=\"https:\/\/brt.image.ee\/wp-content\/uploads\/icon-learn-more-applications.png\" class=\"attachment-original size-original\" alt=\"\" \/>\t\t\t\t\t\t\t\t\t\t\t<\/div>\n\t\t\t<\/a>\t\t<\/div>\n\n\t\t<div class=\"box-text text-center is-large\" >\n\t\t\t<div class=\"box-text-inner\">\n\t\t\t\t\n\n<p class=\"uppercase\"><a href=\"https:\/\/brt.image.ee\/sv\/anvandningsomraden-for-vara-konstantflodesventiler\/\">ANV\u00c4NDNINGSOMR\u00c5DEN<\/a><\/p>\n\n\t\t\t<\/div>\n\t\t<\/div>\n\t<\/div>\n\t\n\n\n\t\t<\/div>\n\t\t\t\t\t<\/div>\n\n\t\n\n\t<div id=\"col-239220078\" class=\"col medium-4 small-12 large-4\"  >\n\t\t\t\t<div class=\"col-inner\"  >\n\t\t\t\n\t\t\t\n\n\t<div class=\"box has-hover   has-hover box-text-bottom\" >\n\n\t\t<div class=\"box-image\" style=\"width:40%;\">\n\t\t\t<a href=\"\/sv\/case-studier\/\" >\t\t\t<div class=\"\" >\n\t\t\t\t<img loading=\"lazy\" decoding=\"async\" width=\"220\" height=\"220\" src=\"https:\/\/brt.image.ee\/wp-content\/uploads\/icon-learn-more-case-studies.png\" class=\"attachment-original size-original\" alt=\"\" \/>\t\t\t\t\t\t\t\t\t\t\t<\/div>\n\t\t\t<\/a>\t\t<\/div>\n\n\t\t<div class=\"box-text text-center is-large\" >\n\t\t\t<div class=\"box-text-inner\">\n\t\t\t\t\n\n<p class=\"uppercase\"><a href=\"https:\/\/brt.image.ee\/sv\/case-studier\/\">CASE STUDIER<\/a><\/p>\n\n\t\t\t<\/div>\n\t\t<\/div>\n\t<\/div>\n\t\n\n\n\t\t<\/div>\n\t\t\t\t\t<\/div>\n\n\t\n\n\t<div id=\"col-259655119\" class=\"col medium-4 small-12 large-4\"  >\n\t\t\t\t<div class=\"col-inner\"  >\n\t\t\t\n\t\t\t\n\n\t<div class=\"box has-hover   has-hover box-text-bottom\" >\n\n\t\t<div class=\"box-image\" style=\"width:40%;\">\n\t\t\t<a href=\"\/sv\/video-instruktioner\/\" >\t\t\t<div class=\"\" >\n\t\t\t\t<img loading=\"lazy\" decoding=\"async\" width=\"220\" height=\"220\" src=\"https:\/\/brt.image.ee\/wp-content\/uploads\/icon-learn-more-videos.png\" class=\"attachment-original size-original\" alt=\"\" \/>\t\t\t\t\t\t\t\t\t\t\t<\/div>\n\t\t\t<\/a>\t\t<\/div>\n\n\t\t<div class=\"box-text text-center is-large\" >\n\t\t\t<div class=\"box-text-inner\">\n\t\t\t\t\n\n<p class=\"uppercase\"><a href=\"https:\/\/brt.image.ee\/sv\/video-instruktioner\/\" rel=\"noopener\">VIDEOS<\/a><\/p>\n\n\t\t\t<\/div>\n\t\t<\/div>\n\t<\/div>\n\t\n\n\n\t\t<\/div>\n\t\t\t\t\t<\/div>\n\n\t\n\n<\/div>\n<div class=\"row align-center\"  id=\"row-723178117\">\n\n\n\t<div id=\"col-1782649378\" class=\"col medium-4 small-12 large-4\"  >\n\t\t\t\t<div class=\"col-inner\"  >\n\t\t\t\n\t\t\t\n\n\t<div class=\"box has-hover   has-hover box-text-bottom\" >\n\n\t\t<div class=\"box-image\" style=\"width:40%;\">\n\t\t\t<a href=\"\/sv\/information-och-nyheter\/\" >\t\t\t<div class=\"\" >\n\t\t\t\t<img loading=\"lazy\" decoding=\"async\" width=\"220\" height=\"220\" src=\"https:\/\/brt.image.ee\/wp-content\/uploads\/icon-learn-more-news.png\" class=\"attachment-original size-original\" alt=\"\" \/>\t\t\t\t\t\t\t\t\t\t\t<\/div>\n\t\t\t<\/a>\t\t<\/div>\n\n\t\t<div class=\"box-text text-center is-large\" >\n\t\t\t<div class=\"box-text-inner\">\n\t\t\t\t\n\n<p class=\"uppercase\"><a href=\"https:\/\/brt.image.ee\/sv\/information-och-nyheter\/\">NYHETER<\/a><\/p>\n\n\t\t\t<\/div>\n\t\t<\/div>\n\t<\/div>\n\t\n\n\n\t\t<\/div>\n\t\t\t\t\t<\/div>\n\n\t\n\n\t<div id=\"col-167179369\" class=\"col medium-4 small-12 large-4\"  >\n\t\t\t\t<div class=\"col-inner\"  >\n\t\t\t\n\t\t\t\n\n\t<div class=\"box has-hover   has-hover box-text-bottom\" >\n\n\t\t<div class=\"box-image\" style=\"width:40%;\">\n\t\t\t<a href=\"\/sv\/info-hub\/\" >\t\t\t<div class=\"\" >\n\t\t\t\t<img loading=\"lazy\" decoding=\"async\" width=\"220\" height=\"220\" src=\"https:\/\/brt.image.ee\/wp-content\/uploads\/icon-learn-more-info-hub.png\" class=\"attachment-original size-original\" alt=\"\" \/>\t\t\t\t\t\t\t\t\t\t\t<\/div>\n\t\t\t<\/a>\t\t<\/div>\n\n\t\t<div class=\"box-text text-center is-large\" >\n\t\t\t<div class=\"box-text-inner\">\n\t\t\t\t\n\n<p class=\"uppercase\"><a href=\"https:\/\/brt.image.ee\/sv\/info-hub\/\" data-wplink-edit=\"true\">INFO HUB<\/a><\/p>\n\n\t\t\t<\/div>\n\t\t<\/div>\n\t<\/div>\n\t\n\n\n\t\t<\/div>\n\t\t\t\t\t<\/div>\n\n\t\n\n\t<div id=\"col-189004166\" class=\"col medium-4 small-12 large-4\"  >\n\t\t\t\t<div class=\"col-inner\"  >\n\t\t\t\n\t\t\t\n\n\t<div class=\"box has-hover   has-hover box-text-bottom\" >\n\n\t\t<div class=\"box-image\" style=\"width:40%;\">\n\t\t\t<a href=\"\/sv\/konstantflodesventiler\/skraddarsydda-oem-losningar\/\" >\t\t\t<div class=\"\" >\n\t\t\t\t<img loading=\"lazy\" decoding=\"async\" width=\"220\" height=\"220\" src=\"https:\/\/brt.image.ee\/wp-content\/uploads\/icon-learn-more-tailor-made-oem.png\" class=\"attachment-original size-original\" alt=\"\" \/>\t\t\t\t\t\t\t\t\t\t\t<\/div>\n\t\t\t<\/a>\t\t<\/div>\n\n\t\t<div class=\"box-text text-center is-large\" >\n\t\t\t<div class=\"box-text-inner\">\n\t\t\t\t\n\n<p class=\"uppercase\"><a href=\"https:\/\/brt.image.ee\/sv\/konstantflodesventiler\/skraddarsydda-oem-losningar\/\">SKR\u00c4DDARSYDDA OEM<\/a><\/p>\n\n\t\t\t<\/div>\n\t\t<\/div>\n\t<\/div>\n\t\n\n\n\t\t<\/div>\n\t\t\t\t\t<\/div>\n\n\t\n\n<\/div>\n\n\t\t<\/div>\n\n\t\t\n<style>\n#section_2011083921 {\n  padding-top: 30px;\n  padding-bottom: 30px;\n}\n<\/style>\n\t<\/section>\n\t\n\n\t<div id=\"gap-1415817582\" class=\"gap-element clearfix\" style=\"display:block; height:auto;\">\n\t\t\n<style>\n#gap-1415817582 {\n  padding-top: 40px;\n}\n<\/style>\n\t<\/div>\n\t\n\n\n\n\n<p><\/p>\n","protected":false},"excerpt":{"rendered":"","protected":false},"author":8,"featured_media":0,"parent":1462,"menu_order":0,"comment_status":"closed","ping_status":"closed","template":"page-blank.php","meta":{"footnotes":""},"class_list":["post-1465","page","type-page","status-publish","hentry"],"_links":{"self":[{"href":"https:\/\/brt.image.ee\/sv\/wp-json\/wp\/v2\/pages\/1465","targetHints":{"allow":["GET"]}}],"collection":[{"href":"https:\/\/brt.image.ee\/sv\/wp-json\/wp\/v2\/pages"}],"about":[{"href":"https:\/\/brt.image.ee\/sv\/wp-json\/wp\/v2\/types\/page"}],"author":[{"embeddable":true,"href":"https:\/\/brt.image.ee\/sv\/wp-json\/wp\/v2\/users\/8"}],"replies":[{"embeddable":true,"href":"https:\/\/brt.image.ee\/sv\/wp-json\/wp\/v2\/comments?post=1465"}],"version-history":[{"count":0,"href":"https:\/\/brt.image.ee\/sv\/wp-json\/wp\/v2\/pages\/1465\/revisions"}],"up":[{"embeddable":true,"href":"https:\/\/brt.image.ee\/sv\/wp-json\/wp\/v2\/pages\/1462"}],"wp:attachment":[{"href":"https:\/\/brt.image.ee\/sv\/wp-json\/wp\/v2\/media?parent=1465"}],"curies":[{"name":"wp","href":"https:\/\/api.w.org\/{rel}","templated":true}]}}